{"id":11768,"date":"2026-03-18T22:03:26","date_gmt":"2026-03-18T21:03:26","guid":{"rendered":"https:\/\/gltestm.webology.pl\/produkt\/klej-do-tkanin-50ml\/"},"modified":"2026-03-22T21:46:19","modified_gmt":"2026-03-22T20:46:19","slug":"klej-do-tkanin-50ml","status":"publish","type":"product","link":"https:\/\/gltestm.webology.pl\/pl\/produkt\/klej-do-tkanin-50ml\/","title":{"rendered":"Klej do tkanin 50ml"},"content":{"rendered":"<p><strong>Spos\u00f3b u\u017cycia: klejone powierzchnie musz\u0105 by\u0107 czyste i suche. Obydwie strony posmarowa\u0107 cienk\u0105 warstw\u0105 kleju. W przypadku delikatnych tkanin u\u017cywa\u0107 kleju oszcz\u0119dnie, aby nie przenikn\u0105\u0142 na drug\u0105 stron\u0119. Pozostawi\u0107 na kilka sekund aby rozpuszczalnik odparowa\u0142, a nast\u0119pnie po\u0142\u0105czy\u0107 mocno obie klejone cz\u0119\u015bci. Docisn\u0105\u0107 d\u0142oni\u0105 miejsce klejenia, co pozwoli zwi\u0119kszy\u0107 trwa\u0142o\u015b\u0107 spoiny. Nadmiar kleju usun\u0105\u0107 natychmiast przecieraj\u0105c wod\u0105. Utwardzony klej mo\u017cna usun\u0105\u0107 przy pomocy benzyny. Klej przechowywa\u0107 w ch\u0142odnym miejscu, nie nara\u017ca\u0107 na dzia\u0142anie mrozu. <\/strong><\/p>\n<p>Klej do tekstyli\u00f3w w postaci mokrej jest bia\u0142y, po wyschni\u0119ciu jednak nabiera przezroczysto\u015bci i u\u017cyty w cienkiej warstwie jest niemal niewidoczny. Nale\u017cy nanie\u015b\u0107 cienk\u0105 warstw\u0119 kleju na tkanin\u0119, z\u0142o\u017cy\u0107 ze sob\u0105 sklejane powierzchnie i od\u0142o\u017cy\u0107 na <strong>30 minut<\/strong> do wyschni\u0119cia. Zawsze nale\u017cy przeprowadzi\u0107 pr\u00f3b\u0119 na ma\u0142ym fragmencie tkaniny, zw\u0142aszcza gdy kleimy cienk\u0105, przezroczyst\u0105 lub bia\u0142\u0105 tkanin\u0119.<strong> Mo\u017cna pra\u0107 klejon\u0105 tkanin\u0119, pozostanie elastyczna, nie twardnieje.<\/strong> Klej nadaje si\u0119 do przyklejenia <strong>kamyczk\u00f3w i cekin\u00f3w na wszystkie rodzaje tkanin.<\/strong><\/p>\n","protected":false},"excerpt":{"rendered":"<p>Klej do tkanin, 50 ml pojemno\u015bci.<\/p>\n","protected":false},"featured_media":15054,"comment_status":"open","ping_status":"closed","template":"","meta":[],"product_brand":[],"product_cat":[773],"product_tag":[],"class_list":{"0":"post-11768","1":"product","2":"type-product","3":"status-publish","4":"has-post-thumbnail","6":"product_cat-inne-narzedzia-i-akcesoria","8":"first","9":"instock","10":"taxable","11":"shipping-taxable","12":"purchasable","13":"product-type-simple"},"_links":{"self":[{"href":"https:\/\/gltestm.webology.pl\/pl\/wp-json\/wp\/v2\/product\/11768","targetHints":{"allow":["GET"]}}],"collection":[{"href":"https:\/\/gltestm.webology.pl\/pl\/wp-json\/wp\/v2\/product"}],"about":[{"href":"https:\/\/gltestm.webology.pl\/pl\/wp-json\/wp\/v2\/types\/product"}],"replies":[{"embeddable":true,"href":"https:\/\/gltestm.webology.pl\/pl\/wp-json\/wp\/v2\/comments?post=11768"}],"version-history":[{"count":0,"href":"https:\/\/gltestm.webology.pl\/pl\/wp-json\/wp\/v2\/product\/11768\/revisions"}],"wp:featuredmedia":[{"embeddable":true,"href":"https:\/\/gltestm.webology.pl\/pl\/wp-json\/wp\/v2\/media\/15054"}],"wp:attachment":[{"href":"https:\/\/gltestm.webology.pl\/pl\/wp-json\/wp\/v2\/media?parent=11768"}],"wp:term":[{"taxonomy":"product_brand","embeddable":true,"href":"https:\/\/gltestm.webology.pl\/pl\/wp-json\/wp\/v2\/product_brand?post=11768"},{"taxonomy":"product_cat","embeddable":true,"href":"https:\/\/gltestm.webology.pl\/pl\/wp-json\/wp\/v2\/product_cat?post=11768"},{"taxonomy":"product_tag","embeddable":true,"href":"https:\/\/gltestm.webology.pl\/pl\/wp-json\/wp\/v2\/product_tag?post=11768"}],"curies":[{"name":"wp","href":"https:\/\/api.w.org\/{rel}","templated":true}]}}