{"id":11767,"date":"2026-03-18T22:03:26","date_gmt":"2026-03-18T21:03:26","guid":{"rendered":"https:\/\/gltestm.webology.pl\/produkt\/klej-tymczasowy-do-tkanin-w-sprayu\/"},"modified":"2026-03-22T22:08:28","modified_gmt":"2026-03-22T21:08:28","slug":"klej-tymczasowy-do-tkanin-w-sprayu","status":"publish","type":"product","link":"https:\/\/gltestm.webology.pl\/pl\/produkt\/klej-tymczasowy-do-tkanin-w-sprayu\/","title":{"rendered":"Klej tymczasowy do tkanin w sprayu"},"content":{"rendered":"<p>Tymczasowy klej do tekstyli\u00f3w u\u0142atwi i przyspieszy prac\u0119 przy szyciu. U\u017cyjesz go <strong>do przytwierdzenia szablon\u00f3w, wykroj\u00f3w, fizeliny, aplikacji<\/strong> lub po prostu dw\u00f3ch warstw materia\u0142u &#8211;<strong> bez konieczno\u015bci wbijania szpilek lub fastrygowania<\/strong>. Jest niezast\u0105piony przy <strong>szyciu ze \u015bliskich tkanin,<\/strong> \u0142atwo rozsuwaj\u0105cych si\u0119 podczas szycia.  <br \/>U\u0142atwia przymocowanie flizeliny i Klej mo\u017ce by\u0107 u\u017cyty kilkukrotnie, r\u00f3wnie\u017c do papieru i kartonu i \u0142atwo go usun\u0105\u0107. Klej jest prze\u017aroczysty, nie pachnie, nie pozostawia plam i \u0142atwo si\u0119 spiera. Nie zawiera kwas\u00f3w i d\u0142ugoterminowych gaz\u00f3w cieplarnianych.<\/p>\n<p>Zastosowanie: Przed u\u017cyciem nale\u017cy wstrz\u0105sn\u0105\u0107. Nanie\u015b klej r\u00f3wnomiernie na jedn\u0105 stron\u0119 (najlepiej na cz\u0119\u015b\u0107, kt\u00f3r\u0105 chcesz przymocowa\u0107) z odleg\u0142o\u015bci oko\u0142o 25 &#8211; 30 cm. Reszt\u0119 kleju mo\u017cna wytrze\u0107 \u015bciereczk\u0105.<\/p>\n<ul>\n<li>Wymiary:<strong> 5 x 23,5 cm<\/strong><\/li>\n<li>Obj\u0119to\u015b\u0107:<strong> 300 ml<\/strong><\/li>\n<li><strong>Wyr\u00f3b EU<\/strong><\/li>\n<\/ul>\n","protected":false},"excerpt":{"rendered":"<p>U\u017cyjesz go do przytwierdzenia szablon\u00f3w, wykroj\u00f3w, fizeliny, aplikacji lub po prostu dw\u00f3ch warstw materia\u0142u &#8211; bez konieczno\u015bci wbijania szpilek lub fastrygowania. Jest niezast\u0105piony przy szyciu ze \u015bliskich tkanin.<\/p>\n","protected":false},"featured_media":13896,"comment_status":"open","ping_status":"closed","template":"","meta":[],"product_brand":[],"product_cat":[773],"product_tag":[],"class_list":{"0":"post-11767","1":"product","2":"type-product","3":"status-publish","4":"has-post-thumbnail","6":"product_cat-inne-narzedzia-i-akcesoria","8":"first","9":"instock","10":"taxable","11":"shipping-taxable","12":"purchasable","13":"product-type-simple"},"_links":{"self":[{"href":"https:\/\/gltestm.webology.pl\/pl\/wp-json\/wp\/v2\/product\/11767","targetHints":{"allow":["GET"]}}],"collection":[{"href":"https:\/\/gltestm.webology.pl\/pl\/wp-json\/wp\/v2\/product"}],"about":[{"href":"https:\/\/gltestm.webology.pl\/pl\/wp-json\/wp\/v2\/types\/product"}],"replies":[{"embeddable":true,"href":"https:\/\/gltestm.webology.pl\/pl\/wp-json\/wp\/v2\/comments?post=11767"}],"version-history":[{"count":0,"href":"https:\/\/gltestm.webology.pl\/pl\/wp-json\/wp\/v2\/product\/11767\/revisions"}],"wp:featuredmedia":[{"embeddable":true,"href":"https:\/\/gltestm.webology.pl\/pl\/wp-json\/wp\/v2\/media\/13896"}],"wp:attachment":[{"href":"https:\/\/gltestm.webology.pl\/pl\/wp-json\/wp\/v2\/media?parent=11767"}],"wp:term":[{"taxonomy":"product_brand","embeddable":true,"href":"https:\/\/gltestm.webology.pl\/pl\/wp-json\/wp\/v2\/product_brand?post=11767"},{"taxonomy":"product_cat","embeddable":true,"href":"https:\/\/gltestm.webology.pl\/pl\/wp-json\/wp\/v2\/product_cat?post=11767"},{"taxonomy":"product_tag","embeddable":true,"href":"https:\/\/gltestm.webology.pl\/pl\/wp-json\/wp\/v2\/product_tag?post=11767"}],"curies":[{"name":"wp","href":"https:\/\/api.w.org\/{rel}","templated":true}]}}