{"id":11766,"date":"2026-03-18T22:03:26","date_gmt":"2026-03-18T21:03:26","guid":{"rendered":"https:\/\/gltestm.webology.pl\/produkt\/mydelko-krawieckie-duze\/"},"modified":"2026-03-22T21:46:14","modified_gmt":"2026-03-22T20:46:14","slug":"mydelko-krawieckie-duze","status":"publish","type":"product","link":"https:\/\/gltestm.webology.pl\/pl\/produkt\/mydelko-krawieckie-duze\/","title":{"rendered":"Myde\u0142ko krawieckie du\u017ce"},"content":{"rendered":"<h2><strong>Zastosowanie znacznika krawieckiego<\/strong><\/h2>\n<p>Myde\u0142ko krawieckie jest niezast\u0105pionym pomocnikiem podczas tworzenia projekt\u00f3w oraz wykroj\u00f3w. Dzi\u0119ki niemu mo\u017cemy nanosi\u0107 poprawki krawieckie na materia\u0142 oraz kre\u015bli\u0107 wykroje na tkaninach.<\/p>\n<h2><strong>Wymiary myde\u0142ka<\/strong><\/h2>\n<p>Jest to p\u0142aska prostok\u0105tna kostka o wymiarach ok. 6 x 3,7 cm. D\u0142u\u017csze boki s\u0105 zaostrzone, dzi\u0119ki czemu \u0142atwiej nanosi si\u0119 cienkie, wyra\u017ane kreski na materiale.<\/p>\n<p>Widoczno\u015b\u0107 oznacze\u0144 myd\u0142a krawieckiego zale\u017cy od koloru tkaniny, pozostawia ono jasny zarys.<\/p>\n<p>\u015alady po myde\u0142ku \u0142atwo oczy\u015bcimy z powierzchni za pomoc\u0105 wody lub pary.<\/p>\n<p><span>Polecamy wykona\u0107 wcze\u015bniej pr\u00f3b\u0119 na skrawku u\u017cywanego materia\u0142u.<\/span><\/p>\n<p>Znaczniki krawieckie s\u0105 produktem delikatnym, pomimo starannego pakowania, podczas transportu mog\u0105 ulec po\u0142amaniu. Taki produkt r\u00f3wnie\u017c nadaje si\u0119 do u\u017cycia.<\/p>\n","protected":false},"excerpt":{"rendered":"<p>Du\u017ce myde\u0142ko krawieckie w jasnym kolorze.<\/p>\n","protected":false},"featured_media":14719,"comment_status":"open","ping_status":"closed","template":"","meta":[],"product_brand":[],"product_cat":[743],"product_tag":[],"class_list":{"0":"post-11766","1":"product","2":"type-product","3":"status-publish","4":"has-post-thumbnail","6":"product_cat-mydelka-krawieckie-i-ich-zamienniki","8":"first","9":"instock","10":"taxable","11":"shipping-taxable","12":"purchasable","13":"product-type-simple"},"_links":{"self":[{"href":"https:\/\/gltestm.webology.pl\/pl\/wp-json\/wp\/v2\/product\/11766","targetHints":{"allow":["GET"]}}],"collection":[{"href":"https:\/\/gltestm.webology.pl\/pl\/wp-json\/wp\/v2\/product"}],"about":[{"href":"https:\/\/gltestm.webology.pl\/pl\/wp-json\/wp\/v2\/types\/product"}],"replies":[{"embeddable":true,"href":"https:\/\/gltestm.webology.pl\/pl\/wp-json\/wp\/v2\/comments?post=11766"}],"version-history":[{"count":0,"href":"https:\/\/gltestm.webology.pl\/pl\/wp-json\/wp\/v2\/product\/11766\/revisions"}],"wp:featuredmedia":[{"embeddable":true,"href":"https:\/\/gltestm.webology.pl\/pl\/wp-json\/wp\/v2\/media\/14719"}],"wp:attachment":[{"href":"https:\/\/gltestm.webology.pl\/pl\/wp-json\/wp\/v2\/media?parent=11766"}],"wp:term":[{"taxonomy":"product_brand","embeddable":true,"href":"https:\/\/gltestm.webology.pl\/pl\/wp-json\/wp\/v2\/product_brand?post=11766"},{"taxonomy":"product_cat","embeddable":true,"href":"https:\/\/gltestm.webology.pl\/pl\/wp-json\/wp\/v2\/product_cat?post=11766"},{"taxonomy":"product_tag","embeddable":true,"href":"https:\/\/gltestm.webology.pl\/pl\/wp-json\/wp\/v2\/product_tag?post=11766"}],"curies":[{"name":"wp","href":"https:\/\/api.w.org\/{rel}","templated":true}]}}