{"id":11765,"date":"2026-03-18T22:03:25","date_gmt":"2026-03-18T21:03:25","guid":{"rendered":"https:\/\/gltestm.webology.pl\/produkt\/marker-znikajacy-do-tkanin-dwustronny\/"},"modified":"2026-03-22T21:46:10","modified_gmt":"2026-03-22T20:46:10","slug":"marker-znikajacy-do-tkanin-dwustronny","status":"publish","type":"product","link":"https:\/\/gltestm.webology.pl\/pl\/produkt\/marker-znikajacy-do-tkanin-dwustronny\/","title":{"rendered":"Marker znikaj\u0105cy do tkanin dwustronny"},"content":{"rendered":"<h2>Znikaj\u0105cy marker &#8211; do czego slu\u017cy?<\/h2>\n<p>Dwustronny marker s\u0142u\u017cy do zaznaczania linii na materiale, papierze, drewnie i plastiku.<\/p>\n<p>Dzi\u0119ki niemu bez trudu przeniesiemy wykr&oacute;j na tkanin\u0119. Ma cienk\u0105 ko\u0144c&oacute;wk\u0119, co pozwala na wyznaczanie precyzyjnych linii.<\/p>\n<p>Pisak znikaj\u0105cy jest niezb\u0119dny do tymczasowego znakowania w szwalniach, hafciarniach, atelier krawieckich, studiach projektowych jak i r&oacute;wnie\u017c podczas tworzenia domowych projekt&oacute;w szyciowych.<\/p>\n<h2>Dwie ko\u0144c&oacute;wki<\/h2>\n<p>Pisze po tkaninach, papierze, drewnie, plastiku. Pisak posiada dwie cienkie ko\u0144c&oacute;wki &#8211; na jedna<strong> w kolorze r&oacute;\u017cowym <\/strong>(utrzymuje si\u0119 do oko\u0142o 24 h) i druga <strong>w kolorze fioletowym<\/strong><strong> (<\/strong>utrzymuje si\u0119 do oko\u0142o 48 h). Czas ten mo\u017ce si\u0119 r&oacute;\u017cni\u0107 w zale\u017cno\u015bci od rodzaju materia\u0142u i warunk&oacute;w otoczenia (temperatura, wilgotno\u015b\u0107, cyrkulacja powietrza).<\/p>\n<p>Przed u\u017cyciem nale\u017cy przetestowa\u0107 dwustronny marker na materiale.<\/p>\n","protected":false},"excerpt":{"rendered":"<p>Dwustronny pisak do zaznaczania wykroju na tkaninie, r\u00f3\u017cowa cz\u0119\u015b\u0107 znika po 24 h, a fioletowa 48 h.<\/p>\n","protected":false},"featured_media":14496,"comment_status":"open","ping_status":"closed","template":"","meta":[],"product_brand":[],"product_cat":[743],"product_tag":[],"class_list":{"0":"post-11765","1":"product","2":"type-product","3":"status-publish","4":"has-post-thumbnail","6":"product_cat-mydelka-krawieckie-i-ich-zamienniki","8":"first","9":"instock","10":"taxable","11":"shipping-taxable","12":"purchasable","13":"product-type-simple"},"_links":{"self":[{"href":"https:\/\/gltestm.webology.pl\/pl\/wp-json\/wp\/v2\/product\/11765","targetHints":{"allow":["GET"]}}],"collection":[{"href":"https:\/\/gltestm.webology.pl\/pl\/wp-json\/wp\/v2\/product"}],"about":[{"href":"https:\/\/gltestm.webology.pl\/pl\/wp-json\/wp\/v2\/types\/product"}],"replies":[{"embeddable":true,"href":"https:\/\/gltestm.webology.pl\/pl\/wp-json\/wp\/v2\/comments?post=11765"}],"version-history":[{"count":0,"href":"https:\/\/gltestm.webology.pl\/pl\/wp-json\/wp\/v2\/product\/11765\/revisions"}],"wp:featuredmedia":[{"embeddable":true,"href":"https:\/\/gltestm.webology.pl\/pl\/wp-json\/wp\/v2\/media\/14496"}],"wp:attachment":[{"href":"https:\/\/gltestm.webology.pl\/pl\/wp-json\/wp\/v2\/media?parent=11765"}],"wp:term":[{"taxonomy":"product_brand","embeddable":true,"href":"https:\/\/gltestm.webology.pl\/pl\/wp-json\/wp\/v2\/product_brand?post=11765"},{"taxonomy":"product_cat","embeddable":true,"href":"https:\/\/gltestm.webology.pl\/pl\/wp-json\/wp\/v2\/product_cat?post=11765"},{"taxonomy":"product_tag","embeddable":true,"href":"https:\/\/gltestm.webology.pl\/pl\/wp-json\/wp\/v2\/product_tag?post=11765"}],"curies":[{"name":"wp","href":"https:\/\/api.w.org\/{rel}","templated":true}]}}