{"id":11764,"date":"2026-03-18T22:03:25","date_gmt":"2026-03-18T21:03:25","guid":{"rendered":"https:\/\/gltestm.webology.pl\/produkt\/marker-znikajacy-do-tkanin\/"},"modified":"2026-03-22T21:46:09","modified_gmt":"2026-03-22T20:46:09","slug":"marker-znikajacy-do-tkanin","status":"publish","type":"product","link":"https:\/\/gltestm.webology.pl\/pl\/produkt\/marker-znikajacy-do-tkanin\/","title":{"rendered":"Marker znikaj\u0105cy do tkanin"},"content":{"rendered":"<h2>Zastosowanie znikaj\u0105cego pisaka<\/h2>\n<p>Marker s\u0142u\u017cy do zaznaczania linii na materiale, papierze, drewnie i plastiku.<\/p>\n<p>Dzi\u0119ki niemu bez trudu przeniesiemy wykr&oacute;j na tkanin\u0119. Ma cienk\u0105 ko\u0144c&oacute;wk\u0119, co pozwala na wyznaczanie precyzyjnych linii.<\/p>\n<p>Pisak znikaj\u0105cy jest niezb\u0119dny do tymczasowego znakowania w szwalniach, hafciarniach, atelier krawieckich, studiach projektowych jak i r&oacute;wnie\u017c podczas tworzenia domowych projekt&oacute;w szyciowych. Pisze po tkaninach, papierze, drewnie, plastiku. Wk\u0142ad jest w kolorze r&oacute;\u017cowym.<\/p>\n<h2>Usuwanie naniesionych linii<\/h2>\n<p>Zaznaczenia znikaj\u0105 po ok. 24 godzinach. Czas ten mo\u017ce si\u0119 r&oacute;\u017cni\u0107 w zale\u017cno\u015bci od rodzaju materia\u0142u i warunk&oacute;w otoczenia (temperatura, wilgotno\u015b\u0107, cyrkulacja powietrza).<\/p>\n<p>Przed u\u017cyciem nale\u017cy przetestowa\u0107 znikaj\u0105cy marker na materiale.<\/p>\n","protected":false},"excerpt":{"rendered":"<p>Pisak do zaznaczania wykroju na tkaninie, znika po 24 godzinach.<\/p>\n","protected":false},"featured_media":14194,"comment_status":"open","ping_status":"closed","template":"","meta":[],"product_brand":[],"product_cat":[743],"product_tag":[],"class_list":{"0":"post-11764","1":"product","2":"type-product","3":"status-publish","4":"has-post-thumbnail","6":"product_cat-mydelka-krawieckie-i-ich-zamienniki","8":"first","9":"instock","10":"taxable","11":"shipping-taxable","12":"purchasable","13":"product-type-simple"},"_links":{"self":[{"href":"https:\/\/gltestm.webology.pl\/pl\/wp-json\/wp\/v2\/product\/11764","targetHints":{"allow":["GET"]}}],"collection":[{"href":"https:\/\/gltestm.webology.pl\/pl\/wp-json\/wp\/v2\/product"}],"about":[{"href":"https:\/\/gltestm.webology.pl\/pl\/wp-json\/wp\/v2\/types\/product"}],"replies":[{"embeddable":true,"href":"https:\/\/gltestm.webology.pl\/pl\/wp-json\/wp\/v2\/comments?post=11764"}],"version-history":[{"count":0,"href":"https:\/\/gltestm.webology.pl\/pl\/wp-json\/wp\/v2\/product\/11764\/revisions"}],"wp:featuredmedia":[{"embeddable":true,"href":"https:\/\/gltestm.webology.pl\/pl\/wp-json\/wp\/v2\/media\/14194"}],"wp:attachment":[{"href":"https:\/\/gltestm.webology.pl\/pl\/wp-json\/wp\/v2\/media?parent=11764"}],"wp:term":[{"taxonomy":"product_brand","embeddable":true,"href":"https:\/\/gltestm.webology.pl\/pl\/wp-json\/wp\/v2\/product_brand?post=11764"},{"taxonomy":"product_cat","embeddable":true,"href":"https:\/\/gltestm.webology.pl\/pl\/wp-json\/wp\/v2\/product_cat?post=11764"},{"taxonomy":"product_tag","embeddable":true,"href":"https:\/\/gltestm.webology.pl\/pl\/wp-json\/wp\/v2\/product_tag?post=11764"}],"curies":[{"name":"wp","href":"https:\/\/api.w.org\/{rel}","templated":true}]}}