{"id":11763,"date":"2026-03-18T22:03:25","date_gmt":"2026-03-18T21:03:25","guid":{"rendered":"https:\/\/gltestm.webology.pl\/produkt\/kreda-w-olowku-ze-szczoteczka\/"},"modified":"2026-03-22T21:46:08","modified_gmt":"2026-03-22T20:46:08","slug":"kreda-w-olowku-ze-szczoteczka","status":"publish","type":"product","link":"https:\/\/gltestm.webology.pl\/pl\/produkt\/kreda-w-olowku-ze-szczoteczka\/","title":{"rendered":"Kreda w o\u0142\u00f3wku ze szczoteczk\u0105"},"content":{"rendered":"<p><span> Nie \u0142amie si\u0119 podczas temperowania, dobrze si\u0119 \u015bciera z tkanin. Precyzyjna linia na materiale, jako\u015b\u0107 rysunku zale\u017cy od rodzaju materia\u0142u.<br \/><\/span><\/p>\n<p><span><strong>Opakowanie zawiera 3 sztuki kredek w kolorach: <\/strong>bia\u0142ym, niebieskim i r\u00f3\u017cowym.<\/span><\/p>\n","protected":false},"excerpt":{"rendered":"<p>Trzy kredy w o\u0142\u00f3wku ze szczoteczk\u0105.<\/p>\n","protected":false},"featured_media":15942,"comment_status":"open","ping_status":"closed","template":"","meta":[],"product_brand":[],"product_cat":[743],"product_tag":[],"class_list":{"0":"post-11763","1":"product","2":"type-product","3":"status-publish","4":"has-post-thumbnail","6":"product_cat-mydelka-krawieckie-i-ich-zamienniki","8":"first","9":"instock","10":"taxable","11":"shipping-taxable","12":"purchasable","13":"product-type-simple"},"_links":{"self":[{"href":"https:\/\/gltestm.webology.pl\/pl\/wp-json\/wp\/v2\/product\/11763","targetHints":{"allow":["GET"]}}],"collection":[{"href":"https:\/\/gltestm.webology.pl\/pl\/wp-json\/wp\/v2\/product"}],"about":[{"href":"https:\/\/gltestm.webology.pl\/pl\/wp-json\/wp\/v2\/types\/product"}],"replies":[{"embeddable":true,"href":"https:\/\/gltestm.webology.pl\/pl\/wp-json\/wp\/v2\/comments?post=11763"}],"version-history":[{"count":0,"href":"https:\/\/gltestm.webology.pl\/pl\/wp-json\/wp\/v2\/product\/11763\/revisions"}],"wp:featuredmedia":[{"embeddable":true,"href":"https:\/\/gltestm.webology.pl\/pl\/wp-json\/wp\/v2\/media\/15942"}],"wp:attachment":[{"href":"https:\/\/gltestm.webology.pl\/pl\/wp-json\/wp\/v2\/media?parent=11763"}],"wp:term":[{"taxonomy":"product_brand","embeddable":true,"href":"https:\/\/gltestm.webology.pl\/pl\/wp-json\/wp\/v2\/product_brand?post=11763"},{"taxonomy":"product_cat","embeddable":true,"href":"https:\/\/gltestm.webology.pl\/pl\/wp-json\/wp\/v2\/product_cat?post=11763"},{"taxonomy":"product_tag","embeddable":true,"href":"https:\/\/gltestm.webology.pl\/pl\/wp-json\/wp\/v2\/product_tag?post=11763"}],"curies":[{"name":"wp","href":"https:\/\/api.w.org\/{rel}","templated":true}]}}