{"id":11761,"date":"2026-03-18T22:03:24","date_gmt":"2026-03-18T21:03:24","guid":{"rendered":"https:\/\/gltestm.webology.pl\/produkt\/zestaw-nici-do-szycia-medium\/"},"modified":"2026-03-22T22:08:27","modified_gmt":"2026-03-22T21:08:27","slug":"zestaw-nici-do-szycia-medium","status":"publish","type":"product","link":"https:\/\/gltestm.webology.pl\/pl\/produkt\/zestaw-nici-do-szycia-medium\/","title":{"rendered":"Zestaw nici do szycia Medium"},"content":{"rendered":"<h2>Zestaw bogatych nici do szycia &#8211; idealny dla pasjonat\u00f3w r\u0119kodzie\u0142a!<\/h2>\n<p>Przedstawiamy Ci nasz zestaw nici, kt\u00f3ry zawiera a\u017c<strong> 32 przer\u00f3\u017cne kolory<\/strong> na <strong>szpulkach papierowych<\/strong> i <strong>ma\u0142ych plastikowych <\/strong>&#8211; \u0142\u0105cznie 64 elementy. Ten zestaw nici b\u0119dzie <strong>niezast\u0105pionym<\/strong> <strong>pomocnikiem<\/strong> w domu, umo\u017cliwiaj\u0105c <strong>naprawy odzie\u017cy<\/strong> oraz rozwijaj\u0105c <strong>kreatywne projekty<\/strong>. Dzi\u0119ki szerokiej gamie kolorystycznej zawsze znajdziesz idealnie pasuj\u0105c\u0105 nic\u0119 do Twoich potrzeb.<\/p>\n<p>Nasze nici \u015bwietnie sprawdzaj\u0105 si\u0119 nie tylko przy<strong> szyciu r\u0119cznym<\/strong>, ale tak\u017ce podczas <strong>haftu<\/strong> i innych form <strong>r\u0119kodzie\u0142a<\/strong>. Bawe\u0142niano-poliestrowa mieszanka gwarantuje trwa\u0142o\u015b\u0107 i wytrzyma\u0142o\u015b\u0107, zapewniaj\u0105c d\u0142ugotrwa\u0142e efekty Twojej pracy.<\/p>\n<p>Wa\u017cne jest jednak pami\u0119ta\u0107, \u017ce nici na papierowych szpulkach mog\u0105 nie by\u0107 odpowiednie do <strong>szycia maszynowego<\/strong>. Nieregularna struktura papierowej szpulki mo\u017ce powodowa\u0107 zrywanie si\u0119 nici podczas pracy maszyny. Natomiast plastikowe szpulki, kt\u00f3re znajdziesz w zestawie, to standardowe szpulki dolne do wi\u0119kszo\u015bci maszyn do szycia.<\/p>\n<p>Niestety, nie pasuj\u0105 one do starszych modeli maszyn ani do maszyn mini. W naszej ofercie u\u017cywamy tylko <strong>szpulek metalowych<\/strong>, kt\u00f3re s\u0105 kompatybilne z maszynami mini.<\/p>\n<h2>Nasz zestaw zawiera<\/h2>\n<ul>\n<li><strong>32 sztuki r\u00f3\u017cnokolorowych<\/strong> nici o d\u0142ugo\u015bci <strong>15 metr\u00f3w<\/strong>, wykonanych z <strong>bawe\u0142niano-poliestrowej<\/strong> mieszanki,<\/li>\n<li><strong>32 plastikowe,<\/strong> <strong>p\u0142askie<\/strong> <strong>szpulki<\/strong> do maszyn do szycia, o d\u0142ugo\u015bci <strong>15 metr\u00f3w<\/strong>.<\/li>\n<\/ul>\n<p>Zwracamy uwag\u0119, \u017ce kolory nici mog\u0105 si\u0119 r\u00f3\u017cni\u0107 w zale\u017cno\u015bci od opakowania, jednak zapewniamy, \u017ce ka\u017cdy zestaw b\u0119dzie bogaty w r\u00f3\u017cnorodne i atrakcyjne barwy. Nie czekaj d\u0142u\u017cej! Wykorzystaj nasz wyj\u0105tkowy zestaw nici do szycia i daj upust swojej kreatywno\u015bci. Zam\u00f3w teraz i rozpocznij swoje przygody z r\u0119kodzie\u0142em ju\u017c dzi\u015b!<\/p>\n","protected":false},"excerpt":{"rendered":"<p>Komplet r\u00f3\u017cnych nici do szycia. Zestaw zawiera 64 elementy.<\/p>\n","protected":false},"featured_media":13537,"comment_status":"open","ping_status":"closed","template":"","meta":[],"product_brand":[],"product_cat":[763],"product_tag":[],"class_list":{"0":"post-11761","1":"product","2":"type-product","3":"status-publish","4":"has-post-thumbnail","6":"product_cat-przyborniki-i-zestawy-do-szycia","8":"first","9":"instock","10":"taxable","11":"shipping-taxable","12":"purchasable","13":"product-type-simple"},"_links":{"self":[{"href":"https:\/\/gltestm.webology.pl\/pl\/wp-json\/wp\/v2\/product\/11761","targetHints":{"allow":["GET"]}}],"collection":[{"href":"https:\/\/gltestm.webology.pl\/pl\/wp-json\/wp\/v2\/product"}],"about":[{"href":"https:\/\/gltestm.webology.pl\/pl\/wp-json\/wp\/v2\/types\/product"}],"replies":[{"embeddable":true,"href":"https:\/\/gltestm.webology.pl\/pl\/wp-json\/wp\/v2\/comments?post=11761"}],"version-history":[{"count":0,"href":"https:\/\/gltestm.webology.pl\/pl\/wp-json\/wp\/v2\/product\/11761\/revisions"}],"wp:featuredmedia":[{"embeddable":true,"href":"https:\/\/gltestm.webology.pl\/pl\/wp-json\/wp\/v2\/media\/13537"}],"wp:attachment":[{"href":"https:\/\/gltestm.webology.pl\/pl\/wp-json\/wp\/v2\/media?parent=11761"}],"wp:term":[{"taxonomy":"product_brand","embeddable":true,"href":"https:\/\/gltestm.webology.pl\/pl\/wp-json\/wp\/v2\/product_brand?post=11761"},{"taxonomy":"product_cat","embeddable":true,"href":"https:\/\/gltestm.webology.pl\/pl\/wp-json\/wp\/v2\/product_cat?post=11761"},{"taxonomy":"product_tag","embeddable":true,"href":"https:\/\/gltestm.webology.pl\/pl\/wp-json\/wp\/v2\/product_tag?post=11761"}],"curies":[{"name":"wp","href":"https:\/\/api.w.org\/{rel}","templated":true}]}}