{"id":11758,"date":"2026-03-18T22:03:23","date_gmt":"2026-03-18T21:03:23","guid":{"rendered":"https:\/\/gltestm.webology.pl\/produkt\/zestaw-do-szycia-basic\/"},"modified":"2026-03-22T22:11:08","modified_gmt":"2026-03-22T21:11:08","slug":"zestaw-do-szycia-basic","status":"publish","type":"product","link":"https:\/\/gltestm.webology.pl\/pl\/produkt\/zestaw-do-szycia-basic\/","title":{"rendered":"Zestaw do szycia BASIC"},"content":{"rendered":"<h2><strong>Zestaw BASIC &ndash; do czego si\u0119 przyda?<\/strong><\/h2>\n<p>Zestaw BASIC to zestaw akcesori&oacute;w, kt&oacute;re u\u0142atwi\u0105 Ci prac\u0119 podczas szycia r\u0119cznego. Cz\u0119\u015b\u0107 z nich, jak ig\u0142y, metalowe szpulki dolne i centymetr, przydadz\u0105 si\u0119 r&oacute;wnie\u017c podczas szycia na maszynie.<\/p>\n<p>Te przydatne akcesoria z pewno\u015bci\u0105 sprawdz\u0105 si\u0119 u pocz\u0105tkuj\u0105cych krawcowych, jak i r&oacute;wnie\u017c b\u0119d\u0105 niezb\u0119dne w ka\u017cdym domu, kiedy na szybko potrzebujemy co\u015b zszy\u0107 lub naprawi\u0107. <\/p>\n<h2><strong>Zawarto\u015b\u0107 kompletu BASIC<\/strong><\/h2>\n<p>Zestaw BASIC sk\u0142ada si\u0119 z:<\/p>\n<ul>\n<li>21 szt. szpulek nici do szycia r\u0119cznego, w tym 16 nawini\u0119tych na TEKTUROWE rolki i 5 na PLASTIKOWE szpule<\/li>\n<li>16 szt. METALOWYCH szpulek dolnych do maszyn <\/li>\n<li>2 szt. rozety z nawini\u0119t\u0105 nici\u0105 bia\u0142\u0105 i czarn\u0105 do szycia r\u0119cznego (np. do przyszywania guzik&oacute;w)<\/li>\n<li>mini no\u017cyczki<\/li>\n<li>10 szt. ma\u0142ych bieli\u017anianych guzik&oacute;w (jasne i czarne)<\/li>\n<li>nawlekacz do nici<\/li>\n<li>naparstek<\/li>\n<li>centymetr krawiecki<\/li>\n<li>5 szt. igie\u0142 maszynowych do tkanin o grubo\u015bci: 70, 80 x 2szt, 90 i 100.<\/li>\n<\/ul>\n<p>Kolory nici mog\u0105 r&oacute;\u017cni\u0107 si\u0119 od tych przedstawionych na zdj\u0119ciu!<\/p>\n","protected":false},"excerpt":{"rendered":"<p>Zestaw akcesori\u00f3w BASIC do szycia r\u0119cznego, pomocny r\u00f3wnie\u017c przy szyciu na maszynie.<\/p>\n","protected":false},"featured_media":14162,"comment_status":"open","ping_status":"closed","template":"","meta":[],"product_brand":[],"product_cat":[763],"product_tag":[],"class_list":{"0":"post-11758","1":"product","2":"type-product","3":"status-publish","4":"has-post-thumbnail","6":"product_cat-przyborniki-i-zestawy-do-szycia","8":"first","9":"instock","10":"taxable","11":"shipping-taxable","12":"purchasable","13":"product-type-simple"},"_links":{"self":[{"href":"https:\/\/gltestm.webology.pl\/pl\/wp-json\/wp\/v2\/product\/11758","targetHints":{"allow":["GET"]}}],"collection":[{"href":"https:\/\/gltestm.webology.pl\/pl\/wp-json\/wp\/v2\/product"}],"about":[{"href":"https:\/\/gltestm.webology.pl\/pl\/wp-json\/wp\/v2\/types\/product"}],"replies":[{"embeddable":true,"href":"https:\/\/gltestm.webology.pl\/pl\/wp-json\/wp\/v2\/comments?post=11758"}],"version-history":[{"count":0,"href":"https:\/\/gltestm.webology.pl\/pl\/wp-json\/wp\/v2\/product\/11758\/revisions"}],"wp:featuredmedia":[{"embeddable":true,"href":"https:\/\/gltestm.webology.pl\/pl\/wp-json\/wp\/v2\/media\/14162"}],"wp:attachment":[{"href":"https:\/\/gltestm.webology.pl\/pl\/wp-json\/wp\/v2\/media?parent=11758"}],"wp:term":[{"taxonomy":"product_brand","embeddable":true,"href":"https:\/\/gltestm.webology.pl\/pl\/wp-json\/wp\/v2\/product_brand?post=11758"},{"taxonomy":"product_cat","embeddable":true,"href":"https:\/\/gltestm.webology.pl\/pl\/wp-json\/wp\/v2\/product_cat?post=11758"},{"taxonomy":"product_tag","embeddable":true,"href":"https:\/\/gltestm.webology.pl\/pl\/wp-json\/wp\/v2\/product_tag?post=11758"}],"curies":[{"name":"wp","href":"https:\/\/api.w.org\/{rel}","templated":true}]}}