{"id":11756,"date":"2026-03-18T22:03:23","date_gmt":"2026-03-18T21:03:23","guid":{"rendered":"https:\/\/gltestm.webology.pl\/produkt\/uniwersalna-walizka-na-maszyne-do-szycia\/"},"modified":"2026-03-22T22:08:25","modified_gmt":"2026-03-22T21:08:25","slug":"uniwersalna-walizka-na-maszyne-do-szycia","status":"publish","type":"product","link":"https:\/\/gltestm.webology.pl\/pl\/produkt\/uniwersalna-walizka-na-maszyne-do-szycia\/","title":{"rendered":"Uniwersalna walizka na maszyn\u0119 do szycia"},"content":{"rendered":"<h2>Ochrona i wygoda transportu maszyny do szycia<\/h2>\n<p>Szukasz sposobu na <strong>ochron\u0119<\/strong> swojej <strong>maszyny<\/strong> do szycia przed czynnikami <strong>zewn\u0119trznymi<\/strong> i <strong>wygodny spos\u00f3b przenoszenia<\/strong> jej z miejsca na miejsce? Oto rozwi\u0105zanie dla Ciebie! Ka\u017cda maszyna do szycia <strong>powinna mie\u0107 swoj\u0105 w\u0142asn\u0105 walizk\u0119<\/strong>, kt\u00f3ra nie tylko ochroni j\u0105 przed <strong>kurzem<\/strong> i <strong>brudem<\/strong>, ale r\u00f3wnie\u017c <strong>u\u0142atwi jej transport<\/strong> i schowanie do szafy.<\/p>\n<h2>Najwa\u017cniejsze cechy<\/h2>\n<ul>\n<li><strong>Ochrona<\/strong> maszyny do szycia przed <strong>kurzem<\/strong> i <strong>uszkodzeniami<\/strong> mechanicznymi<\/li>\n<li><strong>Wygodny transport<\/strong> dzi\u0119ki solidnym bokom, <strong>twardemu dnu<\/strong> i lekkiej konstrukcji<\/li>\n<li><strong>Trzy du\u017ce<\/strong>, <strong>pojemne<\/strong> <strong>kieszenie<\/strong> zapinane na rzep na akcesoria i podr\u0119czne materia\u0142y<\/li>\n<li>Wykonanie z o<strong>dpornego na zabrudzenia<\/strong> materia\u0142u \u017cakardowego w pi\u0119kne srebrzysto-czarne kwiaty<\/li>\n<li>Stylowy design<\/li>\n<li><strong>Wygodne r\u0105czki do przenoszenia<\/strong><\/li>\n<li><strong>Nieprzemakalna<\/strong> plakietka z przodu walizki z danymi kontaktowymi u\u017cytkownika<\/li>\n<li><strong>Wymiary walizki<\/strong>: 42x25x33 cm<\/li>\n<\/ul>\n<h2>Praktyczne kieszenie i solidna konstrukcja<\/h2>\n<p>Nasza walizka do maszyn do szycia jest wyposa\u017cona w<strong> trzy du\u017ce<\/strong>, pojemne kieszenie zapinane na <strong>rzep<\/strong>, w kt\u00f3rych bezpiecznie schowasz wszystkie <strong>potrzebne akcesoria<\/strong> i <strong>podr\u0119czne materia\u0142y<\/strong>. Twarde dno i usztywniane boki zabezpiecz\u0105 Twoj\u0105 maszyn\u0119 przed uszkodzeniami podczas transportu.<\/p>\n<h2>Stylowy design i \u0142atwo\u015b\u0107 przenoszenia<\/h2>\n<p>Wykonana z <strong>odpornego na zabrudzenia<\/strong> materia\u0142u \u017cakardowego w pi\u0119kne <strong>srebrzysto-czarne kwiaty<\/strong>, nasza walizka to nie tylko funkcjonalne, ale r\u00f3wnie\u017c bardzo stylowe rozwi\u0105zanie. Wygodne r\u0105czki i <strong>niewielka waga<\/strong> umo\u017cliwiaj\u0105 \u0142atwe przenoszenie maszyny z miejsca na miejsce.<\/p>\n<h2>Zapomnij o problemach z transportem dzi\u0119ki naszej walizce<\/h2>\n<p>Nie martw si\u0119 ju\u017c wi\u0119cej o to, jak <strong>przetransportowa\u0107<\/strong> swoj\u0105 maszyn\u0119 do szycia <strong>bezpiecznie<\/strong> i <strong>wygodnie<\/strong>. Nasza walizka do maszyn do szycia to idealne rozwi\u0105zanie dla Ciebie! A dzi\u0119ki nieprzemakalnej plakietce z przodu walizki, zawsze b\u0119dziesz mie\u0107 swoje dane kontaktowe pod r\u0119k\u0105, co u\u0142atwi odzyskanie maszyny w przypadku zagubienia jej podczas transportu.<\/p>\n","protected":false},"excerpt":{"rendered":"<p>Walizka ochroni i u\u0142atwia transport. Trzy kieszenie, twarde dno i usztywnione boki. Wykonana z odpornego na zabrudzenia materia\u0142u \u017cakardowego w srebrzysto-czarne kwiat. Wygodne r\u0105czki i niewielka waga umo\u017cliwiaj\u0105 \u0142atwe przenoszenie.<\/p>\n","protected":false},"featured_media":14311,"comment_status":"open","ping_status":"closed","template":"","meta":[],"product_brand":[],"product_cat":[538],"product_tag":[],"class_list":{"0":"post-11756","1":"product","2":"type-product","3":"status-publish","4":"has-post-thumbnail","6":"product_cat-pokrowce-i-walizki","8":"first","9":"instock","10":"taxable","11":"shipping-taxable","12":"purchasable","13":"product-type-simple"},"_links":{"self":[{"href":"https:\/\/gltestm.webology.pl\/pl\/wp-json\/wp\/v2\/product\/11756","targetHints":{"allow":["GET"]}}],"collection":[{"href":"https:\/\/gltestm.webology.pl\/pl\/wp-json\/wp\/v2\/product"}],"about":[{"href":"https:\/\/gltestm.webology.pl\/pl\/wp-json\/wp\/v2\/types\/product"}],"replies":[{"embeddable":true,"href":"https:\/\/gltestm.webology.pl\/pl\/wp-json\/wp\/v2\/comments?post=11756"}],"version-history":[{"count":0,"href":"https:\/\/gltestm.webology.pl\/pl\/wp-json\/wp\/v2\/product\/11756\/revisions"}],"wp:featuredmedia":[{"embeddable":true,"href":"https:\/\/gltestm.webology.pl\/pl\/wp-json\/wp\/v2\/media\/14311"}],"wp:attachment":[{"href":"https:\/\/gltestm.webology.pl\/pl\/wp-json\/wp\/v2\/media?parent=11756"}],"wp:term":[{"taxonomy":"product_brand","embeddable":true,"href":"https:\/\/gltestm.webology.pl\/pl\/wp-json\/wp\/v2\/product_brand?post=11756"},{"taxonomy":"product_cat","embeddable":true,"href":"https:\/\/gltestm.webology.pl\/pl\/wp-json\/wp\/v2\/product_cat?post=11756"},{"taxonomy":"product_tag","embeddable":true,"href":"https:\/\/gltestm.webology.pl\/pl\/wp-json\/wp\/v2\/product_tag?post=11756"}],"curies":[{"name":"wp","href":"https:\/\/api.w.org\/{rel}","templated":true}]}}