{"id":11755,"date":"2026-03-18T22:03:22","date_gmt":"2026-03-18T21:03:22","guid":{"rendered":"https:\/\/gltestm.webology.pl\/produkt\/zarowka-led-do-maszyn-do-szycia\/"},"modified":"2026-03-22T22:08:17","modified_gmt":"2026-03-22T21:08:17","slug":"zarowka-led-do-maszyn-do-szycia","status":"publish","type":"product","link":"https:\/\/gltestm.webology.pl\/pl\/produkt\/zarowka-led-do-maszyn-do-szycia\/","title":{"rendered":"\u017bar\u00f3wka LED do maszyn do szycia"},"content":{"rendered":"<p>\u017bar\u00f3wka LED do maszyn do szycia*<\/p>\n<p>Specyfikacja:<\/p>\n<p>wymiar: 59 mm d\u0142 x24 szer. mm<\/p>\n<p>napi\u0119cie: 240 V<\/p>\n<p>moc: 1 W<\/p>\n<p>80 Lm<\/p>\n<p>wytrzyma\u0142o\u015b\u0107: do 25000 h<\/p>\n<p>gwint: E 14<\/p>\n<p>*Nale\u017cy zweryfikowa\u0107 wymiary z wcze\u015bniej u\u017cywanymi \u017car\u00f3wkami.<\/p>\n","protected":false},"excerpt":{"rendered":"<p>\u017bar\u00f3wka LED do maszyn do szycia<\/p>\n","protected":false},"featured_media":15627,"comment_status":"open","ping_status":"closed","template":"","meta":[],"product_brand":[],"product_cat":[493],"product_tag":[],"class_list":{"0":"post-11755","1":"product","2":"type-product","3":"status-publish","4":"has-post-thumbnail","6":"product_cat-zarowki-do-maszyn","8":"first","9":"instock","10":"taxable","11":"shipping-taxable","12":"purchasable","13":"product-type-simple"},"_links":{"self":[{"href":"https:\/\/gltestm.webology.pl\/pl\/wp-json\/wp\/v2\/product\/11755","targetHints":{"allow":["GET"]}}],"collection":[{"href":"https:\/\/gltestm.webology.pl\/pl\/wp-json\/wp\/v2\/product"}],"about":[{"href":"https:\/\/gltestm.webology.pl\/pl\/wp-json\/wp\/v2\/types\/product"}],"replies":[{"embeddable":true,"href":"https:\/\/gltestm.webology.pl\/pl\/wp-json\/wp\/v2\/comments?post=11755"}],"version-history":[{"count":0,"href":"https:\/\/gltestm.webology.pl\/pl\/wp-json\/wp\/v2\/product\/11755\/revisions"}],"wp:featuredmedia":[{"embeddable":true,"href":"https:\/\/gltestm.webology.pl\/pl\/wp-json\/wp\/v2\/media\/15627"}],"wp:attachment":[{"href":"https:\/\/gltestm.webology.pl\/pl\/wp-json\/wp\/v2\/media?parent=11755"}],"wp:term":[{"taxonomy":"product_brand","embeddable":true,"href":"https:\/\/gltestm.webology.pl\/pl\/wp-json\/wp\/v2\/product_brand?post=11755"},{"taxonomy":"product_cat","embeddable":true,"href":"https:\/\/gltestm.webology.pl\/pl\/wp-json\/wp\/v2\/product_cat?post=11755"},{"taxonomy":"product_tag","embeddable":true,"href":"https:\/\/gltestm.webology.pl\/pl\/wp-json\/wp\/v2\/product_tag?post=11755"}],"curies":[{"name":"wp","href":"https:\/\/api.w.org\/{rel}","templated":true}]}}