{"id":11754,"date":"2026-03-18T22:03:22","date_gmt":"2026-03-18T21:03:22","guid":{"rendered":"https:\/\/gltestm.webology.pl\/produkt\/zestaw-do-szycia-simply\/"},"modified":"2026-03-22T22:11:08","modified_gmt":"2026-03-22T21:11:08","slug":"zestaw-do-szycia-simply","status":"publish","type":"product","link":"https:\/\/gltestm.webology.pl\/pl\/produkt\/zestaw-do-szycia-simply\/","title":{"rendered":"Zestaw do szycia Simply"},"content":{"rendered":"<h2><strong>Zestaw do szycia Simply<\/strong><\/h2>\n<p><strong>Podr\u0119czny zestaw<\/strong> do szycia przydatny w ka\u017cdej sytuacji &#8211; w domu, w pracy i w podr\u00f3\u017cy! Lekki i funkcjonalny \u2013 zmie\u015bci si\u0119 w kieszeni lub torebce! Zestaw zawiera podstawowe wyposa\u017cenie przydatne przy niespodziewanych naprawach.<\/p>\n<h2>Zawarto\u015b\u0107 zestawu<\/h2>\n<ul>\n<li>Centymetr krawiecki 100 cm<\/li>\n<li>R\u00f3\u017cnokolorowych nici do szycia r\u0119cznego &#8211; 11 szt.<\/li>\n<li>Ostre mini no\u017cyczki<\/li>\n<li>Plastikowy naparstek <\/li>\n<li>Nawlekacz do nici<\/li>\n<\/ul>\n","protected":false},"excerpt":{"rendered":"<p>Zestaw akcesori\u00f3w do szycia r\u0119cznego SIMPLY. 15 element\u00f3w niezb\u0119dnych do niespodziewanych napraw.<\/p>\n","protected":false},"featured_media":14381,"comment_status":"open","ping_status":"closed","template":"","meta":[],"product_brand":[],"product_cat":[763],"product_tag":[],"class_list":{"0":"post-11754","1":"product","2":"type-product","3":"status-publish","4":"has-post-thumbnail","6":"product_cat-przyborniki-i-zestawy-do-szycia","8":"first","9":"instock","10":"taxable","11":"shipping-taxable","12":"purchasable","13":"product-type-simple"},"_links":{"self":[{"href":"https:\/\/gltestm.webology.pl\/pl\/wp-json\/wp\/v2\/product\/11754","targetHints":{"allow":["GET"]}}],"collection":[{"href":"https:\/\/gltestm.webology.pl\/pl\/wp-json\/wp\/v2\/product"}],"about":[{"href":"https:\/\/gltestm.webology.pl\/pl\/wp-json\/wp\/v2\/types\/product"}],"replies":[{"embeddable":true,"href":"https:\/\/gltestm.webology.pl\/pl\/wp-json\/wp\/v2\/comments?post=11754"}],"version-history":[{"count":0,"href":"https:\/\/gltestm.webology.pl\/pl\/wp-json\/wp\/v2\/product\/11754\/revisions"}],"wp:featuredmedia":[{"embeddable":true,"href":"https:\/\/gltestm.webology.pl\/pl\/wp-json\/wp\/v2\/media\/14381"}],"wp:attachment":[{"href":"https:\/\/gltestm.webology.pl\/pl\/wp-json\/wp\/v2\/media?parent=11754"}],"wp:term":[{"taxonomy":"product_brand","embeddable":true,"href":"https:\/\/gltestm.webology.pl\/pl\/wp-json\/wp\/v2\/product_brand?post=11754"},{"taxonomy":"product_cat","embeddable":true,"href":"https:\/\/gltestm.webology.pl\/pl\/wp-json\/wp\/v2\/product_cat?post=11754"},{"taxonomy":"product_tag","embeddable":true,"href":"https:\/\/gltestm.webology.pl\/pl\/wp-json\/wp\/v2\/product_tag?post=11754"}],"curies":[{"name":"wp","href":"https:\/\/api.w.org\/{rel}","templated":true}]}}