{"id":11753,"date":"2026-03-18T22:03:22","date_gmt":"2026-03-18T21:03:22","guid":{"rendered":"https:\/\/gltestm.webology.pl\/produkt\/zarowka-do-maszyn-do-szycia-oraz-overlokow\/"},"modified":"2026-03-22T22:08:13","modified_gmt":"2026-03-22T21:08:13","slug":"zarowka-do-maszyn-do-szycia-oraz-overlokow","status":"publish","type":"product","link":"https:\/\/gltestm.webology.pl\/pl\/produkt\/zarowka-do-maszyn-do-szycia-oraz-overlokow\/","title":{"rendered":"\u017bar\u00f3wka do maszyn do szycia oraz overlok\u00f3w"},"content":{"rendered":"<p><strong><span><span><span>\u017bar\u00f3wka E14 do maszyn do szycia pasuje do maszyn oraz overlok\u00f3w z obecnej oferty sprzeda\u017cowej.<\/span><\/span><\/span><\/strong><\/p>\n<p><strong><span><span><span>(z wy\u0142\u0105czeniem maszyn elektronicznych i z diodami led)<\/span><\/span><\/span><\/strong><\/p>\n<p><span><span><span><strong><span><span><span><span>\u017bar\u00f3wka do maszyny do szycia to cz\u0119\u015b\u0107 zamienna, kt\u00f3ra umo\u017cliwi prawid\u0142owe korzystanie z urz\u0105dzenia.<\/span><\/span><\/span><\/span><\/strong><\/span><\/span><\/span><\/p>\n<p><span><span><span><strong><span><span><span><span>Specyfikacja:<\/span><\/span><\/span><\/span><\/strong><\/span><\/span><\/span><\/p>\n<p><strong><span><span><span>gwint: E14<\/span><\/span><\/span><\/strong><\/p>\n<p><strong><span><span><span>moc:  15 W <br \/><\/span><\/span><\/span><\/strong><\/p>\n<p><span><span><span><strong><span><span><span><span>napi\u0119cie: 230 V<\/span><\/span><\/span><\/span><\/strong><\/span><\/span><\/span><\/p>\n","protected":false},"excerpt":{"rendered":"<p>\u017bar\u00f3wka E14 do maszyn do szycia oraz overlok\u00f3w<\/p>\n","protected":false},"featured_media":13128,"comment_status":"open","ping_status":"closed","template":"","meta":[],"product_brand":[],"product_cat":[493],"product_tag":[],"class_list":{"0":"post-11753","1":"product","2":"type-product","3":"status-publish","4":"has-post-thumbnail","6":"product_cat-zarowki-do-maszyn","8":"first","9":"instock","10":"taxable","11":"shipping-taxable","12":"purchasable","13":"product-type-simple"},"_links":{"self":[{"href":"https:\/\/gltestm.webology.pl\/pl\/wp-json\/wp\/v2\/product\/11753","targetHints":{"allow":["GET"]}}],"collection":[{"href":"https:\/\/gltestm.webology.pl\/pl\/wp-json\/wp\/v2\/product"}],"about":[{"href":"https:\/\/gltestm.webology.pl\/pl\/wp-json\/wp\/v2\/types\/product"}],"replies":[{"embeddable":true,"href":"https:\/\/gltestm.webology.pl\/pl\/wp-json\/wp\/v2\/comments?post=11753"}],"version-history":[{"count":0,"href":"https:\/\/gltestm.webology.pl\/pl\/wp-json\/wp\/v2\/product\/11753\/revisions"}],"wp:featuredmedia":[{"embeddable":true,"href":"https:\/\/gltestm.webology.pl\/pl\/wp-json\/wp\/v2\/media\/13128"}],"wp:attachment":[{"href":"https:\/\/gltestm.webology.pl\/pl\/wp-json\/wp\/v2\/media?parent=11753"}],"wp:term":[{"taxonomy":"product_brand","embeddable":true,"href":"https:\/\/gltestm.webology.pl\/pl\/wp-json\/wp\/v2\/product_brand?post=11753"},{"taxonomy":"product_cat","embeddable":true,"href":"https:\/\/gltestm.webology.pl\/pl\/wp-json\/wp\/v2\/product_cat?post=11753"},{"taxonomy":"product_tag","embeddable":true,"href":"https:\/\/gltestm.webology.pl\/pl\/wp-json\/wp\/v2\/product_tag?post=11753"}],"curies":[{"name":"wp","href":"https:\/\/api.w.org\/{rel}","templated":true}]}}