{"id":11752,"date":"2026-03-18T22:03:21","date_gmt":"2026-03-18T21:03:21","guid":{"rendered":"https:\/\/gltestm.webology.pl\/produkt\/zestaw-akcesoriow-do-szycia-big-box-zs-16\/"},"modified":"2026-03-22T22:11:08","modified_gmt":"2026-03-22T21:11:08","slug":"zestaw-akcesoriow-do-szycia-big-box-zs-16","status":"publish","type":"product","link":"https:\/\/gltestm.webology.pl\/pl\/produkt\/zestaw-akcesoriow-do-szycia-big-box-zs-16\/","title":{"rendered":"Zestaw akcesori\u00f3w do szycia Big Box ZS-16"},"content":{"rendered":"<h2><strong>Czym jest zestaw BIGBOX?<\/strong><\/h2>\n<p>Zestaw do szycia Big Box pozwala na praktyczne przechowywanie wszystkich potrzebnych dodatk&oacute;w do szycia.<\/p>\n<p>Zestaw do szycia Big Box zawiera trzy zatrzaskowe poziomy w kt&oacute;rych umieszczone s\u0105 akcesoria do szycia oraz nici do szycia maszynowego lub r\u0119cznego. Pude\u0142ko posiada r\u0105czk\u0119 do przenoszenia.<\/p>\n<h2><strong>Elementy pude\u0142ka<\/strong><\/h2>\n<p>W sk\u0142ad zestawu wchodz\u0105:<\/p>\n<ul>\n<li>mini no\u017cyczki,<\/li>\n<li>5 plastikowych pustych szpulek do maszyn na ni\u0107 doln\u0105,<\/li>\n<li>ma\u0142e opakowanie szpilek z kolorowymi, plastikowymi g\u0142&oacute;wkami,<\/li>\n<li>centymetr krawiecki samonawijaj\u0105cy si\u0119 o d\u0142ugo\u015bci 150 cm,<\/li>\n<li>zestaw igie\u0142 do szycia r\u0119cznego,<\/li>\n<li>prujka\/przecinak<\/li>\n<li>16 sztuk nici 100% poliester w r&oacute;\u017cnych kolorach po 100m d\u0142ugo\u015bci ka\u017cda.<\/li>\n<\/ul>\n","protected":false},"excerpt":{"rendered":"<p>Profesjonalny zestaw akcesori\u00f3w do szycia BIG BOX w wygodnym pude\u0142ku.<\/p>\n","protected":false},"featured_media":13744,"comment_status":"open","ping_status":"closed","template":"","meta":[],"product_brand":[],"product_cat":[763],"product_tag":[],"class_list":{"0":"post-11752","1":"product","2":"type-product","3":"status-publish","4":"has-post-thumbnail","6":"product_cat-przyborniki-i-zestawy-do-szycia","8":"first","9":"instock","10":"taxable","11":"shipping-taxable","12":"purchasable","13":"product-type-simple"},"_links":{"self":[{"href":"https:\/\/gltestm.webology.pl\/pl\/wp-json\/wp\/v2\/product\/11752","targetHints":{"allow":["GET"]}}],"collection":[{"href":"https:\/\/gltestm.webology.pl\/pl\/wp-json\/wp\/v2\/product"}],"about":[{"href":"https:\/\/gltestm.webology.pl\/pl\/wp-json\/wp\/v2\/types\/product"}],"replies":[{"embeddable":true,"href":"https:\/\/gltestm.webology.pl\/pl\/wp-json\/wp\/v2\/comments?post=11752"}],"version-history":[{"count":0,"href":"https:\/\/gltestm.webology.pl\/pl\/wp-json\/wp\/v2\/product\/11752\/revisions"}],"wp:featuredmedia":[{"embeddable":true,"href":"https:\/\/gltestm.webology.pl\/pl\/wp-json\/wp\/v2\/media\/13744"}],"wp:attachment":[{"href":"https:\/\/gltestm.webology.pl\/pl\/wp-json\/wp\/v2\/media?parent=11752"}],"wp:term":[{"taxonomy":"product_brand","embeddable":true,"href":"https:\/\/gltestm.webology.pl\/pl\/wp-json\/wp\/v2\/product_brand?post=11752"},{"taxonomy":"product_cat","embeddable":true,"href":"https:\/\/gltestm.webology.pl\/pl\/wp-json\/wp\/v2\/product_cat?post=11752"},{"taxonomy":"product_tag","embeddable":true,"href":"https:\/\/gltestm.webology.pl\/pl\/wp-json\/wp\/v2\/product_tag?post=11752"}],"curies":[{"name":"wp","href":"https:\/\/api.w.org\/{rel}","templated":true}]}}