{"id":11751,"date":"2026-03-18T22:03:21","date_gmt":"2026-03-18T21:03:21","guid":{"rendered":"https:\/\/gltestm.webology.pl\/produkt\/igly-do-overlockow-lucznik-2054-5-szt-cienka-kolba\/"},"modified":"2026-03-22T22:11:08","modified_gmt":"2026-03-22T21:11:08","slug":"igly-do-overlockow-lucznik-2054-5-szt-cienka-kolba","status":"publish","type":"product","link":"https:\/\/gltestm.webology.pl\/pl\/produkt\/igly-do-overlockow-lucznik-2054-5-szt-cienka-kolba\/","title":{"rendered":"Ig\u0142y do overlock\u00f3w \u0141ucznik 2054 5 szt. cienka kolba"},"content":{"rendered":"<div>\n<div>\n<p>Igie\u0142 S-2054 \u0141ucznik z <strong>cienk\u0105 kolb\u0105 P\u00d3\u0141P\u0141ASK\u0104<\/strong> pasuj\u0105 do<strong> starszych modeli overlock\u00f3w<\/strong> (nie pasuj\u0105 do overlock\u00f3w z aktualnej oferty \u0141ucznika). W zestawie jest 5 sztuk igie\u0142 w rozmiarze 90\/14.<\/p>\n<h2><strong>PAMI\u0118TAJ<\/strong><strong>!<\/strong> <\/h2>\n<p>Zawsze stosuj dwie identyczne ig\u0142y szyj\u0105c na overlocku. Na bie\u017c\u0105co nale\u017cy r\u00f3wnie\u017c kontrolowa\u0107 czubek ig\u0142y, gdy zauwa\u017cysz jakiekolwiek \u015blady zu\u017cycia, wymie\u0144 ig\u0142\u0119 na now\u0105. Stan ig\u0142y wp\u0142ywa na jako\u015b\u0107 \u015bciegu, uszkodzony czubek ig\u0142y mo\u017ce zniszczy\u0107 szyt\u0105 tkanin\u0119. Ig\u0142y powinny by\u0107 przechowywane w oryginalnych opakowaniach, zapobiegaj\u0105cych ich uszkodzeniu.<\/p>\n<p><strong>Ig\u0142y nie pasuj\u0105 do maszyn z aktualnej oferty !!!<\/strong><\/p>\n<\/div>\n<\/div>\n","protected":false},"excerpt":{"rendered":"<p>Zestaw 5 igie\u0142 S-2054 90\/14 z cienk\u0105 kolb\u0105. Pasuj\u0105 do starszych modeli overlock\u00f3w.<\/p>\n","protected":false},"featured_media":15311,"comment_status":"open","ping_status":"closed","template":"","meta":[],"product_brand":[],"product_cat":[518],"product_tag":[],"class_list":{"0":"post-11751","1":"product","2":"type-product","3":"status-publish","4":"has-post-thumbnail","6":"product_cat-igly-do-maszyn","8":"first","9":"instock","10":"taxable","11":"shipping-taxable","12":"purchasable","13":"product-type-simple"},"_links":{"self":[{"href":"https:\/\/gltestm.webology.pl\/pl\/wp-json\/wp\/v2\/product\/11751","targetHints":{"allow":["GET"]}}],"collection":[{"href":"https:\/\/gltestm.webology.pl\/pl\/wp-json\/wp\/v2\/product"}],"about":[{"href":"https:\/\/gltestm.webology.pl\/pl\/wp-json\/wp\/v2\/types\/product"}],"replies":[{"embeddable":true,"href":"https:\/\/gltestm.webology.pl\/pl\/wp-json\/wp\/v2\/comments?post=11751"}],"version-history":[{"count":0,"href":"https:\/\/gltestm.webology.pl\/pl\/wp-json\/wp\/v2\/product\/11751\/revisions"}],"wp:featuredmedia":[{"embeddable":true,"href":"https:\/\/gltestm.webology.pl\/pl\/wp-json\/wp\/v2\/media\/15311"}],"wp:attachment":[{"href":"https:\/\/gltestm.webology.pl\/pl\/wp-json\/wp\/v2\/media?parent=11751"}],"wp:term":[{"taxonomy":"product_brand","embeddable":true,"href":"https:\/\/gltestm.webology.pl\/pl\/wp-json\/wp\/v2\/product_brand?post=11751"},{"taxonomy":"product_cat","embeddable":true,"href":"https:\/\/gltestm.webology.pl\/pl\/wp-json\/wp\/v2\/product_cat?post=11751"},{"taxonomy":"product_tag","embeddable":true,"href":"https:\/\/gltestm.webology.pl\/pl\/wp-json\/wp\/v2\/product_tag?post=11751"}],"curies":[{"name":"wp","href":"https:\/\/api.w.org\/{rel}","templated":true}]}}