{"id":11750,"date":"2026-03-18T22:03:20","date_gmt":"2026-03-18T21:03:20","guid":{"rendered":"https:\/\/gltestm.webology.pl\/produkt\/igly-lucznik-dp5-90-100-kolba-okragla\/"},"modified":"2026-03-22T22:11:08","modified_gmt":"2026-03-22T21:11:08","slug":"igly-lucznik-dp5-90-100-kolba-okragla","status":"publish","type":"product","link":"https:\/\/gltestm.webology.pl\/pl\/produkt\/igly-lucznik-dp5-90-100-kolba-okragla\/","title":{"rendered":"Ig\u0142y \u0141ucznik DP*5 (90, 100) &#8211; kolba okr\u0105g\u0142a"},"content":{"rendered":"<h2><strong>Zestaw igie\u0142 \u0141ucznik DP*5 (90, 100)<\/strong><\/h2>\n<p>Zestaw igie\u0142 DP*5 \u0141ucznik z<strong> okr\u0105g\u0142\u0105 kolb\u0105<\/strong> pasuje do owerlock\u00f3w FN 2-8 i FN 2-5. W zestawie znajduj\u0105 si\u0119 ig\u0142y:<\/p>\n<ul>\n<li>90\/14 &#8211; 3 sztuki<\/li>\n<li>100\/16 \u2013 2 sztuki<\/li>\n<\/ul>\n<h2><strong>ZAWSZE STOSUJ DWIE IDENTYCZNE IG\u0141Y SZYJ\u0104C NA OVERLOCKU.<\/strong><\/h2>\n<p>Przy doborze rozmiaru igie\u0142 zasada jest prosta &#8211; wybieramy zawsze rozmiar najmniejszy z mo\u017cliwych, \u017ceby nie dziurawi\u0107 niepotrzebnie szytego materia\u0142u. Musimy jednak pami\u0119ta\u0107, \u017ce to w\u0142a\u015bnie rozmiar ig\u0142y decyduje o wielko\u015bci oczka, a te musi by\u0107 na tyle du\u017ce, \u017ceby nitka mog\u0142a swobodnie si\u0119 porusza\u0107.<\/p>\n<h2><strong>PAMIETAJ!<\/strong><\/h2>\n<p>Na bie\u017c\u0105co nale\u017cy r\u00f3wnie\u017c kontrolowa\u0107 czubek ig\u0142y, gdy zauwa\u017cysz jakiekolwiek \u015blady zu\u017cycia, wymie\u0144 ig\u0142\u0119 na now\u0105. Stan ig\u0142y wp\u0142ywa na jako\u015b\u0107 \u015bciegu, uszkodzony czubek ig\u0142y mo\u017ce zniszczy\u0107 szyt\u0105 tkanin\u0119. Ig\u0142y powinny by\u0107 przechowywane w oryginalnych opakowaniach, zapobiegaj\u0105cych ich uszkodzeniu.<\/p>\n","protected":false},"excerpt":{"rendered":"<p>Zestaw igie\u0142 na kolbie okr\u0105g\u0142ej 90\/14 &#8211; 3 szt., 100\/16 2 szt. do owerlok\u00f3w FN 2-8 i FN 2-5<\/p>\n","protected":false},"featured_media":14335,"comment_status":"open","ping_status":"closed","template":"","meta":[],"product_brand":[],"product_cat":[518],"product_tag":[],"class_list":{"0":"post-11750","1":"product","2":"type-product","3":"status-publish","4":"has-post-thumbnail","6":"product_cat-igly-do-maszyn","8":"first","9":"instock","10":"taxable","11":"shipping-taxable","12":"purchasable","13":"product-type-simple"},"_links":{"self":[{"href":"https:\/\/gltestm.webology.pl\/pl\/wp-json\/wp\/v2\/product\/11750","targetHints":{"allow":["GET"]}}],"collection":[{"href":"https:\/\/gltestm.webology.pl\/pl\/wp-json\/wp\/v2\/product"}],"about":[{"href":"https:\/\/gltestm.webology.pl\/pl\/wp-json\/wp\/v2\/types\/product"}],"replies":[{"embeddable":true,"href":"https:\/\/gltestm.webology.pl\/pl\/wp-json\/wp\/v2\/comments?post=11750"}],"version-history":[{"count":0,"href":"https:\/\/gltestm.webology.pl\/pl\/wp-json\/wp\/v2\/product\/11750\/revisions"}],"wp:featuredmedia":[{"embeddable":true,"href":"https:\/\/gltestm.webology.pl\/pl\/wp-json\/wp\/v2\/media\/14335"}],"wp:attachment":[{"href":"https:\/\/gltestm.webology.pl\/pl\/wp-json\/wp\/v2\/media?parent=11750"}],"wp:term":[{"taxonomy":"product_brand","embeddable":true,"href":"https:\/\/gltestm.webology.pl\/pl\/wp-json\/wp\/v2\/product_brand?post=11750"},{"taxonomy":"product_cat","embeddable":true,"href":"https:\/\/gltestm.webology.pl\/pl\/wp-json\/wp\/v2\/product_cat?post=11750"},{"taxonomy":"product_tag","embeddable":true,"href":"https:\/\/gltestm.webology.pl\/pl\/wp-json\/wp\/v2\/product_tag?post=11750"}],"curies":[{"name":"wp","href":"https:\/\/api.w.org\/{rel}","templated":true}]}}