{"id":11749,"date":"2026-03-18T22:03:20","date_gmt":"2026-03-18T21:03:20","guid":{"rendered":"https:\/\/gltestm.webology.pl\/produkt\/olej-mineralny-30ml\/"},"modified":"2026-03-22T21:44:37","modified_gmt":"2026-03-22T20:44:37","slug":"olej-mineralny-30ml","status":"publish","type":"product","link":"https:\/\/gltestm.webology.pl\/pl\/produkt\/olej-mineralny-30ml\/","title":{"rendered":"Olej mineralny 30ml"},"content":{"rendered":"<p><span><span><span><strong><span><span>Jest to czysty olej mineralny, nadaje si\u0119 do oliwienia mechanizm\u00f3w maszyn szyj\u0105cych wszystkich typ\u00f3w. <\/span><\/span><\/strong><\/span><\/span><\/span><\/p>\n<p><span><span><span><strong><span><span>Stosowa\u0107 w temperaturze do 50\u00b0C.<br \/> Butelka ma rozmiar 50x100mm, ko\u0144c\u00f3wka 2-5x25mm. <\/span><\/span><\/strong><\/span><\/span><\/span><\/p>\n<p><span><span><span><strong><span><span>Przed u\u017cyciem nale\u017cy zrobi\u0107 dziur\u0119 w butelce, a nast\u0119pnie zamkn\u0105\u0107 j\u0105, aby zapobiec rozlaniu si\u0119 oleju. <\/span><\/span><\/strong><\/span><\/span><\/span><\/p>\n","protected":false},"excerpt":{"rendered":"<p>Jest to czysty olej mineralny, nadaje si\u0119 do oliwienia mechanizm\u00f3w maszyn szyj\u0105cych wszystkich typ\u00f3w. Stosowa\u0107 w temperaturze do 50\u00b0C.<\/p>\n","protected":false},"featured_media":14547,"comment_status":"open","ping_status":"closed","template":"","meta":[],"product_brand":[],"product_cat":[533],"product_tag":[],"class_list":{"0":"post-11749","1":"product","2":"type-product","3":"status-publish","4":"has-post-thumbnail","6":"product_cat-oleje-do-maszyn","8":"first","9":"instock","10":"taxable","11":"shipping-taxable","12":"purchasable","13":"product-type-simple"},"_links":{"self":[{"href":"https:\/\/gltestm.webology.pl\/pl\/wp-json\/wp\/v2\/product\/11749","targetHints":{"allow":["GET"]}}],"collection":[{"href":"https:\/\/gltestm.webology.pl\/pl\/wp-json\/wp\/v2\/product"}],"about":[{"href":"https:\/\/gltestm.webology.pl\/pl\/wp-json\/wp\/v2\/types\/product"}],"replies":[{"embeddable":true,"href":"https:\/\/gltestm.webology.pl\/pl\/wp-json\/wp\/v2\/comments?post=11749"}],"version-history":[{"count":0,"href":"https:\/\/gltestm.webology.pl\/pl\/wp-json\/wp\/v2\/product\/11749\/revisions"}],"wp:featuredmedia":[{"embeddable":true,"href":"https:\/\/gltestm.webology.pl\/pl\/wp-json\/wp\/v2\/media\/14547"}],"wp:attachment":[{"href":"https:\/\/gltestm.webology.pl\/pl\/wp-json\/wp\/v2\/media?parent=11749"}],"wp:term":[{"taxonomy":"product_brand","embeddable":true,"href":"https:\/\/gltestm.webology.pl\/pl\/wp-json\/wp\/v2\/product_brand?post=11749"},{"taxonomy":"product_cat","embeddable":true,"href":"https:\/\/gltestm.webology.pl\/pl\/wp-json\/wp\/v2\/product_cat?post=11749"},{"taxonomy":"product_tag","embeddable":true,"href":"https:\/\/gltestm.webology.pl\/pl\/wp-json\/wp\/v2\/product_tag?post=11749"}],"curies":[{"name":"wp","href":"https:\/\/api.w.org\/{rel}","templated":true}]}}