{"id":11746,"date":"2026-03-18T22:03:19","date_gmt":"2026-03-18T21:03:19","guid":{"rendered":"https:\/\/gltestm.webology.pl\/produkt\/zestaw-igiel-beissel-do-stretchu-130-705-h-s-mix\/"},"modified":"2026-03-22T22:08:05","modified_gmt":"2026-03-22T21:08:05","slug":"zestaw-igiel-beissel-do-stretchu-130-705-h-s-mix","status":"publish","type":"product","link":"https:\/\/gltestm.webology.pl\/pl\/produkt\/zestaw-igiel-beissel-do-stretchu-130-705-h-s-mix\/","title":{"rendered":"Zestaw igie\u0142 Beissel do stretchu 130-705 H-S MIX"},"content":{"rendered":"<p><strong>Ig\u0142y Beissel do stretchu 130-705 H-S MIX<\/strong><\/p>\n<p>Typ ig\u0142y &#8211; H-S \/SES\/- sprawia, \u017ce ig\u0142a bardzo dobrze daje sobie rad\u0119 z trudnymi do szycia dzianinami \/lycra i inne g\u0119ste, cienkie i mocno spr\u0119\u017cyste dzianiny\/, poprawiaj\u0105c jako\u015b\u0107 szwu, redukuj\u0105c przepuszczanie \u015bcieg\u00f3w oraz nie niszcz\u0105c delikatnych materia\u0142\u00f3w.<\/p>\n<p>Ig\u0142y przeznaczona dla os\u00f3b s\u0142abowidz\u0105cych posiadaj\u0105 specjalny rowek pozwalaj\u0105cy w \u0142atwy spos\u00f3b nawlec nitk\u0119 nawet gdy nie mo\u017cemy dostrzec uszka. Ig\u0142y te s\u0105 tak\u017ce wykorzystywane przez osoby szyj\u0105ce a posiadaj\u0105ce pewien poziom niepe\u0142nosprawno\u015bci, np chorob\u0119 Parkinsona.<\/p>\n<p><strong>Grubo\u015b\u0107 kolby kodowana kolorami.<\/strong><br \/><strong>Grubo\u015b\u0107 ig\u0142y 3&#215;75, 2&#215;90.<\/strong><br \/><strong>Opakowanie 5 sztuk.<\/strong><br \/><strong>P\u00f3\u0142p\u0142askie.<\/strong><\/p>\n<p>Licencja BMN Beissel Maschinennadel Gmbh, Germany.<\/p>\n<p>Ig\u0142a Beissel:<br \/>wykonana jest zgodnie ze standardem DIN<br \/>wykonana jest zgodnie ze standardem SATRA,UK<br \/>poddana kontroli jako\u015bci obejmuj\u0105cej 155 punkt\u00f3w weryfikacji<\/p>\n<p>Ig\u0142y do maszyn Beissel s\u0105 wykorzystywane w kilkudziesi\u0119ciu krajach na \u015bwiecie, na wszystkich kontynentach Fabryka Altek Beissel jest jedn\u0105 z ostatnich na \u015bwiecie, gdzie w\u0142a\u015bciciel jest obecny w hali produkcyjnej ka\u017cdego dnia.<\/p>\n","protected":false},"excerpt":{"rendered":"<p>Ig\u0142a p\u00f3\u0142p\u0142aska BEISSEL do stretchu MIX 130-705 H-S.<\/p>\n","protected":false},"featured_media":13247,"comment_status":"open","ping_status":"closed","template":"","meta":[],"product_brand":[],"product_cat":[518],"product_tag":[],"class_list":{"0":"post-11746","1":"product","2":"type-product","3":"status-publish","4":"has-post-thumbnail","6":"product_cat-igly-do-maszyn","8":"first","9":"instock","10":"taxable","11":"shipping-taxable","12":"purchasable","13":"product-type-simple"},"_links":{"self":[{"href":"https:\/\/gltestm.webology.pl\/pl\/wp-json\/wp\/v2\/product\/11746","targetHints":{"allow":["GET"]}}],"collection":[{"href":"https:\/\/gltestm.webology.pl\/pl\/wp-json\/wp\/v2\/product"}],"about":[{"href":"https:\/\/gltestm.webology.pl\/pl\/wp-json\/wp\/v2\/types\/product"}],"replies":[{"embeddable":true,"href":"https:\/\/gltestm.webology.pl\/pl\/wp-json\/wp\/v2\/comments?post=11746"}],"version-history":[{"count":0,"href":"https:\/\/gltestm.webology.pl\/pl\/wp-json\/wp\/v2\/product\/11746\/revisions"}],"wp:featuredmedia":[{"embeddable":true,"href":"https:\/\/gltestm.webology.pl\/pl\/wp-json\/wp\/v2\/media\/13247"}],"wp:attachment":[{"href":"https:\/\/gltestm.webology.pl\/pl\/wp-json\/wp\/v2\/media?parent=11746"}],"wp:term":[{"taxonomy":"product_brand","embeddable":true,"href":"https:\/\/gltestm.webology.pl\/pl\/wp-json\/wp\/v2\/product_brand?post=11746"},{"taxonomy":"product_cat","embeddable":true,"href":"https:\/\/gltestm.webology.pl\/pl\/wp-json\/wp\/v2\/product_cat?post=11746"},{"taxonomy":"product_tag","embeddable":true,"href":"https:\/\/gltestm.webology.pl\/pl\/wp-json\/wp\/v2\/product_tag?post=11746"}],"curies":[{"name":"wp","href":"https:\/\/api.w.org\/{rel}","templated":true}]}}