{"id":11745,"date":"2026-03-18T22:03:19","date_gmt":"2026-03-18T21:03:19","guid":{"rendered":"https:\/\/gltestm.webology.pl\/produkt\/zestaw-igiel-beissel-do-skory-130-705-h-ll\/"},"modified":"2026-03-22T22:08:04","modified_gmt":"2026-03-22T21:08:04","slug":"zestaw-igiel-beissel-do-skory-130-705-h-ll","status":"publish","type":"product","link":"https:\/\/gltestm.webology.pl\/pl\/produkt\/zestaw-igiel-beissel-do-skory-130-705-h-ll\/","title":{"rendered":"Zestaw igie\u0142 Beissel do sk\u00f3ry 130-705 H-LL"},"content":{"rendered":"<p><strong>Ig\u0142y Beissel do sk\u00f3ry 130-705 H-LL<\/strong><\/p>\n<p>Zestaw igie\u0142 BEISSEL do szycia sk\u00f3ry i materia\u0142\u00f3w sk\u00f3ropodobnych.<\/p>\n<p>Ig\u0142a z ostrym, tr\u00f3jk\u0105tnym zako\u0144czeniem \u0142atwo przecina sk\u00f3r\u0119 umo\u017cliwiaj\u0105c \u0142agodne przej\u015bcie nici przez otw\u00f3r i prawid\u0142owe wi\u0105zanie szwu. Zako\u0144czenie to jest obr\u00f3cone pod niewielkim k\u0105tem, dzi\u0119ki czemu ka\u017cdy pojedynczy \u015bcieg w trakcie st\u0119bnowania uk\u0142ada si\u0119 pod niewielkim skosem, daj\u0105c dekoracyjny efekt.<\/p>\n<p><strong>Grubo\u015b\u0107 kolby kodowana kolorami<\/strong><br \/><strong>Grubo\u015b\u0107 ig\u0142y 2&#215;90, 2&#215;100, 1&#215;110. <\/strong><br \/><strong>Opakowanie 5 sztuk.<\/strong><br \/><strong>P\u00f3\u0142p\u0142aska.<\/strong><\/p>\n<p>Licencja BMN Beissel Maschinennadel Gmbh, Germany.<\/p>\n<p>Ig\u0142a Beissel:<br \/>wykonana jest zgodnie ze standardem DIN<br \/>wykonana jest zgodnie ze standardem SATRA,UK<br \/>poddana kontroli jako\u015bci obejmuj\u0105cej 155 punkt\u00f3w weryfikacji<\/p>\n<p>Ig\u0142y do maszyn Beissel s\u0105 wykorzystywane w kilkudziesi\u0119ciu krajach na \u015bwiecie, na wszystkich kontynentach Fabryka Altek Beissel jest jedn\u0105 z ostatnich na \u015bwiecie, gdzie w\u0142a\u015bciciel jest obecny w hali produkcyjnej ka\u017cdego dnia.<\/p>\n","protected":false},"excerpt":{"rendered":"<p>Ig\u0142a p\u00f3\u0142p\u0142aska BEISSEL do sk\u00f3ry 130-705 H-LL.<\/p>\n","protected":false},"featured_media":15776,"comment_status":"open","ping_status":"closed","template":"","meta":[],"product_brand":[],"product_cat":[518],"product_tag":[],"class_list":{"0":"post-11745","1":"product","2":"type-product","3":"status-publish","4":"has-post-thumbnail","6":"product_cat-igly-do-maszyn","8":"first","9":"instock","10":"taxable","11":"shipping-taxable","12":"purchasable","13":"product-type-simple"},"_links":{"self":[{"href":"https:\/\/gltestm.webology.pl\/pl\/wp-json\/wp\/v2\/product\/11745","targetHints":{"allow":["GET"]}}],"collection":[{"href":"https:\/\/gltestm.webology.pl\/pl\/wp-json\/wp\/v2\/product"}],"about":[{"href":"https:\/\/gltestm.webology.pl\/pl\/wp-json\/wp\/v2\/types\/product"}],"replies":[{"embeddable":true,"href":"https:\/\/gltestm.webology.pl\/pl\/wp-json\/wp\/v2\/comments?post=11745"}],"version-history":[{"count":0,"href":"https:\/\/gltestm.webology.pl\/pl\/wp-json\/wp\/v2\/product\/11745\/revisions"}],"wp:featuredmedia":[{"embeddable":true,"href":"https:\/\/gltestm.webology.pl\/pl\/wp-json\/wp\/v2\/media\/15776"}],"wp:attachment":[{"href":"https:\/\/gltestm.webology.pl\/pl\/wp-json\/wp\/v2\/media?parent=11745"}],"wp:term":[{"taxonomy":"product_brand","embeddable":true,"href":"https:\/\/gltestm.webology.pl\/pl\/wp-json\/wp\/v2\/product_brand?post=11745"},{"taxonomy":"product_cat","embeddable":true,"href":"https:\/\/gltestm.webology.pl\/pl\/wp-json\/wp\/v2\/product_cat?post=11745"},{"taxonomy":"product_tag","embeddable":true,"href":"https:\/\/gltestm.webology.pl\/pl\/wp-json\/wp\/v2\/product_tag?post=11745"}],"curies":[{"name":"wp","href":"https:\/\/api.w.org\/{rel}","templated":true}]}}