{"id":11742,"date":"2026-03-18T22:03:18","date_gmt":"2026-03-18T21:03:18","guid":{"rendered":"https:\/\/gltestm.webology.pl\/produkt\/zestaw-igiel-beissel-do-jeansu-i-folii-130-705-hj\/"},"modified":"2026-03-22T21:44:19","modified_gmt":"2026-03-22T20:44:19","slug":"zestaw-igiel-beissel-do-jeansu-i-folii-130-705-hj","status":"publish","type":"product","link":"https:\/\/gltestm.webology.pl\/pl\/produkt\/zestaw-igiel-beissel-do-jeansu-i-folii-130-705-hj\/","title":{"rendered":"Zestaw igie\u0142 Beissel do jeansu i folii 130-705 HJ"},"content":{"rendered":"<p><strong>Ig\u0142y Beissel do jeansu i folii 130-705 H<\/strong>J<\/p>\n<p>Ostre, mocne ig\u0142y z do\u015b\u0107 du\u017cym oczkiem nie tylko \u0142atwiej wbijaj\u0105 si\u0119 w materia\u0142, ale i lepiej przeprowadzaj\u0105 przez niego nici, zw\u0142aszcza dekoracyjne nici do jeansu, umo\u017cliwiaj\u0105c prawid\u0142owe wi\u0105zanie szw\u00f3w.<\/p>\n<p><strong>Grubo\u015b\u0107 kolby kodowana kolorami.<\/strong><br \/><strong>Grubo\u015b\u0107 ig\u0142y 2&#215;90, 2&#215;100, 1&#215;110. <\/strong><br \/><strong>Opakowanie 5 sztuk.<\/strong><br \/><strong>P\u00f3\u0142p\u0142aska.<\/strong><\/p>\n<p>Licencja BMN Beissel Maschinennadel Gmbh, Germany.<\/p>\n<p>Ig\u0142a Beissel:<\/p>\n<p>wykonana jest zgodnie ze standardem DIN<br \/>wykonana jest zgodnie ze standardem SATRA,UK<br \/>poddana kontroli jako\u015bci obejmuj\u0105cej 155 punkt\u00f3w weryfikacji<\/p>\n<p>Ig\u0142y do maszyn Beissel s\u0105 wykorzystywane w kilkudziesi\u0119ciu krajach na \u015bwiecie, na wszystkich kontynentach Fabryka Altek Beissel jest jedn\u0105 z ostatnich na \u015bwiecie, gdzie w\u0142a\u015bciciel jest obecny w hali produkcyjnej ka\u017cdego dnia.<\/p>\n","protected":false},"excerpt":{"rendered":"<p>Ig\u0142a p\u00f3\u0142p\u0142aska BEISSEL do takich tkanin jak jeans, skaj, folia, cerata 130-705 HJ.<\/p>\n","protected":false},"featured_media":13280,"comment_status":"open","ping_status":"closed","template":"","meta":[],"product_brand":[],"product_cat":[518],"product_tag":[],"class_list":{"0":"post-11742","1":"product","2":"type-product","3":"status-publish","4":"has-post-thumbnail","6":"product_cat-igly-do-maszyn","8":"first","9":"instock","10":"taxable","11":"shipping-taxable","12":"purchasable","13":"product-type-simple"},"_links":{"self":[{"href":"https:\/\/gltestm.webology.pl\/pl\/wp-json\/wp\/v2\/product\/11742","targetHints":{"allow":["GET"]}}],"collection":[{"href":"https:\/\/gltestm.webology.pl\/pl\/wp-json\/wp\/v2\/product"}],"about":[{"href":"https:\/\/gltestm.webology.pl\/pl\/wp-json\/wp\/v2\/types\/product"}],"replies":[{"embeddable":true,"href":"https:\/\/gltestm.webology.pl\/pl\/wp-json\/wp\/v2\/comments?post=11742"}],"version-history":[{"count":0,"href":"https:\/\/gltestm.webology.pl\/pl\/wp-json\/wp\/v2\/product\/11742\/revisions"}],"wp:featuredmedia":[{"embeddable":true,"href":"https:\/\/gltestm.webology.pl\/pl\/wp-json\/wp\/v2\/media\/13280"}],"wp:attachment":[{"href":"https:\/\/gltestm.webology.pl\/pl\/wp-json\/wp\/v2\/media?parent=11742"}],"wp:term":[{"taxonomy":"product_brand","embeddable":true,"href":"https:\/\/gltestm.webology.pl\/pl\/wp-json\/wp\/v2\/product_brand?post=11742"},{"taxonomy":"product_cat","embeddable":true,"href":"https:\/\/gltestm.webology.pl\/pl\/wp-json\/wp\/v2\/product_cat?post=11742"},{"taxonomy":"product_tag","embeddable":true,"href":"https:\/\/gltestm.webology.pl\/pl\/wp-json\/wp\/v2\/product_tag?post=11742"}],"curies":[{"name":"wp","href":"https:\/\/api.w.org\/{rel}","templated":true}]}}