{"id":11740,"date":"2026-03-18T22:03:17","date_gmt":"2026-03-18T21:03:17","guid":{"rendered":"https:\/\/gltestm.webology.pl\/produkt\/zestaw-igiel-beissel-do-dzianin-i-jersey-mix-130-705-h-suk\/"},"modified":"2026-03-22T22:08:03","modified_gmt":"2026-03-22T21:08:03","slug":"zestaw-igiel-beissel-do-dzianin-i-jersey-mix-130-705-h-suk","status":"publish","type":"product","link":"https:\/\/gltestm.webology.pl\/pl\/produkt\/zestaw-igiel-beissel-do-dzianin-i-jersey-mix-130-705-h-suk\/","title":{"rendered":"Zestaw igie\u0142 Beissel do dzianin i jersey MIX 130-705 H-SUK"},"content":{"rendered":"<p><strong>Ig\u0142a Beissel do dzianin i jersey MIX 130-705 H-SUK<\/strong><\/p>\n<p>Typ ig\u0142y &#8211; H-SUK &#8211; sprawia, \u017ce zaokr\u0105glony czubek ig\u0142y nie przerywa w\u0142\u00f3kien dzianiny, a wyprofilowanie samej ig\u0142y poprawiaja jako\u015b\u0107 szwu, redukuj\u0105c przepuszczanie \u015bcieg\u00f3w.<\/p>\n<p>Je\u015bli mimo stosowania igie\u0142 &#8222;z kulk\u0105&#8221; \/H-SUK\/ wci\u0105\u017c masz problemy z szyciem trudnych dzianin &#8211; zmie\u0144 ig\u0142\u0119 na H-S \/typu stretch\/, jeszcze lepiej przystosowan\u0105 do pracy z dzianinami.<\/p>\n<p><strong>Grubo\u015b\u0107 kolby kodowana kolorami.<\/strong><br \/><strong>Grubo\u015b\u0107 ig\u0142y 1&#215;70, 2&#215;80, 1&#215;90, 1&#215;100.<\/strong><br \/><strong>Opakowanie 5 sztuk.<\/strong><br \/><strong>P\u00f3\u0142p\u0142aska.<\/strong><\/p>\n<p>Licencja BMN Beissel Maschinennadel Gmbh, Germany.<\/p>\n<p>Ig\u0142a Beissel:<br \/>wykonana jest zgodnie ze standardem DIN<br \/>wykonana jest zgodnie ze standardem SATRA,UK<br \/>poddana kontroli jako\u015bci obejmuj\u0105cej 155 punkt\u00f3w weryfikacji<\/p>\n<p>Ig\u0142y do maszyn Beissel s\u0105 wykorzystywane w kilkudziesi\u0119ciu krajach na \u015bwiecie, na wszystkich kontynentach Fabryka Altek Beissel jest jedn\u0105 z ostatnich na \u015bwiecie, gdzie w\u0142a\u015bciciel jest obecny w hali produkcyjnej ka\u017cdego dnia.<\/p>\n","protected":false},"excerpt":{"rendered":"<p>Ig\u0142y p\u00f3\u0142p\u0142askie BEISSEL do dzianin i jersey MIX 130-705 H-SUK.<\/p>\n","protected":false},"featured_media":15659,"comment_status":"open","ping_status":"closed","template":"","meta":[],"product_brand":[],"product_cat":[518],"product_tag":[],"class_list":{"0":"post-11740","1":"product","2":"type-product","3":"status-publish","4":"has-post-thumbnail","6":"product_cat-igly-do-maszyn","8":"first","9":"instock","10":"taxable","11":"shipping-taxable","12":"purchasable","13":"product-type-simple"},"_links":{"self":[{"href":"https:\/\/gltestm.webology.pl\/pl\/wp-json\/wp\/v2\/product\/11740","targetHints":{"allow":["GET"]}}],"collection":[{"href":"https:\/\/gltestm.webology.pl\/pl\/wp-json\/wp\/v2\/product"}],"about":[{"href":"https:\/\/gltestm.webology.pl\/pl\/wp-json\/wp\/v2\/types\/product"}],"replies":[{"embeddable":true,"href":"https:\/\/gltestm.webology.pl\/pl\/wp-json\/wp\/v2\/comments?post=11740"}],"version-history":[{"count":0,"href":"https:\/\/gltestm.webology.pl\/pl\/wp-json\/wp\/v2\/product\/11740\/revisions"}],"wp:featuredmedia":[{"embeddable":true,"href":"https:\/\/gltestm.webology.pl\/pl\/wp-json\/wp\/v2\/media\/15659"}],"wp:attachment":[{"href":"https:\/\/gltestm.webology.pl\/pl\/wp-json\/wp\/v2\/media?parent=11740"}],"wp:term":[{"taxonomy":"product_brand","embeddable":true,"href":"https:\/\/gltestm.webology.pl\/pl\/wp-json\/wp\/v2\/product_brand?post=11740"},{"taxonomy":"product_cat","embeddable":true,"href":"https:\/\/gltestm.webology.pl\/pl\/wp-json\/wp\/v2\/product_cat?post=11740"},{"taxonomy":"product_tag","embeddable":true,"href":"https:\/\/gltestm.webology.pl\/pl\/wp-json\/wp\/v2\/product_tag?post=11740"}],"curies":[{"name":"wp","href":"https:\/\/api.w.org\/{rel}","templated":true}]}}