{"id":11739,"date":"2026-03-18T22:03:17","date_gmt":"2026-03-18T21:03:17","guid":{"rendered":"https:\/\/gltestm.webology.pl\/produkt\/zestaw-igiel-beissel-705-hdk-rozmiar-80-dla-slabowidzacych\/"},"modified":"2026-03-22T21:44:13","modified_gmt":"2026-03-22T20:44:13","slug":"zestaw-igiel-beissel-705-hdk-rozmiar-80-dla-slabowidzacych","status":"publish","type":"product","link":"https:\/\/gltestm.webology.pl\/pl\/produkt\/zestaw-igiel-beissel-705-hdk-rozmiar-80-dla-slabowidzacych\/","title":{"rendered":"Zestaw igie\u0142 Beissel 705 HDK rozmiar 80 dla s\u0142abowidz\u0105cych"},"content":{"rendered":"<p><strong>Ig\u0142y Beissel 705 HDK rozmiar 80 dla s\u0142abowidz\u0105cych<\/strong><\/p>\n<p>Ig\u0142a przeznaczona dla os\u00f3b s\u0142abowidz\u0105cych posiada specjalny rowek pozwalaj\u0105cy w \u0142atwy spos\u00f3b nawlec nitk\u0119 nawet gdy nie mo\u017cemy dostrzec uszka. Ig\u0142y te s\u0105 tak\u017ce wykorzystywane przez osoby szyj\u0105ce a posiadaj\u0105ce pewien poziom niepe\u0142nosprawno\u015bci, np chorob\u0119 Parkinsona.<\/p>\n<p><strong>Grubo\u015b\u0107 kolby kodowana kolorami.<\/strong><br \/><strong>Grubo\u015b\u0107 ig\u0142y 80. <\/strong><br \/><strong>Opakowanie 5 sztuk.<\/strong><br \/><strong>P\u00f3\u0142p\u0142aska.<\/strong><\/p>\n<p>Licencja BMN Beissel Maschinennadel Gmbh, Germany.<\/p>\n<p>Ig\u0142a Beissel:<br \/>wykonana jest zgodnie ze standardem DIN<br \/>wykonana jest zgodnie ze standardem SATRA,UK<\/p>\n<p>poddana kontroli jako\u015bci obejmuj\u0105cej 155 punkt\u00f3w weryfikacji<br \/>Ig\u0142y do maszyn Beissel s\u0105 wykorzystywane w kilkudziesi\u0119ciu krajach na \u015bwiecie, na wszystkich<\/p>\n","protected":false},"excerpt":{"rendered":"<p>Ig\u0142a p\u00f3\u0142p\u0142aska BEISSEL uniwersalna dla os\u00f3b s\u0142abowidz\u0105cych 705 HDK, do wszystkich rodzaj\u00f3w tkanin.<\/p>\n","protected":false},"featured_media":14821,"comment_status":"open","ping_status":"closed","template":"","meta":[],"product_brand":[],"product_cat":[518],"product_tag":[],"class_list":{"0":"post-11739","1":"product","2":"type-product","3":"status-publish","4":"has-post-thumbnail","6":"product_cat-igly-do-maszyn","8":"first","9":"instock","10":"taxable","11":"shipping-taxable","12":"purchasable","13":"product-type-simple"},"_links":{"self":[{"href":"https:\/\/gltestm.webology.pl\/pl\/wp-json\/wp\/v2\/product\/11739","targetHints":{"allow":["GET"]}}],"collection":[{"href":"https:\/\/gltestm.webology.pl\/pl\/wp-json\/wp\/v2\/product"}],"about":[{"href":"https:\/\/gltestm.webology.pl\/pl\/wp-json\/wp\/v2\/types\/product"}],"replies":[{"embeddable":true,"href":"https:\/\/gltestm.webology.pl\/pl\/wp-json\/wp\/v2\/comments?post=11739"}],"version-history":[{"count":0,"href":"https:\/\/gltestm.webology.pl\/pl\/wp-json\/wp\/v2\/product\/11739\/revisions"}],"wp:featuredmedia":[{"embeddable":true,"href":"https:\/\/gltestm.webology.pl\/pl\/wp-json\/wp\/v2\/media\/14821"}],"wp:attachment":[{"href":"https:\/\/gltestm.webology.pl\/pl\/wp-json\/wp\/v2\/media?parent=11739"}],"wp:term":[{"taxonomy":"product_brand","embeddable":true,"href":"https:\/\/gltestm.webology.pl\/pl\/wp-json\/wp\/v2\/product_brand?post=11739"},{"taxonomy":"product_cat","embeddable":true,"href":"https:\/\/gltestm.webology.pl\/pl\/wp-json\/wp\/v2\/product_cat?post=11739"},{"taxonomy":"product_tag","embeddable":true,"href":"https:\/\/gltestm.webology.pl\/pl\/wp-json\/wp\/v2\/product_tag?post=11739"}],"curies":[{"name":"wp","href":"https:\/\/api.w.org\/{rel}","templated":true}]}}