{"id":11738,"date":"2026-03-18T22:03:16","date_gmt":"2026-03-18T21:03:16","guid":{"rendered":"https:\/\/gltestm.webology.pl\/produkt\/pudelko-z-kolorowymi-szpulkami-do-maszyn-do-szycia\/"},"modified":"2026-03-18T22:27:15","modified_gmt":"2026-03-18T21:27:15","slug":"pudelko-z-kolorowymi-szpulkami-do-maszyn-do-szycia","status":"publish","type":"product","link":"https:\/\/gltestm.webology.pl\/pl\/produkt\/pudelko-z-kolorowymi-szpulkami-do-maszyn-do-szycia\/","title":{"rendered":"Pude\u0142ko z kolorowymi szpulkami do maszyn do szycia"},"content":{"rendered":"<p>Pude\u0142ko z kolorowymi szpulkami do maszyn do szycia to <strong>praktyczny zestaw<\/strong>, kt\u00f3ry u\u0142atwi wykonywanie wszelkiego rodzaju prac krawieckich. W sk\u0142ad zestawu wchodzi<strong> 25 szpulek<\/strong> wykonanych z wysokiej jako\u015bci, <strong>trwa\u0142ego materia\u0142u<\/strong>, kt\u00f3ry gwarantuje ich <strong>d\u0142ugotrwa\u0142e<\/strong> u\u017cytkowanie. Szpulki pasuj\u0105 do wszystkich modeli maszyn \u0141ucznik z <strong>aktualnej oferty sprzeda\u017cowej naszego sklepu<\/strong>.<\/p>\n<h2>Wymiary szpulek<\/h2>\n<ul>\n<li>\u015brednica 2 cm<\/li>\n<li>wysoko\u015b\u0107 1 cm<\/li>\n<li>\u015brednica wewn\u0119trzna 6 mm<\/li>\n<\/ul>\n<h2>Zawsze pod r\u0119k\u0105. Zawsze na miejscu. <\/h2>\n<p>Kolorowe szpulki s\u0105 \u0142atwe do <strong>rozpoznania<\/strong> i pozwol\u0105 na szybkie wybieranie odpowiedniego koloru nici do konkretnego projektu. <strong>Pude\u0142ko<\/strong>, w kt\u00f3rym s\u0105 przechowywane, zapewnia <strong>porz\u0105dek<\/strong> i \u0142atwo\u015b\u0107 w organizowaniu szpulek. Zestaw jest idealny dla <strong>pocz\u0105tkuj\u0105cych<\/strong> i <strong>do\u015bwiadczonych<\/strong> krawc\u00f3w, kt\u00f3rzy chc\u0105 mie\u0107 wyb\u00f3r kolor\u00f3w nici do szycia na swojej maszynie do szycia. Mo\u017ce by\u0107 r\u00f3wnie\u017c \u015bwietnym <strong>prezentem<\/strong> dla mi\u0142o\u015bnik\u00f3w szycia lub os\u00f3b, kt\u00f3re chc\u0105 rozpocz\u0105\u0107 przygod\u0119 z t\u0105 dziedzin\u0105.<\/p>\n<h2>Dobry pomys\u0142 na praktyczny prezent<\/h2>\n<p>Pude\u0142ko z kolorowymi szpulkami do maszyn do szycia to nie tylko praktyczny, ale tak\u017ce estetyczny produkt. Wyb\u00f3r kolor\u00f3w i ich umieszczenie w porz\u0105dku sprawiaj\u0105, \u017ce zestaw prezentuje si\u0119 bardzo atrakcyjnie i mo\u017ce by\u0107 ozdob\u0105 ka\u017cdej pracowni krawieckiej.<\/p>\n","protected":false},"excerpt":{"rendered":"<p>Pude\u0142ko mie\u015bci w sobie 25 r\u00f3\u017cnokolorowych szpulek<\/p>\n","protected":false},"featured_media":13872,"comment_status":"open","ping_status":"closed","template":"","meta":[],"product_brand":[],"product_cat":[523],"product_tag":[],"class_list":{"0":"post-11738","1":"product","2":"type-product","3":"status-publish","4":"has-post-thumbnail","6":"product_cat-szpulki-na-nici","8":"first","9":"instock","10":"taxable","11":"shipping-taxable","12":"purchasable","13":"product-type-simple"},"_links":{"self":[{"href":"https:\/\/gltestm.webology.pl\/pl\/wp-json\/wp\/v2\/product\/11738","targetHints":{"allow":["GET"]}}],"collection":[{"href":"https:\/\/gltestm.webology.pl\/pl\/wp-json\/wp\/v2\/product"}],"about":[{"href":"https:\/\/gltestm.webology.pl\/pl\/wp-json\/wp\/v2\/types\/product"}],"replies":[{"embeddable":true,"href":"https:\/\/gltestm.webology.pl\/pl\/wp-json\/wp\/v2\/comments?post=11738"}],"version-history":[{"count":0,"href":"https:\/\/gltestm.webology.pl\/pl\/wp-json\/wp\/v2\/product\/11738\/revisions"}],"wp:featuredmedia":[{"embeddable":true,"href":"https:\/\/gltestm.webology.pl\/pl\/wp-json\/wp\/v2\/media\/13872"}],"wp:attachment":[{"href":"https:\/\/gltestm.webology.pl\/pl\/wp-json\/wp\/v2\/media?parent=11738"}],"wp:term":[{"taxonomy":"product_brand","embeddable":true,"href":"https:\/\/gltestm.webology.pl\/pl\/wp-json\/wp\/v2\/product_brand?post=11738"},{"taxonomy":"product_cat","embeddable":true,"href":"https:\/\/gltestm.webology.pl\/pl\/wp-json\/wp\/v2\/product_cat?post=11738"},{"taxonomy":"product_tag","embeddable":true,"href":"https:\/\/gltestm.webology.pl\/pl\/wp-json\/wp\/v2\/product_tag?post=11738"}],"curies":[{"name":"wp","href":"https:\/\/api.w.org\/{rel}","templated":true}]}}