{"id":11735,"date":"2026-03-18T22:03:16","date_gmt":"2026-03-18T21:03:16","guid":{"rendered":"https:\/\/gltestm.webology.pl\/produkt\/metalowa-szpulka-do-maszyny-do-szycia-zestaw-25-szt-w-pudelku\/"},"modified":"2026-03-22T22:11:08","modified_gmt":"2026-03-22T21:11:08","slug":"metalowa-szpulka-do-maszyny-do-szycia-zestaw-25-szt-w-pudelku","status":"publish","type":"product","link":"https:\/\/gltestm.webology.pl\/pl\/produkt\/metalowa-szpulka-do-maszyny-do-szycia-zestaw-25-szt-w-pudelku\/","title":{"rendered":"Metalowa szpulka do maszyny do szycia (zestaw 25 szt. w pude\u0142ku)"},"content":{"rendered":"<h2>Zestaw 25 szt. metalowych szpulek do maszyn do szycia w pude\u0142ku<\/h2>\n<p>W sk\u0142ad tego kompletu wchodzi <strong>25 szpulek<\/strong> do maszyn. Ich \u015brednica to 2 cm, wysoko\u015b\u0107 1 cm za\u015b \u015brednica wewn\u0119trzna &#8211; 6 mm.<\/p>\n<p>Szpulka metalowa do maszyn do szycia \u0141ucznik o <strong>p\u0142askim<\/strong> <strong>przekroju<\/strong>. Szpulki wykonane z metalu s\u0105 na og\u00f3\u0142 <strong>trwalsze<\/strong> ni\u017c szpulki plastikowe. Warto posiada\u0107 ich <strong>wi\u0119cej<\/strong> i nawin\u0105\u0107 na nie posiadane kolory nici!<\/p>\n<h2>Wymiary szpulki<\/h2>\n<ul>\n<li>\u015brednica:2 cm<\/li>\n<li>wysoko\u015b\u0107 1 cm<\/li>\n<li>\u015brednica wewn\u0119trzna 6 mm<\/li>\n<\/ul>\n<h2>Szpulka pasuje do maszyny<\/h2>\n<p>\u0141ucznik Alicja 420, \u0141ucznik Amelia II, \u0141ucznik Anna 510, \u0141ucznik Balladyna II 2020, \u0141ucznik Carmen, \u0141ucznik Diana 417, \u0141ucznik Dorota, \u0141ucznik Ewa II 2014, \u0141ucznik Everyday, \u0141ucznik Gabriela 875,  \u0141ucznik Helena 2060, \u0141ucznik Izabella 888, \u0141ucznik Jagoda 787, \u0141ucznik Julia 2009, \u0141ucznik Julita 777, \u0141ucznik Justyna 2010, \u0141ucznik Karina 910, \u0141ucznik Karolina 2040, \u0141ucznik Katarzyna 444, \u0141ucznik Kinga 2011, \u0141ucznik Kornelia II 2004, \u0141ucznik Laura 555, \u0141ucznik Lena, \u0141ucznik Lidia 2016, \u0141ucznik Magdalena 2050, \u0141ucznik Maja 827, \u0141ucznik Malwina 2070, \u0141ucznik Maria 418, \u0141ucznik Marilyn 2018, \u0141ucznik Marta 712, \u0141ucznik Martyna 2080, \u0141ucznik Milena 419, \u0141ucznik Mini, \u0141ucznik Natalia 2007, \u0141ucznik Ola 803, \u0141ucznik Olga 418, \u0141ucznik Otylia 2006, \u0141ucznik Patrycja 2090, \u0141ucznik Paulina 511, \u0141ucznik Paulina 512, \u0141ucznik Polonia 2018, \u0141ucznik Telimena II 2030, \u0141ucznik Teresa, \u0141ucznik Weronika 2008, \u0141ucznik Zofia I 2015, \u0141ucznik Zofia II 2015.<\/p>\n<h2><span>Szpulka ta <strong>nie pasuje<\/strong><\/span><\/h2>\n<p><span>Do dawniej produkowanych maszyn do szycia marki \u0141ucznik, poniewa\u017c nie posiada g\u0142\u0119bokiego wyci\u0119cia oraz jest szpulk\u0105 p\u0142ask\u0105. Przyk\u0142ady modeli, do kt\u00f3rych szpulka NIE pasuje: 466, 451, 834, 884.<\/span><\/p>\n","protected":false},"excerpt":{"rendered":"<p>Komplet 25 metalowych szpulek do maszyn do szycia w wygodnym pude\u0142ku. Przeznaczone do u\u017cycia tak w maszynach do szycia \u0141ucznik, jak i wielu innych producent\u00f3w.<\/p>\n","protected":false},"featured_media":15706,"comment_status":"open","ping_status":"closed","template":"","meta":[],"product_brand":[],"product_cat":[523],"product_tag":[],"class_list":{"0":"post-11735","1":"product","2":"type-product","3":"status-publish","4":"has-post-thumbnail","6":"product_cat-szpulki-na-nici","8":"first","9":"instock","10":"taxable","11":"shipping-taxable","12":"purchasable","13":"product-type-simple"},"_links":{"self":[{"href":"https:\/\/gltestm.webology.pl\/pl\/wp-json\/wp\/v2\/product\/11735","targetHints":{"allow":["GET"]}}],"collection":[{"href":"https:\/\/gltestm.webology.pl\/pl\/wp-json\/wp\/v2\/product"}],"about":[{"href":"https:\/\/gltestm.webology.pl\/pl\/wp-json\/wp\/v2\/types\/product"}],"replies":[{"embeddable":true,"href":"https:\/\/gltestm.webology.pl\/pl\/wp-json\/wp\/v2\/comments?post=11735"}],"version-history":[{"count":0,"href":"https:\/\/gltestm.webology.pl\/pl\/wp-json\/wp\/v2\/product\/11735\/revisions"}],"wp:featuredmedia":[{"embeddable":true,"href":"https:\/\/gltestm.webology.pl\/pl\/wp-json\/wp\/v2\/media\/15706"}],"wp:attachment":[{"href":"https:\/\/gltestm.webology.pl\/pl\/wp-json\/wp\/v2\/media?parent=11735"}],"wp:term":[{"taxonomy":"product_brand","embeddable":true,"href":"https:\/\/gltestm.webology.pl\/pl\/wp-json\/wp\/v2\/product_brand?post=11735"},{"taxonomy":"product_cat","embeddable":true,"href":"https:\/\/gltestm.webology.pl\/pl\/wp-json\/wp\/v2\/product_cat?post=11735"},{"taxonomy":"product_tag","embeddable":true,"href":"https:\/\/gltestm.webology.pl\/pl\/wp-json\/wp\/v2\/product_tag?post=11735"}],"curies":[{"name":"wp","href":"https:\/\/api.w.org\/{rel}","templated":true}]}}