{"id":11734,"date":"2026-03-18T22:03:15","date_gmt":"2026-03-18T21:03:15","guid":{"rendered":"https:\/\/gltestm.webology.pl\/produkt\/stopka-z-gornym-transportem-kroczaca\/"},"modified":"2026-03-22T22:07:58","modified_gmt":"2026-03-22T21:07:58","slug":"stopka-z-gornym-transportem-kroczaca","status":"publish","type":"product","link":"https:\/\/gltestm.webology.pl\/pl\/produkt\/stopka-z-gornym-transportem-kroczaca\/","title":{"rendered":"Stopka z g\u00f3rnym transportem &#8211; krocz\u0105ca"},"content":{"rendered":"<h2>Stopka krocz\u0105ca &#8211; stopka z g\u00f3rnym transportem<\/h2>\n<p>Specjalistyczna stopka do maszyn do szycia <strong>u\u0142atwiaj\u0105ca szycie trudnych materia\u0142\u00f3w.<\/strong> Stopka krocz\u0105ca utrzymuje zszywane warstwy materia\u0142u za spraw\u0105 g\u00f3rnych z\u0105bk\u00f3w, kt\u00f3re dodatkowo przytrzymuj\u0105 i przesuwaj\u0105 materia\u0142 od g\u00f3ry, r\u00f3wno z doln\u0105 warstw\u0105.<\/p>\n<p><strong>Zastosowanie:<\/strong><\/p>\n<p>Stopka z g\u00f3rnym transportem nadaje si\u0119 do wszelkiego rodzaju tkanin i dzianin u\u0142atwiaj\u0105c ich prowadzenie i zszywanie.<\/p>\n<p><strong>Instrukcja u\u017cycia:<\/strong><br \/>Z pomoc\u0105 tej stopki mo\u017cna szy\u0107 wszystkimi \u015bciegami, kt\u00f3re mo\u017cliwe s\u0105 wyszycia przy u\u017cyciu stopki uniwersalnej. Stopk\u0119 mocuje si\u0119 bezpo\u015brednio na trzpieniu maszyny po wcze\u015bniejszym zdemontowaniu uchwytu mocuj\u0105cego zatrzaskowo. D\u017awignia stopki musi znale\u017a\u0107 si\u0119 na \u015brubie mocuj\u0105cej ig\u0142\u0119. Zawsze wykonaj szycie pr\u00f3bne przed rozpocz\u0119ciem w\u0142a\u015bciwej pracy.<\/p>\n<p><strong>Stopka pasuje do:<\/strong><\/p>\n<p>Stopka pasuje do wszystkich maszyn \u0141ucznik z obecnej z oferty sprzeda\u017cowej <strong>\u0141ucznik <\/strong><strong>z niskim mocowaniem stopki<\/strong><\/p>\n<p><strong>&#8211; <\/strong>do maszyn do szycia z niskim mocowaniem stopki<\/p>\n<p>&#8211; maszyn do szycia<strong> \u0141ucznik<\/strong> starego typu (kl. 800 i inne).<\/p>\n<p>Nie pasuje do maszyn \u0141ucznik: Mini, Everyday, Lena.<\/p>\n<p>Do stopki do\u0142\u0105czona jest papierowa instrukcja obs\u0142ugi w j\u0119zyku angielskim. Aby pobra\u0107 instrukcj\u0119 w j\u0119zyku polskim, przejd\u017a do sekcji &#8222;Do pobrania&#8221; i kliknij link.<\/p>\n","protected":false},"excerpt":{"rendered":"<p>Stopka z g\u00f3rnym transportem (krocz\u0105ca) zapewnia r\u00f3wny transport dw\u00f3ch warstw materia\u0142u podczas zszywania.<\/p>\n","protected":false},"featured_media":13976,"comment_status":"open","ping_status":"closed","template":"","meta":[],"product_brand":[],"product_cat":[448],"product_tag":[],"class_list":{"0":"post-11734","1":"product","2":"type-product","3":"status-publish","4":"has-post-thumbnail","6":"product_cat-stopki-do-maszyn","8":"first","9":"instock","10":"taxable","11":"shipping-taxable","12":"purchasable","13":"product-type-simple"},"_links":{"self":[{"href":"https:\/\/gltestm.webology.pl\/pl\/wp-json\/wp\/v2\/product\/11734","targetHints":{"allow":["GET"]}}],"collection":[{"href":"https:\/\/gltestm.webology.pl\/pl\/wp-json\/wp\/v2\/product"}],"about":[{"href":"https:\/\/gltestm.webology.pl\/pl\/wp-json\/wp\/v2\/types\/product"}],"replies":[{"embeddable":true,"href":"https:\/\/gltestm.webology.pl\/pl\/wp-json\/wp\/v2\/comments?post=11734"}],"version-history":[{"count":0,"href":"https:\/\/gltestm.webology.pl\/pl\/wp-json\/wp\/v2\/product\/11734\/revisions"}],"wp:featuredmedia":[{"embeddable":true,"href":"https:\/\/gltestm.webology.pl\/pl\/wp-json\/wp\/v2\/media\/13976"}],"wp:attachment":[{"href":"https:\/\/gltestm.webology.pl\/pl\/wp-json\/wp\/v2\/media?parent=11734"}],"wp:term":[{"taxonomy":"product_brand","embeddable":true,"href":"https:\/\/gltestm.webology.pl\/pl\/wp-json\/wp\/v2\/product_brand?post=11734"},{"taxonomy":"product_cat","embeddable":true,"href":"https:\/\/gltestm.webology.pl\/pl\/wp-json\/wp\/v2\/product_cat?post=11734"},{"taxonomy":"product_tag","embeddable":true,"href":"https:\/\/gltestm.webology.pl\/pl\/wp-json\/wp\/v2\/product_tag?post=11734"}],"curies":[{"name":"wp","href":"https:\/\/api.w.org\/{rel}","templated":true}]}}