{"id":11733,"date":"2026-03-18T22:03:15","date_gmt":"2026-03-18T21:03:15","guid":{"rendered":"https:\/\/gltestm.webology.pl\/produkt\/stopka-do-sciegow-overlock-z-nozykiem\/"},"modified":"2026-03-22T22:07:53","modified_gmt":"2026-03-22T21:07:53","slug":"stopka-do-sciegow-overlock-z-nozykiem","status":"publish","type":"product","link":"https:\/\/gltestm.webology.pl\/pl\/produkt\/stopka-do-sciegow-overlock-z-nozykiem\/","title":{"rendered":"Stopka do \u015bcieg\u00f3w overlock z no\u017cykiem"},"content":{"rendered":"<h2>Stopka do \u015bcieg\u00f3w overlockowych z no\u017cykiem<\/h2>\n<p>Stopka z no\u017cykiem tn\u0105cym do szycia \u015bciegami overlockowymi.<\/p>\n<p>Chcesz \u0142adnie wyko\u0144czy\u0107 swoje prace, ale nie podoba Ci si\u0119 my\u015bl o kupnie ca\u0142ego overlocka? Ta stopka pozwala zbli\u017cy\u0107 si\u0119 do overlockowego efektu najbardziej jak to mo\u017cliwe przy u\u017cyciu domowej maszyny do szycia. Obszywa kraw\u0119dzie r\u00f3wnomiernie, prosto, estetycznie i tu\u017c przy brzegu, a specjalnym no\u017cykiem obcina jednocze\u015bnie nadmiar materia\u0142u.<\/p>\n<p>Stopka nadaje si\u0119 do szycia wi\u0119kszo\u015bci\u0105 \u015bcieg\u00f3w overlockowych.<\/p>\n<p><strong>Montuje si\u0119 j\u0105 bezpo\u015brednio na trzpieniu maszyny<\/strong>, po wcze\u015bniejszym zdemontowaniu niskiego uchwytu matic.<\/p>\n<p>Przed rozpocz\u0119ciem szycia zawsze upewnij si\u0119, \u017ce wszystkie parametry wybranego \u015bciegu s\u0105 odpowiednio ustawione!<\/p>\n<p>Zawsze wykonaj szycie pr\u00f3bne na niepotrzebnym skrawku materia\u0142u, zanim zaczniesz w\u0142a\u015bciw\u0105 prac\u0119.<\/p>\n<p><strong>Pasuje do:<\/strong><\/p>\n<p>-maszyn do szycia <strong>\u0141ucznik z niskim mocowaniem stopki<\/strong><\/p>\n<p><strong>Nie pasuje do maszyn \u0141ucznik: Mini, Lena, Everyday.<\/strong><\/p>\n<p>Do stopki do\u0142\u0105czona jest papierowa instrukcja obs\u0142ugi w j\u0119zyku angielskim. Aby pobra\u0107 instrukcj\u0119 w j\u0119zyku polskim, przejd\u017a do sekcji &#8222;Do pobrania&#8221; i kliknij link.<\/p>\n","protected":false},"excerpt":{"rendered":"<p>Stopka z no\u017cykiem tn\u0105cym do szycia \u015bciegami overlockowymi.<\/p>\n","protected":false},"featured_media":13925,"comment_status":"open","ping_status":"closed","template":"","meta":[],"product_brand":[],"product_cat":[448],"product_tag":[],"class_list":{"0":"post-11733","1":"product","2":"type-product","3":"status-publish","4":"has-post-thumbnail","6":"product_cat-stopki-do-maszyn","8":"first","9":"instock","10":"taxable","11":"shipping-taxable","12":"purchasable","13":"product-type-simple"},"_links":{"self":[{"href":"https:\/\/gltestm.webology.pl\/pl\/wp-json\/wp\/v2\/product\/11733","targetHints":{"allow":["GET"]}}],"collection":[{"href":"https:\/\/gltestm.webology.pl\/pl\/wp-json\/wp\/v2\/product"}],"about":[{"href":"https:\/\/gltestm.webology.pl\/pl\/wp-json\/wp\/v2\/types\/product"}],"replies":[{"embeddable":true,"href":"https:\/\/gltestm.webology.pl\/pl\/wp-json\/wp\/v2\/comments?post=11733"}],"version-history":[{"count":0,"href":"https:\/\/gltestm.webology.pl\/pl\/wp-json\/wp\/v2\/product\/11733\/revisions"}],"wp:featuredmedia":[{"embeddable":true,"href":"https:\/\/gltestm.webology.pl\/pl\/wp-json\/wp\/v2\/media\/13925"}],"wp:attachment":[{"href":"https:\/\/gltestm.webology.pl\/pl\/wp-json\/wp\/v2\/media?parent=11733"}],"wp:term":[{"taxonomy":"product_brand","embeddable":true,"href":"https:\/\/gltestm.webology.pl\/pl\/wp-json\/wp\/v2\/product_brand?post=11733"},{"taxonomy":"product_cat","embeddable":true,"href":"https:\/\/gltestm.webology.pl\/pl\/wp-json\/wp\/v2\/product_cat?post=11733"},{"taxonomy":"product_tag","embeddable":true,"href":"https:\/\/gltestm.webology.pl\/pl\/wp-json\/wp\/v2\/product_tag?post=11733"}],"curies":[{"name":"wp","href":"https:\/\/api.w.org\/{rel}","templated":true}]}}