{"id":11732,"date":"2026-03-18T22:03:15","date_gmt":"2026-03-18T21:03:15","guid":{"rendered":"https:\/\/gltestm.webology.pl\/produkt\/stopka-do-szycia-po-okregu\/"},"modified":"2026-03-22T22:07:19","modified_gmt":"2026-03-22T21:07:19","slug":"stopka-do-szycia-po-okregu","status":"publish","type":"product","link":"https:\/\/gltestm.webology.pl\/pl\/produkt\/stopka-do-szycia-po-okregu\/","title":{"rendered":"Stopka do szycia po okr\u0119gu"},"content":{"rendered":"<h2>Stopka do szycia po okr\u0119gu<\/h2>\n<p>Ta stopka to ciekawe akcesorium pozwalaj\u0105ce zwi\u0119kszy\u0107 mo\u017cliwo\u015bci Twojej maszyny w zakresie szycia artystycznego i zdobienia materia\u0142u. Pozwala \u0142atwo wyszy\u0107 r\u00f3wny okr\u0105g do celu obszycia lub zabezpieczenia otworu w materiale.<\/p>\n<p>Daje tak\u017ce mo\u017cliwo\u015b\u0107 stworzenia niezwyk\u0142ej r\u00f3\u017cnorodno\u015bci ozdobnych rozet, kwiat\u00f3w, gwiazdek i s\u0142o\u0144c zar\u00f3wno przy u\u017cyciu ig\u0142y pojedynczej jak i podw\u00f3jnej.<\/p>\n<p>Wyszywa okr\u0119gi o \u015brednicy od kilku milimetr\u00f3w do oko\u0142o centymetra oraz o \u015brednicy otworu 0,5 \u2013 1,1 cm.<\/p>\n<p>Stopka umo\u017cliwia wykonanie wzor\u00f3w pojedynczych, podw\u00f3jnych, w uk\u0142adzie koncentrycznym, \u015bciegi przesuni\u0119te oraz mieszane.<\/p>\n<p><strong>Instrukcja u\u017cycia:<\/strong><br \/>Na pocz\u0105tku schowaj z\u0105bki transportera lub przys\u0142o\u0144 je p\u0142ytk\u0105 zakrywaj\u0105c\u0105. Nast\u0119pnie w celu zamontowania stopki nale\u017cy zdj\u0105\u0107 uchwyt stopki zatrzaskowej, poprzez zluzowanie \u015bruby, po czym zamontowa\u0107 <strong>stopk\u0119 do okr\u0119g\u00f3w<\/strong> bezpo\u015brednio na trzpie\u0144 i dokr\u0119ci\u0107 \u015brub\u0119. D\u017awigienka stopki powinna znajdowa\u0107 si\u0119 w po\u0142o\u017ceniu nad wkr\u0119tem uchwytu ig\u0142y. Nale\u017cy wykona\u0107 pr\u00f3b\u0119 szycia na wybranym materiale.<\/p>\n<p><strong>Stopka pasuje do:<\/strong><\/p>\n<p>Stopka pasuje do wszystkich maszyn \u0141ucznik z obecnej z oferty sprzeda\u017cowej.<\/p>\n<p>-maszyn do szycia <strong>\u0141u<\/strong><strong>cznik<\/strong> z niskim mocowaniem stopek<\/p>\n<p>&#8211; maszyn do szycia<strong> \u0141ucznik<\/strong> starego typu (kl. 800 i inne).<\/p>\n<p>Nie pasuje do maszyn \u0141ucznik: Mini, Lena, Everyday.<\/p>\n<p>Do stopki do\u0142\u0105czona jest papierowa instrukcja obs\u0142ugi w j\u0119zyku angielskim. Instrukcja w j\u0119zyku polskim jest mo\u017cliwa do pobrania ze strony oferty.<\/p>\n","protected":false},"excerpt":{"rendered":"<p>Stopka do wyszywania okr\u0119g\u00f3w, rozet i gwiazd, za pomoc\u0105 kt\u00f3rej mo\u017cemy wyszywa\u0107 brzegi otwor\u00f3w lub ozdobne wzory po obwodzie ko\u0142a.<\/p>\n","protected":false},"featured_media":14806,"comment_status":"open","ping_status":"closed","template":"","meta":[],"product_brand":[],"product_cat":[448],"product_tag":[],"class_list":{"0":"post-11732","1":"product","2":"type-product","3":"status-publish","4":"has-post-thumbnail","6":"product_cat-stopki-do-maszyn","8":"first","9":"instock","10":"taxable","11":"shipping-taxable","12":"purchasable","13":"product-type-simple"},"_links":{"self":[{"href":"https:\/\/gltestm.webology.pl\/pl\/wp-json\/wp\/v2\/product\/11732","targetHints":{"allow":["GET"]}}],"collection":[{"href":"https:\/\/gltestm.webology.pl\/pl\/wp-json\/wp\/v2\/product"}],"about":[{"href":"https:\/\/gltestm.webology.pl\/pl\/wp-json\/wp\/v2\/types\/product"}],"replies":[{"embeddable":true,"href":"https:\/\/gltestm.webology.pl\/pl\/wp-json\/wp\/v2\/comments?post=11732"}],"version-history":[{"count":0,"href":"https:\/\/gltestm.webology.pl\/pl\/wp-json\/wp\/v2\/product\/11732\/revisions"}],"wp:featuredmedia":[{"embeddable":true,"href":"https:\/\/gltestm.webology.pl\/pl\/wp-json\/wp\/v2\/media\/14806"}],"wp:attachment":[{"href":"https:\/\/gltestm.webology.pl\/pl\/wp-json\/wp\/v2\/media?parent=11732"}],"wp:term":[{"taxonomy":"product_brand","embeddable":true,"href":"https:\/\/gltestm.webology.pl\/pl\/wp-json\/wp\/v2\/product_brand?post=11732"},{"taxonomy":"product_cat","embeddable":true,"href":"https:\/\/gltestm.webology.pl\/pl\/wp-json\/wp\/v2\/product_cat?post=11732"},{"taxonomy":"product_tag","embeddable":true,"href":"https:\/\/gltestm.webology.pl\/pl\/wp-json\/wp\/v2\/product_tag?post=11732"}],"curies":[{"name":"wp","href":"https:\/\/api.w.org\/{rel}","templated":true}]}}