{"id":11729,"date":"2026-03-18T22:03:13","date_gmt":"2026-03-18T21:03:13","guid":{"rendered":"https:\/\/gltestm.webology.pl\/produkt\/zestaw-14-stopek-wraz-z-uchwytem-matic-w-pudelku\/"},"modified":"2026-03-22T22:07:11","modified_gmt":"2026-03-22T21:07:11","slug":"zestaw-14-stopek-wraz-z-uchwytem-matic-w-pudelku","status":"publish","type":"product","link":"https:\/\/gltestm.webology.pl\/pl\/produkt\/zestaw-14-stopek-wraz-z-uchwytem-matic-w-pudelku\/","title":{"rendered":"Zestaw 14 stopek wraz z uchwytem Matic w pude\u0142ku"},"content":{"rendered":"<h2>Uniwersalny zestaw stopek<\/h2>\n<p>R\u00f3\u017cnorodne stopki do maszyn do szycia umo\u017cliwiaj\u0105 <strong>precyzyjne, szybkie i bezproblemowe<\/strong> korzystanie z dost\u0119pnych w maszynie funkcji, upraszczaj\u0105 wykonywanie wielu prac, a nawet daj\u0105 <strong>mo\u017cliwo\u015bci<\/strong>, kt\u00f3rych pr\u00f3\u017cno szuka\u0107 w podstawowych funkcjach maszyny.<\/p>\n<p>Stopki dost\u0119pne w zestawie mo\u017cna do\u0142\u0105czy\u0107 do niemal <strong>ka\u017cdego rodzaju maszyny<\/strong> \u2013 zr\u00f3b jej prezent, a gwarantujemy, \u017ce odczujesz r\u00f3\u017cnic\u0119 w jej pracy. Stopki, kt\u00f3re zawarte s\u0105 w zestawie to takie ich rodzaje, kt\u00f3rych nie powinno zabrakn\u0105\u0107 na wyposa\u017ceniu \u017cadnej domowej pracowni krawieckiej oraz kilka stopek \u201ebajeranckich\u201d, kt\u00f3rych u\u017cywanie <strong>sprawi Ci wiele rado\u015bci<\/strong>.<\/p>\n<h2>Zawarto\u015b\u0107 zestawu<\/h2>\n<ol>\n<li>Uchwyt <strong>Matic<\/strong>, aby zamontowa\u0107 stopki r\u00f3wnie\u017c do starszej maszyny. Jest to uchwyt niski, kt\u00f3ry pasuje do wi\u0119kszo\u015bci domowych maszyn do szycia (\u0141ucznik klasa 800, Janome, Brother, Toyota, Huskystar, Redstar, Pfaff, Singer, Bernina Bernette, Jaguar).<\/li>\n<li>Stopka <strong>uniwersalna<\/strong>.<\/li>\n<li>Stopka do obszywania <strong>dziurek na guziki<\/strong> (mo\u017ce s\u0142u\u017cy\u0107 r\u00f3wnie\u017c do wyszywania wzmocnie\u0144 i cerowania niewielkich przetar\u0107).<\/li>\n<li>Stopka do \u015bciegu <strong>satynowego <\/strong>(niezast\u0105piona przy szyciu wszelkimi \u015bciegami ozdobnymi oraz przy u\u017cyciu grubszych nici).<\/li>\n<li>Stopka do <strong>pikowania <\/strong>(umo\u017cliwiaj\u0105ca r\u00f3wnie\u017c idealnie r\u00f3wne prowadzenie \u015bciegu prostego przy pomocy specjalnego prowadnika).<\/li>\n<li>Stopka do <strong>przyszywania guzik\u00f3w<\/strong>.<\/li>\n<li>Stopka do <strong>przyszywania zamk\u00f3w<\/strong>.<\/li>\n<li>Stopka do <strong>obr\u0119biania <\/strong>(za pomoc\u0105 specjalnego \u201e\u015blimaka\u201d idealnie podwija materia\u0142 umo\u017cliwiaj\u0105c jego r\u00f3wne i estetyczne obszycie przy kraw\u0119dzi).<\/li>\n<li>Stopka do <strong>\u015bciegu krytego<\/strong> (znacz\u0105co u\u0142atwiaj\u0105ca trudn\u0105 sztuk\u0119 podwijania \u015bciegiem krytym).<\/li>\n<li>Stopka do <strong>wszywania kordonk\u00f3w<\/strong> (bardzo ciekawy gad\u017cet umo\u017cliwiaj\u0105cy tworzenie zdobie\u0144 ze sznureczk\u00f3w).<\/li>\n<li>Stopka do <strong>patchworku<\/strong>.<\/li>\n<li>Stopka do <strong>haftu<\/strong> i <strong>cerowania<\/strong>.<\/li>\n<li>Stopka do tworzenia <strong>marszcze\u0144 <\/strong>(bardzo \u0142atwo jest z jej pomoc\u0105 tworzy\u0107 estetyczne marszczenia i falbanki).<\/li>\n<li>Stopka do \u015bciegu <strong>overlockowego <\/strong>(u\u0142atwia szycie \u015bciegami overlockowymi, czyni je bardziej estetycznymi i pomaga prowadzi\u0107 szycie r\u00f3wno przy brzegu)<\/li>\n<li>Stopka krocz\u0105ca (dzi\u0119ki g\u00f3rnemu transportowi u\u0142atwia szycie dzianin, wype\u0142nie\u0144, podszewek, grubszych materia\u0142\u00f3w, zszywanie kilku warstw. Jest niezast\u0105piona przy przer\u00f3\u017cnych rodzajach problem\u00f3w i czyni prawdziwe cuda!).<\/li>\n<\/ol>\n<h2>Instrukcja obs\u0142ugi w zestawie<\/h2>\n<p>Do pude\u0142ka do\u0142\u0105czona jest instrukcja obs\u0142ugi po <strong>angielsku<\/strong>. Instrukcj\u0119 monta\u017cu i zastosowania wszystkich zawartych w pude\u0142ku stopek w j\u0119zyku polskim mo\u017cna <strong>pobra\u0107 poni\u017cej<\/strong>.<\/p>\n<h3><strong>Modele maszyn \u0141ucznik, do kt\u00f3rych pasuj\u0105 stopki<\/strong><\/h3>\n<p>\u0141ucznik seria 700, 800, \u0141ucznik <span>Alicja, Anna, Amelia II, Balladyna, Carmen, Diana, Dorota, Ewa II, Izabella II, Jagoda, Karolina, Kornelia, Katarzyna, Karina, Lidia, Laura, Magdalena, Malwina, Maria, Milena, Marta, Martyna, Ola, Paulina, Patrycja, Polonia, Teresa, Weronika, Zofia I, Zofia II i inne.<\/span><\/p>\n<p><span>Pod\u0142\u0105czenie stopek do modelu \u0141ucznik z <strong>serii 400<\/strong> b\u0119dzie wymaga\u0142o pod\u0142\u0105czenia<strong> uchwytu Matic typu wysokiego<\/strong>, niezawartego w zestawie. Z tymi modelami nie b\u0119dzie r\u00f3wnie\u017c wsp\u00f3\u0142pracowa\u0142a stopka do marszczenia oraz krocz\u0105ca.<\/span><\/p>\n<h3>Modele maszyn innych producent\u00f3w, do kt\u00f3rych pasuj\u0105 stopki<\/h3>\n<h3><strong>Brother<\/strong><\/h3>\n<p>Brother BN27, Brother BQ17, Brother BQ25, Brother CS10, Brother DS120, Brother DS140, Brother F400, Brother F410, Brother F420, Brother F460, Brother HF27, Brother HF37 STRONG &amp; TOUGH, Brother Innov-is VQ2, Brother Little Angel KD144, Brother Little Angel KD144S, Brother M280D, Brother NV1040SE, Brother NV1100, Brother NV1300, Brother NV15, Brother NV1800Q, Brother NV20 Limited Edition, Brother NV27SE, Brother NV35, Brother NV55FE, Brother RH127, Brother RL425<\/p>\n<h3><strong>Elna<\/strong><\/h3>\n<p>Elna 160 eXplore, Elna 220 eXplore, Elna 240 eXplore, Elna 320 eXplore, Elna 3210 Jeans, Elna 340 eXplore, Elna 520 eXperience, Elna 540 eXperience, Elna 550 eXperience, Elna 560 eXperience, Elna 570 eXperience, Elna 580 eXperience, Elna 680 eXcellence, Elna 720 eXcellence, Elna Sew 75, Elna Sew Fun, Elna Sew Green, Elna Sew Zebra<\/p>\n<h3><strong>Husqvarna<\/strong><\/h3>\n<p>Husqvarna E20, Husqvarna Viking E 20, Husqvarna E10, Husqvarna <span>EMERALD <\/span><span>116, Husqvarna <span>H|CLASS 100Q, Husqvarna <span>EMERALD <\/span><span>118, Husqvarna TRIBUTE 145M, Husqvarna <span>TRIBUTE 145C, <\/span>Husqvarna Viking OPAL<span>650, Husqvarna Viking <span>OPAL<\/span><span>690Q, Husqvarna Sapphire: 965Q, 960Q, 930Q, Husqvarna Viking Brilliance 75Q, Husqvarna EPIC 980Q, Husqvarna JADE 20, Husqvarna Designer JADE 35, Husqvarna Designer TOPAZ: 25, 40, Husqvarna Designer: TOPAZ 50, RUBY Royale, DIAMOND Royale, BRILLIANCE 80, Husqvarna DESIGNER EPIC<\/span><\/span><\/span><\/span><\/span><\/p>\n<h3><strong>Janome<\/strong><\/h3>\n<p>Janome 393, Janome 415, Janome 419S, Janome 423S, Janome 920, Janome E1015, Janome JUNO J15, Janome SAKURA 95, Janome JUNO E1019, Janome Jubilee 60507, Janome 725S, Janome Easy Jeans HD 1800, Janome Juno J100, Janome TXL607, Janome DM7200, Janome Skyline S3, Janome Skyline S5, Janome MC6600P, Janome MC8200QCP SE, Janome MC6700P, Janome Skyline S7 <\/p>\n<h3><strong>Juki<\/strong><\/h3>\n<p>Juki HZL-12Z, Juki HZL-27Z, Juki HZL-29Z, Juki HZL-353ZR, Juki HZL-355ZW-B, Juki HZL-357ZP, Juki HZL-60HR-B, Juki HZL-60HR-C, Juki HZL-70HW-B, Juki HZL-70HW-C, Juki HZL-80HP-B, Juki HZL-80HP-C, Juki HZL-DX5, Juki HZL-DX7, Juki HZL-F300, Juki HZL-F400, Juki HZL-F600, Juki HZL-G110, Juki HZL-G120, Juki HZL-G210, Juki HZL-G220<\/p>\n<h3><strong>SilverCrest<\/strong><\/h3>\n<h3><strong>Singer<\/strong> (Starego typu)<\/h3>\n<p>Singer 833, Singer 814, Singer 518, Singer 514 (aby za\u0142o\u017cy\u0107 stopk\u0119 nale\u017cy zastosowa\u0107 <a href=\"https:\/\/galerialucznik.pl\/product-pol-576-Uchwyt-Matic-typ-niski.html\" target=\"_blank\" rel=\"noopener\">uchwyt niski MATIC<\/a>!)<\/p>\n<h3><strong>Singer<\/strong> (Nowy typ)<\/h3>\n<p>Singer 1306, Singer 2250, Singer 3221, Singer 3229, Singer 3232, Singer 3333, Singer 3337, Singer 3342, Singer 4411 HEAVY DUTY (Singer 4411 wzmocniona), Singer 4423 HEAVY DUTY (Singer 4423 wzmocniona), Singer 4432 HEAVY DUTY (Singer 4432 wzmocniona), Singer 6180, Singer 6699, Singer 7470, Singer 7640, Singer 8280, Singer 9960, Singer C240, Singer C440, Singer SE 300<\/p>\n<h3><strong>Toyota<\/strong><\/h3>\n<p>Toyota 21DES, Toyota C.E.V. (Toyota creatif elegance vogue), Toyota Decomaster25, Toyota Eco 15CB, Toyota Eco 26C, Toyota ECO15A, Toyota ECO15CG, Toyota ECO15CJ, Toyota ECO26A, Toyota ECO34B, Toyota ESG325, Toyota ESS224, Toyota FSG325, Toyota FSL18, Toyota FSR21, Toyota FSS224, Toyota JCB15, Toyota JEANS17C, Toyota JetB224, Toyota JFS18, ToyotaJNS17CT, Toyota JSA21, Toyota Oekaki Renaissance, Toyota OEKAKI (RS2000),  Toyota Power FabriQ, Toyota SPA15, Toyota SPA15R, Toyota SPA34, Toyota SPB15, Toyota SPB26, ToyotaSPB34, Toyota SUPER JEANS 15 PE (Toyota SUPERJ15PE), Toyota SUPER JEANS 15 WHITE (Toyota SUPERJ15WE), Toyota SUPER JEANS 17 XL (Toyota SPJ17XL), Toyota SUPER JEANS 26 (Toyota SUPERJ26), Toyota SUPER JEANS 34 (Toyota SUPERJ34), Toyota SUPER JEANS SJ 15 (Toyota SUPERJ15), Toyota QUILT226<\/p>\n","protected":false},"excerpt":{"rendered":"<p>Zestaw 14 stopek wraz z uchwytem do stopek zatrzaskowych. Wygodne pude\u0142ko u\u0142atwia przechowywanie, a niski uchwyt typu Matic pozwala na przy\u0142\u0105czenie stopek do starszych maszyn, takich jak cho\u0107by legendarne \u0141uczniki z serii 800<\/p>\n","protected":false},"featured_media":13041,"comment_status":"open","ping_status":"closed","template":"","meta":[],"product_brand":[],"product_cat":[463],"product_tag":[],"class_list":{"0":"post-11729","1":"product","2":"type-product","3":"status-publish","4":"has-post-thumbnail","6":"product_cat-uchwyty-do-stopek","8":"first","9":"instock","10":"taxable","11":"shipping-taxable","12":"purchasable","13":"product-type-simple"},"_links":{"self":[{"href":"https:\/\/gltestm.webology.pl\/pl\/wp-json\/wp\/v2\/product\/11729","targetHints":{"allow":["GET"]}}],"collection":[{"href":"https:\/\/gltestm.webology.pl\/pl\/wp-json\/wp\/v2\/product"}],"about":[{"href":"https:\/\/gltestm.webology.pl\/pl\/wp-json\/wp\/v2\/types\/product"}],"replies":[{"embeddable":true,"href":"https:\/\/gltestm.webology.pl\/pl\/wp-json\/wp\/v2\/comments?post=11729"}],"version-history":[{"count":0,"href":"https:\/\/gltestm.webology.pl\/pl\/wp-json\/wp\/v2\/product\/11729\/revisions"}],"wp:featuredmedia":[{"embeddable":true,"href":"https:\/\/gltestm.webology.pl\/pl\/wp-json\/wp\/v2\/media\/13041"}],"wp:attachment":[{"href":"https:\/\/gltestm.webology.pl\/pl\/wp-json\/wp\/v2\/media?parent=11729"}],"wp:term":[{"taxonomy":"product_brand","embeddable":true,"href":"https:\/\/gltestm.webology.pl\/pl\/wp-json\/wp\/v2\/product_brand?post=11729"},{"taxonomy":"product_cat","embeddable":true,"href":"https:\/\/gltestm.webology.pl\/pl\/wp-json\/wp\/v2\/product_cat?post=11729"},{"taxonomy":"product_tag","embeddable":true,"href":"https:\/\/gltestm.webology.pl\/pl\/wp-json\/wp\/v2\/product_tag?post=11729"}],"curies":[{"name":"wp","href":"https:\/\/api.w.org\/{rel}","templated":true}]}}