{"id":11724,"date":"2026-03-18T22:03:12","date_gmt":"2026-03-18T21:03:12","guid":{"rendered":"https:\/\/gltestm.webology.pl\/produkt\/stopka-overlockowa-do-wszywania-sznurka\/"},"modified":"2026-03-22T21:39:11","modified_gmt":"2026-03-22T20:39:11","slug":"stopka-overlockowa-do-wszywania-sznurka","status":"publish","type":"product","link":"https:\/\/gltestm.webology.pl\/pl\/produkt\/stopka-overlockowa-do-wszywania-sznurka\/","title":{"rendered":"Stopka overlockowa do wszywania sznurka"},"content":{"rendered":"<p>U\u017cytkownicy overlock\u00f3w maj\u0105 szerokie pole mo\u017cliwo\u015bci, wiele technik, \u015bcieg\u00f3w, kombinacji nici i innych ustawie\u0144. Dzi\u0119ki temu \u0142atwo jest dobra\u0107 optymaln\u0105 metod\u0119 do potrzeb. Proponowana przez nas stopka do wszywania sznurka to idealny dodatek, kt\u00f3ry umo\u017cliwi wykonywanie wyj\u0105tkowych, ozdobnych obszy\u0107. Posiada specjalny rowek do prowadzenia ta\u015bmy wypustkowej. To u\u0142atwia szycie i zapewnia wi\u0119ksz\u0105 precyzj\u0119. Wykorzystanie wyspecjalizowanych cz\u0119\u015bci i akcesori\u00f3w to gwarancja wygodniejszej i efektywniejszej pracy.\n<\/p>\n<h2>Dekoracyjne obszywanie<\/h2>\n<p>Pozwala na zszywanie dw\u00f3ch partii materia\u0142u z ta\u015bm\u0105 wypustkow\u0105 pomi\u0119dzy nimi podczas jednej operacji. Umieszczaj\u0105c j\u0105 mi\u0119dzy dwiema warstwami i zszywaj\u0105c, mo\u017cna uzyska\u0107 zjawiskowe wyko\u0144czenie, kt\u00f3re doda charakteru ka\u017cdemu projektowi. Stopka do wszywania sznurka jest cz\u0119sto u\u017cywana do ozdabiania firanek i zas\u0142on, obrus\u00f3w, czy poszewek. Jest r\u00f3wnie\u017c idealna do szycia lu\u017anych ubra\u0144, toreb sportowych.\n<\/p>\n<p>Stopka do wszywania sznurka i ta\u015bm wypustkowych pasuje do overlock\u00f3w \u0141ucznik 820D5 i 720D.<\/p>\n","protected":false},"excerpt":{"rendered":"<p>Idealna do szybkiego wszycia ta\u015bmy z wypustk\u0105 pomi\u0119dzy dwa materia\u0142y.<\/p>\n","protected":false},"featured_media":14161,"comment_status":"open","ping_status":"closed","template":"","meta":[],"product_brand":[],"product_cat":[453],"product_tag":[],"class_list":{"0":"post-11724","1":"product","2":"type-product","3":"status-publish","4":"has-post-thumbnail","6":"product_cat-stopki-do-overlockow","8":"first","9":"instock","10":"taxable","11":"shipping-taxable","12":"purchasable","13":"product-type-simple"},"_links":{"self":[{"href":"https:\/\/gltestm.webology.pl\/pl\/wp-json\/wp\/v2\/product\/11724","targetHints":{"allow":["GET"]}}],"collection":[{"href":"https:\/\/gltestm.webology.pl\/pl\/wp-json\/wp\/v2\/product"}],"about":[{"href":"https:\/\/gltestm.webology.pl\/pl\/wp-json\/wp\/v2\/types\/product"}],"replies":[{"embeddable":true,"href":"https:\/\/gltestm.webology.pl\/pl\/wp-json\/wp\/v2\/comments?post=11724"}],"version-history":[{"count":0,"href":"https:\/\/gltestm.webology.pl\/pl\/wp-json\/wp\/v2\/product\/11724\/revisions"}],"wp:featuredmedia":[{"embeddable":true,"href":"https:\/\/gltestm.webology.pl\/pl\/wp-json\/wp\/v2\/media\/14161"}],"wp:attachment":[{"href":"https:\/\/gltestm.webology.pl\/pl\/wp-json\/wp\/v2\/media?parent=11724"}],"wp:term":[{"taxonomy":"product_brand","embeddable":true,"href":"https:\/\/gltestm.webology.pl\/pl\/wp-json\/wp\/v2\/product_brand?post=11724"},{"taxonomy":"product_cat","embeddable":true,"href":"https:\/\/gltestm.webology.pl\/pl\/wp-json\/wp\/v2\/product_cat?post=11724"},{"taxonomy":"product_tag","embeddable":true,"href":"https:\/\/gltestm.webology.pl\/pl\/wp-json\/wp\/v2\/product_tag?post=11724"}],"curies":[{"name":"wp","href":"https:\/\/api.w.org\/{rel}","templated":true}]}}