{"id":11723,"date":"2026-03-18T22:03:11","date_gmt":"2026-03-18T21:03:11","guid":{"rendered":"https:\/\/gltestm.webology.pl\/produkt\/stopka-overlockowa-do-wszywania-gumy\/"},"modified":"2026-03-18T22:27:15","modified_gmt":"2026-03-18T21:27:15","slug":"stopka-overlockowa-do-wszywania-gumy","status":"publish","type":"product","link":"https:\/\/gltestm.webology.pl\/pl\/produkt\/stopka-overlockowa-do-wszywania-gumy\/","title":{"rendered":"Stopka overlockowa do wszywania gumy"},"content":{"rendered":"<h2><span>Stopka overlockowa do przyszywania gumy<\/span><\/h2>\n<p>Ta elastyczna stopka jest specjalnie zaprojektowana do <strong>prowadzenia<\/strong> i <strong>rozci\u0105gania<\/strong> w\u0105skiej <strong>gumki<\/strong> podczas przyszywania jej do materia\u0142u. Szeroko\u015b\u0107 gumy powinna mie\u015bci\u0107 si\u0119 w przedziale o szeroko\u015bci<strong> 6-12 mm<\/strong> (od \u00bc do \u00bd cala). Jest doskona\u0142ym narz\u0119dziem do szycia <strong>odzie\u017cy aktywnej<\/strong>, <strong>bielizny<\/strong> i innych projekt\u00f3w.<\/p>\n<h2>Jak u\u017cywa\u0107 stopk\u0119 do wszywania gumy?<\/h2>\n<ol>\n<li><strong>Przed przymocowaniem<\/strong> <strong>stopki do maszyny<\/strong>, przeprowad\u017a elastyczn\u0105 ta\u015bm\u0119 przez otw\u00f3r w stopce i <strong>wyreguluj naci\u0105g<\/strong>, korzystaj\u0105c ze \u015bruby regulacyjnej.<\/li>\n<li>Przymocuj stopk\u0119 do maszyny, upewniaj\u0105c si\u0119, \u017ce jest ona <strong>stabilnie zamocowana<\/strong>.<\/li>\n<li>Rozpocznij szycie, <strong>zszywaj\u0105c pierwsze 2-3 \u015bciegi<\/strong>. Delikatnie poci\u0105gaj elastyczn\u0105 ta\u015bm\u0119 do <strong>ty\u0142u maszyny<\/strong>, co pomo\u017ce w <strong>r\u00f3wnomiernym<\/strong> rozci\u0105ganiu gumki.<\/li>\n<li>Kontynuuj przyszywanie elastycznej ta\u015bmy do tkaniny, nadal lekko <strong>poci\u0105gaj\u0105c<\/strong> za koniec elastycznej ta\u015bmy. Dzi\u0119ki temu<strong> zachowasz kontrol\u0119<\/strong> nad naci\u0105giem, co jest <strong>kluczowe<\/strong> przy szyciu projekt\u00f3w z u\u017cyciem gumki.<\/li>\n<\/ol>\n<h2>Stopka pasuje do maszyn<\/h2>\n<ul>\n<li>Overlock \u0141ucznik 820D5 i <span>720D5<\/span><\/li>\n<li><span>Pfaff Hobbylock 2.0, Pfaff Hobbylock 4762, Pfaff Coverlock 4772<\/span><\/li>\n<li>Singer 14U544, Singer 14U554, Singer 14U555, Singer 14CG744,<\/li>\n<li>Singer 14CG754, Singer 14SH654, Singer 14SH744, Singer 14SH754, Singer 50SCH<\/li>\n<li>Husqvarna Viking Huskylock s15<\/li>\n<\/ul>\n","protected":false},"excerpt":{"rendered":"<p>Stopka do wszywania ta\u015bm elastycznych i gum. Szeroko\u015b\u0107 gumy 6-12 mm. Idealna do szycia bielizny lub odzie\u017cy aktywnej.<\/p>\n","protected":false},"featured_media":15092,"comment_status":"open","ping_status":"closed","template":"","meta":[],"product_brand":[],"product_cat":[453],"product_tag":[],"class_list":{"0":"post-11723","1":"product","2":"type-product","3":"status-publish","4":"has-post-thumbnail","6":"product_cat-stopki-do-overlockow","8":"first","9":"instock","10":"taxable","11":"shipping-taxable","12":"purchasable","13":"product-type-simple"},"_links":{"self":[{"href":"https:\/\/gltestm.webology.pl\/pl\/wp-json\/wp\/v2\/product\/11723","targetHints":{"allow":["GET"]}}],"collection":[{"href":"https:\/\/gltestm.webology.pl\/pl\/wp-json\/wp\/v2\/product"}],"about":[{"href":"https:\/\/gltestm.webology.pl\/pl\/wp-json\/wp\/v2\/types\/product"}],"replies":[{"embeddable":true,"href":"https:\/\/gltestm.webology.pl\/pl\/wp-json\/wp\/v2\/comments?post=11723"}],"version-history":[{"count":0,"href":"https:\/\/gltestm.webology.pl\/pl\/wp-json\/wp\/v2\/product\/11723\/revisions"}],"wp:featuredmedia":[{"embeddable":true,"href":"https:\/\/gltestm.webology.pl\/pl\/wp-json\/wp\/v2\/media\/15092"}],"wp:attachment":[{"href":"https:\/\/gltestm.webology.pl\/pl\/wp-json\/wp\/v2\/media?parent=11723"}],"wp:term":[{"taxonomy":"product_brand","embeddable":true,"href":"https:\/\/gltestm.webology.pl\/pl\/wp-json\/wp\/v2\/product_brand?post=11723"},{"taxonomy":"product_cat","embeddable":true,"href":"https:\/\/gltestm.webology.pl\/pl\/wp-json\/wp\/v2\/product_cat?post=11723"},{"taxonomy":"product_tag","embeddable":true,"href":"https:\/\/gltestm.webology.pl\/pl\/wp-json\/wp\/v2\/product_tag?post=11723"}],"curies":[{"name":"wp","href":"https:\/\/api.w.org\/{rel}","templated":true}]}}