{"id":11722,"date":"2026-03-18T22:03:11","date_gmt":"2026-03-18T21:03:11","guid":{"rendered":"https:\/\/gltestm.webology.pl\/produkt\/stopka-overlockowa-do-wszywania-koralikow\/"},"modified":"2026-03-22T21:39:06","modified_gmt":"2026-03-22T20:39:06","slug":"stopka-overlockowa-do-wszywania-koralikow","status":"publish","type":"product","link":"https:\/\/gltestm.webology.pl\/pl\/produkt\/stopka-overlockowa-do-wszywania-koralikow\/","title":{"rendered":"Stopka overlockowa do wszywania koralik\u00f3w"},"content":{"rendered":"<h2>Stopka overlockowa do wszywania koralik\u00f3w <\/h2>\n<p>Idealna stopka do wszywania <strong>koralik\u00f3w<\/strong>, <strong>cekin\u00f3w<\/strong> i tym podobnych oraz <strong>elastycznych gumek<\/strong>, a tak\u017ce r\u00f3\u017cnego rodzaju <strong>sznurka<\/strong>. Posiada <strong>prowadnik do koralik\u00f3w<\/strong> doszywanych na brzegu materia\u0142u.<\/p>\n<h2>Jak u\u017cywa\u0107 stopk\u0119<span> do wszywania koralik\u00f3w?<\/span><\/h2>\n<ol>\n<li>Ustaw overlock na wybrany rodzaj szwu.<\/li>\n<li>Przewlecz koralikowy sznurek przez kana\u0142 na dolnej stronie stopy.<\/li>\n<li>Zamocuj stopk\u0119 na maszynie.<\/li>\n<li>Korzystaj\u0105c z ko\u0142a zamachowego, wykonaj dwa pocz\u0105tkowe \u015bciegi, aby zapewni\u0107, \u017ce koraliki pozostan\u0105 na miejscu.<\/li>\n<li>Przyszywaj koraliki do brzegu materia\u0142u, minimalnie przycinaj\u0105c nadmiar materia\u0142u podczas szycia lub wszyj je wzd\u0142u\u017c fa\u0142dy bez konieczno\u015bci ci\u0119cia.<\/li>\n<\/ol>\n<h2>Stopka pasuje do maszyn<\/h2>\n<ul>\n<li>Overlock \u0141ucznik 820D5 i <span>720D5<\/span><\/li>\n<li><span>Pfaff Hobbylock 2.0, Pfaff Hobbylock 4762, Pfaff Coverlock 4772<\/span><\/li>\n<li>Singer 14U544, Singer 14U554, Singer 14U555, Singer 14CG744,<\/li>\n<li>Singer 14CG754, Singer 14SH654, Singer 14SH744, Singer 14SH754, Singer 50SCH<\/li>\n<li>Husqvarna Viking Huskylock s15<\/li>\n<\/ul>\n","protected":false},"excerpt":{"rendered":"<p>Stopka z prowadnikiem do wszywania koralik\u00f3w, cekin\u00f3w itp.<\/p>\n","protected":false},"featured_media":13682,"comment_status":"open","ping_status":"closed","template":"","meta":[],"product_brand":[],"product_cat":[453],"product_tag":[],"class_list":{"0":"post-11722","1":"product","2":"type-product","3":"status-publish","4":"has-post-thumbnail","6":"product_cat-stopki-do-overlockow","8":"first","9":"instock","10":"taxable","11":"shipping-taxable","12":"purchasable","13":"product-type-simple"},"_links":{"self":[{"href":"https:\/\/gltestm.webology.pl\/pl\/wp-json\/wp\/v2\/product\/11722","targetHints":{"allow":["GET"]}}],"collection":[{"href":"https:\/\/gltestm.webology.pl\/pl\/wp-json\/wp\/v2\/product"}],"about":[{"href":"https:\/\/gltestm.webology.pl\/pl\/wp-json\/wp\/v2\/types\/product"}],"replies":[{"embeddable":true,"href":"https:\/\/gltestm.webology.pl\/pl\/wp-json\/wp\/v2\/comments?post=11722"}],"version-history":[{"count":0,"href":"https:\/\/gltestm.webology.pl\/pl\/wp-json\/wp\/v2\/product\/11722\/revisions"}],"wp:featuredmedia":[{"embeddable":true,"href":"https:\/\/gltestm.webology.pl\/pl\/wp-json\/wp\/v2\/media\/13682"}],"wp:attachment":[{"href":"https:\/\/gltestm.webology.pl\/pl\/wp-json\/wp\/v2\/media?parent=11722"}],"wp:term":[{"taxonomy":"product_brand","embeddable":true,"href":"https:\/\/gltestm.webology.pl\/pl\/wp-json\/wp\/v2\/product_brand?post=11722"},{"taxonomy":"product_cat","embeddable":true,"href":"https:\/\/gltestm.webology.pl\/pl\/wp-json\/wp\/v2\/product_cat?post=11722"},{"taxonomy":"product_tag","embeddable":true,"href":"https:\/\/gltestm.webology.pl\/pl\/wp-json\/wp\/v2\/product_tag?post=11722"}],"curies":[{"name":"wp","href":"https:\/\/api.w.org\/{rel}","templated":true}]}}