{"id":11721,"date":"2026-03-18T22:03:10","date_gmt":"2026-03-18T21:03:10","guid":{"rendered":"https:\/\/gltestm.webology.pl\/produkt\/stopka-overlockowa-do-szycia-sciegiem-krytym\/"},"modified":"2026-03-22T21:39:06","modified_gmt":"2026-03-22T20:39:06","slug":"stopka-overlockowa-do-szycia-sciegiem-krytym","status":"publish","type":"product","link":"https:\/\/gltestm.webology.pl\/pl\/produkt\/stopka-overlockowa-do-szycia-sciegiem-krytym\/","title":{"rendered":"Stopka overlockowa do szycia \u015bciegiem krytym"},"content":{"rendered":"<p>Stopka do zastosowania w Overloku 820D5 i 720D.<\/p>\n<p>Stopka do \u015bciegu krytego idealnie nadaje si\u0119 do profesjonalnego szycia niewidocznych szw\u00f3w na materia\u0142ach \u015brednio grubych oraz grubych.<\/p>\n<p>Szew jest wyko\u0144czony, wyszyty i \u201eukryty\u201d za jednym zamachem.  <\/p>\n","protected":false},"excerpt":{"rendered":"<p>Idealna do wykonywania niewidocznych szw\u00f3w na materia\u0142ach.<\/p>\n","protected":false},"featured_media":14118,"comment_status":"open","ping_status":"closed","template":"","meta":[],"product_brand":[],"product_cat":[453],"product_tag":[],"class_list":{"0":"post-11721","1":"product","2":"type-product","3":"status-publish","4":"has-post-thumbnail","6":"product_cat-stopki-do-overlockow","8":"first","9":"instock","10":"taxable","11":"shipping-taxable","12":"purchasable","13":"product-type-simple"},"_links":{"self":[{"href":"https:\/\/gltestm.webology.pl\/pl\/wp-json\/wp\/v2\/product\/11721","targetHints":{"allow":["GET"]}}],"collection":[{"href":"https:\/\/gltestm.webology.pl\/pl\/wp-json\/wp\/v2\/product"}],"about":[{"href":"https:\/\/gltestm.webology.pl\/pl\/wp-json\/wp\/v2\/types\/product"}],"replies":[{"embeddable":true,"href":"https:\/\/gltestm.webology.pl\/pl\/wp-json\/wp\/v2\/comments?post=11721"}],"version-history":[{"count":0,"href":"https:\/\/gltestm.webology.pl\/pl\/wp-json\/wp\/v2\/product\/11721\/revisions"}],"wp:featuredmedia":[{"embeddable":true,"href":"https:\/\/gltestm.webology.pl\/pl\/wp-json\/wp\/v2\/media\/14118"}],"wp:attachment":[{"href":"https:\/\/gltestm.webology.pl\/pl\/wp-json\/wp\/v2\/media?parent=11721"}],"wp:term":[{"taxonomy":"product_brand","embeddable":true,"href":"https:\/\/gltestm.webology.pl\/pl\/wp-json\/wp\/v2\/product_brand?post=11721"},{"taxonomy":"product_cat","embeddable":true,"href":"https:\/\/gltestm.webology.pl\/pl\/wp-json\/wp\/v2\/product_cat?post=11721"},{"taxonomy":"product_tag","embeddable":true,"href":"https:\/\/gltestm.webology.pl\/pl\/wp-json\/wp\/v2\/product_tag?post=11721"}],"curies":[{"name":"wp","href":"https:\/\/api.w.org\/{rel}","templated":true}]}}