{"id":11719,"date":"2026-03-18T22:03:10","date_gmt":"2026-03-18T21:03:10","guid":{"rendered":"https:\/\/gltestm.webology.pl\/produkt\/stopka-overlockowa-do-marszczenia\/"},"modified":"2026-03-22T21:39:04","modified_gmt":"2026-03-22T20:39:04","slug":"stopka-overlockowa-do-marszczenia","status":"publish","type":"product","link":"https:\/\/gltestm.webology.pl\/pl\/produkt\/stopka-overlockowa-do-marszczenia\/","title":{"rendered":"Stopka overlockowa do marszczenia"},"content":{"rendered":"<h2>Stopka overlockowa do marszczenia<\/h2>\n<p><strong>Stopka do marszczenia<\/strong> na gumce pozwala na zszycie <strong>dw\u00f3ch partii materia\u0142\u00f3w<\/strong> przy jednoczesnym marszczeniu dolnej warstwy materia\u0142u. Jest idealna do szycia ubra\u0144 <strong>dzieci\u0119cych<\/strong>, \u0142\u0105czenia pomarszczonych <strong>falban z firanami<\/strong>, a tak\u017ce nakry\u0107 na st\u00f3\u0142, czy <strong>sp\u00f3dnic<\/strong> <strong>wielowarstwowych<\/strong>. <strong>Stopie\u0144 marszczenia<\/strong> ustawiany jest za pomoc\u0105 regulacji <strong>transportu r\u00f3\u017cnicowego<\/strong>.<\/p>\n<h2>Jak u\u017cywa\u0107 stopk\u0119 do marszczenia?<\/h2>\n<ol>\n<li><strong>Po\u0142\u00f3\u017c dwie<\/strong> warstwy tkaniny na maszynie, wstawiaj\u0105c pomi\u0119dzy nie p\u0142yt\u0119 separuj\u0105c\u0105.<\/li>\n<li>Wykonaj <strong>2-3 szwy<\/strong>.<\/li>\n<li>Podczas szycia delikatnie prowad\u017a i utrzymuj oddzielnie zar\u00f3wno g\u00f3rn\u0105, jak i doln\u0105 warstw\u0119 materia\u0142u.<\/li>\n<\/ol>\n<h2>Stopka pasuje do maszyn<\/h2>\n<ul>\n<li>Overlock \u0141ucznik 820D5 i <span>720D5<\/span><\/li>\n<li><span>Pfaff Hobbylock 2.0, Pfaff Hobbylock 4762, Pfaff Coverlock 4772<\/span><\/li>\n<li>Singer 14U544, Singer 14U554, Singer 14U555, Singer 14CG744,<\/li>\n<li>Singer 14CG754, Singer 14SH654, Singer 14SH744, Singer 14SH754, Singer 50SCH<\/li>\n<li>Husqvarna Viking Huskylock s15<\/li>\n<\/ul>\n","protected":false},"excerpt":{"rendered":"<p>Idealna do wykonywania marszcze\u0144 podczas szycia karczk\u00f3w, mankiet\u00f3w, falban czy kryz.<\/p>\n","protected":false},"featured_media":15903,"comment_status":"open","ping_status":"closed","template":"","meta":[],"product_brand":[],"product_cat":[453],"product_tag":[],"class_list":{"0":"post-11719","1":"product","2":"type-product","3":"status-publish","4":"has-post-thumbnail","6":"product_cat-stopki-do-overlockow","8":"first","9":"instock","10":"taxable","11":"shipping-taxable","12":"purchasable","13":"product-type-simple"},"_links":{"self":[{"href":"https:\/\/gltestm.webology.pl\/pl\/wp-json\/wp\/v2\/product\/11719","targetHints":{"allow":["GET"]}}],"collection":[{"href":"https:\/\/gltestm.webology.pl\/pl\/wp-json\/wp\/v2\/product"}],"about":[{"href":"https:\/\/gltestm.webology.pl\/pl\/wp-json\/wp\/v2\/types\/product"}],"replies":[{"embeddable":true,"href":"https:\/\/gltestm.webology.pl\/pl\/wp-json\/wp\/v2\/comments?post=11719"}],"version-history":[{"count":0,"href":"https:\/\/gltestm.webology.pl\/pl\/wp-json\/wp\/v2\/product\/11719\/revisions"}],"wp:featuredmedia":[{"embeddable":true,"href":"https:\/\/gltestm.webology.pl\/pl\/wp-json\/wp\/v2\/media\/15903"}],"wp:attachment":[{"href":"https:\/\/gltestm.webology.pl\/pl\/wp-json\/wp\/v2\/media?parent=11719"}],"wp:term":[{"taxonomy":"product_brand","embeddable":true,"href":"https:\/\/gltestm.webology.pl\/pl\/wp-json\/wp\/v2\/product_brand?post=11719"},{"taxonomy":"product_cat","embeddable":true,"href":"https:\/\/gltestm.webology.pl\/pl\/wp-json\/wp\/v2\/product_cat?post=11719"},{"taxonomy":"product_tag","embeddable":true,"href":"https:\/\/gltestm.webology.pl\/pl\/wp-json\/wp\/v2\/product_tag?post=11719"}],"curies":[{"name":"wp","href":"https:\/\/api.w.org\/{rel}","templated":true}]}}