{"id":11718,"date":"2026-03-18T22:03:09","date_gmt":"2026-03-18T21:03:09","guid":{"rendered":"https:\/\/gltestm.webology.pl\/produkt\/zestaw-6-stopek-do-overlockow\/"},"modified":"2026-03-22T22:06:18","modified_gmt":"2026-03-22T21:06:18","slug":"zestaw-6-stopek-do-overlockow","status":"publish","type":"product","link":"https:\/\/gltestm.webology.pl\/pl\/produkt\/zestaw-6-stopek-do-overlockow\/","title":{"rendered":"Zestaw 6 stopek do overlock\u00f3w"},"content":{"rendered":"<h2>Zestaw stopek do overlock\u00f3w<\/h2>\n<p>Zestaw specjalistycznych stopek do overlock\u00f3w \u0141ucznik 820D5 i 720D. Zestaw sk\u0142ada si\u0119 z z 6 stopek i jest zamkni\u0119ty w wygodnym pude\u0142ku, kt\u00f3re u\u0142atwi nam przechowywanie stopek.<\/p>\n<h2>Zawarto\u015b\u0107 zestawu<\/h2>\n<ol>\n<li>Stopka do marszczenia<\/li>\n<li>Stopka do wszywania ta\u015bm elastycznych<\/li>\n<li>Stopka do szycia \u015bciegiem krytym<\/li>\n<li>Stopka do przyszywania koronek<\/li>\n<li>Stopka do wszywania koralik\u00f3w<\/li>\n<li>Stopka do wszywania sznurka<\/li>\n<\/ol>\n","protected":false},"excerpt":{"rendered":"<p>Zestaw sze\u015bciu stopek do Overloka 820D5 i 720D4 firmy \u0141ucznik w wygodnym pude\u0142ku.<\/p>\n","protected":false},"featured_media":13651,"comment_status":"open","ping_status":"closed","template":"","meta":[],"product_brand":[],"product_cat":[453],"product_tag":[],"class_list":{"0":"post-11718","1":"product","2":"type-product","3":"status-publish","4":"has-post-thumbnail","6":"product_cat-stopki-do-overlockow","8":"first","9":"instock","10":"taxable","11":"shipping-taxable","12":"purchasable","13":"product-type-simple"},"_links":{"self":[{"href":"https:\/\/gltestm.webology.pl\/pl\/wp-json\/wp\/v2\/product\/11718","targetHints":{"allow":["GET"]}}],"collection":[{"href":"https:\/\/gltestm.webology.pl\/pl\/wp-json\/wp\/v2\/product"}],"about":[{"href":"https:\/\/gltestm.webology.pl\/pl\/wp-json\/wp\/v2\/types\/product"}],"replies":[{"embeddable":true,"href":"https:\/\/gltestm.webology.pl\/pl\/wp-json\/wp\/v2\/comments?post=11718"}],"version-history":[{"count":0,"href":"https:\/\/gltestm.webology.pl\/pl\/wp-json\/wp\/v2\/product\/11718\/revisions"}],"wp:featuredmedia":[{"embeddable":true,"href":"https:\/\/gltestm.webology.pl\/pl\/wp-json\/wp\/v2\/media\/13651"}],"wp:attachment":[{"href":"https:\/\/gltestm.webology.pl\/pl\/wp-json\/wp\/v2\/media?parent=11718"}],"wp:term":[{"taxonomy":"product_brand","embeddable":true,"href":"https:\/\/gltestm.webology.pl\/pl\/wp-json\/wp\/v2\/product_brand?post=11718"},{"taxonomy":"product_cat","embeddable":true,"href":"https:\/\/gltestm.webology.pl\/pl\/wp-json\/wp\/v2\/product_cat?post=11718"},{"taxonomy":"product_tag","embeddable":true,"href":"https:\/\/gltestm.webology.pl\/pl\/wp-json\/wp\/v2\/product_tag?post=11718"}],"curies":[{"name":"wp","href":"https:\/\/api.w.org\/{rel}","templated":true}]}}