{"id":11061,"date":"2024-09-22T21:40:53","date_gmt":"2024-09-22T19:40:53","guid":{"rendered":"https:\/\/gltestm.webology.pl\/produkt\/maszyna-do-szycia-lucznik-mini-blue\/"},"modified":"2026-03-22T22:11:08","modified_gmt":"2026-03-22T21:11:08","slug":"maszyna-do-szycia-lucznik-mini-blue","status":"publish","type":"product","link":"https:\/\/gltestm.webology.pl\/pl\/produkt\/maszyna-do-szycia-lucznik-mini-blue\/","title":{"rendered":"Maszyna do szycia \u0141ucznik Mini Blue"},"content":{"rendered":"<h2><img fetchpriority=\"high\" decoding=\"async\" src=\"\/data\/include\/cms\/.product\/0\/1\/1410\/Mini-Blue_lifestyle_1.jpg\" alt=\"maszyna do szycia mini blue\" width=\"1500\" height=\"1049\"><\/h2>\n<h2>Mini Blue zaprasza do Magicznej Krainy Szycia!<\/h2>\n<p>Jest <strong>ma\u0142a<\/strong> i <strong>lekka<\/strong>, a dzi\u0119ki wygodnej <strong>r\u0105czce<\/strong> Twoja pociecha wsz\u0119dzie j\u0105 ze sob\u0105. Mali adepci sztuki krawieckiej pokochaj\u0105 j\u0105 w\u0142a\u015bnie za niewielkie gabaryty i prawdziwe, \u201edoros\u0142e\u201d funkcje. Za wygl\u0105d, rzecz jasna, te\u017c, ale mo\u017cliwo\u015bci najm\u0142odszej w \u0142ucznikowej rodzinie maszyny do szycia to jednak kwestia kluczowa. Jeste\u015bmy przekonani, \u017ce maszyna Mini Blue szybko zdob\u0119dzie dzieci\u0119ce (i nie tylko) serduszka.<\/p>\n<p>Tak, dobrze my\u015blicie \u2013 maszyna Mini Blue to siostra bli\u017aniaczka naszej Mini, cho\u0107 oczywi\u015bcie \u201edziewczynki\u201d delikatnie si\u0119 od siebie r\u00f3\u017cni\u0105. Wida\u0107 to zreszt\u0105 ju\u017c na pierwszy rzut oka. Tak, tak \u2013 w\u0142a\u015bnie o kolorystyce m\u00f3wimy. No i Mini Blue jest m\u0142odsza, ale o wieku podobno m\u00f3wi\u0107 nie wypada. A tak serio, najwi\u0119ksz\u0105 zalet\u0105 tej maszyny jest fakt, \u017ce zosta\u0142a wyposa\u017cona w <strong>przydatne funkcje<\/strong>, kt\u00f3re maj\u0105 te\u017c standardowe, \u201edoros\u0142e\u201d modele maszyn do szycia, ale za spraw\u0105 mniejszego rozmiaru oraz intuicyjnej obs\u0142ugi idealnie sprawdzi si\u0119 w przypadku <strong>m\u0142odszych krawc\u00f3w<\/strong>, czyli <strong>dzieci<\/strong> i <strong>m\u0142odzie\u017cy<\/strong>. Wiemy te\u017c, \u017ce miniaturowe maszyny do szycia cz\u0119sto wybieraj\u0105 te\u017c osoby pocz\u0105tkuj\u0105ce, kt\u00f3re dopiero z\u0142apa\u0142y szyciowego bakcyla.<\/p>\n<p>Mini Blue b\u0119dzie wi\u0119c idealnym pomys\u0142em na <strong>prezent<\/strong> dla przysz\u0142ych projektant\u00f3w, kt\u00f3rzy dzi\u0119ki niej mog\u0105 zaprawi\u0107 si\u0119 w szyciowych bojach. Spodoba si\u0119 te\u017c wszystkim, kt\u00f3rzy chc\u0105 <strong>rozwija\u0107<\/strong> swoje pasje, bo dotrzyma im kroku i wprowadzi do Magicznej Krainy Szycia. Co najwa\u017cniejsze, <strong>specjalna plastikowa os\u0142onka<\/strong>, kt\u00f3ra os\u0142ania ig\u0142\u0119, sprawi, \u017ce ma\u0142e paluszki b\u0119d\u0105 bezpieczne podczas krawieckich manewr\u00f3w.<\/p>\n<h2><strong>Najwa\u017cniejsze cechy Mini Blue<\/strong><\/h2>\n<ul>\n<li>ma\u0142e wymiary, niewielka waga<\/li>\n<li>bardzo <strong>prosta obs\u0142uga<\/strong><\/li>\n<li>12 program\u00f3w szycia<\/li>\n<li>\u015bciegi: prosty, zygzak, kryty<\/li>\n<li><strong>os\u0142ona ig\u0142y<\/strong> zabezpieczaj\u0105ca palce<\/li>\n<li>szycie wsteczne<\/li>\n<li>automatyczne nawijanie nici na szpulk\u0119<\/li>\n<li>\u0142atwe obcinanie nici<\/li>\n<li>tryb <strong>szycia automatycznego<\/strong> (bez regulatora no\u017cnego, suwakiem)<\/li>\n<li>regulacja napr\u0119\u017cenia nici<\/li>\n<li>chwytacz rotacyjny (\u0142atwe wk\u0142adanie szpulki)<\/li>\n<li>o\u015bwietlenie LED<\/li>\n<li>r\u0105czka do przenoszenia<\/li>\n<\/ul>\n<h2>Standardowe wyposa\u017cenie<\/h2>\n<ul>\n<li>2 szpulki z nici\u0105 g\u00f3rn\u0105 (bia\u0142a i czarna)<\/li>\n<li>2 metalowe szpulki dolne (bia\u0142a i czarna ni\u0107)<\/li>\n<li>2 ig\u0142y<\/li>\n<li>nawlekacz do nici<\/li>\n<li>os\u0142onka na palce<\/li>\n<li>stopka uniwersalna<\/li>\n<li>stopka do obszywania dziurek na guziki<\/li>\n<li>no\u017cny regulator obrot\u00f3w (peda\u0142)<\/li>\n<li>zasilacz<\/li>\n<\/ul>\n<h2>Maszyna do szycia Mini Blue \u2013 Twoja pociecha j\u0105 pokocha!<\/h2>\n<p>Maszyna Mini Blue powsta\u0142a przede wszystkim <strong>z my\u015bl\u0105 o dzieciach<\/strong>, kt\u00f3re uwielbiaj\u0105 stroi\u0107 lalki i misie, projektowa\u0107 ubrania czy tworzy\u0107 rzeczy zwi\u0105zane z realizacj\u0105 swoich pasji. Pierwsze, samodzielne szycie na podstawie prostego wykrojnika? Ta maszyna idealnie si\u0119 do tego nadaje! Nasza ma\u0142a Mini Blue ma <strong>12 program\u00f3w szyciowych<\/strong>, czyli w sam raz na start szyciowej przygody. Tym bardziej, \u017ce z ich pomoc\u0105 mo\u017cna szy\u0107 \u015bciegiem <strong>prostym<\/strong>, <strong>zygzakiem<\/strong> praz <strong>krytym<\/strong>.<\/p>\n<h2>Dwie pr\u0119dko\u015bci szycia automatycznego<\/h2>\n<p>A skoro o szyciu \u2013 czyli tym, co najwa\u017cniejsze \u2013 mowa, Mini Blue ma bardzo przydatn\u0105 i jak\u017ce u\u0142atwiaj\u0105c\u0105 \u017cycie opcj\u0119 <strong>szycia automatycznego<\/strong>. I to w dw\u00f3ch pr\u0119dko\u015bciach:<\/p>\n<ul>\n<li><strong>wolnej (low)<\/strong> \u2013 z kt\u00f3rej zazwyczaj korzystaj\u0105 osoby stawiaj\u0105ce swoje pierwsze \u015bciegi oraz te, kt\u00f3re chc\u0105 bardziej skupi\u0107 si\u0119 podczas szycia (np. w przypadku projektu wymagaj\u0105cego wi\u0119kszej precyzji),<\/li>\n<li><strong>szybkiej (high)<\/strong> \u2013 kt\u00f3ra \u015bwietnie sprawdza si\u0119 w przypadku nieco bardziej zaawansowanych ma\u0142ych krawc\u00f3w albo kiedy mamy wi\u0119kszy kawa\u0142ek materia\u0142u do przeszycia.<\/li>\n<\/ul>\n<p>Tutaj od razu zaznaczamy: bez wzgl\u0119du na wiek ma\u0142ego (lub te\u017c nieco starszego) adepta sztuki krawieckiej <strong>opcji szycia automatycznego<\/strong> nie nale\u017cy si\u0119 ba\u0107. Ona naprawd\u0119 bardzo pomaga, zw\u0142aszcza, je\u015bli dopiero uczymy si\u0119 szy\u0107 i nie mamy jeszcze wyczucia przy korzystaniu z <strong>no\u017cnego regulatora obrot\u00f3w<\/strong>. Bo, jak na prawdziw\u0105 maszyn\u0119 przesta\u0142o, Mini Blue mo\u017cna te\u017c kontrolowa\u0107 w\u0142a\u015bnie za pomoc\u0105 <strong>no\u017cnego regulatora obrot\u00f3w<\/strong>, kt\u00f3ry potocznie wiele os\u00f3b nazywa peda\u0142em. Oczywi\u015bcie, w tej maszynie jest on nieco <strong>mniejszy<\/strong> i bardziej przystosowany do dzieci\u0119cych st\u00f3pek.<\/p>\n<h2>Funkcja szycia wstecz<\/h2>\n<p>Jak na prawdziw\u0105 maszyn\u0119 do szycia przysta\u0142o, Mini Blue ma <strong>funkcj\u0119 szycia wstecznego<\/strong>, kt\u00f3ra jest nie do zast\u0105pienia przy <strong>zako\u0144czeniu \u015bciegu<\/strong>. Z pomoc\u0105 tej funkcji Twoja pociecha \u015bwietnie poradzi sobie z estetycznym wyko\u0144czeniem szwu, a przy okazji, <strong>zabezpieczy go przed pruciem<\/strong>. Dzi\u0119ki temu zyska pewno\u015b\u0107, \u017ce pierwsze uszytki b\u0119d\u0105 <strong>wytrzyma\u0142e<\/strong> i w nienaruszonym stanie przetrwaj\u0105 d\u0142ugi czas, staj\u0105c si\u0119 w przysz\u0142o\u015bci bezcenn\u0105 pami\u0105tk\u0105.<\/p>\n<h2>Wolne rami\u0119 u\u0142atwi i przyspieszy prac\u0119<\/h2>\n<p>Ponadto maszyna Mini Blue zosta\u0142a wyposa\u017cona w <strong>wolne rami\u0119<\/strong>, wprawdzie nie takie \u201ape\u0142nowymiarowe\u201d jak standardowe maszyny czy cho\u0107by Lena 2019, ale i tak bardzo przydatne. Bardzo dobrze spe\u0142nia swoj\u0105 rol\u0119 podczas <strong>obszywania w\u0105skich element\u00f3w<\/strong> garderoby, takich jak r\u0119kawy czy nogawki. W rezultacie znacznie u\u0142atwia i przyspiesza prace. Tym sposobem m\u0142odzi projektanci mog\u0105 szybciej realizowa\u0107 swoje pomys\u0142y, rozwijaj\u0105c swoj\u0105 kreatywno\u015b\u0107 i wyobra\u017ani\u0119 podczas tworzenia nowych prac.<\/p>\n<p>Du\u017cym wzi\u0119ciem cieszy si\u0119 r\u00f3wnie\u017c <strong>do\u0142\u0105czona do maszyny stopka do obszywania dziurek na guziki<\/strong>. Wprawdzie dziurki mo\u017cna obszywa\u0107 tak\u017ce z pomoc\u0105 stopki uniwersalnej, ale z t\u0105 wychodzi to znacznie lepiej.<\/p>\n<h2>Przydatne funkcje maszyny Mini Blue <\/h2>\n<p>Z funkcji u\u0142atwiaj\u0105cych \u017cycie warto te\u017c wymieni\u0107 <strong>automatyczne nawijanie nici<\/strong> na szpulk\u0119 b\u0119benka \u2013 dzi\u0119ki temu Twoja pociecha nie tylko szybko si\u0119 z tym uwinie (i to dos\u0142ownie), ale b\u0119dzie mia\u0142a te\u017c pewno\u015b\u0107, \u017ce ni\u0107 jest odpowiednio \u201eciasno\u201d nawini\u0119ta. M\u0142odym adeptom sztuki krawieckiej mo\u017ce si\u0119 te\u017c przyda\u0107 <strong>no\u017cyk do obcinania nici<\/strong>, kt\u00f3ry sprytnie schowali\u015bmy w obudowie. Przyda si\u0119 zw\u0142aszcza wtedy, kiedy no\u017cyczki znikn\u0105 z pola widzenia. A jak wiadomo, w wirze pracy wszystko jest mo\u017cliwe.<\/p>\n<h2>Maszyna dla dzieci Mini Blue \u2013 bezpiecze\u0144stwo i komfort pracy<\/h2>\n<p>Mini Blue \u0142\u0105czy sobie dwie bardzo wa\u017cne cechy: z jednej strony jest<strong> w pe\u0142ni funkcjonaln\u0105 maszyn\u0105 do szycia<\/strong> (z prawdziwymi, \u201edoros\u0142ymi\u201d funkcjami), z drugiej za\u015b, zosta\u0142a tak przystosowana, by korzystaj\u0105ce z niej <strong>dzieci<\/strong> by\u0142y w <strong>100% bezpieczne<\/strong>. Dzieje si\u0119 tak za spraw\u0105 <strong>specjalnej, plastikowej os\u0142onki otaczaj\u0105cej ig\u0142\u0119<\/strong>, kt\u00f3ra <strong>chroni<\/strong> ma\u0142e paluszki zar\u00f3wno podczas pierwszych krawieckich zmaga\u0144, jak i przy okazji bardziej skomplikowanych projekt\u00f3w. Nie musisz si\u0119 zatem obawia\u0107, \u017ce Twoja pociecha skaleczy si\u0119 manewruj\u0105c materia\u0142em podczas szycia. Nawet, je\u015bli b\u0119dzie to robi\u0107 szybko i energicznie, co \u2013 w przypadku dzieci \u2013 wcale nie jest niemo\u017cliwe.<\/p>\n<p><strong>Maszyna Mini Blue<\/strong><span> nie jest zabawk\u0105, lecz pe\u0142nowarto\u015bciow\u0105 maszyn\u0105 do szycia, stworzon\u0105 przede wszystkim z my\u015bl\u0105 o najm\u0142odszych adeptach sztuki krawieckiej. Mog\u0105 jej u\u017cywa\u0107 dzieci, kt\u00f3re sko\u0144czy\u0142y 8 lat, o ile odbywa\u0107 si\u0119 to b\u0119dzie pod nadzorem osoby doros\u0142ej, a w wcze\u015bniej zosta\u0142y odpowiednio poinstruowane odno\u015bnie jej bezpiecznego u\u017cytkowania.<\/span><\/p>\n<h2>Nowoczesne o\u015bwietlenie LED<\/h2>\n<p>Bezpiecze\u0144stwo, ale te\u017c i wygod\u0119, podczas korzystania z maszyny Mini Blue zwi\u0119ksza te\u017c <strong>zamontowane w obudowie LED-owe o\u015bwietlenie<\/strong>. Nie tylko sprawia, \u017ce pole szycia jest <strong>dobrze widoczne<\/strong>, ale te\u017c dba o oczy Twojego dziecka. Ma\u0142a krawcowa, czy te\u017c ma\u0142y krawiec, nie b\u0119d\u0105 bowiem musia\u0142y nadwer\u0119\u017ca\u0107 wzroku, by widzie\u0107 to, co robi.<\/p>\n<h2>Szufladka na akcesoria w korpusie<\/h2>\n<p>M\u00f3wi\u0105c o udogodnieniach, nie mo\u017cna zapomnie\u0107 o <strong>praktycznej<\/strong>, <strong>chowanej<\/strong> w <strong>korpusie<\/strong> szufladce. Mo\u017cna w niej schowa\u0107 najpotrzebniejsze akcesoria, dzi\u0119ki czemu zawsze b\u0119d\u0105 pod r\u0119k\u0105.<\/p>\n<h2>Mini Blue \u2013 stworzona, by rozwija\u0107 dzieci\u0119ce pasje<\/h2>\n<p><strong>Intuicyjna<\/strong> oraz <strong>prosta obs\u0142uga<\/strong> naszej najnowszej maszyny dla dzieci sprawiaj\u0105, \u017ce m\u0142odzi projektanci, zafascynowani w\u0142asnor\u0119cznym wykonywaniem coraz bardziej zaawansowanych przedsi\u0119wzi\u0119\u0107, dadz\u0105 si\u0119 ponie\u015b\u0107 krawieckiej pasji. Dzi\u0119ki temu nie tylko rozwin\u0105 swoj\u0105 kreatywno\u015b\u0107, ale te\u017c znacznie poprawi\u0105 <strong>koordynacj\u0119 r\u0119ka-oko<\/strong> (czyli <strong>wzrokowo-ruchow\u0105<\/strong>). To wszystko sprawi, \u017ce zyskaj\u0105 mo\u017cliwo\u015b\u0107 rozwoju wszechstronnych umiej\u0119tno\u015bci ju\u017c od najm\u0142odszych lat.<\/p>\n<h2>Polska instrukcja u\u0142atwi rozpocz\u0119cie szyciowej przygody<\/h2>\n<p>Oczywi\u015bcie, do Mini Blue do\u0142\u0105czona jest <strong>instrukcja<\/strong> obs\u0142ugi w j\u0119zyku <strong>polskim<\/strong>, kt\u00f3ra z <strong>ka\u017cd\u0105 kolejn\u0105 stron\u0105 b\u0119dzie wprowadza\u0107 Twoje dziecko<\/strong> do Magicznej Krainy Szycia. Na jej kartach staramy si\u0119 bowiem <strong>wyt\u0142umaczy\u0107<\/strong>, jak zbudowana jest maszyna, jak dzia\u0142a oraz w jakie funkcje j\u0105 wyposa\u017cyli\u015bmy. Na ostatnich stronach znajdziesz te\u017c <strong>2-letni\u0105 gwarancj\u0119<\/strong>, kt\u00f3ra liczona jest od dnia zakupu. <\/p>\n<p>To co, dasz si\u0119 nam\u00f3wi\u0107 i wyprawisz swoj\u0105 pociech\u0119 do Magicznej Krainy Szycia? Zapewniamy, \u017ce to b\u0119dzie fantastyczna przygoda!<\/p>\n<h2>Prawid\u0142owe dzia\u0142anie maszyny<\/h2>\n<p>W celu zapewnienia <strong>prawid\u0142owego<\/strong> dzia\u0142ania maszyny nale\u017cy u\u017cywa\u0107 <span><strong>wy\u0142\u0105cznie metalowych dolnych szpulki na nici<\/strong><\/span>. Korzystanie z <strong>plastikowych<\/strong> szpulek mo\u017ce doprowadzi\u0107 do nieprawid\u0142owego dzia\u0142ania lub nawet <strong>uszkodzenia maszyn<\/strong>.<\/p>\n","protected":false},"excerpt":{"rendered":"<p>Mini Blue zawojuje szyciowy \u015bwiat! Ta miniaturowa maszyna do szycia jest ma\u0142a, por\u0119czna i ma specjaln\u0105 os\u0142onk\u0119, kt\u00f3ra ochroni dzieci\u0119ce paluszki. Te doros\u0142e zreszt\u0105 te\u017c!<\/p>\n","protected":false},"featured_media":13715,"comment_status":"closed","ping_status":"closed","template":"","meta":[],"product_brand":[],"product_cat":[413],"product_tag":[],"class_list":{"0":"post-11061","1":"product","2":"type-product","3":"status-publish","4":"has-post-thumbnail","6":"product_cat-maszyny-do-szycia-dla-dzieci","8":"first","9":"instock","10":"purchasable","11":"product-type-simple"},"_links":{"self":[{"href":"https:\/\/gltestm.webology.pl\/pl\/wp-json\/wp\/v2\/product\/11061","targetHints":{"allow":["GET"]}}],"collection":[{"href":"https:\/\/gltestm.webology.pl\/pl\/wp-json\/wp\/v2\/product"}],"about":[{"href":"https:\/\/gltestm.webology.pl\/pl\/wp-json\/wp\/v2\/types\/product"}],"replies":[{"embeddable":true,"href":"https:\/\/gltestm.webology.pl\/pl\/wp-json\/wp\/v2\/comments?post=11061"}],"version-history":[{"count":3,"href":"https:\/\/gltestm.webology.pl\/pl\/wp-json\/wp\/v2\/product\/11061\/revisions"}],"predecessor-version":[{"id":12311,"href":"https:\/\/gltestm.webology.pl\/pl\/wp-json\/wp\/v2\/product\/11061\/revisions\/12311"}],"wp:featuredmedia":[{"embeddable":true,"href":"https:\/\/gltestm.webology.pl\/pl\/wp-json\/wp\/v2\/media\/13715"}],"wp:attachment":[{"href":"https:\/\/gltestm.webology.pl\/pl\/wp-json\/wp\/v2\/media?parent=11061"}],"wp:term":[{"taxonomy":"product_brand","embeddable":true,"href":"https:\/\/gltestm.webology.pl\/pl\/wp-json\/wp\/v2\/product_brand?post=11061"},{"taxonomy":"product_cat","embeddable":true,"href":"https:\/\/gltestm.webology.pl\/pl\/wp-json\/wp\/v2\/product_cat?post=11061"},{"taxonomy":"product_tag","embeddable":true,"href":"https:\/\/gltestm.webology.pl\/pl\/wp-json\/wp\/v2\/product_tag?post=11061"}],"curies":[{"name":"wp","href":"https:\/\/api.w.org\/{rel}","templated":true}]}}