{"id":11034,"date":"2024-09-22T21:40:53","date_gmt":"2024-09-22T19:40:53","guid":{"rendered":"https:\/\/gltestm.webology.pl\/produkt\/maszyna-do-szycia-lucznik-ewa-ii-2014\/"},"modified":"2026-03-22T22:11:08","modified_gmt":"2026-03-22T21:11:08","slug":"maszyna-do-szycia-lucznik-ewa-ii-2014","status":"publish","type":"product","link":"https:\/\/gltestm.webology.pl\/pl\/produkt\/maszyna-do-szycia-lucznik-ewa-ii-2014\/","title":{"rendered":"Maszyna do szycia \u0141ucznik Ewa II 2014"},"content":{"rendered":"<h2><strong><img fetchpriority=\"high\" decoding=\"async\" src=\"\/data\/include\/cms\/.product\/1\/6\/61\/Ewa-II-2014_lifestyle_1.jpg\" alt=\"maszyna do szycia \u0141ucznik Ewa\" width=\"1500\" height=\"1001\" \/><\/strong><\/h2>\n<h2><strong>Maszyna do szycia \u0141ucznik Ewa II 2014<\/strong><\/h2>\n<p><strong>Lekki<\/strong>, <strong>przeno\u015bny<\/strong> i bardzo <strong>gustowny<\/strong> korpus maszyny <strong>\u0141ucznik<\/strong> <strong>Ewa II 2014<\/strong> kryje w sobie a\u017c <strong>38 program\u00f3w szycia<\/strong> (22 programy szycia bez u\u017cycia podw\u00f3jnej ig\u0142y). W\u015br\u00f3d nich znajduj\u0105 si\u0119 ustawienia uwzgl\u0119dniaj\u0105ce nie tylko <strong>\u015bciegi podstawowe<\/strong>, ale tak\u017ce <strong>overlockowe<\/strong> i <strong>elastyczne<\/strong>, wsp\u00f3\u0142graj\u0105ce tak\u017ce z materia\u0142ami <strong>rozci\u0105gliwymi<\/strong>. D\u0142ugo\u015b\u0107 \u015bciegu mo\u017cna regulowa\u0107 w zakresie od 0-4 mm. Maszyna oferuje <strong>4-stopniowe obszywanie dziurek<\/strong> na guziki i opcj\u0119 <strong>obszywania brzeg\u00f3w<\/strong>. Do pracy z r\u00f3\u017cnymi typami materia\u0142\u00f3w przyda Ci si\u0119 z pewno\u015bci\u0105 szeroka gama \u015bcieg\u00f3w oraz opcja wysokiego podnoszenia stopki, dzi\u0119ki czemu swobodnie dopasujesz si\u0119 do r\u00f3\u017cnego rodzaju i zmiennej grubo\u015bci materia\u0142\u00f3w.<\/p>\n<h2>Ewa II 2014 &#8211; najwa\u017cniejsze funkcje<\/h2>\n<ul>\n<li><strong>38 program\u00f3w szycia<\/strong> (22 programy szycia bez u\u017cycia podw\u00f3jnej ig\u0142y)<\/li>\n<li>\u015bcieg prosty, <strong>overlockowy<\/strong>, <strong>elastyczny<\/strong>, <strong>zygzak<\/strong>, tr\u00f3jskok, kryty oraz wiele innych<\/li>\n<li><strong>regulacja d\u0142ugo\u015bci <\/strong>\u015bciegu<\/li>\n<li><strong>automatyczne nawijanie<\/strong> nici na szpulk\u0119 doln\u0105<\/li>\n<li>p\u00f3\u0142automatyczne <strong>obszywanie dziurek<\/strong><\/li>\n<li>regulacja <strong>napr\u0119\u017cenia nici<\/strong><\/li>\n<li><strong>wysokie<\/strong> podnoszenie stopki<\/li>\n<li><strong>wyka\u0144czanie brzegu<\/strong>: \u015bcieg kryty, \u015bcieg owerlockowy, zygzak<\/li>\n<li>niewidoczne<strong> podszywanie brzegu<\/strong>: \u015bcieg kryty<\/li>\n<li>mo\u017cliwo\u015b\u0107 szycia <strong>podw\u00f3jn\u0105 ig\u0142\u0105<\/strong><\/li>\n<li><strong>wolne rami\u0119<\/strong> (wysi\u0119g)<\/li>\n<li>chwytacz <strong>wahad\u0142owy<\/strong><\/li>\n<li>szycie wsteczne<\/li>\n<li>4-stopniowe obszywanie dziurki<\/li>\n<li>czytelne<strong> oznaczenia na korpusie<\/strong> maszyny<\/li>\n<li>o\u015bwietlenie <strong>LED<\/strong><\/li>\n<li>d\u017awignia<strong> blokady transportu<\/strong><\/li>\n<li>uchwyt do przenoszenia<\/li>\n<\/ul>\n<h2>Maszyna do szycia \u0141ucznik Ewa II 2014 &#8211; przydatne akcesoria gratis<\/h2>\n<p>W zewn\u0119trznej cz\u0119\u015bci styropianu znajduje si\u0119 pojemnik\/szufladka na akcesoria.<\/p>\n<ul>\n<li>stopka <strong>uniwersalna<\/strong><\/li>\n<li>stopka do <strong>suwak\u00f3w<\/strong><\/li>\n<li>stopka do <strong>przyszywania guzik\u00f3w<\/strong><\/li>\n<li>stopka do <strong>obrzucania dziurek<\/strong><\/li>\n<li>prujka<\/li>\n<li><strong>3 zapasowe ig\u0142y<\/strong> uniwersalne 90\/14<\/li>\n<li><strong>3 szpulki na nitk\u0119 doln\u0105<\/strong><\/li>\n<li><strong>ig\u0142a podw\u00f3jna<\/strong><\/li>\n<li>p\u0142ytka zakrywaj\u0105ca z\u0105bki transportera<\/li>\n<li><strong>2 trzpienie<\/strong> na ni\u0107 g\u00f3rn\u0105<\/li>\n<li>2 podk\u0142adki pod szpul\u0119 nici<\/li>\n<li><strong>regulator obrot\u00f3w z kablem zasilaj\u0105cym<\/strong><\/li>\n<li>2 wkr\u0119taki (ma\u0142y i du\u017cy)<\/li>\n<li>pokrowiec przeciwkurzowy<\/li>\n<\/ul>\n<h2>Jakie \u015bciegi posiada maszyna do szycia Ewa II?<\/h2>\n<p>Na g\u0142\u00f3wnym pokr\u0119tle maszyny ustawi\u0107 mo\u017cna<strong> 22 r\u00f3\u017cne programy<\/strong>. Je\u015bli zamontujemy <strong>podw\u00f3jn\u0105 ig\u0142\u0119<\/strong> (znajduj\u0105c\u0105 si\u0119 <strong>w zestawie<\/strong>), ca\u0142kowita ilo\u015b\u0107 wzor\u00f3w mo\u017cliwych do wyszycia to a\u017c <strong>38<\/strong>! <strong>\u015aciegi podw\u00f3jne<\/strong> (mocne i elastyczne) zosta\u0142y <strong>zilustrowane na korpusie<\/strong> maszyny kolorem <strong>czerwonym<\/strong>. <strong>\u015aciegi overlockowe<\/strong> i <strong>elastyczne u\u0142atwiaj\u0105<\/strong> szycie z materia\u0142\u00f3w <strong>rozci\u0105gliwych<\/strong>, jak na przyk\u0142ad <strong>dzianiny<\/strong> i <strong>stretch<\/strong>. \u015aciegi, kt\u00f3rymi mo\u017cna szy\u0107 przy pomocy maszyny \u0141ucznik EWA II 2014 to mi\u0119dzy innymi:<\/p>\n<ul>\n<li>prosty<\/li>\n<li>zygzakowy<\/li>\n<li>tr\u00f3jskok<\/li>\n<li>kryty<\/li>\n<li>muszelkowy<\/li>\n<li>satynowy<\/li>\n<li>potr\u00f3jny<\/li>\n<li>mostkowy<\/li>\n<li>overlockowy<\/li>\n<li>potr\u00f3jny<\/li>\n<li>elastyczny<\/li>\n<li>prosty<\/li>\n<\/ul>\n<h2>Maszyna do szycia Ewa II 2014 &#8211; pe\u0142ny \u015bcieg overlockowy<\/h2>\n<p>EWA II 2014 posiada a\u017c <strong>3 overlockowe tryby szycia<\/strong>, w tym rozbudowany, <strong>obustronny \u015bcieg overlockowy<\/strong> &#8211; za jego pomoc\u0105 estetycznie obr\u0119bisz brzegi swoich wyrob\u00f3w. Stopka na zdj\u0119ciu nie jest cz\u0119\u015bci\u0105 zestawu, mo\u017cna j\u0105 zakupi\u0107 <strong><a href=\"https:\/\/galerialucznik.pl\/pl\/products\/czesci-i-akcesoria\/stopki-i-lamowniki\/stopki-do-maszyn\/stopka-do-sciegow-overlockowych-97.html\" target=\"_blank\" rel=\"noopener\">tutaj<\/a><\/strong>.<\/p>\n<h2>Metalowy chwytacz wahad\u0142owy<\/h2>\n<p>Maszyna do szycia posiada <strong>klasyczny<\/strong>, <strong>metalowy<\/strong> <strong>chwytacz<\/strong> typu <strong>wahad\u0142owego<\/strong>, ceniony przez tradycjonalist\u00f3w.<\/p>\n<h2>Wolne rami\u0119 i podw\u00f3jna ig\u0142a w zestawie<\/h2>\n<p>Lew\u0105 cz\u0119\u015b\u0107 pola pracy maszyny mo\u017cna swobodnie wysun\u0105\u0107, aby utworzy\u0107 tak zwane<strong> wolne rami\u0119 maszyny<\/strong> \u2014 dzi\u0119ki temu mamy mo\u017cliwo\u015b\u0107 <strong>wygodnego obrzucenia nogawek spodni<\/strong>, <strong>mankiet\u00f3w<\/strong> czy <strong>dekolt\u00f3w<\/strong>.<\/p>\n<p>Ewa II 2014 umo\u017cliwia <strong>szycie podw\u00f3jn\u0105 ig\u0142\u0105<\/strong>. Posiada <strong>dwa trzpienie na nici<\/strong> umo\u017cliwiaj\u0105ce wygodne zastosowanie tego trybu szycia. Po zamontowaniu podw\u00f3jnej ig\u0142y ilo\u015b\u0107 wzor\u00f3w mo\u017cliwych do wyszycia za pomoc\u0105 EWY II 2014 ro\u015bnie do <strong>38<\/strong>!<\/p>\n<h2>24-miesi\u0119czna gwarancja<\/h2>\n<p>Maszyna do szycia \u0141ucznik<strong> Ewa II 2014<\/strong> posiada <strong>24-miesi\u0119czn\u0105 gwarancj\u0119 door-to-door <\/strong>oraz instrukcj\u0119 w j\u0119zyku polskim, z kt\u00f3r\u0105 nale\u017cy zapozna\u0107 si\u0119 przed przyst\u0105pieniem do u\u017cytkowania sprz\u0119tu.<\/p>\n<h2>Konserwacja maszyny do szycia. Krok po kroku.<\/h2>\n","protected":false},"excerpt":{"rendered":"<p>Prostota z plusem, czyli szykowna i bardzo pomocna \u0141ucznik Ewa II 2014 to po\u0142\u0105czenie klasycznych mo\u017cliwo\u015bci produkt\u00f3w \u0141ucznik i nowoczesnych rozwi\u0105za\u0144 na miar\u0119 wsp\u00f3\u0142czesnego u\u017cytkownika.<\/p>\n","protected":false},"featured_media":13701,"comment_status":"closed","ping_status":"closed","template":"","meta":[],"product_brand":[],"product_cat":[393],"product_tag":[],"class_list":{"0":"post-11034","1":"product","2":"type-product","3":"status-publish","4":"has-post-thumbnail","6":"product_cat-maszyny-do-szycia-tradycyjne","8":"first","9":"instock","10":"purchasable","11":"product-type-simple"},"_links":{"self":[{"href":"https:\/\/gltestm.webology.pl\/pl\/wp-json\/wp\/v2\/product\/11034","targetHints":{"allow":["GET"]}}],"collection":[{"href":"https:\/\/gltestm.webology.pl\/pl\/wp-json\/wp\/v2\/product"}],"about":[{"href":"https:\/\/gltestm.webology.pl\/pl\/wp-json\/wp\/v2\/types\/product"}],"replies":[{"embeddable":true,"href":"https:\/\/gltestm.webology.pl\/pl\/wp-json\/wp\/v2\/comments?post=11034"}],"version-history":[{"count":2,"href":"https:\/\/gltestm.webology.pl\/pl\/wp-json\/wp\/v2\/product\/11034\/revisions"}],"predecessor-version":[{"id":12294,"href":"https:\/\/gltestm.webology.pl\/pl\/wp-json\/wp\/v2\/product\/11034\/revisions\/12294"}],"wp:featuredmedia":[{"embeddable":true,"href":"https:\/\/gltestm.webology.pl\/pl\/wp-json\/wp\/v2\/media\/13701"}],"wp:attachment":[{"href":"https:\/\/gltestm.webology.pl\/pl\/wp-json\/wp\/v2\/media?parent=11034"}],"wp:term":[{"taxonomy":"product_brand","embeddable":true,"href":"https:\/\/gltestm.webology.pl\/pl\/wp-json\/wp\/v2\/product_brand?post=11034"},{"taxonomy":"product_cat","embeddable":true,"href":"https:\/\/gltestm.webology.pl\/pl\/wp-json\/wp\/v2\/product_cat?post=11034"},{"taxonomy":"product_tag","embeddable":true,"href":"https:\/\/gltestm.webology.pl\/pl\/wp-json\/wp\/v2\/product_tag?post=11034"}],"curies":[{"name":"wp","href":"https:\/\/api.w.org\/{rel}","templated":true}]}}