{"id":11024,"date":"2024-09-22T21:40:53","date_gmt":"2024-09-22T19:40:53","guid":{"rendered":"https:\/\/gltestm.webology.pl\/produkt\/maszyna-do-szycia-lucznik-mia\/"},"modified":"2026-03-22T22:11:08","modified_gmt":"2026-03-22T21:11:08","slug":"maszyna-do-szycia-lucznik-mia","status":"publish","type":"product","link":"https:\/\/gltestm.webology.pl\/pl\/produkt\/maszyna-do-szycia-lucznik-mia\/","title":{"rendered":"Maszyna do szycia \u0141ucznik Mia"},"content":{"rendered":"<div>\n<div>\n<h2><strong><img decoding=\"async\" src=\"\/data\/include\/cms\/\/Mia_lifestyle_1.jpg\" alt=\"\"><\/strong><\/h2>\n<h2><strong>Maszyna do szycia MIA \u2013 szycie prosto z serca!<\/strong><\/h2>\n<p><strong><span>Dzi\u0119ki maszynie MIA mo\u017cesz zosta\u0107 mistrzyni\u0105 (tudzie\u017c mistrzem) ig\u0142y! Jej <\/span>prosty mechanizm<span> oraz do\u0142\u0105czona do ka\u017cdego egzemplarza instrukcja obs\u0142ugi sprawi\u0105, \u017ce stawianie pierwszych w krawieckiej karierze \u015bcieg\u00f3w nie b\u0119dzie \u017cadnym problemem. Jeste\u015bmy przekonani, \u017ce w ka\u017cdym szyciowym projekcie, kt\u00f3ry wykonasz wsp\u00f3lnie z MI\u0104, b\u0119dzie wida\u0107 w\u0142o\u017cone serce.<\/span><\/strong><\/p>\n<h2><strong>MIA \u2013 maszyna, kt\u00f3ra pozwala rozwija\u0107 pasje<\/strong><\/h2>\n<p><strong><span>Samodzielne szycie pobudza kreatywno\u015b\u0107! Aby pom\u00f3c w realizacji wszystkie Twoich szyciowych pomys\u0142\u00f3w, MIA zosta\u0142a wyposa\u017cona w<\/span> 38 program\u00f3w szycia, w tym \u2013 mo\u017cliwo\u015b\u0107 szycia podw\u00f3jn\u0105 ig\u0142\u0105. <span>Du\u017ca liczba \u015bcieg\u00f3w zapewnia szerokie pole do popisu z r\u00f3\u017cnymi rodzajami materia\u0142\u00f3w \u2013 przede wszystkim w pracy<\/span><span> z materia\u0142ami delikatnymi, cienkimi i tradycyjnymi<\/span><span>. Cho\u0107 \u2013 przy doborze odpowiedniej ig\u0142y \u2013 i jeans jej nie straszny!<\/span><\/strong><\/p>\n<p><strong><span>MIA ma zatrzaskowe mocowanie stopek, wahad\u0142owy chwytacz nici oraz mo\u017cliwo\u015b\u0107 szycia wstecznego. W swoim repertuarze posiada \u015bciegi podstawowe, elastyczne oraz overlockowe. Ma r\u00f3wnie\u017c funkcj\u0119 regulacji ich d\u0142ugo\u015bci.<\/span><\/strong><\/p>\n<p><strong><span>Najwi\u0119cej pomys\u0142\u00f3w wpada do g\u0142owy wieczorem? Dla MII to \u017caden problem! Nasz \u201er\u00f3\u017c\u00f3wka\u201d ma wbudowane <\/span>nowoczesne o\u015bwietlenie LED<span>, kt\u00f3re u\u0142atwi prac\u0119 bez wzgl\u0119du na por\u0119. Ju\u017c podczas pierwszego spotkania z MI\u0104 przekonasz si\u0119, \u017ce zosta\u0142a zaprojektowana w\u0142a\u015bnie z my\u015bl\u0105 o Tobie. <\/span><\/strong><\/p>\n<h2><strong>Szyj kolorem z MI\u0104<\/strong><\/h2>\n<p><strong><span>Has\u0142o \u201eszyj kolorem\u201d nie wzi\u0119\u0142o si\u0119 z niczego. <\/span>U\u017cyty<span> w tym modelu energetyczny r\u00f3\u017c rozbudzi w Tobie emocje, dzi\u0119ki kt\u00f3rym stworzysz unikatowe projekty.<\/span><\/strong><\/p>\n<p><strong><span>Oczywi\u015bcie, MIA ma odpowiedni\u0105 \u201ewyprawk\u0119\u201d \u2013 dostaniesz j\u0105 z<\/span> kompletem wyposa\u017cenia dodatkowego,<span> w sk\u0142ad kt\u00f3rego wchodzi:<\/span><\/strong><\/p>\n<ul>\n<li><strong><span>stopka uniwersalna (zamontowana w maszynie)<\/span><\/strong><\/li>\n<li><strong><span>stopka do zamk\u00f3w<\/span><\/strong><\/li>\n<li><strong><span>stopka do obszywania dziurek<\/span><\/strong><\/li>\n<li><strong><span>stopka do guzik\u00f3w<\/span><\/strong><\/li>\n<li><strong><span>wkr\u0119taki<\/span><\/strong><\/li>\n<li><strong><span>prujka<\/span><\/strong><\/li>\n<li><strong><span>ig\u0142y<\/span><\/strong><\/li>\n<li><strong><span>szpulki<\/span><\/strong><\/li>\n<li><strong><span>ig\u0142a podw\u00f3j<\/span><\/strong><strong><span>na<\/span><\/strong><\/li>\n<li><strong><span>p\u0142ytka os\u0142aniaj\u0105ca z\u0105bki transportera<\/span><\/strong><\/li>\n<li><strong><span>dodatkowy trzpie\u0144 na szpulk\u0119<\/span><\/strong><\/li>\n<li><strong><span>rozrusznik<\/span><\/strong><\/li>\n<li><strong><span>os\u0142ona PVC na maszyn\u0119<\/span><\/strong><\/li>\n<li><strong><span>Gwarancja 24-miesi\u0105ce<\/span><\/strong><\/li>\n<\/ul>\n<h2>24-miesi\u0119czna gwarancja<\/h2>\n<p><span>Maszyna posiada <\/span><strong>24-miesi\u0119czn\u0105 gwarancj<\/strong><span>\u0119 oraz <\/span><strong>instrukcj\u0119 w j\u0119zyku polskim<\/strong><span>, z kt\u00f3r\u0105 nale\u017cy zapozna\u0107 si\u0119 przed przyst\u0105pieniem do u\u017cytkowania sprz\u0119tu, aby bezpiecznie i zgodnie z przeznaczeniem wykorzystywa\u0107 pe\u0142ni\u0119 jej mo\u017cliwo\u015bci.<\/span><\/p>\n<h2>Konserwacja maszyny do szycia. Krok po kroku.<\/h2>\n<\/div>\n<\/div>\n","protected":false},"excerpt":{"rendered":"<p>Mamma Mia, c\u00f3\u017c za r\u00f3\u017c! 38 program\u00f3w (w tym szycie podw\u00f3jn\u0105 ig\u0142\u0105), kt\u00f3re pozwol\u0105 stworzy\u0107 wiele pi\u0119knych kreacji. MIA to dobry wyb\u00f3r dla os\u00f3b, kt\u00f3re zaczynaj\u0105 przygod\u0119 z szyciem i chc\u0105 zg\u0142\u0119bi\u0107 jego tajniki.<\/p>\n","protected":false},"featured_media":15927,"comment_status":"closed","ping_status":"closed","template":"","meta":[],"product_brand":[],"product_cat":[393],"product_tag":[],"class_list":{"0":"post-11024","1":"product","2":"type-product","3":"status-publish","4":"has-post-thumbnail","6":"product_cat-maszyny-do-szycia-tradycyjne","8":"first","9":"instock","10":"purchasable","11":"product-type-variable"},"_links":{"self":[{"href":"https:\/\/gltestm.webology.pl\/pl\/wp-json\/wp\/v2\/product\/11024","targetHints":{"allow":["GET"]}}],"collection":[{"href":"https:\/\/gltestm.webology.pl\/pl\/wp-json\/wp\/v2\/product"}],"about":[{"href":"https:\/\/gltestm.webology.pl\/pl\/wp-json\/wp\/v2\/types\/product"}],"replies":[{"embeddable":true,"href":"https:\/\/gltestm.webology.pl\/pl\/wp-json\/wp\/v2\/comments?post=11024"}],"version-history":[{"count":2,"href":"https:\/\/gltestm.webology.pl\/pl\/wp-json\/wp\/v2\/product\/11024\/revisions"}],"predecessor-version":[{"id":12359,"href":"https:\/\/gltestm.webology.pl\/pl\/wp-json\/wp\/v2\/product\/11024\/revisions\/12359"}],"wp:featuredmedia":[{"embeddable":true,"href":"https:\/\/gltestm.webology.pl\/pl\/wp-json\/wp\/v2\/media\/15927"}],"wp:attachment":[{"href":"https:\/\/gltestm.webology.pl\/pl\/wp-json\/wp\/v2\/media?parent=11024"}],"wp:term":[{"taxonomy":"product_brand","embeddable":true,"href":"https:\/\/gltestm.webology.pl\/pl\/wp-json\/wp\/v2\/product_brand?post=11024"},{"taxonomy":"product_cat","embeddable":true,"href":"https:\/\/gltestm.webology.pl\/pl\/wp-json\/wp\/v2\/product_cat?post=11024"},{"taxonomy":"product_tag","embeddable":true,"href":"https:\/\/gltestm.webology.pl\/pl\/wp-json\/wp\/v2\/product_tag?post=11024"}],"curies":[{"name":"wp","href":"https:\/\/api.w.org\/{rel}","templated":true}]}}