{"id":10987,"date":"2024-09-22T21:40:53","date_gmt":"2024-09-22T19:40:53","guid":{"rendered":"https:\/\/gltestm.webology.pl\/produkt\/maszyna-do-szycia-lucznik-lena-2019\/"},"modified":"2026-03-22T22:11:08","modified_gmt":"2026-03-22T21:11:08","slug":"maszyna-do-szycia-lucznik-lena-2019","status":"publish","type":"product","link":"https:\/\/gltestm.webology.pl\/pl\/produkt\/maszyna-do-szycia-lucznik-lena-2019\/","title":{"rendered":"Maszyna do szycia \u0141ucznik Lena 2019"},"content":{"rendered":"<h2><img fetchpriority=\"high\" decoding=\"async\" src=\"\/data\/include\/cms\/.product\/4\/9\/1094\/Lena-2019_lifestyle_1.jpg\" alt=\"\u0141ucznik Lena 2019\" width=\"1500\" height=\"1057\" \/><\/h2>\n<h2>Mini maszyna do szycia dla dzieci \u0141ucznik Lena 2019<\/h2>\n<p>Z szyciem jest jak z jazd\u0105 na rowerze &#8211; kto\u015b kiedy\u015b musi nas tego nauczy\u0107, by\u015bmy mogli cieszy\u0107 si\u0119 t\u0105 umiej\u0119tno\u015bci\u0105 przez ca\u0142e \u017cycie. Wszyscy pami\u0119tamy magi\u0119 chwili, w kt\u00f3rej pod czujnym okiem rodzic\u00f3w po raz pierwszy stawiali\u015bmy stopy na peda\u0142ach i dr\u017c\u0105cymi d\u0142o\u0144mi chwytali\u015bmy za kierownic\u0119. Jedna, druga, trzecia pr\u00f3ba i\u2026 sukces!<\/p>\n<p>To przyk\u0142ad z \u017cycia wzi\u0119ty, kt\u00f3ry pokazuje nam, \u017ce dzieci\u0119ca <strong>kreatywno\u015b\u0107<\/strong> i <strong>g\u0142\u00f3d wiedzy<\/strong> maluch\u00f3w potrzebuj\u0105 naszego wsparcia tylko na pocz\u0105tku, by p\u00f3\u017aniej rozwin\u0105\u0107 skrzyd\u0142a. <a href=\"https:\/\/galerialucznik.pl\/pl\/menu\/dla-dzieci\/maszyny-dla-dzieci\/maszyny-do-szycia-724.html\" target=\"_blank\" rel=\"noopener\"><strong>Miniaturowa maszyna<\/strong><\/a> \u0141ucznik Lena 2019 jest dla <strong>ma\u0142oletniego mi\u0142o\u015bnika szycia<\/strong> tym, czym dodatkowe k\u00f3\u0142ka s\u0105 dla pocz\u0105tkuj\u0105cego kolarza. Zapewniaj\u0105 pomoc podczas stawiania pierwszych krok\u00f3w w nowej, ekscytuj\u0105cej dziedzinie.<\/p>\n<h2>Najwa\u017cniejsze cechy maszyny do szycia Lena 2019<\/h2>\n<ul>\n<li><strong>16 program\u00f3w szycia<\/strong><\/li>\n<li><strong>ma\u0142e<\/strong> wymiary, <strong>niewielka<\/strong> waga<\/li>\n<li>bardzo <strong>prosta obs\u0142uga <\/strong>(<strong>jedno pokr\u0119t\u0142o zmiany \u015bcieg\u00f3w<\/strong>)<\/li>\n<li>\u015bciegi: prosty, zygzak, kryty<\/li>\n<li>szycie <strong>wsteczne<\/strong><\/li>\n<li>tryb szycia automatycznego (bez regulatora no\u017cnego, suwakiem)<\/li>\n<li><strong>automatyczne<\/strong> przewijanie nici na szpulk\u0119<\/li>\n<li>regulacja napr\u0119\u017cenia nici<\/li>\n<li>chwytacz rotacyjny (<strong>\u0142atwe wk\u0142adanie szpulki)<\/strong><\/li>\n<li>funkcja <strong>obrzucania dziurek<\/strong> na guziki<\/li>\n<li>o\u015bwietlenie <strong>LED<\/strong><\/li>\n<li>uchwyt matic &#8211; mo\u017cliwo\u015b\u0107 stosowania <strong>stopek zatrzaskowych<\/strong><\/li>\n<li>wbudowana <strong>szufladka<\/strong> na akcesoria<\/li>\n<\/ul>\n<h2> Standardowe wyposa\u017cenie<\/h2>\n<ul>\n<li>stopka do <strong>obszywania dziurek<\/strong> na guziki<\/li>\n<li>stopka <strong>uniwersalna<\/strong><\/li>\n<li><strong>os\u0142onka palc\u00f3w<\/strong><\/li>\n<li>zapasowa <strong>ig\u0142a<\/strong><\/li>\n<li>szpulka na nici 2 szt.<\/li>\n<li>nici czarne<\/li>\n<li>nici bia\u0142e<\/li>\n<li>nawlekacz ig\u0142y<\/li>\n<li>zasilacz 6 V 1200 mA + regulator no\u017cny<\/li>\n<li><strong>przyst\u0119pna instrukcja<\/strong> obs\u0142ugi w j\u0119zyku polskim<\/li>\n<\/ul>\n<h2>Lena to bezpiecze\u0144stwo i z rado\u015b\u0107 nauki szycia od podstaw<\/h2>\n<p>Najwa\u017cniejszym <strong>udogodnieniem<\/strong>, jakie oferuje maszyna do szycia Lena, jest <strong>zabezpieczenie przed uk\u0142uciem ma\u0142ych paluszk\u00f3w<\/strong> podczas nauki szycia. Z my\u015bl\u0105 o ochronie dzieci\u0119cych r\u0105czek wok\u00f3\u0142 za\u0142o\u017conej ig\u0142y zainstalowali\u015bmy <strong>specjaln\u0105 os\u0142on\u0119<\/strong>, dzi\u0119ki kt\u00f3rej jako rodzic <strong>nie musisz martwi\u0107 si\u0119<\/strong> o zdrowie pociechy podczas wsp\u00f3lnych lekcji obs\u0142ugi maszyny. <\/p>\n<p>Dodatkowo, z boku urz\u0105dzenia znajduje si\u0119 <strong>obcinacz nici w postaci szczeliny<\/strong>, w kt\u00f3r\u0105 mo\u017cna wsun\u0105\u0107 ni\u0107 w celu obci\u0119cia jej na \u017c\u0105dan\u0105 d\u0142ugo\u015b\u0107. Obcinacz w Lenie 2019 jest <strong>zabezpieczony specjaln\u0105 os\u0142on\u0105 uniemo\u017cliwiaj\u0105c\u0105 jego dotkni\u0119cie<\/strong>.<\/p>\n<p><strong>Maszyna Lena<\/strong> nie jest zabawk\u0105, lecz pe\u0142nowarto\u015bciow\u0105 maszyn\u0105 do szycia, stworzon\u0105 przede wszystkim z my\u015bl\u0105 o najm\u0142odszych adeptach sztuki krawieckiej. Mog\u0105 jej u\u017cywa\u0107 dzieci, kt\u00f3re sko\u0144czy\u0142y 8 lat, o ile odbywa\u0107 si\u0119 to b\u0119dzie pod nadzorem osoby doros\u0142ej, a w wcze\u015bniej zosta\u0142y odpowiednio poinstruowane odno\u015bnie jej bezpiecznego u\u017cytkowania.  <\/p>\n<h2>Z maszyn\u0105 do szycia \u0141ucznik Lena 2019 szycie nigdy nie by\u0142o prostsze!<\/h2>\n<p>Wasze pierwsze krawieckie projekty z maszyn\u0105 do szycia \u0141ucznik Len\u0105 zamieni\u0105 si\u0119 w kaszk\u0119 z mleczkiem. A to za spraw\u0105 przyjaznej konstrukcji miniaturowej maszyny \u0141ucznik, pozwalaj\u0105cej na<strong> \u0142atw\u0105 regulacj\u0119 szycia<\/strong> &#8211; od \u015bcieg\u00f3w prostych po zygzaki. Za ich zmian\u0119 odpowiada tutaj tylko <strong>jedno pokr\u0119t\u0142o<\/strong>, a rodzaje \u015bcieg\u00f3w zaznaczone s\u0105 na obudowie maszyny <strong>rysunkami<\/strong> i <strong>numerami<\/strong>.<\/p>\n<p>Maszyna do szycia \u0141ucznik Lena 2019 mo\u017ce dzia\u0142a\u0107 r\u00f3wnie dobrze bez regulatora no\u017cnego. <strong>Praca automatyczna<\/strong> dzia\u0142a w naszej maszynie w <strong>dw\u00f3ch<\/strong> trybach &#8211; <strong>wolniejszym<\/strong> i <strong>\u015brednio szybkim<\/strong>. Dzi\u0119ki temu maluch b\u0119dzie m\u00f3g\u0142 po kolei nauczy\u0107 si\u0119 najpierw obs\u0142ugi samych ustawie\u0144, a dopiero p\u00f3\u017aniej jednoczesnej regulacji tempa szycia przy pomocy niewielkiego pedalika.<\/p>\n<h2>Lekka maszyna stworzona z my\u015bl\u0105 o najm\u0142odszych<\/h2>\n<p>Miniaturowy produkt marki \u0141ucznik cechuje si\u0119 <strong>lekk\u0105 budow\u0105<\/strong> i \u0142atwo\u015bci\u0105 przechowywania. Dodatkowo, dzi\u0119ki wygodnej <strong>r\u0105czce<\/strong>, mo\u017cesz przenosi\u0107 maszyn\u0119 tam, gdzie b\u0119dzie si\u0119 Wam szy\u0142o najwygodniej. A skoro jeste\u015bmy przy wygodzie &#8211; nasza Lena posiada<strong> wbudowan\u0105 szufladk\u0119<\/strong> na niezb\u0119dne akcesoria, a w niej z dodatkowe szpulki, nici, stopk\u0119 do obszywania dziurek oraz nawlekacz.<\/p>\n<h2>Pomys\u0142 na kreatywny prezent dla dziecka<\/h2>\n<p>Dlaczego maszyna do szycia \u0141ucznik Lena 2019 to <strong>pomys\u0142owy<\/strong> i <strong>rozwijaj\u0105cy<\/strong> prezent dla Twojej pociechy? <strong>Stworzona z my\u015bl\u0105 o dzieci\u0119cej wyobra\u017ani<\/strong>, maszyna \u0141ucznik to narz\u0119dzie aktywnie wspieraj\u0105ce dzieci\u0119c\u0105 kreatywno\u015b\u0107. Z nim maluch nauczy si\u0119 nie tylko <strong>koordynacji psychofizycznej<\/strong> przy pracy na prostych, <strong>cienkich materia\u0142ach<\/strong>, ale zyska tak\u017ce cenn\u0105 umiej\u0119tno\u015b\u0107 przelewania swoich cudownych pomys\u0142\u00f3w na prawdziwe realizacje, jak kolorowe ubranka dla lalek czy mi\u0119kkie poduszeczki.<\/p>\n<h2>Prawid\u0142owe dzia\u0142anie maszyny<\/h2>\n<p>W celu zapewnienia <strong>prawid\u0142owego<\/strong> dzia\u0142ania maszyny nale\u017cy u\u017cywa\u0107 <span><strong>wy\u0142\u0105cznie metalowych dolnych szpulki na nici<\/strong><\/span>. Korzystanie z <strong>plastikowych<\/strong> szpulek mo\u017ce doprowadzi\u0107 do nieprawid\u0142owego dzia\u0142ania lub nawet <strong>uszkodzenia maszyn<\/strong>.<\/p>\n","protected":false},"excerpt":{"rendered":"<p>Lena 2019 to miniaturowa, automatyczna, prosta w obs\u0142udze i pi\u0119knie prezentuj\u0105ca si\u0119 maszyna \u0141ucznik, stworzona z my\u015bl\u0105 o dzieciach. Z ni\u0105, Tw\u00f3j maluch bezpiecznie i z rado\u015bci\u0105 nauczy si\u0119 podstaw szycia.<\/p>\n","protected":false},"featured_media":13528,"comment_status":"closed","ping_status":"closed","template":"","meta":[],"product_brand":[],"product_cat":[413],"product_tag":[],"class_list":{"0":"post-10987","1":"product","2":"type-product","3":"status-publish","4":"has-post-thumbnail","6":"product_cat-maszyny-do-szycia-dla-dzieci","8":"first","9":"instock","10":"purchasable","11":"product-type-simple"},"_links":{"self":[{"href":"https:\/\/gltestm.webology.pl\/pl\/wp-json\/wp\/v2\/product\/10987","targetHints":{"allow":["GET"]}}],"collection":[{"href":"https:\/\/gltestm.webology.pl\/pl\/wp-json\/wp\/v2\/product"}],"about":[{"href":"https:\/\/gltestm.webology.pl\/pl\/wp-json\/wp\/v2\/types\/product"}],"replies":[{"embeddable":true,"href":"https:\/\/gltestm.webology.pl\/pl\/wp-json\/wp\/v2\/comments?post=10987"}],"version-history":[{"count":2,"href":"https:\/\/gltestm.webology.pl\/pl\/wp-json\/wp\/v2\/product\/10987\/revisions"}],"predecessor-version":[{"id":12308,"href":"https:\/\/gltestm.webology.pl\/pl\/wp-json\/wp\/v2\/product\/10987\/revisions\/12308"}],"wp:featuredmedia":[{"embeddable":true,"href":"https:\/\/gltestm.webology.pl\/pl\/wp-json\/wp\/v2\/media\/13528"}],"wp:attachment":[{"href":"https:\/\/gltestm.webology.pl\/pl\/wp-json\/wp\/v2\/media?parent=10987"}],"wp:term":[{"taxonomy":"product_brand","embeddable":true,"href":"https:\/\/gltestm.webology.pl\/pl\/wp-json\/wp\/v2\/product_brand?post=10987"},{"taxonomy":"product_cat","embeddable":true,"href":"https:\/\/gltestm.webology.pl\/pl\/wp-json\/wp\/v2\/product_cat?post=10987"},{"taxonomy":"product_tag","embeddable":true,"href":"https:\/\/gltestm.webology.pl\/pl\/wp-json\/wp\/v2\/product_tag?post=10987"}],"curies":[{"name":"wp","href":"https:\/\/api.w.org\/{rel}","templated":true}]}}