{"id":10957,"date":"2024-09-22T21:40:53","date_gmt":"2024-09-22T19:40:53","guid":{"rendered":"https:\/\/gltestm.webology.pl\/produkt\/maszyna-do-szycia-lucznik-polonia-2018\/"},"modified":"2026-03-22T22:11:08","modified_gmt":"2026-03-22T21:11:08","slug":"maszyna-do-szycia-lucznik-polonia-2018","status":"publish","type":"product","link":"https:\/\/gltestm.webology.pl\/pl\/produkt\/maszyna-do-szycia-lucznik-polonia-2018\/","title":{"rendered":"Maszyna do szycia \u0141ucznik Polonia 2018"},"content":{"rendered":"<h2><img fetchpriority=\"high\" decoding=\"async\" src=\"\/data\/include\/cms\/.product\/8\/3\/838\/Polonia_2018_lifestyle_2.jpg\" alt=\"\u0141ucznik Polonia\" width=\"1500\" height=\"1066\" \/><\/h2>\n<h2>\u0141ucznik Polonia 2018 &#8211; prosta i uniwersalna domowa maszyna do szycia<\/h2>\n<p><strong>Prosta maszyna do szycia jest niezb\u0119dna w ka\u017cdym domu<\/strong> \u2013 wci\u0105\u017c trzeba a to zaszy\u0107 dziur\u0119, a to skr\u00f3ci\u0107 firanki czy obszy\u0107 nogawki spodni. <strong>Maszyna pierwszej potrzeby<\/strong>, kt\u00f3r\u0105 wyci\u0105gniesz z szafy, aby pomog\u0142a opanowa\u0107 ma\u0142e domowe kryzysy. Taka w\u0142a\u015bnie jest <strong>Polonia 2018<\/strong>, maszyna, kt\u00f3r\u0105 pokochasz od pierwszego wejrzenia. Maszyna w pi\u0119kne czerwone maki, kt\u00f3r\u0105 stworzyli\u015bmy specjalnie na <strong>100 rocznic\u0119<\/strong> odzyskania niepodleg\u0142o\u015bci przez Polsk\u0119.  <\/p>\n<h2>Najwa\u017cniejsze cechy<\/h2>\n<ul>\n<li><strong>22 \u015bciegi<\/strong> (prosty, <strong>overlock<\/strong>, zygzak, trykotowy, <strong>elastyczny<\/strong> i wiele innych)<\/li>\n<li><strong>wysokie<\/strong> podnoszenie <strong>stopki<\/strong><\/li>\n<li>regulacja<strong> pr\u0119dko\u015bci szycia<\/strong> (regulator no\u017cny),<\/li>\n<li>mo\u017cliwo\u015b\u0107 <strong>regulacji szeroko\u015bci \u015bciegu<\/strong> zygzak<\/li>\n<li><strong>regulacja d\u0142ugo\u015bci \u015bciegu<\/strong> (do 4 mm)<\/li>\n<li>regulacja <strong>napr\u0119\u017cenia<\/strong> nici<\/li>\n<li><strong>szycie wsteczne<\/strong> (d\u017awignia)<\/li>\n<li>automatyczne <strong>nawijanie nici<\/strong> na szpulk\u0119<\/li>\n<li>automatyczny <strong>nawlekacz nitki na ig\u0142\u0119<\/strong><\/li>\n<li>mo\u017cliwo\u015b\u0107 szycia <strong>podw\u00f3jn\u0105 ig\u0142\u0105<\/strong><\/li>\n<li>4-stopniowe <strong>obszywanie<\/strong> dziurek<\/li>\n<li>obcinacz nici<\/li>\n<li>zatrzaskowe mocowanie stopek (<strong>matic<\/strong>)<\/li>\n<li><strong>wolne rami\u0119<\/strong><\/li>\n<li>o\u015bwietlenie LED<\/li>\n<\/ul>\n<h2><strong>Do\u0142\u0105czane wyposa\u017cenie<\/strong><\/h2>\n<p>W <strong>wysuwanym schowku na akcesoria<\/strong> znajduje si\u0119 podstawowe wyposa\u017cenie maszyny oraz akcesoria niezb\u0119dne do jej konserwacji:<\/p>\n<ul>\n<li>stopka uniwersalna (zamontowana w maszynie)<\/li>\n<li>stopka do wszywania zamk\u00f3w<\/li>\n<li>stopka do obszywania dziurek na guziki<\/li>\n<li>stopka do przyszywania guzik\u00f3w<\/li>\n<li>prujka ze szczoteczk\u0105<\/li>\n<li>prowadnik do pikowania<\/li>\n<li>zapasowe ig\u0142y<\/li>\n<li>ograniczniki do na trzpie\u0144 g\u00f3rnej szpulki<\/li>\n<li>szpulki 3 szt.<\/li>\n<li>wkr\u0119tak<\/li>\n<li>oliwiarka<\/li>\n<li>p\u0142ytka zakrywaj\u0105ca z\u0105bki transportera<\/li>\n<li>dodatkowy trzpie\u0144<\/li>\n<li>podk\u0142adka na szpulk\u0119<\/li>\n<li><strong>ro\u017cny regulator obrot\u00f3w<\/strong><\/li>\n<li><strong>pokrowiec przeciwkurzowy<\/strong><\/li>\n<\/ul>\n<p><strong> <img decoding=\"async\" src=\"\/data\/include\/cms\/.product\/8\/3\/838\/Polonia_2018_lifestyle_1.jpg\" alt=\"\u0141ucznik Polonia\" width=\"1500\" height=\"1000\" \/><\/strong><\/p>\n<h2>22 \u015bciegi i intuicyjna obs\u0142uga jednym pokr\u0119t\u0142em<\/h2>\n<p>W <strong>Polonii 2018<\/strong> z \u0142atwo\u015bci\u0105 wybierzesz dowolny z <strong>22 \u015bcieg\u00f3w<\/strong> przy pomocy <strong>czytelnego pokr\u0119t\u0142a<\/strong> z przodu maszyny \u2013 ka\u017cda z liter to odpowiadaj\u0105cy danemu wzorowi tryb szycia. A jak wygl\u0105da wz\u00f3r? Wszystkie <strong>wyrysowane s\u0105 na jej korpusie<\/strong> \u2013 tak, aby w dowolnym momencie mo\u017cna by\u0142o podgl\u0105dn\u0105\u0107 wybrany \u015bcieg.  <\/p>\n<h2>Automatyczny nawlekacz u\u0142atwia i przyspiesza nawlekanie ig\u0142y<\/h2>\n<p><strong>Polonia 2018<\/strong> posiada funkcj\u0119, kt\u00f3r\u0105 z pewno\u015bci\u0105 docenisz: <strong>automatyczny nawlekacz<\/strong> pozwalaj\u0105cy \u0142atwo i szybko nawlec ig\u0142\u0119 maszyny, aby bez wysi\u0142ku przygotowa\u0107 j\u0105 do pracy. Nie ma wi\u0119c konieczno\u015bci celowania w oczko! Sam proces nawlekania jest u\u0142atwiony r\u00f3wnie\u017c dzi\u0119ki <strong>strza\u0142kom i obrazkom pogl\u0105dowym<\/strong> wyrysowanym na obudowie, kt\u00f3re pokazuj\u0105 krok po kroku gdzie i w kt\u00f3rym kierunku przeci\u0105gn\u0105\u0107 ni\u0107.  <\/p>\n<h2>Wolne rami\u0119 ze schowkiem oraz wysokie podnoszenie stopki<\/h2>\n<p>Dzi\u0119ki <strong>wolnemu ramieniu<\/strong> <strong>Polonii 2018<\/strong>, tworz\u0105cemu si\u0119 po wysuni\u0119ciu schowka na akcesoria, z \u0142atwo\u015bci\u0105 obrzucisz nogawk\u0119, przyszyjesz r\u0119kaw czy ko\u0142nierzyk. W razie potrzeby mo\u017cesz r\u00f3wnie\u017c pod\u0142o\u017cy\u0107 pod stopk\u0119 wy\u017csze z\u0142o\u017cenie materia\u0142u, dzi\u0119ki <strong>mo\u017cliwo\u015bci wysokiego podniesienia stopki.<\/strong><\/p>\n<h2>Korzystaj ze \u015bcieg\u00f3w overlockowych i elastycznych<\/h2>\n<p>Samo obrzucanie przy zastosowaniu <strong>Polonii 2018<\/strong> to prawdziwa przyjemno\u015b\u0107, dzi\u0119ki <strong>\u015bciegom overlockowym<\/strong>, kt\u00f3re posiada maszyna. To specjalne \u015bciegi, dzi\u0119ki kt\u00f3rym mo\u017cesz wyko\u0144czy\u0107 swoj\u0105 prac\u0119, na\u015bladuj\u0105c obszycie wykonane przy u\u017cyciu pe\u0142nowymiarowego overlocka. W razie potrzeby wyszyjesz z jej pomoc\u0105 r\u00f3wnie\u017c <strong>\u015bciegi elastyczne<\/strong> \u2013 to wszystkie te, kt\u00f3re widniej\u0105 w sekcji S1, widocznej po prawej stronie obudowy.<\/p>\n<p>Ko\u0144cz\u0105c prac\u0119 \u0142atwo utniesz ni\u0107 przeci\u0105gaj\u0105c j\u0105 przez specjalny <strong>no\u017cyk ukryty w obudowie<\/strong>, natomiast rozpoczynaj\u0105c szycie zabezpieczysz \u015bcieg ryglem wykonanym przy pomocy <strong>d\u017awigni szycia wstecznego<\/strong>.<\/p>\n<h2>Mo\u017cliwo\u015b\u0107 szycia podw\u00f3jn\u0105 ig\u0142\u0105<\/h2>\n<p><strong>Polonia 2018<\/strong> umo\u017cliwia r\u00f3wnie\u017c <strong>wygodne szycie podw\u00f3jn\u0105 ig\u0142\u0105<\/strong>, dzi\u0119ki drugiemu trzpieniowi na dodatkow\u0105 szpul\u0119 nici, kt\u00f3ry mo\u017cesz pod\u0142\u0105czy\u0107 w razie potrzeby.<\/p>\n<p>Wszystkie <strong>dost\u0119pne podw\u00f3jne ig\u0142y<\/strong> znajdziesz <strong><a href=\"https:\/\/galerialucznik.pl\/pl\/menu\/czesci-i-akcesoria\/akcesoria-do-maszyn-do-szycia\/igly-do-maszyn-676.html?filter_traits[781]=3803\" target=\"_blank\" rel=\"noopener\">tutaj<\/a><\/strong>.<\/p>\n<h2>Konserwacja maszyny do szycia. Krok po kroku.<\/h2>\n","protected":false},"excerpt":{"rendered":"<p>Polonia: edycja limitowana na 100-lecie odzyskania niepodleg\u0142o\u015bci! Si\u0142a tradycji, funkcjonalno\u015bci i prostoty u\u017cytkowania w jednym. Intuicyjna obs\u0142uga i solidne, metalowe podzespo\u0142y<\/p>\n","protected":false},"featured_media":15674,"comment_status":"closed","ping_status":"closed","template":"","meta":[],"product_brand":[],"product_cat":[393],"product_tag":[],"class_list":{"0":"post-10957","1":"product","2":"type-product","3":"status-publish","4":"has-post-thumbnail","6":"product_cat-maszyny-do-szycia-tradycyjne","8":"first","9":"outofstock","10":"purchasable","11":"product-type-simple"},"_links":{"self":[{"href":"https:\/\/gltestm.webology.pl\/pl\/wp-json\/wp\/v2\/product\/10957","targetHints":{"allow":["GET"]}}],"collection":[{"href":"https:\/\/gltestm.webology.pl\/pl\/wp-json\/wp\/v2\/product"}],"about":[{"href":"https:\/\/gltestm.webology.pl\/pl\/wp-json\/wp\/v2\/types\/product"}],"replies":[{"embeddable":true,"href":"https:\/\/gltestm.webology.pl\/pl\/wp-json\/wp\/v2\/comments?post=10957"}],"version-history":[{"count":2,"href":"https:\/\/gltestm.webology.pl\/pl\/wp-json\/wp\/v2\/product\/10957\/revisions"}],"predecessor-version":[{"id":11976,"href":"https:\/\/gltestm.webology.pl\/pl\/wp-json\/wp\/v2\/product\/10957\/revisions\/11976"}],"wp:featuredmedia":[{"embeddable":true,"href":"https:\/\/gltestm.webology.pl\/pl\/wp-json\/wp\/v2\/media\/15674"}],"wp:attachment":[{"href":"https:\/\/gltestm.webology.pl\/pl\/wp-json\/wp\/v2\/media?parent=10957"}],"wp:term":[{"taxonomy":"product_brand","embeddable":true,"href":"https:\/\/gltestm.webology.pl\/pl\/wp-json\/wp\/v2\/product_brand?post=10957"},{"taxonomy":"product_cat","embeddable":true,"href":"https:\/\/gltestm.webology.pl\/pl\/wp-json\/wp\/v2\/product_cat?post=10957"},{"taxonomy":"product_tag","embeddable":true,"href":"https:\/\/gltestm.webology.pl\/pl\/wp-json\/wp\/v2\/product_tag?post=10957"}],"curies":[{"name":"wp","href":"https:\/\/api.w.org\/{rel}","templated":true}]}}