{"id":10918,"date":"2024-09-22T21:40:53","date_gmt":"2024-09-22T19:40:53","guid":{"rendered":"https:\/\/gltestm.webology.pl\/produkt\/maszyna-do-szycia-lucznik-everyday\/"},"modified":"2026-03-22T22:11:08","modified_gmt":"2026-03-22T21:11:08","slug":"maszyna-do-szycia-lucznik-everyday","status":"publish","type":"product","link":"https:\/\/gltestm.webology.pl\/pl\/produkt\/maszyna-do-szycia-lucznik-everyday\/","title":{"rendered":"Maszyna do szycia \u0141ucznik Everyday"},"content":{"rendered":"<div>\n<div>\n<h2><strong><img decoding=\"async\" src=\"\/data\/include\/cms\/\/Everyday_lifestyle_1.jpg\" alt=\"\"><\/strong><\/h2>\n<h2><strong>Maszyna Everyday &#8211; szyj gdzie tylko<\/strong><strong> ch<\/strong><strong>cesz!<\/strong><\/h2>\n<p>\u0141ucznik Everyday to maszyna stworzona z my\u015bl\u0105 o <strong>osobach pocz\u0105tkuj\u0105cych, dzieciach<\/strong> oraz wszystkich tych, kt\u00f3rzy poszukuj\u0105 <strong>miniaturowej maszyny<\/strong>, kt\u00f3r\u0105 \u0142atwo zabra\u0107 ze sob\u0105 wsz\u0119dzie. Maszyna Everyday jest bowiem <strong>pomniejszona<\/strong> wzgl\u0119dem pe\u0142nowymiarowych, klasycznych maszyn, dzi\u0119ki czemu jest <strong>l\u017cejsza<\/strong> i <strong>\u0142atwiejsza w przechowywaniu. <\/strong>Zachowuje jednak pe\u0142n\u0105 podstawow\u0105 funkcjonalno\u015b\u0107 maszyny do szycia. <strong>Prostota obs\u0142ugi <\/strong>oraz niewielkie rozmiary czyni\u0105 j\u0105 przyjazn\u0105 dla <strong>dzieci<\/strong>. Do maszyny dodali\u015bmy te\u017c os\u0142onk\u0119 na palce!<\/p>\n<h2>Najwa\u017cniejsze cechy<\/h2>\n<ul>\n<li><strong>16 program\u00f3w szycia<\/strong> ( w tym prosty, zygzak, kryty, satynowy)<\/li>\n<li>Funkcja automatycznego <strong>4-stopniowego obrzucania dziurek<\/strong> na guziki<\/li>\n<li><strong>Stebnowanie<\/strong> \u015bciegiem prostym<\/li>\n<li><strong>Szycie wsteczne<\/strong><\/li>\n<li><strong>Automatyczne<\/strong> nawijanie nici na szpulk\u0119<\/li>\n<li>Szycie <strong>automatyczne<\/strong> (mo\u017cliwo\u015b\u0107 ustawienia pr\u0119dko\u015bci szycia za pomoc\u0105 suwaka)<\/li>\n<li><strong>Chwytacz nitki &#8211; rotacyjny<\/strong><\/li>\n<li>Regulacja <strong>napr\u0119\u017cenia nici<\/strong><\/li>\n<li>wbudowana lampka <strong>LED<\/strong><\/li>\n<li>obcinacz nici<\/li>\n<li>W\u0142\u0105cznik ON\/OFF<\/li>\n<li><strong>Wolne rami\u0119<\/strong><\/li>\n<li><strong>os\u0142onka na palce<\/strong><\/li>\n<\/ul>\n<h2>Standardowe wyposa\u017cenie<\/h2>\n<ul>\n<li>stopka <strong>uniwersalna<\/strong><\/li>\n<li>stopka do <strong>obszywania dziurek na guziki<\/strong><\/li>\n<li>2 szt. szpulki <strong>plastikowe<\/strong><\/li>\n<li>2 x szpulki metalowe<\/li>\n<li>ig\u0142a <strong>uniwersalna<\/strong><\/li>\n<li><strong>nawlekacz<\/strong> do igie\u0142<\/li>\n<li>regulator obrot\u00f3w do maszyny (tzw. <strong>peda\u0142<\/strong>)<\/li>\n<li>zasilacz<\/li>\n<li><strong>os\u0142onka na palce<\/strong><\/li>\n<li>instrukcja <\/li>\n<\/ul>\n<h2>Maszyna do szycia prosta w obs\u0142udze<\/h2>\n<p><span>Szycie przy pomocy <strong>Everyday<\/strong><\/span><span> mo\u017ce odbywa\u0107 si\u0119 bez regulatora no\u017cnego, dzi\u0119ki mo\u017cliwo\u015bci <\/span><strong>sterowania suwakiem<\/strong><span> na obudowie maszyny. W\u0142\u0105cza on powolne lub nieco szybsze szycie automatyczne &#8211; czyli<\/span><strong> maszyna szyje sama<\/strong><span>. Jest to tryb \u0142atwiejszy do opanowania przez pocz\u0105tkuj\u0105ce w szyciu dzieci, poniewa\u017c nie wymaga on wyrabiania koordynacji r\u0119ka-noga.<span> <strong>Everyday<\/strong><\/span><\/span><span> daje r\u00f3wnie\u017c mo\u017cliwo\u015b\u0107 pod\u0142\u0105czenia miniaturowego pedalika i w\u0142\u0105czenia <\/span><strong>sterowania no\u017cnego<\/strong><span>. Dzi\u0119ki temu stanowi <\/span><strong>idealny wst\u0119p do szycia<\/strong><span>, stopniowo przyzwyczajaj\u0105c do sposobu dzia\u0142ania &#8222;doros\u0142ej&#8221; maszyny.<\/span><\/p>\n<h2><span>16 program\u00f3w szycia <\/span><\/h2>\n<p>Maszyna ta posiada wbudowane <strong>16 program\u00f3w szycia<\/strong>,<span> kt\u00f3re regulowane s\u0105 pojedynczym pokr\u0119t\u0142em. Nie spos\u00f3b si\u0119 pogubi\u0107! Funkcjonalno\u015b\u0107 zwi\u0119ksza opcja <\/span><strong>szycia wstecznego <\/strong>oraz<strong> regulacja pr\u0119dko\u015bci szycia<\/strong>, dzi\u0119ki czemu \u0142atwo dostosujemy prac\u0119 maszyny do naszego poziomu umiej\u0119tno\u015bci operowania materia\u0142em. Naturalnie, maszyna zaopatrzona jest we wbudowan\u0105 <strong>szufladk\u0119 na akcesoria<\/strong>, <strong>obcinacz nici<\/strong> oraz <strong>wygodn\u0105 r\u0105czk\u0119 do przenoszenia<\/strong>, co znacznie u\u0142atwia transport maszyny.<\/p>\n<h2>Chwytacz rotacyjny i o\u015bwietlenie LED<\/h2>\n<p>Maszyna \u0141ucznik Everyday posiada <strong>chwytacz rotacyjny<\/strong>, dot\u0105d dost\u0119pny jedynie w maszynach wy\u017cszej klasy. Dzi\u0119ki temu nie tylko nawlekanie dolnej nici jest \u0142atwiejsze, ale mo\u017cliwy jest tak\u017ce bezpo\u015bredni podgl\u0105d na ilo\u015b\u0107 nici pozosta\u0142ej na szpulce. Posiada <strong>o\u015bwietlenie pola pracy<\/strong> w formie <strong>diody LED<\/strong>. <\/p>\n<h2>Niezast\u0105piona przy okazjonalnym szyciu na prostych materia\u0142ach<\/h2>\n<p><strong>Maszyna Everyday<\/strong> pomimo kompaktowych wymiar\u00f3w, jest w pe\u0142ni<strong> funkcjonalna<\/strong> &#8211;<strong> idealnie nadaje si\u0119 do drobnych, okazjonalnych prac na prostych materia\u0142ach <\/strong>oraz<strong> rozwijania hobby<\/strong>. Co wi\u0119cej, dzi\u0119ki swym niewielkim gabarytom (wa\u017cy niewiele ponad 3 kilogramy!), maszyna idealnie nadaje si\u0119 do zabrania jej ze sob\u0105 na weekend czy na wakacje. Przyda si\u0119 nie tylko do drobnych reperacji podartych ubra\u0144, ale te\u017c b\u0119dzie idealnym sposobem na sp\u0119dzenie deszczowego wieczoru &#8211;<span> poprzez <\/span><strong>kreatywn\u0105<\/strong> <strong>zabaw\u0119<\/strong> dla Twojej pociechy!<\/p>\n<h2>Maszyna do szycia wspomagaj\u0105ca dzieci\u0119c\u0105 kreatywno\u015b\u0107<\/h2>\n<p>Maszyna Everyday b\u0119dzie r\u00f3wnie\u017c doskona\u0142ym dodatkiem do pokoju ka\u017cdego kreatywnego dziecka. Maszyn\u0105 do szycia nie tylko dostarczy d\u0142ugich godzin \u015bwietnej rozrywki, ale tak\u017ce wspomo\u017ce rozw\u00f3j<strong> koordynacji wzrokowo-ruchowej, zmys\u0142u estetyki <\/strong>oraz<strong> wyobra\u017ani<\/strong>. <\/p>\n<p>Maszyna <strong>\u0141ucznik Everyday<\/strong> najlepiej spisuje si\u0119 w pracy z tkaninami o prostej budowie i cienkiej oraz \u015bredniej grubo\u015bci. Pami\u0119taj, \u017ce jest to maszyna uproszczona i pomniejszona, o zredukowanej wadze i podstawowej funkcjonalno\u015bci. Nie b\u0119dzie wi\u0119c nadawa\u0142a si\u0119 do szycia z ci\u0119\u017ckich, grubych materia\u0142\u00f3w tudzie\u017c z rozci\u0105gliwych dzianin.<\/p>\n<h2>Kompatybilna z systemem MATIC<\/h2>\n<p>Do maszyny mo\u017cna u\u017cywa\u0107 stopki zatrzaskowe mocowane na uchwyt Matic. <\/p>\n<h2>Prawid\u0142owe dzia\u0142anie maszyny<\/h2>\n<p>W celu zapewnienia <strong>prawid\u0142owego<\/strong> dzia\u0142ania maszyny nale\u017cy u\u017cywa\u0107 <span><strong>wy\u0142\u0105cznie metalowych dolnych szpulki na nici<\/strong><\/span>. Korzystanie z <strong>plastikowych<\/strong> szpulek mo\u017ce doprowadzi\u0107 do nieprawid\u0142owego dzia\u0142ania lub nawet <strong>uszkodzenia maszyn<\/strong>.<\/p>\n<h2>Bezpieczne szycie<\/h2>\n<p><strong>Maszyna Everyday<\/strong> nie jest zabawk\u0105, lecz pe\u0142nowarto\u015bciow\u0105 maszyn\u0105 do szycia, stworzon\u0105 przede wszystkim z my\u015bl\u0105 o najm\u0142odszych adeptach sztuki krawieckiej. Mog\u0105 jej u\u017cywa\u0107 dzieci, kt\u00f3re sko\u0144czy\u0142y 8 lat, o ile odbywa\u0107 si\u0119 to b\u0119dzie pod nadzorem osoby doros\u0142ej, a w wcze\u015bniej zosta\u0142y odpowiednio poinstruowane odno\u015bnie jej bezpiecznego u\u017cytkowania. Maszyna posiada os\u0142onk\u0119 na ig\u0142\u0119, zalecane jest u\u017cywanie maszyny z za\u0142o\u017con\u0105 os\u0142on\u0105.<\/p>\n<\/div>\n<\/div>\n","protected":false},"excerpt":{"rendered":"<p>Ma\u0142a i lekka, ale z bogatym wn\u0119trzem. Miniaturowa maszyna do szycia Everyday to idealne narz\u0119dzie do drobnych, okazjonalnych prac na prostych materia\u0142ach. Posiada os\u0142onk\u0119 na palce.<\/p>\n","protected":false},"featured_media":15646,"comment_status":"closed","ping_status":"closed","template":"","meta":[],"product_brand":[],"product_cat":[413],"product_tag":[],"class_list":{"0":"post-10918","1":"product","2":"type-product","3":"status-publish","4":"has-post-thumbnail","6":"product_cat-maszyny-do-szycia-dla-dzieci","8":"first","9":"instock","10":"purchasable","11":"product-type-simple"},"_links":{"self":[{"href":"https:\/\/gltestm.webology.pl\/pl\/wp-json\/wp\/v2\/product\/10918","targetHints":{"allow":["GET"]}}],"collection":[{"href":"https:\/\/gltestm.webology.pl\/pl\/wp-json\/wp\/v2\/product"}],"about":[{"href":"https:\/\/gltestm.webology.pl\/pl\/wp-json\/wp\/v2\/types\/product"}],"replies":[{"embeddable":true,"href":"https:\/\/gltestm.webology.pl\/pl\/wp-json\/wp\/v2\/comments?post=10918"}],"version-history":[{"count":2,"href":"https:\/\/gltestm.webology.pl\/pl\/wp-json\/wp\/v2\/product\/10918\/revisions"}],"predecessor-version":[{"id":11731,"href":"https:\/\/gltestm.webology.pl\/pl\/wp-json\/wp\/v2\/product\/10918\/revisions\/11731"}],"wp:featuredmedia":[{"embeddable":true,"href":"https:\/\/gltestm.webology.pl\/pl\/wp-json\/wp\/v2\/media\/15646"}],"wp:attachment":[{"href":"https:\/\/gltestm.webology.pl\/pl\/wp-json\/wp\/v2\/media?parent=10918"}],"wp:term":[{"taxonomy":"product_brand","embeddable":true,"href":"https:\/\/gltestm.webology.pl\/pl\/wp-json\/wp\/v2\/product_brand?post=10918"},{"taxonomy":"product_cat","embeddable":true,"href":"https:\/\/gltestm.webology.pl\/pl\/wp-json\/wp\/v2\/product_cat?post=10918"},{"taxonomy":"product_tag","embeddable":true,"href":"https:\/\/gltestm.webology.pl\/pl\/wp-json\/wp\/v2\/product_tag?post=10918"}],"curies":[{"name":"wp","href":"https:\/\/api.w.org\/{rel}","templated":true}]}}