{"id":10899,"date":"2024-09-22T21:40:53","date_gmt":"2024-09-22T19:40:53","guid":{"rendered":"https:\/\/gltestm.webology.pl\/produkt\/maszyna-do-szycia-lucznik-kornelia-ii-2004\/"},"modified":"2026-03-22T22:11:08","modified_gmt":"2026-03-22T21:11:08","slug":"maszyna-do-szycia-lucznik-kornelia-ii-2004","status":"publish","type":"product","link":"https:\/\/gltestm.webology.pl\/pl\/produkt\/maszyna-do-szycia-lucznik-kornelia-ii-2004\/","title":{"rendered":"Maszyna do szycia \u0141ucznik Kornelia II 2004"},"content":{"rendered":"<h2><img fetchpriority=\"high\" decoding=\"async\" src=\"\/data\/include\/cms\/.product\/3\/7\/73\/Kornelia-II-2004_lifestyle.jpg\" alt=\"\u0141ucznik Kornelia\" width=\"1500\" height=\"1000\" \/><\/h2>\n<h2>Maszyna do szycia \u0141ucznik Kornelia II 2004<\/h2>\n<p>Maszyna do szycia<strong> Kornelia II 2004<\/strong> posiada 27 wbudowanych program\u00f3w szycia &#8211; co po zastosowaniu podw\u00f3jnej ig\u0142y daje Ci a\u017c <strong>48 wzor\u00f3w \u015bcieg\u00f3w<\/strong> do wyboru! B\u0119dzie \u015bwietnym narz\u0119dziem umo\u017cliwiaj\u0105cym Ci rozw\u00f3j umiej\u0119tno\u015bci.<\/p>\n<p>Ta wyposa\u017cona w <strong>wolne rami\u0119 <\/strong>i <strong>wahad\u0142owy chwytacz nici<\/strong> maszyna idealnie nadaje si\u0119 do szycia poduszek, firanek, sukienek, koszul, a r\u00f3wnie\u017c nieskomplikowanych ubra\u0144 dzianinowych i wykonywania r\u00f3\u017cnego rodzaju zdobie\u0144. Pozwoli estetycznie wyko\u0144czy\u0107 brzegi przy u\u017cyciu <strong>\u015bciegu overlockowego<\/strong>, <strong>krytego<\/strong> lub <strong>zygzakowego <\/strong>oraz wszy\u0107 gum\u0119 za pomoc\u0105 \u015bcieg\u00f3w elastycznych.<\/p>\n<p>Maszyna do szycia Kornelia II 2004 \u015bwietnie sprawdza si\u0119 jako narz\u0119dzie nauki szycia z r\u00f3\u017cnego rodzaju cienkich i \u015brednich materia\u0142\u00f3w. <strong>Regulacja d\u0142ugo\u015bci <\/strong>\u015bciegu mo\u017ce by\u0107 wykonana w zakresie<strong> do 4 milimetr\u00f3w<\/strong>, co pozwala na odpowiednie dopasowanie \u015bciegu do budowy tkaniny i rodzaju nici. Umo\u017cliwia r\u00f3wnie\u017c<strong> szycie wsteczne<\/strong> oraz<strong> obr\u0119bianie<\/strong> tkanin. Po zako\u0144czeniu szycia mo\u017cna wygodnie obci\u0105\u0107 ni\u0107 za pomoc\u0105 <strong>no\u017cyka ukrytego w obudowie<\/strong>.<\/p>\n<p>Dodatkowo maszyna <strong>Kornelia II 2004<\/strong> wyposa\u017cona jest w o\u015bwietlenie u\u0142atwiaj\u0105ce szycie w warunkach s\u0142abej widoczno\u015bci. Dzi\u0119ki kompaktowej bryle i konstrukcji wykonanej w przewa\u017caj\u0105cej cz\u0119\u015bci z wysokiej jako\u015bci tworzywa sztucznego, Kornelia jest wyj\u0105tkowo lekka i <strong>\u0142atwa w przenoszeniu<\/strong> oraz<strong> sk\u0142adowaniu<\/strong>. Samo przenoszenie maszyny u\u0142atwia dodatkowo<strong> wygodna r\u0105czka transportowa<\/strong>. Maszyna posiada r\u00f3wnie\u017c wbudowany<strong> schowek na akcesoria<\/strong>.<\/p>\n<p><strong>Maszyna dostarczana jest z kompletem wyposa\u017cenia dodatkowego<\/strong>, w kt\u00f3rym znajduj\u0105 si\u0119 mi\u0119dzy innymi stopki &#8211; uniwersalna, do suwak\u00f3w i do obszywania dziurek, jak r\u00f3wnie\u017c prowadnik do szycia \u015bciegiem krytym, ig\u0142y czy zapasowe szpulki.  <\/p>\n<h2>Wyposa\u017cenie w zestawie<\/h2>\n<p>Maszyna dostarczana jest z kompletem wyposa\u017cenia dodatkowego, w sk\u0142ad kt\u00f3rego wchodzi:<\/p>\n<ul>\n<li><strong>ig\u0142y 90 (3 szt.)<\/strong><\/li>\n<li><strong>podw\u00f3jna <\/strong>ig\u0142a<\/li>\n<li>zapasowe <strong>szpulki<\/strong> (3 szt.)<\/li>\n<li>prujka<\/li>\n<li>olej<\/li>\n<li>wkr\u0119tak<\/li>\n<li>p\u0142ytka wy\u0142\u0105czaj\u0105ca transporter<\/li>\n<li>stopka uniwersalna<\/li>\n<li>stopka do obszywania dziurek na guziki<\/li>\n<li>stopka do wszywania zamk\u00f3w<\/li>\n<li>prowadnik do szycia \u015bciegiem krytym<\/li>\n<li>os\u0142ona <strong>przeciwkurzowa<\/strong><\/li>\n<\/ul>\n<h2>Konserwacja maszyny do szycia. Krok po kroku.<\/h2>\n","protected":false},"excerpt":{"rendered":"<p>Kornelia II 2004 to prosty model mechanicznej, domowej maszyny do szycia wyposa\u017cony w \u015bciegi overlockowe i elastyczne. Umo\u017cliwia regulacj\u0119 d\u0142ugo\u015bci \u015bciegu. Dwa metalowe trzpienie na nici chowane w obudowie u\u0142atwiaj\u0105 szycie przy pomocy podw\u00f3jnej ig\u0142y.<\/p>\n","protected":false},"featured_media":15067,"comment_status":"closed","ping_status":"closed","template":"","meta":[],"product_brand":[],"product_cat":[393],"product_tag":[],"class_list":{"0":"post-10899","1":"product","2":"type-product","3":"status-publish","4":"has-post-thumbnail","6":"product_cat-maszyny-do-szycia-tradycyjne","8":"first","9":"instock","10":"purchasable","11":"product-type-simple"},"_links":{"self":[{"href":"https:\/\/gltestm.webology.pl\/pl\/wp-json\/wp\/v2\/product\/10899","targetHints":{"allow":["GET"]}}],"collection":[{"href":"https:\/\/gltestm.webology.pl\/pl\/wp-json\/wp\/v2\/product"}],"about":[{"href":"https:\/\/gltestm.webology.pl\/pl\/wp-json\/wp\/v2\/types\/product"}],"replies":[{"embeddable":true,"href":"https:\/\/gltestm.webology.pl\/pl\/wp-json\/wp\/v2\/comments?post=10899"}],"version-history":[{"count":2,"href":"https:\/\/gltestm.webology.pl\/pl\/wp-json\/wp\/v2\/product\/10899\/revisions"}],"predecessor-version":[{"id":11730,"href":"https:\/\/gltestm.webology.pl\/pl\/wp-json\/wp\/v2\/product\/10899\/revisions\/11730"}],"wp:featuredmedia":[{"embeddable":true,"href":"https:\/\/gltestm.webology.pl\/pl\/wp-json\/wp\/v2\/media\/15067"}],"wp:attachment":[{"href":"https:\/\/gltestm.webology.pl\/pl\/wp-json\/wp\/v2\/media?parent=10899"}],"wp:term":[{"taxonomy":"product_brand","embeddable":true,"href":"https:\/\/gltestm.webology.pl\/pl\/wp-json\/wp\/v2\/product_brand?post=10899"},{"taxonomy":"product_cat","embeddable":true,"href":"https:\/\/gltestm.webology.pl\/pl\/wp-json\/wp\/v2\/product_cat?post=10899"},{"taxonomy":"product_tag","embeddable":true,"href":"https:\/\/gltestm.webology.pl\/pl\/wp-json\/wp\/v2\/product_tag?post=10899"}],"curies":[{"name":"wp","href":"https:\/\/api.w.org\/{rel}","templated":true}]}}