{"id":10887,"date":"2024-09-22T21:40:53","date_gmt":"2024-09-22T19:40:53","guid":{"rendered":"https:\/\/gltestm.webology.pl\/produkt\/maszyna-do-szycia-lucznik-weronika-ii-2008\/"},"modified":"2026-03-22T22:11:08","modified_gmt":"2026-03-22T21:11:08","slug":"maszyna-do-szycia-lucznik-weronika-ii-2008","status":"publish","type":"product","link":"https:\/\/gltestm.webology.pl\/pl\/produkt\/maszyna-do-szycia-lucznik-weronika-ii-2008\/","title":{"rendered":"Maszyna do szycia \u0141ucznik Weronika II 2008"},"content":{"rendered":"<div>\n<div>\n<h2><strong><img fetchpriority=\"high\" decoding=\"async\" src=\"\/data\/include\/cms\/\/Weronika_II_2008_lifestyle_1.jpg\" alt=\"\" width=\"3833\" height=\"2156\"><\/strong><\/h2>\n<h2><strong>\u0141ucznik Weronika II 2008 \u2013 relaksuj\u0105ca moc szycia<\/strong><\/h2>\n<p>Wydaje si\u0119 by\u0107 delikatna? Niech Was to nie zwiedzie! Weronika II 2008 to znana i lubiana maszyna, kt\u00f3ra od lat ch\u0119tnie wybierana jest na pierwszy sprz\u0119t do nauki szycia. Posiada nie tylko standardowe tryby pracy, ale tak\u017ce \u015bciegi overlockowe i elastyczne. W skr\u00f3cie &#8211; jest to <strong>prosta <a href=\"https:\/\/galerialucznik.pl\/\" target=\"_blank\" rel=\"noopener\">maszyna do szycia<\/a><\/strong>, kt\u00f3ra przyda si\u0119 w ka\u017cdym domu i pomo\u017ce za\u017cegna\u0107 krawieckie kryzysy. <\/p>\n<p>Przy swoich dobrych parametrach technicznych, <strong>Weronika II 2008<\/strong> jest r\u00f3wnie\u017c maszyn\u0105 niezwyk\u0142ej urody. Podkre\u015blaj\u0105 j\u0105 namalowane na korpusie kwiaty lawendy delikatnie ko\u0142ysz\u0105ce si\u0119 na wietrze. To wszystko sprawia, \u017ce szycie z pomoc\u0105 nowej ods\u0142ony naszego klasyka b\u0119dzie nie tylko efektywne, ale i efektowne. A tak\u017ce, dzi\u0119ki lawendowym kwiatkom, koj\u0105ce.<\/p>\n<h2><strong>Maszyna do szycia \u0141ucznik Weronika II 2008 \u2013 prostota to jej atut!<\/strong><\/h2>\n<p>Weronika II 2008 jest niewiarygodnie prosta w obs\u0142udze. Przy pomocy pokr\u0119t\u0142a umieszczonego z przodu maszyny z \u0142atwo\u015bci\u0105 wybierzesz dowolny z <strong>22 \u015bcieg\u00f3w, kt\u00f3re posiada<\/strong>. Zrobisz to znajduj\u0105c cyfr\u0119 odpowiadaj\u0105c\u0105 danemu \u015bciegowi. A jak namierzy\u0107 ten, kt\u00f3ry akurat nas interesuje? To \u0142atwe! Wystarczy zerkn\u0105\u0107 na praktyczn\u0105 \u015bci\u0105gawk\u0119 zamieszczon\u0105 na korpusie maszyny i wybra\u0107 ten, na kt\u00f3rym Ci zale\u017cy!<\/p>\n<p>Na tym nie koniec! Weronika II 2008 posiada r\u00f3wnie\u017c funkcj\u0119 <strong>regulacji d\u0142ugo\u015bci \u015bciegu, szycia wstecznego, wbudowane o\u015bwietlenie oraz wolne rami\u0119 do praktycznego obszywania nogawek czy r\u0119kaw\u00f3w<\/strong>. Dzi\u0119ki tym rozwi\u0105zaniom szycie jest zdecydowanie \u0142atwiejsze i wygodniejsze.<\/p>\n<h2><strong>Weronika II 2008 \u2013 sprawdzi si\u0119 na niejednym szyciowym froncie!<\/strong><\/h2>\n<p>Maszyna do szycia \u0141ucznik Weronika II 2008 umo\u017cliwia bardzo wygodne <strong>szycie podw\u00f3jn\u0105 ig\u0142\u0105<\/strong>. Umo\u017cliwia to <strong>drugi trzpie\u0144 na dodatkow\u0105 szpul\u0119 nici<\/strong>, kt\u00f3ry \u2013 w razie potrzeby \u2013 mo\u017cna do\u0142o\u017cy\u0107. Dla wielu szyj\u0105cych os\u00f3b to wa\u017cne i bardzo przydatne udogodnienie.<\/p>\n<p>Maszyna do szycia Weronika II 2008 wyposa\u017cona jest w <strong>\u015bciegi podstawowe, u\u017cytkowe i overlockove<\/strong>. Takie bogactwo \u015bcieg\u00f3w daje nam szerokie pole do dzia\u0142ania przy nauce szycia, zw\u0142aszcza z tkanin cienkich i delikatnych oraz tych \u015bredniej grubo\u015bci. To w\u0142a\u015bnie z pomoc\u0105 Weroniki 2008 wykonasz swoje pierwsze poduszki i szykowne po\u015bciele, uszyjesz p\u0142\u00f3cienne torby i koszule, a tak\u017ce ozdobisz i skr\u00f3cisz firanki. Wyb\u00f3r \u015bcieg\u00f3w elastycznych daje z kolei mo\u017cliwo\u015b\u0107 wygodnego zszycia rozci\u0105gliwych materia\u0142\u00f3w, b\u0119d\u0105c jednocze\u015bnie idealnym wst\u0119pem do nauki szycia z dzianin.<\/p>\n<p>W wygodnym, wysuwanym schowku umieszczonym z przodu maszyny znajduje si\u0119 podstawowe wyposa\u017cenie maszyny oraz akcesoria niezb\u0119dne do jej konserwacji:<\/p>\n<ul>\n<li>3 szpulki na ni\u0107 doln\u0105<\/li>\n<li>stopka uniwersalna<\/li>\n<li>stopka do przyszywania guzik\u00f3w<\/li>\n<li>stopka do wszywania zamka b\u0142yskawicznego (suwaka)<\/li>\n<li>stopka do obszywania dziurek na guziki<\/li>\n<li>3 zapasowe ig\u0142y uniwersalne<\/li>\n<li>prujka<\/li>\n<li>p\u0142ytka zakrywaj\u0105ca transporter materia\u0142u<\/li>\n<li>wkr\u0119tak<\/li>\n<\/ul>\n<p>Do maszyny do\u0142\u0105czone s\u0105 r\u00f3wnie\u017c:<\/p>\n<ul>\n<li>pokrowiec przeciwkurzowy<\/li>\n<li>regulator no\u017cny<\/li>\n<\/ul>\n<h2>24-miesi\u0119czna gwarancja<\/h2>\n<p><strong>Maszyna do szycia Weronika II 2008 posiada 24-miesi\u0119czn\u0105 gwarancj\u0119<\/strong> oraz instrukcj\u0119 j\u0119zyku polskim. Zapoznaj si\u0119 z ni\u0105 przed pierwszym u\u017cyciem maszyny!<\/p>\n<h2>Konserwacja maszyny do szycia. Krok po kroku.<\/h2>\n<\/div>\n<\/div>\n","protected":false},"excerpt":{"rendered":"<p>Weronika II 2008 to klasyczna mechaniczna maszyna do szycia. Znacie j\u0105, a w\u0142a\u015bciwie\u2026 jej poprzedniczk\u0119. Poznajcie Weronik\u0119 w nowym, lawendowym wydaniu, kt\u00f3re uwiedzie Was nie tylko wygl\u0105dem! Posiada 22 \u015bciegi &#8211; w tym elastyczne i overlockowe.<\/p>\n","protected":false},"featured_media":15316,"comment_status":"closed","ping_status":"closed","template":"","meta":[],"product_brand":[],"product_cat":[393],"product_tag":[],"class_list":{"0":"post-10887","1":"product","2":"type-product","3":"status-publish","4":"has-post-thumbnail","6":"product_cat-maszyny-do-szycia-tradycyjne","8":"first","9":"instock","10":"purchasable","11":"product-type-simple"},"_links":{"self":[{"href":"https:\/\/gltestm.webology.pl\/pl\/wp-json\/wp\/v2\/product\/10887","targetHints":{"allow":["GET"]}}],"collection":[{"href":"https:\/\/gltestm.webology.pl\/pl\/wp-json\/wp\/v2\/product"}],"about":[{"href":"https:\/\/gltestm.webology.pl\/pl\/wp-json\/wp\/v2\/types\/product"}],"replies":[{"embeddable":true,"href":"https:\/\/gltestm.webology.pl\/pl\/wp-json\/wp\/v2\/comments?post=10887"}],"version-history":[{"count":2,"href":"https:\/\/gltestm.webology.pl\/pl\/wp-json\/wp\/v2\/product\/10887\/revisions"}],"predecessor-version":[{"id":12295,"href":"https:\/\/gltestm.webology.pl\/pl\/wp-json\/wp\/v2\/product\/10887\/revisions\/12295"}],"wp:featuredmedia":[{"embeddable":true,"href":"https:\/\/gltestm.webology.pl\/pl\/wp-json\/wp\/v2\/media\/15316"}],"wp:attachment":[{"href":"https:\/\/gltestm.webology.pl\/pl\/wp-json\/wp\/v2\/media?parent=10887"}],"wp:term":[{"taxonomy":"product_brand","embeddable":true,"href":"https:\/\/gltestm.webology.pl\/pl\/wp-json\/wp\/v2\/product_brand?post=10887"},{"taxonomy":"product_cat","embeddable":true,"href":"https:\/\/gltestm.webology.pl\/pl\/wp-json\/wp\/v2\/product_cat?post=10887"},{"taxonomy":"product_tag","embeddable":true,"href":"https:\/\/gltestm.webology.pl\/pl\/wp-json\/wp\/v2\/product_tag?post=10887"}],"curies":[{"name":"wp","href":"https:\/\/api.w.org\/{rel}","templated":true}]}}