{"id":10874,"date":"2024-09-22T21:40:53","date_gmt":"2024-09-22T19:40:53","guid":{"rendered":"https:\/\/gltestm.webology.pl\/produkt\/maszyna-do-szycia-lucznik-milena-ii-419\/"},"modified":"2026-03-22T22:11:08","modified_gmt":"2026-03-22T21:11:08","slug":"maszyna-do-szycia-lucznik-milena-ii-419","status":"publish","type":"product","link":"https:\/\/gltestm.webology.pl\/pl\/produkt\/maszyna-do-szycia-lucznik-milena-ii-419\/","title":{"rendered":"Maszyna do szycia \u0141ucznik Milena II 419"},"content":{"rendered":"<div>\n<div>\n<h2><strong>Maszyna do szycia \u0141ucznik Milena II 419 \u2013 sprawdzony spos\u00f3b na domowe kryzysy!<\/strong><\/h2>\n<p><strong>Prosta maszyna<\/strong> do szycia jest niezb\u0119dna w ka\u017cdym domu. Dlaczego? To maszyna pierwszej potrzeby, kt\u00f3r\u0105 zawsze warto mie\u0107 pod r\u0119k\u0105 \u2013 lub, jak niekt\u00f3rzy wol\u0105: \u201ew pogotowiu\u201d \u2013 by pomog\u0142a opanowa\u0107 zar\u00f3wno te ma\u0142e, jak i nieco wi\u0119ksze domowe kryzysy krawieckie.<\/p>\n<p>Je\u017celi poszukujesz <a href=\"https:\/\/galerialucznik.pl\/\" target=\"_blank\" rel=\"noopener\">maszyny do szycia<\/a> &#8222;na start&#8221;, aby rozpocz\u0105\u0107 swoj\u0105 przygod\u0119 ze sztuk\u0105 krawieck\u0105, <strong>Milena II 419<\/strong> b\u0119dzie idealnym wyborem.<\/p>\n<h2>Najwa\u017cniejsze funkcje<\/h2>\n<ul>\n<li><strong>2 programy<\/strong> szycia \u015bcieg <strong>prosty<\/strong><\/li>\n<li><strong>overlockowy<\/strong>, kryty, <strong>elastyczny<\/strong>, zygzak, tr\u00f3jskok, o<strong>bszywanie dziurek<\/strong> i wiele innych<\/li>\n<li>chwytacz <strong>wahad\u0142owy<\/strong><\/li>\n<li><strong>wolne<\/strong> <strong>rami\u0119<\/strong> (wysi\u0119g) do obszywania <strong>mankiet\u00f3w<\/strong> czy <strong>nogawek<\/strong><\/li>\n<li>szycie <strong>wsteczne<\/strong><\/li>\n<li>mo\u017cliwo\u015b\u0107 szycia <strong>podw\u00f3jn\u0105 ig\u0142\u0105<\/strong><\/li>\n<li><strong>przyszywanie guzik\u00f3w<\/strong><\/li>\n<li><strong>p\u0142ynna<\/strong> regulacja<\/li>\n<li><strong>pr\u0119dko\u015bci szycia<\/strong><\/li>\n<li><strong>p\u0142ynna<\/strong> regulacja <strong>d\u0142ugo\u015bci \u015bciegu<\/strong><\/li>\n<li>regulacja <strong>d\u0142ugo\u015bci<\/strong> i <strong>szeroko\u015bci<\/strong> <strong>\u015bciegu<\/strong><\/li>\n<li><strong>automatyczne nawijanie<\/strong> nici na szpulk\u0119 doln\u0105<\/li>\n<li>regulacja napr\u0119\u017cenia nici<\/li>\n<li><strong>wysokie<\/strong> <strong>podnoszenie<\/strong> stopki<\/li>\n<li><strong>wyka\u0144czanie brzeg\u00f3w<\/strong> \u2014 \u015bciegiem krytym, \u015bciegami overlokowymi<\/li>\n<li>4-stopniowe obszywanie dziurek<\/li>\n<li><strong>niewidoczne podszywanie brzegu<\/strong>: \u015bcieg kryty<\/li>\n<li>czytelne oznaczenia na korpusie maszyny<\/li>\n<li>o\u015bwietlenie <strong>LED<\/strong><\/li>\n<\/ul>\n<h2><strong>Przyk\u0142adowe zastosowanie <\/strong><strong>funkcji<\/strong><\/h2>\n<ul>\n<li>st\u0119bnowanie \u2013 \u015bcieg prosty<\/li>\n<li>wyka\u0144czanie brzeg\u00f3w \u2013 \u015bcieg kryty, overlockowy<\/li>\n<li>niewidoczne podszywanie brzeg\u00f3w \u2013 \u015bcieg kryty<\/li>\n<li>wszywanie zamk\u00f3w krytych \u2013 \u015bcieg kryty<\/li>\n<li>naprawy, wzmocnienia, wszywanie gumy, szycie bielizny \u2013 \u015bcieg elastyczny<\/li>\n<li>szycie materia\u0142\u00f3w elastycznych \u2013 \u015bcieg prosty potr\u00f3jny<\/li>\n<li>obr\u0119bianie, zszywanie kryty \u2013 \u015bcieg overlockowy, \u015bcieg obrzucaj\u0105cy uko\u015bny<\/li>\n<li>haftowanie, pikowanie \u2013 \u015bcieg ga\u0142\u0105zkowy<\/li>\n<li>szycie ozdobne \/ dekoracyjne \u2013 \u015bcieg satynowy (zag\u0119szczony zyg zag)<\/li>\n<li>szycie materia\u0142\u00f3w delikatnych oraz grubych<\/li>\n<li>obszywanie mankiet\u00f3wo, nogawek \u2013 wolne rami\u0119 (wysi\u0119g)<\/li>\n<li>przyszywanie guzik\u00f3w<\/li>\n<li>automatyczne obszywanie dziurki na guziki<\/li>\n<li>wysokie podnoszenie stopki \u2013 szycie kilku warstw materia\u0142u<\/li>\n<\/ul>\n<h2>Standardowe wyposa\u017cenie<\/h2>\n<p>W <strong>wysuwanym schowku<\/strong> na akcesoria znajduje si\u0119 podstawowe wyposa\u017cenie maszyny oraz akcesoria niezb\u0119dne do jej konserwacji:<\/p>\n<ul>\n<li>3 szpulki na ni\u0107 doln\u0105<\/li>\n<li>stopka do przyszywania guzik\u00f3w<\/li>\n<li>stopka do wszywania zamka b\u0142yskawicznego (suwaka)<\/li>\n<li>stopka do obszywania dziurek na guziki<\/li>\n<li>3 zapasowe ig\u0142y<\/li>\n<li>prujka<\/li>\n<li>p\u0142ytka zakrywaj\u0105ca transporter materia\u0142u<\/li>\n<li>wkr\u0119taki<\/li>\n<li>pokrowiec przeciwkurzowy<\/li>\n<li>regulator no\u017cny<\/li>\n<\/ul>\n<h2><strong>Milena II 419\u2013 urzeknie Ci\u0119 nie tylko jej powierzchowno\u015b\u0107<\/strong><\/h2>\n<p>Wystarczy, \u017ce tylko popatrzysz na t\u0119 maszyn\u0119, a <strong>pokochasz j\u0105 od pierwszego wejrzenia!<\/strong> I to ju\u017c za sam jej wygl\u0105d. Milena II 419 dost\u0119pna jest teraz w nowej, lekkiej ods\u0142onie, a jej korpus <strong>zdobi\u0105 pi\u0119kne, kojarz\u0105ce si\u0119 z wiosn\u0105 dmuchawce.<\/strong><\/p>\n<p>Latawce, dmuchawce, wiatr\u2026 Na widok naszej nowej maszyny a\u017c chce si\u0119 \u015bpiewa\u0107 i szy\u0107! A, \u017ce jest r\u00f3wnie prosta, jak jej znana i lubiana poprzedniczka, szy\u0107 b\u0119dzie si\u0119 na niej \u015bpiewaj\u0105co.<\/p>\n<h2><strong>Z maszyn\u0105 do szycia \u0141ucznik Milena II 419 szycie to czysta przyjemno\u015b\u0107!<\/strong><\/h2>\n<p>Milena II 419 to model og\u00f3lnego zastosowania, kt\u00f3ry poradzi sobie z szerok\u0105 gam\u0105 materia\u0142\u00f3w. Nie zawiedzie Ci\u0119 podczas skracania zas\u0142on, b\u0119dzie doskonale wsp\u00f3\u0142pracowa\u0107 w przypadku cerowania czy dopasowywania ubra\u0144 oraz \u2013 je\u015bli tylko b\u0119dziesz mie\u0107 ochot\u0119 \u2013 uszyje z Tob\u0105 pi\u0119kne kreacje dla dzieci, wnuk\u00f3w i bliskich.<\/p>\n<p>Obs\u0142uga Mileny II 419 odbywa si\u0119 przy pomocy pokr\u0119te\u0142 Przy pomocy pokr\u0119t\u0142a z literami z \u0142atwo\u015bci\u0105 wybierzesz dowolny z <strong>22 \u015bcieg\u00f3w<\/strong> (zrobisz to wybieraj\u0105c liter\u0119 odpowiadaj\u0105c\u0105 danemu \u015bciegowi). Nie wiesz, na kt\u00f3ry si\u0119 zdecydowa\u0107? Nic prostszego! Wszystkie <strong>zilustrowane s\u0105 na jej korpusie<\/strong> \u2013 tak, aby w dowolnym momencie mo\u017cna by\u0142o zerkn\u0105\u0107 i wybra\u0107 ten, kt\u00f3ry najbardziej pasuje do materia\u0142u, kt\u00f3rym akurat si\u0119 zajmujesz. Drugie pokr\u0119t\u0142o s\u0142u\u017cy do wyboru d\u0142ugo\u015bci \u015bciegu &#8211; czyli tego, jak bardzo ma by\u0107 drobny.<\/p>\n<p>Maszyna do szycia \u0141ucznik Milena II 419 posiada <strong>podstawowe \u015bciegi u\u017cytkowe, elastyczne i overlockowe<\/strong>. Du\u017ca liczba \u015bcieg\u00f3w daje szerokie pole do dzia\u0142ania przy nauce szycia, zw\u0142aszcza z tkanin cienkich, delikatnych oraz \u015bredniej grubo\u015bci. Z powodzeniem wykonasz z jej pomoc\u0105 swoje pierwsze poduszki, p\u0142\u00f3cienne torby, etui na telefon czy koszule, ozdobisz i skr\u00f3cisz firanki oraz stworzysz szykowne po\u015bciele. Wyb\u00f3r \u015bcieg\u00f3w elastycznych daje z kolei mo\u017cliwo\u015b\u0107 wygodnego zszycia rozci\u0105gliwych materia\u0142\u00f3w, b\u0119d\u0105c jednocze\u015bnie wst\u0119pem do nauki szycia z dzianin.<\/p>\n<p><strong>Milena II 419<\/strong> ma te\u017c funkcj\u0119 <strong>regulacji d\u0142ugo\u015bci \u015bciegu<\/strong>, <strong>szycia wstecznego, wbudowane o\u015bwietlenie oraz wolne rami\u0119 (wysi\u0119g)<\/strong> do praktycznego obszywania nogawek czy r\u0119kaw\u00f3w. Dzi\u0119ki tym rozwi\u0105zaniom szycie staje si\u0119 \u0142atwiejsze i wygodniejsze.<\/p>\n<p>Milena II 419 umo\u017cliwia <strong>wygodne szycie podw\u00f3jn\u0105 ig\u0142\u0105<\/strong> \u2013 jest to mo\u017cliwe dzi\u0119ki <strong>drugiemu trzpieniowi na dodatkow\u0105 szpul\u0119 nici<\/strong>, kt\u00f3ry \u2013 w razie potrzeby \u2013 mo\u017cna w ka\u017cdej chwili do\u0142o\u017cy\u0107.<\/p>\n<h2>Konserwacja maszyny do szycia. Krok po kroku.<\/h2>\n<\/div>\n<\/div>\n","protected":false},"excerpt":{"rendered":"<p>Znana i lubiana maszyna do szycia Milena II 419 z zupe\u0142nie nowym lookiem! Milena II 419 ozdobiona pi\u0119knymi, zwiewnymi dmuchawcami to prosta, mechaniczna maszyna wyposa\u017cona w 22 \u015bciegi, w tym elastyczne i overlockowe &#8211; sprawdzi si\u0119 w ka\u017cdym domu!<\/p>\n","protected":false},"featured_media":13937,"comment_status":"closed","ping_status":"closed","template":"","meta":[],"product_brand":[],"product_cat":[393],"product_tag":[],"class_list":{"0":"post-10874","1":"product","2":"type-product","3":"status-publish","4":"has-post-thumbnail","6":"product_cat-maszyny-do-szycia-tradycyjne","8":"first","9":"instock","10":"purchasable","11":"product-type-simple"},"_links":{"self":[{"href":"https:\/\/gltestm.webology.pl\/pl\/wp-json\/wp\/v2\/product\/10874","targetHints":{"allow":["GET"]}}],"collection":[{"href":"https:\/\/gltestm.webology.pl\/pl\/wp-json\/wp\/v2\/product"}],"about":[{"href":"https:\/\/gltestm.webology.pl\/pl\/wp-json\/wp\/v2\/types\/product"}],"replies":[{"embeddable":true,"href":"https:\/\/gltestm.webology.pl\/pl\/wp-json\/wp\/v2\/comments?post=10874"}],"version-history":[{"count":2,"href":"https:\/\/gltestm.webology.pl\/pl\/wp-json\/wp\/v2\/product\/10874\/revisions"}],"predecessor-version":[{"id":11728,"href":"https:\/\/gltestm.webology.pl\/pl\/wp-json\/wp\/v2\/product\/10874\/revisions\/11728"}],"wp:featuredmedia":[{"embeddable":true,"href":"https:\/\/gltestm.webology.pl\/pl\/wp-json\/wp\/v2\/media\/13937"}],"wp:attachment":[{"href":"https:\/\/gltestm.webology.pl\/pl\/wp-json\/wp\/v2\/media?parent=10874"}],"wp:term":[{"taxonomy":"product_brand","embeddable":true,"href":"https:\/\/gltestm.webology.pl\/pl\/wp-json\/wp\/v2\/product_brand?post=10874"},{"taxonomy":"product_cat","embeddable":true,"href":"https:\/\/gltestm.webology.pl\/pl\/wp-json\/wp\/v2\/product_cat?post=10874"},{"taxonomy":"product_tag","embeddable":true,"href":"https:\/\/gltestm.webology.pl\/pl\/wp-json\/wp\/v2\/product_tag?post=10874"}],"curies":[{"name":"wp","href":"https:\/\/api.w.org\/{rel}","templated":true}]}}