{"id":10860,"date":"2024-09-22T21:40:53","date_gmt":"2024-09-22T19:40:53","guid":{"rendered":"https:\/\/gltestm.webology.pl\/produkt\/maszyna-do-szycia-lucznik-karina-910\/"},"modified":"2026-03-22T22:11:08","modified_gmt":"2026-03-22T21:11:08","slug":"maszyna-do-szycia-lucznik-karina-910","status":"publish","type":"product","link":"https:\/\/gltestm.webology.pl\/pl\/produkt\/maszyna-do-szycia-lucznik-karina-910\/","title":{"rendered":"Maszyna do szycia \u0141ucznik Karina 910"},"content":{"rendered":"<h2>Maszyna do szycia \u0141ucznik Karina 910 &#8211; czysta przyjemno\u015b\u0107 i gwarancja pe\u0142nego wachlarza podstawowych mo\u017cliwo\u015bci.<\/h2>\n<p>Karina 910 pozwala pracowa\u0107 na <strong>38 programach szycia<\/strong> (22 programy szycia bez u\u017cycia podw\u00f3jnej ig\u0142y). Wyposa\u017cona jest w <strong>wolne rami\u0119<\/strong> do obszywania m. in. <strong>nogawek, czy r\u0119kaw\u00f3w<\/strong>. <a href=\"https:\/\/galerialucznik.pl\/\" target=\"_blank\" rel=\"noopener\">Maszyna <\/a>pozwala na korzystanie ze \u015bcieg\u00f3w podstawowych, elastycznych, u\u017cytkowych, overlockowych oraz posiada mo\u017cliwo\u015b\u0107 regulowania ich d\u0142ugo\u015bci.<\/p>\n<h2>Najwa\u017cniejsze cechy<\/h2>\n<ul>\n<li><strong>22 \u015bciegi (elastyczne<\/strong>, kryte, proste, muszelkowe, <strong>zygzak<\/strong>, tr\u00f3jskok, mostkowy, <strong>potr\u00f3jne<\/strong>, <strong>overlockowe<\/strong>)<\/li>\n<li>mo\u017cliwo\u015b\u0107 szycia <strong>podw\u00f3jn\u0105 ig\u0142\u0105 <\/strong>(\u0142\u0105cznie a\u017c 38 \u015bcieg\u00f3w!)<\/li>\n<li><strong>obszywanie<\/strong> dziurek (4 stopniowe)<\/li>\n<li>funkcja <strong>przyszywania guzik\u00f3w<\/strong><\/li>\n<li>szycie <strong>wsteczne<\/strong> (d\u017awignia)<\/li>\n<li>regulacja <strong>d\u0142ugo\u015bci<\/strong> \u015bciegu<\/li>\n<li>regulacja <strong>szeroko\u015bci<\/strong> zygzaka<\/li>\n<li><strong>regulacja napr\u0119\u017cenia<\/strong> nici<\/li>\n<li><strong>automatyczne<\/strong> nawijanie nici na szpulk\u0119<\/li>\n<li><strong>wolne rami\u0119<\/strong> &#8211; wysi\u0119g<\/li>\n<li><strong>wysokie<\/strong> podnoszenie stopki<\/li>\n<li>o\u015bwietlenie <strong>LED<\/strong><\/li>\n<\/ul>\n<h2><strong>Po pierwsze &#8211; skuteczno\u015b\u0107<\/strong><\/h2>\n<p>Karina 910 sprawdza si\u0119 jako <strong>niezawodna towarzyszka<\/strong> przy realizacji pierwszych projekt\u00f3w krawieckich. Jej <strong>lekka obudowa<\/strong> gwarantuje du\u017c\u0105 mobilno\u015b\u0107, pozwalaj\u0105c na dogodne przenoszenie, ustawianie i przechowywanie maszyny w domu. Z Karin\u0105 910 bez przeszk\u00f3d b\u0119dziesz pracowa\u0107 na <strong>podstawowych materia\u0142ach<\/strong>, maj\u0105c mo\u017cliwo\u015b\u0107 zastosowania <strong>dw\u00f3ch igie\u0142<\/strong>, a tak\u017ce <strong>r\u00f3\u017cnych typ\u00f3w stopek<\/strong>. <\/p>\n<h2>Do\u0142\u0105czane wyposa\u017cenie<\/h2>\n<p>W  dodatkowym wyposa\u017ceniu, umieszczonym w <strong>wygodnym schowku<\/strong> na froncie maszyny.<\/p>\n<ul>\n<li><strong>stopki<\/strong> (uniwersalna, do suwak\u00f3w, do obszywania dziurek, do guzik\u00f3w)<\/li>\n<li><strong>zapasowe ig\u0142y 90<\/strong> (3 szt.)<\/li>\n<li><strong>trzpie\u0144<\/strong> na szpul\u0119 (2 szt.)<\/li>\n<li><strong>zapasowe szpulki <\/strong>(3 szt.)<\/li>\n<li><strong>trzpie\u0144<\/strong> na szpul\u0119 (2 szt.)<\/li>\n<li>prujka<\/li>\n<li>wkr\u0119taki<\/li>\n<li>filcowe podk\u0142adki na trzpie\u0144 szpuli<\/li>\n<li><strong>os\u0142ona<\/strong> przeciwkurzowa<\/li>\n<li>p\u0142ytka wy\u0142\u0105czaj\u0105ca transporter<\/li>\n<li>regulator no\u017cny<\/li>\n<\/ul>\n<h2>Konserwacja maszyny do szycia. Krok po kroku.<\/h2>\n","protected":false},"excerpt":{"rendered":"<p>Karina 910 to podstawowy model maszyny do szycia marki \u0141ucznik. Urz\u0105dzenie oferuje prac\u0119 z wieloma \u015bciegami. \u015awietnie nadaje si\u0119 do pierwszych projekt\u00f3w, oferuj\u0105c dodatkowe wyposa\u017cenie i zakres mo\u017cliwo\u015bci odpowiadaj\u0105ce na oczekiwania nowicjuszy.<\/p>\n","protected":false},"featured_media":12952,"comment_status":"closed","ping_status":"closed","template":"","meta":[],"product_brand":[],"product_cat":[393],"product_tag":[],"class_list":{"0":"post-10860","1":"product","2":"type-product","3":"status-publish","4":"has-post-thumbnail","6":"product_cat-maszyny-do-szycia-tradycyjne","8":"first","9":"instock","10":"purchasable","11":"product-type-simple"},"_links":{"self":[{"href":"https:\/\/gltestm.webology.pl\/pl\/wp-json\/wp\/v2\/product\/10860","targetHints":{"allow":["GET"]}}],"collection":[{"href":"https:\/\/gltestm.webology.pl\/pl\/wp-json\/wp\/v2\/product"}],"about":[{"href":"https:\/\/gltestm.webology.pl\/pl\/wp-json\/wp\/v2\/types\/product"}],"replies":[{"embeddable":true,"href":"https:\/\/gltestm.webology.pl\/pl\/wp-json\/wp\/v2\/comments?post=10860"}],"version-history":[{"count":3,"href":"https:\/\/gltestm.webology.pl\/pl\/wp-json\/wp\/v2\/product\/10860\/revisions"}],"predecessor-version":[{"id":11727,"href":"https:\/\/gltestm.webology.pl\/pl\/wp-json\/wp\/v2\/product\/10860\/revisions\/11727"}],"wp:featuredmedia":[{"embeddable":true,"href":"https:\/\/gltestm.webology.pl\/pl\/wp-json\/wp\/v2\/media\/12952"}],"wp:attachment":[{"href":"https:\/\/gltestm.webology.pl\/pl\/wp-json\/wp\/v2\/media?parent=10860"}],"wp:term":[{"taxonomy":"product_brand","embeddable":true,"href":"https:\/\/gltestm.webology.pl\/pl\/wp-json\/wp\/v2\/product_brand?post=10860"},{"taxonomy":"product_cat","embeddable":true,"href":"https:\/\/gltestm.webology.pl\/pl\/wp-json\/wp\/v2\/product_cat?post=10860"},{"taxonomy":"product_tag","embeddable":true,"href":"https:\/\/gltestm.webology.pl\/pl\/wp-json\/wp\/v2\/product_tag?post=10860"}],"curies":[{"name":"wp","href":"https:\/\/api.w.org\/{rel}","templated":true}]}}