{"id":10845,"date":"2024-09-22T21:40:53","date_gmt":"2024-09-22T19:40:53","guid":{"rendered":"https:\/\/gltestm.webology.pl\/produkt\/maszyna-do-szycia-lucznik-patrycja-2090\/"},"modified":"2026-03-22T22:11:08","modified_gmt":"2026-03-22T21:11:08","slug":"maszyna-do-szycia-lucznik-patrycja-2090","status":"publish","type":"product","link":"https:\/\/gltestm.webology.pl\/pl\/produkt\/maszyna-do-szycia-lucznik-patrycja-2090\/","title":{"rendered":"Maszyna do szycia \u0141ucznik Patrycja 2090"},"content":{"rendered":"<h2><strong><img fetchpriority=\"high\" decoding=\"async\" src=\"\/data\/include\/cms\/.product\/3\/5\/53\/Patrycja-2090_lifestyle_1.jpg\" alt=\"Maszyna do szycia patrycja\" width=\"1500\" height=\"999\"><\/strong><\/h2>\n<h2><strong>Maszyna do szycia \u0141ucznik Patrycja 2090<\/strong><\/h2>\n<p><strong>Patrycja 2090<\/strong> to wysokiej klasy maszyna elektroniczna, posiadaj\u0105ca najnowsze <strong>rozwi\u0105zania technologiczne<\/strong> oraz konstrukcyjne. Jest solidna, niezawodna, a tak\u017ce oferuj\u0105c ci pe\u0142ni\u0119 swoich mo\u017cliwo\u015bci pozwala szeroko rozwin\u0105\u0107 krawieckie skrzyd\u0142a. Dzi\u0119ki <strong>mnogo\u015bci udogodnie\u0144<\/strong> i funkcji przyspieszaj\u0105cych poszczeg\u00f3lne operacje i programowanie maszyny, czyni szycie jeszcze \u0142atwiejszym i <strong>przyjemniejszym<\/strong>.<\/p>\n<p><strong>Patrycja 2090<\/strong> pozwala na operowanie a\u017c <strong>198 \u015bciegami<\/strong>, zar\u00f3wno u\u017cytkowymi (np. overlockowymi czy elastycznymi) jak i <strong>ozdobnymi<\/strong>. Potrafi r\u00f3wnie\u017c estetycznie wyszy\u0107 <strong>194 znaki<\/strong>, takie jak cyfry, litery oraz znaki interpunkcyjne. Wszystkie te \u015bciegi maj\u0105 zaprogramowane odpowiednie <strong>domy\u015blne ustawienia<\/strong>, nie trzeba wi\u0119c martwi\u0107 si\u0119 o ka\u017cdorazowe ustawianie parametr\u00f3w, jak w tradycyjnych, mechanicznych <strong><a href=\"https:\/\/galerialucznik.pl\/\" target=\"_blank\" rel=\"noopener\">maszynach<\/a><\/strong>. Dzi\u0119ki <strong>intuicyjnemu menu<\/strong> mo\u017cemy jednak p\u0142ynnie regulowa\u0107 i kontrolowa\u0107 wszelkie ustawienia, a nawet zaprogramowa\u0107 kolejno\u015b\u0107 wykonania poszczeg\u00f3lnych \u015bcieg\u00f3w. T\u0119 funkcj\u0119 nazywamy <strong>pami\u0119ci\u0105 \u015bcieg\u00f3w<\/strong> \u2013 i jest ona nieoceniona mi\u0119dzy innymi przy oznaczaniu wyrob\u00f3w w\u0142asnym monogramem lub wyszywaniu imion. W pami\u0119ci zawarte s\u0105 <strong>4 modu\u0142y<\/strong>,  w kt\u00f3rych mo\u017cna zapisa\u0107 do <strong>20 jednostek<\/strong> \u015bcieg\u00f3w.<\/p>\n<h2>Przyciski funkcyjne u\u0142atwiaj\u0105ce szycie na maszynie<\/h2>\n<p>Specjalne <strong>przyciski funkcyjne<\/strong> maj\u0105 za zadanie u\u0142atwi\u0107 ci prac\u0119 krawieck\u0105. Jednym z nich jest przycisk <strong>automatycznego podnoszenia ig\u0142y<\/strong>, dzi\u0119ki kt\u00f3remu mo\u017cemy zaprogramowa\u0107 ko\u0144czenie szycia zawsze z ig\u0142\u0105 podniesion\u0105 lub wbit\u0105 w materia\u0142. Przycisk <strong>automatycznego blokowania<\/strong> pozwala natomiast maszynowo zap\u0119tli\u0107 pocz\u0105tek i koniec \u015bciegu, zapobiegaj\u0105c jego pruciu si\u0119. W podobny spos\u00f3b mo\u017cemy r\u00f3wnie\u017c wedle uznania <strong>wyd\u0142u\u017cy\u0107 wyszywany wz\u00f3r<\/strong> lub wykona\u0107 szycie za pomoc\u0105 <strong>lustrzanego odbicia<\/strong>.<\/p>\n<p>Specjalny <strong>przycisk trybu podw\u00f3jnej ig\u0142y<\/strong> umo\u017cliwia automatyczne dopasowanie niezb\u0119dnych ustawie\u0144, co czyni je bardziej bezpiecznym. Nie ma tu konieczno\u015bci zastanawiania si\u0119 i obaw, by nie uszkodzi\u0107 urz\u0105dzenia, ig\u0142y ani materia\u0142u.<\/p>\n<p>Mi\u0142ym udogodnieniem jest w Patrycji wyb\u00f3r pomi\u0119dzy a\u017c <strong>o\u015bmioma<\/strong> programami automatycznego obszywania dziurek na guziki. Nie do\u015b\u0107, \u017ce wystarczy podstawi\u0107 odpowiednia stopk\u0119 i wybra\u0107 rozmiar dziurki, ale do tego mo\u017cemy dobra\u0107 wyszywany kszta\u0142t do kszta\u0142tu guzika oraz rodzaju materia\u0142u<\/p>\n<p>Wszystkie funkcje i parametry mo\u017cemy wedle uznania zmienia\u0107 i kontrolowa\u0107 dzi\u0119ki <strong>szerokiemu wy\u015bwietlaczowi LED<\/strong>, umo\u017cliwiaj\u0105cemu podgl\u0105d wszystkich niezb\u0119dnych informacji w jednym miejscu.<\/p>\n<p>Patrycja 2090 umo\u017cliwia szycie w pe\u0142ni automatycznie za spraw\u0105 <strong>przycisku START\/STOP<\/strong> lub te\u017c tradycyjnie, przy u\u017cyciu no\u017cnego <strong>regulatora obrot\u00f3w<\/strong>. Pr\u0119dko\u015b\u0107 szycia mo\u017cemy p\u0142ynnie regulowa\u0107 dzi\u0119ki <strong>suwakowi pr\u0119dko\u015bci<\/strong>, wygodnie umieszczonemu po\u015brodku korpusu maszyny i dowolnie j\u0105 zmniejszy\u0107, kiedy pracujemy nad wyj\u0105tkowo skomplikowanym elementem, wyszywamy, czy przyszywamy aplikacj\u0119, by nie musie\u0107 obawia\u0107 si\u0119 nieumy\u015blnego, zbyt mocnego naci\u015bni\u0119cia regulatora. Do tego typu prac przyda si\u0119 r\u00f3wnie\u017c mo\u017cliwo\u015b\u0107 <strong>dowolnego ustawienia ig\u0142y<\/strong>&#8211; bli\u017cej prawej, lewej strony lub po\u015brodku.<\/p>\n<p>Maszyna posiada wy\u017cszej klasy<strong> chwytacz typu rotacyjnego<\/strong>, kt\u00f3ry w odr\u00f3\u017cnieniu od chwytacza wahad\u0142owego umo\u017cliwia <strong>cich\u0105 prac\u0119<\/strong> oraz \u0142atwiejsze mocowanie dolnej szpulki w b\u0119benku maszyny.<\/p>\n<p>Nie obawiaj si\u0119, \u017ce pogubisz si\u0119 w mnogo\u015bci \u015bcieg\u00f3w oferowanych przez Patrycj\u0119- przygotowali\u015bmy dla ciebie specjaln\u0105 <strong>&#8222;\u015bci\u0105gawk\u0119&#8221;<\/strong> zawieraj\u0105c\u0105 pogrupowane tematycznie \u015bciegi wraz z ich numerami i ilustracjami. Jest wygodnie zamocowana w spodzie maszyny i mo\u017ce by\u0107 wyci\u0105gana w razie potrzeby.<\/p>\n<h2>Automatyczne funkcje maszyny do szycia<\/h2>\n<p>Naturalnie, <strong>Patrycja 2090<\/strong> posiada r\u00f3wnie\u017c funkcje i udogodnienia w\u0142a\u015bciwe dla mniej zaawansowanych maszyn, takie jak: nieoceniony pod wzgl\u0119dem przydatno\u015bci <strong>automatyczny nawlekacz<\/strong> nici na ig\u0142\u0119 maszyny, o\u015bwietlenie LED nad polem pracy, czy szycie wsteczne. Dyskretne, ale czytelne wskaz\u00f3wki naniesione na obudow\u0119 u\u0142atwi\u0105 ci prawid\u0142owe nawleczenie maszyny, zar\u00f3wno je\u015bli chodzi o ni\u0107 g\u00f3rn\u0105, jak zainstalowanie szpulki nici dolnej w b\u0119benku. W <strong>wysuwanym pojemniku<\/strong> maszyny znajduje si\u0119 tak\u017ce komplet niezb\u0119dnych <strong>akcesori\u00f3w<\/strong>. Po wyj\u0119ciu pojemnika mo\u017cna do\u0142\u0105czy\u0107 do Patrycji specjalny<strong> stolik przed\u0142u\u017caj\u0105cy<\/strong> pole jej pracy &#8211; idealny aby u\u0142atwi\u0107 pikowanie czy zszywanie materia\u0142\u00f3w o du\u017cej powierzchni, jak firany, obrusy, zas\u0142ony czy po\u015bciel.<\/p>\n<h2>Wyposa\u017cenie w zestawie<\/h2>\n<p>Maszyna dostarczana jest z kompletem wyposa\u017cenia dodatkowego, w sk\u0142ad kt\u00f3rego wchodzi:<\/p>\n<ul>\n<li>stopka <strong>uniwersalna<\/strong><\/li>\n<li>stopka do <strong>suwak\u00f3w<\/strong><\/li>\n<li>stopka do <strong>obszywania dziurek<\/strong><\/li>\n<li>stopka do <strong>przyszywania guzik\u00f3w<\/strong><\/li>\n<li>stopka do <strong>\u015bciegu owerlokowego<\/strong><\/li>\n<li>stopka do <strong>\u015bciegu krytego<\/strong><\/li>\n<li>stopka do <strong>\u015bciegu satynowego<\/strong><\/li>\n<li><strong>szpulki<\/strong> 3 szt.<\/li>\n<li><strong>ig\u0142y<\/strong> 3 szt.<\/li>\n<li><strong>uchwyt<\/strong> szpulki (<strong>du\u017cy<\/strong>)<\/li>\n<li><strong>uchwyt<\/strong> szpulki (<strong>ma\u0142y<\/strong>)<\/li>\n<li><strong>filc<\/strong> pod trzpie\u0144 szpulki<\/li>\n<li>dodatkowy trzpie\u0144 szpulki<\/li>\n<li>wkr\u0119tak du\u017cy i ma\u0142y<\/li>\n<li><strong>prowadnik do pikowania<\/strong><\/li>\n<li>p\u0119dzelek + przecinak do dziurek<\/li>\n<li>regulator obrot\u00f3w z kablem zasilaj\u0105cym<\/li>\n<li>mi\u0119kki <strong>pokrowiec<\/strong> przeciwkurzowy<\/li>\n<\/ul>\n<h2>24-miesi\u0119czna gwarancja<\/h2>\n<p><strong>Patrycja 2090<\/strong> posiada dwuletni\u0105 gwarancj\u0119 oraz instrukcj\u0119 w j\u0119zyku polskim, z kt\u00f3r\u0105 nale\u017cy zapozna\u0107 si\u0119 przed przyst\u0105pieniem do u\u017cytkowania sprz\u0119tu, aby bezpiecznie i zgodnie z przeznaczeniem wykorzystywa\u0107 pe\u0142ni\u0119 jej mo\u017cliwo\u015bci.<\/p>\n","protected":false},"excerpt":{"rendered":"<p>Wysokiej klasy zautomatyzowana maszyna do szycia \u0141ucznik Patrycja 2090. Posiada szereg udogodnie\u0144 przyspieszaj\u0105cych i uprzyjemniaj\u0105cych szycie oraz najnowsze rozwi\u0105zania technologiczne i konstrukcyjne<\/p>\n","protected":false},"featured_media":13109,"comment_status":"closed","ping_status":"closed","template":"","meta":[],"product_brand":[],"product_cat":[403],"product_tag":[],"class_list":{"0":"post-10845","1":"product","2":"type-product","3":"status-publish","4":"has-post-thumbnail","6":"product_cat-maszyny-do-szycia-elektroniczne","8":"first","9":"instock","10":"purchasable","11":"product-type-simple"},"_links":{"self":[{"href":"https:\/\/gltestm.webology.pl\/pl\/wp-json\/wp\/v2\/product\/10845","targetHints":{"allow":["GET"]}}],"collection":[{"href":"https:\/\/gltestm.webology.pl\/pl\/wp-json\/wp\/v2\/product"}],"about":[{"href":"https:\/\/gltestm.webology.pl\/pl\/wp-json\/wp\/v2\/types\/product"}],"replies":[{"embeddable":true,"href":"https:\/\/gltestm.webology.pl\/pl\/wp-json\/wp\/v2\/comments?post=10845"}],"version-history":[{"count":2,"href":"https:\/\/gltestm.webology.pl\/pl\/wp-json\/wp\/v2\/product\/10845\/revisions"}],"predecessor-version":[{"id":11726,"href":"https:\/\/gltestm.webology.pl\/pl\/wp-json\/wp\/v2\/product\/10845\/revisions\/11726"}],"wp:featuredmedia":[{"embeddable":true,"href":"https:\/\/gltestm.webology.pl\/pl\/wp-json\/wp\/v2\/media\/13109"}],"wp:attachment":[{"href":"https:\/\/gltestm.webology.pl\/pl\/wp-json\/wp\/v2\/media?parent=10845"}],"wp:term":[{"taxonomy":"product_brand","embeddable":true,"href":"https:\/\/gltestm.webology.pl\/pl\/wp-json\/wp\/v2\/product_brand?post=10845"},{"taxonomy":"product_cat","embeddable":true,"href":"https:\/\/gltestm.webology.pl\/pl\/wp-json\/wp\/v2\/product_cat?post=10845"},{"taxonomy":"product_tag","embeddable":true,"href":"https:\/\/gltestm.webology.pl\/pl\/wp-json\/wp\/v2\/product_tag?post=10845"}],"curies":[{"name":"wp","href":"https:\/\/api.w.org\/{rel}","templated":true}]}}