{"id":10811,"date":"2024-09-22T21:40:53","date_gmt":"2024-09-22T19:40:53","guid":{"rendered":"https:\/\/gltestm.webology.pl\/produkt\/maszyna-do-szycia-lucznik-helena-2060\/"},"modified":"2026-03-22T22:11:07","modified_gmt":"2026-03-22T21:11:07","slug":"maszyna-do-szycia-lucznik-helena-2060","status":"publish","type":"product","link":"https:\/\/gltestm.webology.pl\/pl\/produkt\/maszyna-do-szycia-lucznik-helena-2060\/","title":{"rendered":"Maszyna do szycia \u0141ucznik Helena 2060"},"content":{"rendered":"<h2><img fetchpriority=\"high\" decoding=\"async\" src=\"\/data\/include\/cms\/.product\/5\/2\/25\/Helena-2060_lifestyle_1.jpg\" alt=\"Maszyna do szycia \u0141ucznik Helena\" width=\"1500\" height=\"1000\"><\/h2>\n<h2>Maszyna do szycia \u0141ucznik Helena 2060 &#8211; najwy\u017cszy komfort szycia!<\/h2>\n<p><strong>Helena 2060<\/strong> to najwy\u017cszej klasy maszyna elektroniczna. Wyr\u00f3\u017cnia j\u0105 szereg funkcji automatyzuj\u0105cych szycie, maj\u0105cych za zadanie u\u0142atwi\u0107, przyspieszy\u0107 i uprzyjemni\u0107 Twoj\u0105 prac\u0119 na maszynie najbardziej jak to tylko mo\u017cliwe. <strong>Potrafi szy\u0107 automatycznie<\/strong>, zupe\u0142nie bez u\u017cycia no\u017cnego regulatora. <strong>Automatycznie obcina nitk\u0119<\/strong>, po sko\u0144czonym szyciu <strong>podnosi ig\u0142\u0119<\/strong>. Sama wykona r\u00f3wnie\u017c <strong>p\u0119telk\u0119 zabezpieczaj\u0105ca<\/strong> <strong>\u015bcieg<\/strong>, sama <strong>obrzuci dziurk\u0119<\/strong> idealnie na wymiar guzika i dobierze domy\u015blne ustawienia do ka\u017cdego ze swoich <strong>233 program\u00f3w szycia<\/strong>.<\/p>\n<p>Przy pomocy <strong>Heleny 2060<\/strong> mo\u017cesz r\u00f3wnie\u017c <strong>pisa\u0107<\/strong>! W pami\u0119ci maszyny dost\u0119pne s\u0105 <strong>dwa wzory pisma<\/strong> &#8211; techniczne i ozdobne oraz cyfry i znaki interpunkcyjne. Wybrane sekwencje liter mo\u017cesz zapisa\u0107 i przywo\u0142a\u0107 w dowolnym momencie, aby podpisywa\u0107 swoje prace.<\/p>\n<h2>Najwa\u017cniejsze cechy<\/h2>\n<ul>\n<li><strong>233 programy<\/strong> szycia (klasyczne, overlockowe, elastyczne, ozdobne i wiele innych)<\/li>\n<li>w pami\u0119ci ma te\u017c dwa wzory pisma (techniczne i ozdobne), cyfry, znaki interpunkcyjne<\/li>\n<li><strong>szycie automatyczne<\/strong>, uruchamiane za pomoc\u0105 jednego przycisku<\/li>\n<li>automatyczne nawlekanie ig\u0142y<\/li>\n<li>automatyczne nawijanie nici na szpulk\u0119<\/li>\n<li>automatyczne obrzucanie dziurki na wymiar guzika<\/li>\n<li><strong>automatyczne obcinanie nici<\/strong><\/li>\n<li>automatyczne blokowanie ko\u0144ca \u015bciegu<\/li>\n<li>automatyczne podnoszenie ig\u0142y<\/li>\n<li>pami\u0119\u0107 \u015bcieg\u00f3w<\/li>\n<li><strong>regulacja docisku stopki<\/strong> do materia\u0142u<\/li>\n<li>regulacja napr\u0119\u017cenia nici<\/li>\n<li>mo\u017cliwo\u015b\u0107 modyfikacji \u015bciegu (d\u0142ugo\u015bci, szeroko\u015b\u0107, lustrzane odbicie, wyd\u0142u\u017cenie)<\/li>\n<li>pozycjonowanie ig\u0142y<\/li>\n<li>mo\u017cliwo\u015b\u0107 szycia <strong>podw\u00f3jn\u0105 ig\u0142\u0105<\/strong><\/li>\n<li>p\u0142ynna regulacja pr\u0119dko\u015bci szycia za pomoc\u0105 specjalnego suwaka<\/li>\n<li>wolne rami\u0119<\/li>\n<li>szycie wsteczne<\/li>\n<li>wysokiej klasy, cichy chwytacz rotacyjny<\/li>\n<li>podgl\u0105d ilo\u015bci nici na dolnej szpulce<\/li>\n<li>system ostrzegania przed b\u0142\u0119dnym u\u017cyciem<\/li>\n<li>solidne, <strong>metalowe podzespo\u0142y<\/strong><\/li>\n<\/ul>\n<h2>Wyposa\u017cenie w zestawie<\/h2>\n<p>Maszyn\u0119 <strong>Helen\u0119 2060<\/strong> &#8211; wyposa\u017cyli\u015bmy w tabliczk\u0119 ze \u015bciegami, kt\u00f3ra mo\u017ce by\u0107 zamocowana na g\u00f3rze maszyny, tu\u017c na wysoko\u015bci Twojego wzroku lub wyci\u0105gana w razie potrzeby. <\/p>\n<p>Do maszyny do\u0142\u0105czone s\u0105 akcesoria:<\/p>\n<ul>\n<li>stopka uniwersalna<\/li>\n<li>stopka z g\u00f3rnym transportem (krocz\u0105ca)<\/li>\n<li>stopka do obszywania dziurek<\/li>\n<li>stopka do wszywania zamk\u00f3w (suwak\u00f3w)<\/li>\n<li>stopka do \u015bciegu owerlokowego<\/li>\n<li>stopka do \u015bciegu krytego<\/li>\n<li>stopka do \u015bciegu satynowego<\/li>\n<li>stopka do pikowania<\/li>\n<li>stopka do guzik\u00f3w<\/li>\n<li>stopka do marszczenia<\/li>\n<li>stopka do cerowania i haftu<\/li>\n<li>stopka do sznurk\u00f3w<\/li>\n<li>stopka do obr\u0119biania<\/li>\n<li>prujka<\/li>\n<li>ig\u0142y<\/li>\n<li>zapasowe szpulki<\/li>\n<li>wkr\u0119tak<\/li>\n<li>dodatkowy trzpie\u0144 na szpulk\u0119<\/li>\n<li>prowadnik do pikowania<\/li>\n<li>os\u0142ona przeciwkurzowa<\/li>\n<\/ul>\n<h2>Helena 2060 &#8211; intuicyjne menu maszyny do szycia<\/h2>\n<p>Po wyborze trybu szycia <strong>Helena 2060 podpowiada dob\u00f3r stopki<\/strong>, kt\u00f3rej u\u017cycie jest do danego \u015bciegu najlepsze. Jej symbol wy\u015bwietla si\u0119 nad wzorem wybranego \u015bciegu.<\/p>\n<p>Dzi\u0119ki<strong> intuicyjnemu menu<\/strong> mo\u017cemy p\u0142ynnie regulowa\u0107 i kontrolowa\u0107 wszelkie ustawienia \u015bcieg\u00f3w, w tym <strong>d\u0142ugo\u015b\u0107 i szeroko\u015b\u0107<\/strong> ka\u017cdego \u015bciegu, bez ogranicze\u0144. Mo\u017cliwo\u015b\u0107 regulacji jest na tyle swobodna, \u017ce w razie potrzeby mo\u017cemy nawet <strong>wyd\u0142u\u017cy\u0107 wyszywany wz\u00f3r czy \u015bcieg<\/strong> lub wykona\u0107 szycie za pomoc\u0105<strong> lustrzanego odbicia<\/strong>.<\/p>\n<p><strong>Helena 2060<\/strong> posiada r\u00f3wnie\u017c <strong>system ostrzegania<\/strong> przed nieumy\u015blnym uszkodzeniem wynik\u0142ym z zapl\u0105tanej lub zakleszczonej nici. Dzi\u0119ki wy\u015bwietlanym symbolom maszyna sama <strong>podpowiada u\u017cytkownikowi <\/strong>co powinien zrobi\u0107- przesun\u0105\u0107 trzpie\u0144 nawijania dolnej szpulki do prawid\u0142owej pozycji, tudzie\u017c opu\u015bci\u0107 d\u017awigni\u0119 obszywania dziurek na guziki. W przypadku nieprawid\u0142owego u\u017cycia ostrzega u\u017cytkownika przed niebezpiecze\u0144stwem uszkodzenia.<\/p>\n<h2>Specjalne przyciski funkcyjne maj\u0105 za zadanie u\u0142atwi\u0107 Ci prac\u0119 krawieck\u0105 czyni\u0105c j\u0105 prostsz\u0105 i wygodniejsz\u0105.<\/h2>\n<ul>\n<li>przycisk <strong>automatycznego podnoszenia ig\u0142y<\/strong> &#8211; dzi\u0119ki maszyna \u0141ucznik Helena 2060 &#8211; ogrom mo\u017cliwo\u015bci i przemy\u015blane rozwi\u0105zania niemu maszyna sama zako\u0144czy szycie z ig\u0142\u0105 podniesion\u0105 lub wbit\u0105 w materia\u0142, bez konieczno\u015bci u\u017cywania ko\u0142a r\u0119cznego,<\/li>\n<li>przycisk <strong>automatycznego obcinania nici<\/strong> &#8211; dzi\u0119ki niemu obetniesz nitk\u0119 tuz przy tu\u017c przy ko\u0144cu \u015bciegu, bez si\u0119gania po no\u017cyczki,<\/li>\n<li>przycisk <strong>automatycznego blokowania<\/strong> &#8211; kt\u00f3ry pozwala maszynowo zap\u0119tli\u0107 pocz\u0105tek i koniec \u015bciegu, zapobiegaj\u0105c jego pruciu si\u0119,<\/li>\n<li><strong>przycisk trybu podw\u00f3jnej ig\u0142y<\/strong> &#8211; kt\u00f3ry umo\u017cliwia automatyczne dopasowanie niezb\u0119dnych ustawie\u0144 do szycia podw\u00f3jn\u0105 ig\u0142\u0105, bez obawy o uszkodzenie urz\u0105dzenia, ig\u0142y czy materia\u0142u.<\/li>\n<li>przycisk <strong>START\/STOP<\/strong> &#8211; kt\u00f3ry w\u0142\u0105cza szycie automatyczne, bez u\u017cycia no\u017cnego regulatora,<\/li>\n<li><strong>suwak pr\u0119dko\u015bci<\/strong> &#8211; pozwalaj\u0105cy na regulacj\u0119 szybko\u015bci maszyny podczas pracy w trybie automatycznego szycia. Pozwala on znacz\u0105co zmniejszy\u0107 pr\u0119dko\u015b\u0107  kiedy pracujemy nad wyj\u0105tkowo skomplikowanym elementem.<span>\n<p><\/span><\/li>\n<\/ul>\n<h2>Maszyna \u0141ucznik Helena 2060 &#8211; ogrom mo\u017cliwo\u015bci i przemy\u015blane rozwi\u0105zania<\/h2>\n<p>Ta maszyna posiada r\u00f3wnie\u017c szereg innych w\u0142a\u015bciwo\u015bci, kt\u00f3re z pewno\u015bci\u0105 docenisz.<\/p>\n<ul>\n<li>mo\u017cliwo\u015b\u0107 <strong>dowolnego ustawienia ig\u0142y <\/strong>&#8211; bli\u017cej prawej, lewej strony lub po\u015brodku (w zakresie do 7 mm), wysokiej klasy,<\/li>\n<li>cichy <strong>chwytacz rotacyjny<\/strong>, kt\u00f3ry umo\u017cliwia \u0142atwe mocowanie dolnej szpulki w b\u0119benku maszyny. Przez przezroczyst\u0105 os\u0142on\u0119 b\u0119benka mo\u017cemy podejrze\u0107 ilo\u015b\u0107 nici pozosta\u0142ej na dolnej szpulce maszyny,<\/li>\n<li><strong>automatyczny nawlekacz ig\u0142y<\/strong>, dzi\u0119ki kt\u00f3remu przyspieszysz proces przygotowywania maszyny do pracy,<\/li>\n<li>wygodn\u0105 <strong>regulacj\u0119 docisku stopki<\/strong>, umo\u017cliwiaj\u0105c\u0105 dopasowanie sposobu pracy maszyny do szytego materia\u0142u.<\/li>\n<\/ul>\n<h2>Helena 2060 &#8211; pi\u0119kno wewn\u0105trz i na zewn\u0105trz<\/h2>\n<p>Z czego wykonane jest wn\u0119trze <strong>Heleny 2060<\/strong>? Korpus oraz drobne elementy wytworzono z <strong>nowoczesnych stop\u00f3w metali<\/strong>, w\u0142a\u015bciwo\u015bciami odpowiadaj\u0105cymi warunkom, w kt\u00f3rych dane elementy pracuj\u0105 (jak na przyk\u0142ad odporno\u015b\u0107 na \u015bcieranie, wzrost temperatury czy kontakt z pr\u0105dem elektrycznym). W \u015brodku znajduje si\u0119 r\u00f3wnie\u017c p\u0142yta g\u0142\u00f3wna &#8211; taka jak w komputerze &#8211; pozwalaj\u0105ca na sterowanie oprogramowaniem urz\u0105dzenia.<\/p>\n<p><strong>Metalowe podzespo\u0142y Heleny 2060<\/strong> zosta\u0142y zamkni\u0119te w obudowie wykonanej z lekkiego <strong>poliw\u0119glanu<\/strong> \u0142\u0105cz\u0105cego ochron\u0119 mechanizmu z niewielk\u0105 wag\u0105. Dzi\u0119ki temu, za pomoc\u0105 wbudowanej r\u0105czki, z <strong>\u0142atwo\u015bci\u0105 przeniesiesz urz\u0105dzenie<\/strong> z miejsca na miejsce lub schowasz (na przyk\u0142ad do szafy) po zako\u0144czeniu pracy.<\/p>\n<h2>24-miesi\u0119czna gwarancja<\/h2>\n<p><strong>Maszyna <\/strong><strong>posiada 24-miesi\u0119czn\u0105 gwarancj\u0119<\/strong>. Do\u0142\u0105czona jest do niej r\u00f3wnie\u017c <strong>przyst\u0119pnie napisana instrukcja<\/strong> w j\u0119zyku polskim oraz angielskim, maj\u0105ca za zadanie zapozna\u0107 Ci\u0119 z maszyn\u0105 i umo\u017cliwi\u0107 wykorzystanie pe\u0142ni jej mo\u017cliwo\u015bci. Koniecznie zajrzyj do niej przed rozpocz\u0119ciem szycia!<\/p>\n<h2>Konserwacja maszyny do szycia. Krok po kroku.<\/h2>\n","protected":false},"excerpt":{"rendered":"<p>Helena 2060 to najwy\u017csza jako\u015b\u0107, estetyka wykonania oraz prawdziwy komfort p\u0142ynnego, precyzyjnego szycia dzi\u0119ki najnowocze\u015bniejszym rozwi\u0105zaniom. Posiada szereg udogodnie\u0144 przyspieszaj\u0105cych i uprzyjemniaj\u0105cych szycie.<\/p>\n","protected":false},"featured_media":14110,"comment_status":"closed","ping_status":"closed","template":"","meta":[],"product_brand":[],"product_cat":[403],"product_tag":[],"class_list":{"0":"post-10811","1":"product","2":"type-product","3":"status-publish","4":"has-post-thumbnail","6":"product_cat-maszyny-do-szycia-elektroniczne","8":"first","9":"instock","10":"purchasable","11":"product-type-simple"},"_links":{"self":[{"href":"https:\/\/gltestm.webology.pl\/pl\/wp-json\/wp\/v2\/product\/10811","targetHints":{"allow":["GET"]}}],"collection":[{"href":"https:\/\/gltestm.webology.pl\/pl\/wp-json\/wp\/v2\/product"}],"about":[{"href":"https:\/\/gltestm.webology.pl\/pl\/wp-json\/wp\/v2\/types\/product"}],"replies":[{"embeddable":true,"href":"https:\/\/gltestm.webology.pl\/pl\/wp-json\/wp\/v2\/comments?post=10811"}],"version-history":[{"count":2,"href":"https:\/\/gltestm.webology.pl\/pl\/wp-json\/wp\/v2\/product\/10811\/revisions"}],"predecessor-version":[{"id":11725,"href":"https:\/\/gltestm.webology.pl\/pl\/wp-json\/wp\/v2\/product\/10811\/revisions\/11725"}],"wp:featuredmedia":[{"embeddable":true,"href":"https:\/\/gltestm.webology.pl\/pl\/wp-json\/wp\/v2\/media\/14110"}],"wp:attachment":[{"href":"https:\/\/gltestm.webology.pl\/pl\/wp-json\/wp\/v2\/media?parent=10811"}],"wp:term":[{"taxonomy":"product_brand","embeddable":true,"href":"https:\/\/gltestm.webology.pl\/pl\/wp-json\/wp\/v2\/product_brand?post=10811"},{"taxonomy":"product_cat","embeddable":true,"href":"https:\/\/gltestm.webology.pl\/pl\/wp-json\/wp\/v2\/product_cat?post=10811"},{"taxonomy":"product_tag","embeddable":true,"href":"https:\/\/gltestm.webology.pl\/pl\/wp-json\/wp\/v2\/product_tag?post=10811"}],"curies":[{"name":"wp","href":"https:\/\/api.w.org\/{rel}","templated":true}]}}