{"id":10798,"date":"2024-09-22T21:40:53","date_gmt":"2024-09-22T19:40:53","guid":{"rendered":"https:\/\/gltestm.webology.pl\/produkt\/maszyna-do-szycia-lucznik-zofia-ii-2015\/"},"modified":"2026-03-22T22:11:07","modified_gmt":"2026-03-22T21:11:07","slug":"maszyna-do-szycia-lucznik-zofia-ii-2015","status":"publish","type":"product","link":"https:\/\/gltestm.webology.pl\/pl\/produkt\/maszyna-do-szycia-lucznik-zofia-ii-2015\/","title":{"rendered":"Maszyna do szycia \u0141ucznik Zofia II 2015"},"content":{"rendered":"<div>\n<div>\n<h2><img fetchpriority=\"high\" decoding=\"async\" src=\"\/data\/include\/cms\/\/Zofia_II_2015_lifestyle_1.jpg\" alt=\"\" width=\"3333\" height=\"2439\"><\/h2>\n<h2>Maszyna do szycia \u0141ucznik Zofia II 2015 &#8211; wszechstronna maszyna do szycia<\/h2>\n<p>Je\u017celi twoje umiej\u0119tno\u015bci wyprzedzi\u0142y ju\u017c Tw\u00f3j wys\u0142u\u017cony sprz\u0119t &#8211; to czas, by zacz\u0105\u0107 prac\u0119 na daj\u0105cej wi\u0119ksze mo\u017cliwo\u015bci <strong>maszynie do szycia \u0141ucznik Zofia II 2015<\/strong>. Maszyna marki \u0141ucznik zaspokoi potrzeby rozwijaj\u0105cych si\u0119 domowych u\u017cytkownik\u00f3w, szukaj\u0105cych wysokiej jako\u015bci urz\u0105dzenia z dodatkowymi funkcjami.<\/p>\n<p>Zofia II 2015 oferuje prac\u0119 na <strong>35 \u015bciegach<\/strong>, z mo\u017cliwo\u015bci\u0105 dostosowania ka\u017cdego z nich pod k\u0105tem<strong> d\u0142ugo\u015bci &#8211; do 4 mm<\/strong> &#8211; oraz <strong>szeroko\u015bci &#8211; do 5 mm<\/strong>. Opr\u00f3cz tego maszyna posiada <strong>wolne rami\u0119<\/strong> oraz przydatne narz\u0119dzia:<\/p>\n<ul>\n<li><strong>regulator docisku stopki,<\/strong><\/li>\n<li><strong>zintegrowany obcinacz.<\/strong><\/li>\n<\/ul>\n<p>Jej praktyczne mo\u017cliwo\u015bci to tak\u017ce szycie wsteczne i obr\u0119bianie, a tak\u017ce praca w <strong>trybie overlockowym<\/strong> do idealnego wyka\u0144czania projekt\u00f3w.<\/p>\n<p>Wygoda u\u017cytkowania maszyny \u0141ucznik Zofia II 2015 wi\u0105\u017ce si\u0119 tak\u017ce z jej wykonaniem uwzgl\u0119dniaj\u0105cym <strong>por\u0119czny uchwyt<\/strong> do przenoszenia oraz <strong>przydatny schowek<\/strong> zamontowany w korpusie maszyny. Jej dodatkow\u0105 zalet\u0105 jest wbudowane <strong>o\u015bwietlenie LED<\/strong> pozwalaj\u0105ce na dok\u0142adn\u0105 prac\u0119 przy minimalnym o\u015bwietleniu zewn\u0119trznym.<\/p>\n<h2>Najwa\u017cniejsze cechy maszyny<\/h2>\n<ul>\n<li><strong>35 \u015bcieg\u00f3w <\/strong><\/li>\n<li>\u015bciegi podstawowe, <strong>elastyczne<\/strong>, overlockowe, ozdobne<\/li>\n<li>mo\u017cliwo\u015b\u0107 szycia <strong>podw\u00f3jn\u0105 ig\u0142\u0105<\/strong><\/li>\n<li>niewidoczne podszywanie brzeg\u00f3w (<strong>\u015bcieg kryty<\/strong>)<\/li>\n<li><strong>wolne<\/strong> rami\u0119<\/li>\n<li>regulacja <strong>d\u0142ugo\u015bci<\/strong> i <strong>szeroko\u015bci<\/strong> \u015bciegu,<\/li>\n<li>regulacja <strong>docisku<\/strong> stopki<\/li>\n<li>regulacja <strong>napr\u0119\u017cenia<\/strong> nici<\/li>\n<li>funkcja <strong>szycia wstecz<\/strong><\/li>\n<li><strong>p\u00f3\u0142automatyczne<\/strong> obszywanie dziurek<\/li>\n<li>chwytacz <strong>wahad\u0142owy<\/strong><\/li>\n<li>mo\u017cliwo\u015b\u0107 wysokiego podniesienia stopki<\/li>\n<li>wyposa\u017cona we wszystkie niezb\u0119dne akcesoria<\/li>\n<li>automatyczne przewijanie nici na szpulk\u0119 doln\u0105<\/li>\n<li>wbudowane <strong>o\u015bwietlenie LED<\/strong><\/li>\n<li><strong>r\u0105czka<\/strong> do przenoszenia<\/li>\n<\/ul>\n<h2>Do\u0142\u0105czane wyposa\u017cenie<\/h2>\n<h3>(w maszynie outlet mo\u017ce brakowa\u0107 kilku element\u00f3w z podstawowego wyposa\u017ceni)<\/h3>\n<ul>\n<li>stopka <strong>uniwersalna<\/strong><\/li>\n<li>stopka do <strong>suwak\u00f3w<\/strong><\/li>\n<li>stopka do <strong>obrzucania<\/strong> <strong>dziurek<\/strong><\/li>\n<li>prujka<\/li>\n<li>oliwiarka z olejem do konserwacji<\/li>\n<li><strong>3 zapasowe ig\u0142y<\/strong> uniwersalne 90\/14<\/li>\n<li><strong>3 szpulki<\/strong> na nitk\u0119 doln\u0105<\/li>\n<li>p\u0142ytka zakrywaj\u0105ca z\u0105bki transportera<\/li>\n<li><strong>2 podk\u0142adki<\/strong> pod szpul\u0119 nici<\/li>\n<li>regulator obrot\u00f3w z kablem zasilaj\u0105cym<\/li>\n<li>2 wkr\u0119taki (ma\u0142y i du\u017cy)<\/li>\n<li>pokrowiec przeciwkurzowy<\/li>\n<\/ul>\n<h2>24-miesi\u0119czna gwarancja<\/h2>\n<p>Maszyna posiada <strong>24-miesi\u0119czn\u0105 gwarancj\u0119<\/strong>. Do\u0142\u0105czona jest do niej r\u00f3wnie\u017c <strong>przyst\u0119pnie napisana instrukcja<\/strong> w j\u0119zyku polskim oraz angielskim, maj\u0105ca za zadanie zapozna\u0107 Ci\u0119 z maszyn\u0105 i umo\u017cliwi\u0107 wykorzystanie pe\u0142ni jej mo\u017cliwo\u015bci. Koniecznie zajrzyj do niej przed rozpocz\u0119ciem szycia!<\/p>\n<h2>Konserwacja maszyny do szycia. Krok po kroku.<\/h2>\n<\/div>\n<\/div>\n","protected":false},"excerpt":{"rendered":"<p>Zofia II 2015 wyr\u00f3\u017cnia si\u0119 oryginalnym wygl\u0105dem i du\u017cymi mo\u017cliwo\u015bciami technicznymi. Posiada opcj\u0119 regulacji docisku stopki oraz zmiany parametr\u00f3w poszczeg\u00f3lnych \u015bcieg\u00f3w, a przy tym daje wi\u0119ksz\u0105 kontrol\u0119 nad prac\u0105 z ni\u0107mi i r\u00f3\u017cnego typu materia\u0142ami.<\/p>\n","protected":false},"featured_media":15849,"comment_status":"closed","ping_status":"closed","template":"","meta":[],"product_brand":[],"product_cat":[393],"product_tag":[],"class_list":{"0":"post-10798","1":"product","2":"type-product","3":"status-publish","4":"has-post-thumbnail","6":"product_cat-maszyny-do-szycia-tradycyjne","8":"first","9":"instock","10":"purchasable","11":"product-type-simple"},"_links":{"self":[{"href":"https:\/\/gltestm.webology.pl\/pl\/wp-json\/wp\/v2\/product\/10798","targetHints":{"allow":["GET"]}}],"collection":[{"href":"https:\/\/gltestm.webology.pl\/pl\/wp-json\/wp\/v2\/product"}],"about":[{"href":"https:\/\/gltestm.webology.pl\/pl\/wp-json\/wp\/v2\/types\/product"}],"replies":[{"embeddable":true,"href":"https:\/\/gltestm.webology.pl\/pl\/wp-json\/wp\/v2\/comments?post=10798"}],"version-history":[{"count":3,"href":"https:\/\/gltestm.webology.pl\/pl\/wp-json\/wp\/v2\/product\/10798\/revisions"}],"predecessor-version":[{"id":12291,"href":"https:\/\/gltestm.webology.pl\/pl\/wp-json\/wp\/v2\/product\/10798\/revisions\/12291"}],"wp:featuredmedia":[{"embeddable":true,"href":"https:\/\/gltestm.webology.pl\/pl\/wp-json\/wp\/v2\/media\/15849"}],"wp:attachment":[{"href":"https:\/\/gltestm.webology.pl\/pl\/wp-json\/wp\/v2\/media?parent=10798"}],"wp:term":[{"taxonomy":"product_brand","embeddable":true,"href":"https:\/\/gltestm.webology.pl\/pl\/wp-json\/wp\/v2\/product_brand?post=10798"},{"taxonomy":"product_cat","embeddable":true,"href":"https:\/\/gltestm.webology.pl\/pl\/wp-json\/wp\/v2\/product_cat?post=10798"},{"taxonomy":"product_tag","embeddable":true,"href":"https:\/\/gltestm.webology.pl\/pl\/wp-json\/wp\/v2\/product_tag?post=10798"}],"curies":[{"name":"wp","href":"https:\/\/api.w.org\/{rel}","templated":true}]}}