{"id":10783,"date":"2024-09-22T21:40:53","date_gmt":"2024-09-22T19:40:53","guid":{"rendered":"https:\/\/gltestm.webology.pl\/produkt\/maszyna-do-szycia-lucznik-laura-555\/"},"modified":"2026-03-22T22:11:07","modified_gmt":"2026-03-22T21:11:07","slug":"maszyna-do-szycia-lucznik-laura-555","status":"publish","type":"product","link":"https:\/\/gltestm.webology.pl\/pl\/produkt\/maszyna-do-szycia-lucznik-laura-555\/","title":{"rendered":"Maszyna do szycia \u0141ucznik Laura 555"},"content":{"rendered":"<h2><strong>Maszyna do szycia \u0141ucznik Laura 555 <\/strong><\/h2>\n<p>Maszyna do szycia <strong>Laura 555<\/strong> to wielofunkcyjny model, kt\u00f3ry pozwala szy\u0107 wieloma r\u00f3\u017cnorodnymi \u015bciegami oraz modyfikowa\u0107 je na r\u00f3\u017cne sposoby.<\/p>\n<h2>Najwa\u017cniejsze cechy:<\/h2>\n<div>\n<div>\n<div>\n<ul>\n<li><strong>35 program\u00f3w szycia<\/strong> (\u015bciegi proste, <strong>elastyczne<\/strong> <strong>overlockowe<\/strong>, przyszywanie guzik\u00f3w, obszywanie dziurek i inne)<\/li>\n<li>mo\u017cliwo\u015b\u0107 szycia podw\u00f3jn\u0105 ig\u0142\u0105 (szycie dekoracyjne)<\/li>\n<li><strong>3 stopki do\u0142\u0105czane do maszyny<\/strong> (uniwersalna, do suwak\u00f3w, do obszywania dziurek na guziki)<\/li>\n<li>moc <strong>70 W<\/strong><\/li>\n<li>obszywanie dziurek \u2013 4-stopniowe<\/li>\n<li>regulacja d\u0142ugo\u015bci \u015bciegu do 4 mm<\/li>\n<li>regulacja szeroko\u015bci \u015bciegu do 5 mm<\/li>\n<li>3 ustawienia pozycji ig\u0142y: lewe, \u015brodkowe, prawe<\/li>\n<li>szycie wsteczne<\/li>\n<li><strong>regulacja docisku stopki<\/strong><\/li>\n<li>wy\u0142\u0105czanie z\u0105bk\u00f3w transportera (do\u0142\u0105czana p\u0142ytka)<\/li>\n<li>wolne rami\u0119 u\u0142atwiaj\u0105ce szycie nogawek, r\u0119kaw\u00f3w, mankiet\u00f3w<\/li>\n<li>nawijanie nici na szpulki<\/li>\n<li>stopki na zatrzask<\/li>\n<li>r\u0105czka do przenoszenia<\/li>\n<li>praktyczny schowek na akcesoria<\/li>\n<li>chwytacz wahad\u0142owy<\/li>\n<li>o\u015bwietlenie LED<\/li>\n<\/ul>\n<\/div>\n<\/div>\n<\/div>\n<p><strong>Laura 555<\/strong> umo\u017cliwia pe\u0142n\u0105 kontrol\u0119 nad wygl\u0105dem \u015bciegu za pomoc\u0105 wbudowanych pokr\u0119te\u0142 regulacji <strong>d\u0142ugo\u015bci<\/strong> oraz <strong>szeroko\u015bci \u015bciegu<\/strong>. Oznacza to, \u017ce mo\u017cemy dowolnie dostosowa\u0107 spos\u00f3b szycia do wi\u0119kszo\u015bci rodzaj\u00f3w materia\u0142\u00f3w oraz w razie potrzeby <strong>zmieni\u0107 pozycj\u0119 ig\u0142y<\/strong> podczas szycia \u015bciegiem prostym (stebnowania). <strong>Regulacja d\u0142ugo\u015bci \u015bciegu<\/strong> mo\u017ce by\u0107 wykonana w zakresie do 4 milimetr\u00f3w, za\u015b <strong>regulacja szeroko\u015bci \u015bciegu<\/strong> &#8211; do 5 milimetr\u00f3w. Modyfikacj\u0119 sposobu szycia do r\u00f3\u017cnorodnych materia\u0142\u00f3w u\u0142atwi r\u00f3wnie\u017c <strong>regulacja docisku stopki<\/strong> za pomoc\u0105 wygodnego pokr\u0119t\u0142a. <\/p>\n<p>Dwa osobne trzpienie na nici, kt\u00f3re mo\u017cna wygodnie schowa\u0107 w obudowie, pozwalaj\u0105 na bezproblemowe instalowanie <strong>podw\u00f3jnej ig\u0142y<\/strong>.<\/p>\n<p>W\u015br\u00f3d <strong>35 r\u00f3\u017cnych \u015bcieg\u00f3w<\/strong>, kt\u00f3re potrafi wykona\u0107 maszyna, znajduj\u0105 si\u0119 <strong>\u015bciegi elastyczne<\/strong>, s\u0142u\u017c\u0105ce do szycia z rozci\u0105gliwych materia\u0142\u00f3w, <strong>ozdobne<\/strong><span> &#8211; <\/span>do szycia dekoracyjnego oraz <strong>overlockowe<\/strong>, czyli \u015bciegi nieocenione podczas wyka\u0144czania prac krawieckich, na\u015bladuj\u0105ce obszywanie na prawdziwym overlocku. Laura 555 umo\u017cliwia te\u017c niewidoczne podszycie brzeg\u00f3w <strong>\u015bciegiem krytym<\/strong>.<\/p>\n<p>Aby u\u0142atwi\u0107 wyszywanie drobnych element\u00f3w oraz widoczno\u015b\u0107 \u015bciegu na materiale, Laura 555 posiada <strong>o\u015bwietlenie LED <\/strong>nad polem pracy.<\/p>\n<p>Maszyna posiada r\u00f3wnie\u017c wygodnie umiejscowion\u0105 d\u017awigni\u0119<strong> szycia wstecznego<\/strong>, by z \u0142atwo\u015bci\u0105 zabezpieczy\u0107 koniec i pocz\u0105tek ka\u017cdego \u015bciegu oraz specjalny <strong>no\u017cyk do obcinania nici<\/strong> ukryty w obudowie, za pomoc\u0105 kt\u00f3rego mo\u017cna szybko przyci\u0105\u0107 ko\u0144ce nici wyci\u0105gaj\u0105c materia\u0142 spod stopki po sko\u0144czonym szyciu.<\/p>\n<p>Po od\u0142\u0105czeniu cz\u0119\u015bci pola pracy maszyny mo\u017cna stworzy\u0107 tak zwane <strong>wolne rami\u0119<\/strong>, pozwalaj\u0105ce wygodnie obszywa\u0107 ko\u0142nierze lub mankiety koszul. Ta sama cz\u0119\u015b\u0107 maszyny s\u0142u\u017cy za podr\u0119czny <strong>schowek na akcesoria <\/strong>do\u0142\u0105czony do maszyny, w\u015br\u00f3d kt\u00f3rych znajdziesz: zapasowe ig\u0142y, szpulki, dodatkowe stopki (do obszywania dziurek na guziki, do wszywania zamka), prowadnik do pikowania, p\u0142ytk\u0119 do zakrywania z\u0105bk\u00f3w transportera materia\u0142u, prujk\u0119 oraz akcesoria do konserwacji maszyny: wkr\u0119taki, szczoteczk\u0119 i oliwiark\u0119.<\/p>\n<h2>Wyposa\u017cenie w zestawie<\/h2>\n<ul>\n<li>stopka <strong>uniwersalna<\/strong><\/li>\n<li>stopka do <strong>suwak\u00f3w<\/strong><\/li>\n<li>stopka do <strong>obszywania dziurek na guziki<\/strong><\/li>\n<li>prujka<\/li>\n<li>olej<\/li>\n<li>\u015brubokr\u0119t<\/li>\n<li>p\u0142ytka wy\u0142\u0105czaj\u0105ca transporter<\/li>\n<li><strong>zapasowe szpulki (3 szt.)<\/strong><\/li>\n<li><strong>zapasowe ig\u0142y 90 (3 szt.)<\/strong><\/li>\n<li>prowadnik do pikowania<\/li>\n<li>pokrowiec przeciwkurzowy<\/li>\n<li>no\u017cny regulator obrot\u00f3w z przewodem zasilaj\u0105cym<\/li>\n<\/ul>\n<h2>24-miesi\u0119czna gwarancja<\/h2>\n<p><span>Maszyna posiada <\/span><strong>24-miesi\u0119czn\u0105 gwarancj<\/strong><span>\u0119 oraz <\/span><strong>instrukcj\u0119 w j\u0119zyku polskim<\/strong><span>, z kt\u00f3r\u0105 nale\u017cy zapozna\u0107 si\u0119 przed przyst\u0105pieniem do u\u017cytkowania sprz\u0119tu, aby bezpiecznie i zgodnie z przeznaczeniem wykorzystywa\u0107 pe\u0142ni\u0119 jej mo\u017cliwo\u015bci.<\/span><\/p>\n<h2>Konserwacja maszyny do szycia. Krok po kroku.<\/h2>\n","protected":false},"excerpt":{"rendered":"<p>Laura 555 to maszyna wielofunkcyjna posiadaj\u0105ca a\u017c 35 \u015bcieg\u00f3w z pe\u0142n\u0105 regulacj\u0105 &#8211; zar\u00f3wno pod wzgl\u0119dem d\u0142ugo\u015bci jak i szeroko\u015bci. Posiada r\u00f3wnie\u017c regulacj\u0119 docisku stopki w formie wygodnego pokr\u0119t\u0142a. Umo\u017cliwia szycie w trybie overlockowym.<\/p>\n","protected":false},"featured_media":14514,"comment_status":"closed","ping_status":"closed","template":"","meta":[],"product_brand":[],"product_cat":[393],"product_tag":[],"class_list":{"0":"post-10783","1":"product","2":"type-product","3":"status-publish","4":"has-post-thumbnail","6":"product_cat-maszyny-do-szycia-tradycyjne","8":"first","9":"instock","10":"purchasable","11":"product-type-simple"},"_links":{"self":[{"href":"https:\/\/gltestm.webology.pl\/pl\/wp-json\/wp\/v2\/product\/10783","targetHints":{"allow":["GET"]}}],"collection":[{"href":"https:\/\/gltestm.webology.pl\/pl\/wp-json\/wp\/v2\/product"}],"about":[{"href":"https:\/\/gltestm.webology.pl\/pl\/wp-json\/wp\/v2\/types\/product"}],"replies":[{"embeddable":true,"href":"https:\/\/gltestm.webology.pl\/pl\/wp-json\/wp\/v2\/comments?post=10783"}],"version-history":[{"count":3,"href":"https:\/\/gltestm.webology.pl\/pl\/wp-json\/wp\/v2\/product\/10783\/revisions"}],"predecessor-version":[{"id":11717,"href":"https:\/\/gltestm.webology.pl\/pl\/wp-json\/wp\/v2\/product\/10783\/revisions\/11717"}],"wp:featuredmedia":[{"embeddable":true,"href":"https:\/\/gltestm.webology.pl\/pl\/wp-json\/wp\/v2\/media\/14514"}],"wp:attachment":[{"href":"https:\/\/gltestm.webology.pl\/pl\/wp-json\/wp\/v2\/media?parent=10783"}],"wp:term":[{"taxonomy":"product_brand","embeddable":true,"href":"https:\/\/gltestm.webology.pl\/pl\/wp-json\/wp\/v2\/product_brand?post=10783"},{"taxonomy":"product_cat","embeddable":true,"href":"https:\/\/gltestm.webology.pl\/pl\/wp-json\/wp\/v2\/product_cat?post=10783"},{"taxonomy":"product_tag","embeddable":true,"href":"https:\/\/gltestm.webology.pl\/pl\/wp-json\/wp\/v2\/product_tag?post=10783"}],"curies":[{"name":"wp","href":"https:\/\/api.w.org\/{rel}","templated":true}]}}