{"id":14,"date":"2022-09-07T13:51:31","date_gmt":"2022-09-07T13:51:31","guid":{"rendered":"http:\/\/dummy.xtemos.com\/woodmart2\/accessories-elementor\/?page_id=14"},"modified":"2025-06-06T07:59:04","modified_gmt":"2025-06-06T05:59:04","slug":"o-galerii-lucznik","status":"publish","type":"page","link":"https:\/\/gltestm.webology.pl\/pl\/o-galerii-lucznik\/","title":{"rendered":"O Galerii \u0141ucznik"},"content":{"rendered":"\t\t<div data-elementor-type=\"wp-page\" data-elementor-id=\"14\" class=\"elementor elementor-14\" data-elementor-post-type=\"page\">\n\t\t\t\t<div class=\"wd-negative-gap elementor-element elementor-element-2563b9c wd-section-stretch e-flex e-con-boxed e-con e-parent\" data-id=\"2563b9c\" data-element_type=\"container\" data-e-type=\"container\" data-settings=\"{&quot;background_background&quot;:&quot;classic&quot;}\">\n\t\t\t\t\t<div class=\"e-con-inner\">\n\t\t<div class=\"elementor-element elementor-element-f8d1db4 e-con-full e-flex e-con e-child\" data-id=\"f8d1db4\" data-element_type=\"container\" data-e-type=\"container\">\n\t\t\t\t<div class=\"elementor-element elementor-element-887c72a wd-width-100 elementor-widget elementor-widget-wd_title\" data-id=\"887c72a\" data-element_type=\"widget\" data-e-type=\"widget\" data-widget_type=\"wd_title.default\">\n\t\t\t\t<div class=\"elementor-widget-container\">\n\t\t\t\t\t\t\t<div class=\"title-wrapper set-mb-s reset-last-child wd-title-color-primary wd-title-style-default wd-title-size-default text-left\">\n\n\t\t\t\t\t\t\t<div class=\"title-subtitle subtitle-color-primary subtitle-style-default wd-fontsize-xs\">\n\t\t\t\t\t\u0141ucznik od pokole\u0144\t\t\t\t<\/div>\n\t\t\t\n\t\t\t<div class=\"liner-continer\">\n\t\t\t\t<h4 class=\"woodmart-title-container title wd-fontsize-l\">Pomagamy Wam<br>w realizowaniu pasji.<br>Ju\u017c od 100 lat!<\/h4> \n\t\t\t\t\t\t\t<\/div>\n\n\t\t\t\t\t\t\t<div class=\"title-after_title set-cont-mb-s reset-last-child wd-fontsize-xs\">\n\t\t\t\t\t<p>Phasellus venenatis nibh vel justo imperdiet, a cursus lacus bibendum. Integer dapibus lacus quis felis gravida, sed consequat libero elementum. Vestibulum pretium sapien massa, sed ultricies arcu faucibus non. Integer accumsan arcu ipsum, in elementum odio egestas eget.<\/p>\t\t\t\t<\/div>\n\t\t\t\t\t<\/div>\n\t\t\t\t\t\t<\/div>\n\t\t\t\t<\/div>\n\t\t\t\t<\/div>\n\t\t<div class=\"elementor-element elementor-element-3f6c529 e-con-full e-flex e-con e-child\" data-id=\"3f6c529\" data-element_type=\"container\" data-e-type=\"container\">\n\t\t<div class=\"elementor-element elementor-element-10cf425 e-con-full elementor-hidden-mobile elementor-hidden-tablet e-flex e-con e-child\" data-id=\"10cf425\" data-element_type=\"container\" data-e-type=\"container\">\n\t\t\t\t<div class=\"elementor-element elementor-element-db7be0d elementor-widget elementor-widget-wd_image_or_svg\" data-id=\"db7be0d\" data-element_type=\"widget\" data-e-type=\"widget\" data-widget_type=\"wd_image_or_svg.default\">\n\t\t\t\t<div class=\"elementor-widget-container\">\n\t\t\t\t\t\n\t\t<div class=\"wd-image text-left\">\n\t\t\t\t\t\t\t\t<img fetchpriority=\"high\" decoding=\"async\" width=\"398\" height=\"270\" src=\"https:\/\/gltestm.webology.pl\/wp-content\/uploads\/2022\/09\/acs-ab-us-img-1.jpg\" class=\"attachment-full size-full\" alt=\"\" \/>\t\t\t\t\t<\/div>\n\n\t\t\t\t\t\t<\/div>\n\t\t\t\t<\/div>\n\t\t\t\t<div class=\"elementor-element elementor-element-aa47fa9 elementor-widget elementor-widget-wd_image_or_svg\" data-id=\"aa47fa9\" data-element_type=\"widget\" data-e-type=\"widget\" data-widget_type=\"wd_image_or_svg.default\">\n\t\t\t\t<div class=\"elementor-widget-container\">\n\t\t\t\t\t\n\t\t<div class=\"wd-image text-left\">\n\t\t\t\t\t\t\t\t<img decoding=\"async\" width=\"398\" height=\"420\" src=\"https:\/\/gltestm.webology.pl\/wp-content\/uploads\/2022\/09\/acs-ab-us-img-2.jpg\" class=\"attachment-full size-full\" alt=\"\" \/>\t\t\t\t\t<\/div>\n\n\t\t\t\t\t\t<\/div>\n\t\t\t\t<\/div>\n\t\t\t\t<\/div>\n\t\t<div class=\"elementor-element elementor-element-7887001 e-con-full e-flex e-con e-child\" data-id=\"7887001\" data-element_type=\"container\" data-e-type=\"container\">\n\t\t<div class=\"elementor-element elementor-element-1e4c179 e-con-full e-flex e-con e-child\" data-id=\"1e4c179\" data-element_type=\"container\" data-e-type=\"container\" data-settings=\"{&quot;background_background&quot;:&quot;classic&quot;}\">\n\t\t\t\t<div class=\"elementor-element elementor-element-515faed elementor-widget elementor-widget-wd_text_block\" data-id=\"515faed\" data-element_type=\"widget\" data-e-type=\"widget\" data-widget_type=\"wd_text_block.default\">\n\t\t\t\t<div class=\"elementor-widget-container\">\n\t\t\t\t\t\t\t<div class=\"wd-text-block reset-last-child text-left color-scheme-light\">\n\t\t\t\n\t\t\t<p>Vivamus luctus mi non orci fringilla, vel suscipit nisi tincidunt. Pellentesque habitant morbi tristique senectus et netus et malesuada fames ac turpis egestas.<\/p>\n\t\t\t\t\t<\/div>\n\t\t\t\t\t\t<\/div>\n\t\t\t\t<\/div>\n\t\t\t\t<div class=\"elementor-element elementor-element-3a0bc69 elementor-widget elementor-widget-wd_infobox\" data-id=\"3a0bc69\" data-element_type=\"widget\" data-e-type=\"widget\" data-widget_type=\"wd_infobox.default\">\n\t\t\t\t<div class=\"elementor-widget-container\">\n\t\t\t\t\t\t\t<div class=\"info-box-wrapper\">\n\t\t\t<div class=\"wd-info-box text-left box-icon-align-left box-style-base color-scheme-light wd-items-top\">\n\t\t\t\t\t\t\t\t\t<div class=\"box-icon-wrapper  box-with-icon box-icon-simple\">\n\t\t\t\t\t\t<div class=\"info-box-icon\">\n\t\t\t\t\t\t\t\t\t\t\t\t\t\t\t<img decoding=\"async\" width=\"65\" height=\"65\" src=\"https:\/\/gltestm.webology.pl\/wp-content\/uploads\/2022\/09\/acs-ab-us-img-avatar-65x65.png\" class=\"attachment-65x65 size-65x65\" alt=\"\" srcset=\"https:\/\/gltestm.webology.pl\/wp-content\/uploads\/2022\/09\/acs-ab-us-img-avatar-65x65.png 65w, https:\/\/gltestm.webology.pl\/wp-content\/uploads\/2022\/09\/acs-ab-us-img-avatar.png 72w\" sizes=\"(max-width: 65px) 100vw, 65px\" \/>\t\t\t\t\t\t\t\t\t\t\t\t\t<\/div>\n\t\t\t\t\t<\/div>\n\t\t\t\t\n\t\t\t\t<div class=\"info-box-content\">\n\t\t\t\t\t\n\t\t\t\t\t\t\t\t\t\t\t<h4\t\t\t\t\t\tclass=\"info-box-title title box-title-style-default wd-fontsize-m\" data-elementor-setting-key=\"title\">\n\t\t\t\t\t\t\t\tJanina Kowalska\t\t\t\t\t\t<\/h4>\n\t\t\t\t\t\n\t\t\t\t\t<div class=\"info-box-inner set-cont-mb-s reset-last-child\"data-elementor-setting-key=\"content\"><\/p>\n<p>GALERIA \u0141UCZNIK<\/p>\n<\/div>\n\n\t\t\t\t\t\t\t\t\t<\/div>\n\n\t\t\t\t\t\t\t<\/div>\n\t\t<\/div>\n\t\t\t\t\t\t<\/div>\n\t\t\t\t<\/div>\n\t\t\t\t<\/div>\n\t\t\t\t<div class=\"elementor-element elementor-element-3e7fa8a elementor-widget elementor-widget-wd_image_or_svg\" data-id=\"3e7fa8a\" data-element_type=\"widget\" data-e-type=\"widget\" data-widget_type=\"wd_image_or_svg.default\">\n\t\t\t\t<div class=\"elementor-widget-container\">\n\t\t\t\t\t\n\t\t<div class=\"wd-image text-left\">\n\t\t\t\t\t\t\t\t<img loading=\"lazy\" decoding=\"async\" width=\"398\" height=\"270\" src=\"https:\/\/gltestm.webology.pl\/wp-content\/uploads\/2022\/09\/acs-ab-us-img-3.jpg\" class=\"attachment-full size-full\" alt=\"\" \/>\t\t\t\t\t<\/div>\n\n\t\t\t\t\t\t<\/div>\n\t\t\t\t<\/div>\n\t\t\t\t<\/div>\n\t\t\t\t<\/div>\n\t\t\t\t\t<\/div>\n\t\t\t\t<\/div>\n\t\t<div class=\"wd-negative-gap elementor-element elementor-element-d783a0c wd-section-stretch e-flex e-con-boxed e-con e-parent\" data-id=\"d783a0c\" data-element_type=\"container\" data-e-type=\"container\" data-settings=\"{&quot;background_background&quot;:&quot;classic&quot;}\">\n\t\t\t\t\t<div class=\"e-con-inner\">\n\t\t\t\t<div class=\"elementor-element elementor-element-d2b4c57 wd-width-100 elementor-widget elementor-widget-wd_title\" data-id=\"d2b4c57\" data-element_type=\"widget\" data-e-type=\"widget\" data-widget_type=\"wd_title.default\">\n\t\t\t\t<div class=\"elementor-widget-container\">\n\t\t\t\t\t\t\t<div class=\"title-wrapper set-mb-s reset-last-child wd-title-color-primary wd-title-style-default wd-title-size-large text-center\">\n\n\t\t\t\t\t\t\t<div class=\"title-subtitle subtitle-color-primary subtitle-style-default wd-fontsize-xs\">\n\t\t\t\t\tAliquam imperdiet suscipit dolor\t\t\t\t<\/div>\n\t\t\t\n\t\t\t<div class=\"liner-continer\">\n\t\t\t\t<h4 class=\"woodmart-title-container title wd-fontsize-xxl\">Proin convallis congue semper.<br \/>\nNullam et ligula magna.<\/h4> \n\t\t\t\t\t\t\t<\/div>\n\n\t\t\t\t\t<\/div>\n\t\t\t\t\t\t<\/div>\n\t\t\t\t<\/div>\n\t\t\t\t<div class=\"elementor-element elementor-element-0eedecc elementor-widget elementor-widget-wd_text_block\" data-id=\"0eedecc\" data-element_type=\"widget\" data-e-type=\"widget\" data-widget_type=\"wd_text_block.default\">\n\t\t\t\t<div class=\"elementor-widget-container\">\n\t\t\t\t\t\t\t<div class=\"wd-text-block reset-last-child text-center\">\n\t\t\t\n\t\t\t<p>Suspendisse potenti. Donec ut purus orci. Maecenas luctus arcu nulla, quis mollis ex vehicula vel. Curabitur vehicula, est ut commodo ultrices, nibh elit dapibus orci, a maximus ante lectus ut augue. Maecenas cursus ullamcorper ullamcorper. Sed volutpat, diam fermentum aliquet finibus, tellus dui dignissim dolor, ut scelerisque mauris sapien vitae arcu.<\/p>\n\t\t\t\t\t<\/div>\n\t\t\t\t\t\t<\/div>\n\t\t\t\t<\/div>\n\t\t\t\t<div class=\"elementor-element elementor-element-200ed3f elementor-widget elementor-widget-wd_text_block\" data-id=\"200ed3f\" data-element_type=\"widget\" data-e-type=\"widget\" data-widget_type=\"wd_text_block.default\">\n\t\t\t\t<div class=\"elementor-widget-container\">\n\t\t\t\t\t\t\t<div class=\"wd-text-block reset-last-child text-center\">\n\t\t\t\n\t\t\t<p>Fusce laoreet sagittis odio, at sollicitudin tellus porta id. Nulla eu lectus ac felis tristique aliquet. Vestibulum sodales ut libero et volutpat. Duis gravida urna lorem, eu faucibus leo placerat sed. Praesent vehicula blandit dui at porttitor. Vivamus nec arcu nulla. Class aptent taciti sociosqu ad litora torquent per conubia nostra per.<\/p>\n\t\t\t\t\t<\/div>\n\t\t\t\t\t\t<\/div>\n\t\t\t\t<\/div>\n\t\t\t\t\t<\/div>\n\t\t\t\t<\/div>\n\t\t<div class=\"wd-negative-gap elementor-element elementor-element-4f89a4f color-scheme-light e-flex e-con-boxed e-con e-parent\" data-id=\"4f89a4f\" data-element_type=\"container\" data-e-type=\"container\" data-settings=\"{&quot;background_background&quot;:&quot;classic&quot;}\">\n\t\t\t\t\t<div class=\"e-con-inner\">\n\t\t\t\t<div class=\"elementor-element elementor-element-367cff0 wd-width-100 elementor-widget elementor-widget-wd_title\" data-id=\"367cff0\" data-element_type=\"widget\" data-e-type=\"widget\" data-widget_type=\"wd_title.default\">\n\t\t\t\t<div class=\"elementor-widget-container\">\n\t\t\t\t\t\t\t<div class=\"title-wrapper set-mb-s reset-last-child wd-title-color-white wd-title-style-default wd-title-size-large text-left\">\n\n\t\t\t\n\t\t\t<div class=\"liner-continer\">\n\t\t\t\t<h4 class=\"woodmart-title-container title wd-fontsize-xxl\">Velit at posuere rhoncus<\/h4> \n\t\t\t\t\t\t\t<\/div>\n\n\t\t\t\t\t<\/div>\n\t\t\t\t\t\t<\/div>\n\t\t\t\t<\/div>\n\t\t\t\t<div class=\"elementor-element elementor-element-f621527 elementor-widget elementor-widget-wd_text_block\" data-id=\"f621527\" data-element_type=\"widget\" data-e-type=\"widget\" data-widget_type=\"wd_text_block.default\">\n\t\t\t\t<div class=\"elementor-widget-container\">\n\t\t\t\t\t\t\t<div class=\"wd-text-block reset-last-child text-left color-scheme-light\">\n\t\t\t\n\t\t\t<p>Maecenas cursus ullamcorper ullamcorper. Sed volutpat, diam fermentum aliquet finibus, tellus dui dignissim dolor, ut scelerisque mauris sapien vitae arcu. Quisque luctus imperdiet dolor nec eleifend. Nunc tristique finibus commodo. Proin enim enim, sodales vitae purus eu, feugiat tristique nulla.<\/p>\n\t\t\t\t\t<\/div>\n\t\t\t\t\t\t<\/div>\n\t\t\t\t<\/div>\n\t\t\t\t<div class=\"elementor-element elementor-element-7185356 elementor-widget elementor-widget-wd_mega_menu\" data-id=\"7185356\" data-element_type=\"widget\" data-e-type=\"widget\" data-widget_type=\"wd_mega_menu.default\">\n\t\t\t\t<div class=\"elementor-widget-container\">\n\t\t\t\t\t\t\t<div class=\"widget_nav_mega_menu text-left\">\n\t\t\t\t\t\t<ul id=\"menu-stopka-informacje\" class=\"menu wd-nav wd-nav-horizontal wd-style-separated wd-gap-s\"><li id=\"menu-item-11462\" class=\"menu-item menu-item-type-custom menu-item-object-custom menu-item-11462 item-level-0 menu-simple-dropdown wd-event-hover\" ><a href=\"#\" class=\"woodmart-nav-link\"><span class=\"nav-link-text\">Szko\u0142y i instytucje<\/span><\/a><\/li>\n<li id=\"menu-item-11463\" class=\"menu-item menu-item-type-custom menu-item-object-custom menu-item-11463 item-level-0 menu-simple-dropdown wd-event-hover\" ><a href=\"#\" class=\"woodmart-nav-link\"><span class=\"nav-link-text\">Pytania i odpowiedzi<\/span><\/a><\/li>\n<li id=\"menu-item-11464\" class=\"menu-item menu-item-type-custom menu-item-object-custom menu-item-11464 item-level-0 menu-simple-dropdown wd-event-hover\" ><a href=\"#\" class=\"woodmart-nav-link\"><span class=\"nav-link-text\">Instrukcje do maszyn<\/span><\/a><\/li>\n<li id=\"menu-item-11465\" class=\"menu-item menu-item-type-custom menu-item-object-custom menu-item-11465 item-level-0 menu-simple-dropdown wd-event-hover\" ><a href=\"#\" class=\"woodmart-nav-link\"><span class=\"nav-link-text\">P\u0142atno\u015bci odroczone Twisto<\/span><\/a><\/li>\n<li id=\"menu-item-11466\" class=\"menu-item menu-item-type-custom menu-item-object-custom menu-item-11466 item-level-0 menu-simple-dropdown wd-event-hover\" ><a href=\"#\" class=\"woodmart-nav-link\"><span class=\"nav-link-text\">Zakupy na raty PayU<\/span><\/a><\/li>\n<li id=\"menu-item-11467\" class=\"menu-item menu-item-type-custom menu-item-object-custom menu-item-11467 item-level-0 menu-simple-dropdown wd-event-hover\" ><a href=\"#\" class=\"woodmart-nav-link\"><span class=\"nav-link-text\">B2B &#8211; zakupy hurtowe<\/span><\/a><\/li>\n<\/ul>\t\t<\/div>\n\t\t\t\t\t\t<\/div>\n\t\t\t\t<\/div>\n\t\t\t\t<div class=\"elementor-element elementor-element-291d975 elementor-widget elementor-widget-wd_button\" data-id=\"291d975\" data-element_type=\"widget\" data-e-type=\"widget\" data-widget_type=\"wd_button.default\">\n\t\t\t\t<div class=\"elementor-widget-container\">\n\t\t\t\t\t\t\t<div class=\"wd-button-wrapper text-left\" >\n\t\t\t<a class=\"btn btn-style-default btn-style-semi-round btn-size-default btn-color-default btn-icon-pos-right\"  href=\"#\">\n\t\t\t\t<span class=\"wd-btn-text\" data-elementor-setting-key=\"text\">\n\t\t\t\t\tSkontaktuj si\u0119 z nami\t\t\t\t<\/span>\n\n\t\t\t\t\t\t\t<\/a>\n\t\t<\/div>\n\t\t\t\t\t\t<\/div>\n\t\t\t\t<\/div>\n\t\t\t\t\t<\/div>\n\t\t\t\t<\/div>\n\t\t\t\t<\/div>\n\t\t","protected":false},"excerpt":{"rendered":"<p>\u0141ucznik od pokole\u0144 Pomagamy Wamw realizowaniu pasji.Ju\u017c od 100 lat! Phasellus venenatis nibh vel justo imperdiet, a cursus lacus bibendum.<\/p>\n","protected":false},"author":1,"featured_media":0,"parent":0,"menu_order":0,"comment_status":"closed","ping_status":"closed","template":"","meta":{"footnotes":""},"class_list":["post-14","page","type-page","status-publish","hentry"],"_links":{"self":[{"href":"https:\/\/gltestm.webology.pl\/pl\/wp-json\/wp\/v2\/pages\/14","targetHints":{"allow":["GET"]}}],"collection":[{"href":"https:\/\/gltestm.webology.pl\/pl\/wp-json\/wp\/v2\/pages"}],"about":[{"href":"https:\/\/gltestm.webology.pl\/pl\/wp-json\/wp\/v2\/types\/page"}],"author":[{"embeddable":true,"href":"https:\/\/gltestm.webology.pl\/pl\/wp-json\/wp\/v2\/users\/1"}],"replies":[{"embeddable":true,"href":"https:\/\/gltestm.webology.pl\/pl\/wp-json\/wp\/v2\/comments?post=14"}],"version-history":[{"count":10,"href":"https:\/\/gltestm.webology.pl\/pl\/wp-json\/wp\/v2\/pages\/14\/revisions"}],"predecessor-version":[{"id":11477,"href":"https:\/\/gltestm.webology.pl\/pl\/wp-json\/wp\/v2\/pages\/14\/revisions\/11477"}],"wp:attachment":[{"href":"https:\/\/gltestm.webology.pl\/pl\/wp-json\/wp\/v2\/media?parent=14"}],"curies":[{"name":"wp","href":"https:\/\/api.w.org\/{rel}","templated":true}]}}