{"id":18588,"date":"2026-03-18T22:39:20","date_gmt":"2026-03-18T21:39:20","guid":{"rendered":"https:\/\/gltestm.webology.pl\/produkt\/reisekuehlbox-cbx-8-coolgo-s\/"},"modified":"2026-03-18T22:39:20","modified_gmt":"2026-03-18T21:39:20","slug":"reisekuehlbox-cbx-8-coolgo-s","status":"publish","type":"product","link":"https:\/\/gltestm.webology.pl\/de\/produkt\/reisekuehlbox-cbx-8-coolgo-s\/","title":{"rendered":"Reisek\u00fchlbox CBX-8 Cool&#038;Go S"},"content":{"rendered":"<h2><strong>Entdecken Sie die ger\u00e4umige \u0141ucznik CBX-24 Cool&amp;Go L K\u00fchlbox \u2013 Ihr mobiles Frischelager!<\/strong><\/h2>\n<p>Reisen Sie unbesorgt, was die Frische Ihrer Lieblingssnacks und Getr\u00e4nke angeht! Wir pr\u00e4sentieren die \u0141ucznik CBX-24 Cool&amp;Go L \u2013 eine ger\u00e4umige Reisek\u00fchlbox, die all Ihren Anforderungen gerecht wird. Ideal f\u00fcr l\u00e4ngere Reisen, Familienpicknicks oder Camping. Konzipiert f\u00fcr Ihren Komfort und Bequemlichkeit, sorgt sie \u00fcberall f\u00fcr zuverl\u00e4ssige K\u00fchlung oder W\u00e4rme.<\/p>\n<h2>Ein Fassungsverm\u00f6gen, das Sie \u00fcberraschen wird<\/h2>\n<p>Sie m\u00fcssen nicht mehr ausw\u00e4hlen, was Sie mitnehmen! Dank des <strong>beeindruckenden Fassungsverm\u00f6gens von 24 Litern<\/strong> bietet die \u0141ucznik CBX-24 Cool&amp;Go L Platz f\u00fcr Proviant f\u00fcr die ganze Familie oder eine Gruppe von Freunden. Gro\u00dfe Getr\u00e4nkeflaschen, Essensbeh\u00e4lter, frisches Obst \u2013 alles findet seinen Platz, und Sie k\u00f6nnen vollwertige Mahlzeiten und erfrischende Getr\u00e4nke genie\u00dfen, unabh\u00e4ngig von der Entfernung.<\/p>\n<h2>Zwei Stromquellen \u2013 volle Nutzungsfreiheit<\/h2>\n<p>Diese K\u00fchlbox ist ein wahres Cham\u00e4leon! Die \u0141ucznik CBX-24 Cool&amp;Go L bietet <strong>zwei Stromversorgungsoptionen<\/strong> \u2013 <strong>Netz (220-240V AC)<\/strong> und <strong>Auto (12V DC)<\/strong>:<\/p>\n<p>\u2b50\ufe0f <strong>Netz (220-240V AC)<\/strong> \u2013 ideal f\u00fcr den Einsatz zu Hause, auf dem Campingplatz mit Stromanschluss oder im Ferienhaus. Zus\u00e4tzlich sorgt ein <strong>spezieller ECO-Modus<\/strong> f\u00fcr den Netzbetrieb f\u00fcr minimalen Energieverbrauch und schont Ihren Geldbeutel und die Umwelt.<\/p>\n<p>\u2b50\ufe0f <strong>Auto (12V DC)<\/strong> \u2013 schlie\u00dfen Sie sie an den Zigarettenanz\u00fcnder im Auto an und genie\u00dfen Sie frische Produkte w\u00e4hrend der gesamten Fahrt. Ohne Probleme erreichen Sie selbst das Ende der Welt und haben die Gewissheit, dass Ihr Essen sicher ist.<\/p>\n<h2>K\u00fchlt, und bei Bedarf \u2013 heizt!<\/h2>\n<p>Die \u0141ucznik CBX-24 Cool&amp;Go L ist mehr als nur eine K\u00fchlbox. Dank des <strong>leistungsstarken Peltier-K\u00fchlsystems<\/strong> senkt sie die Innentemperatur um bis zu <strong><span><span><span><span><span>1<\/span><span><span>5<\/span><span><span><span><span><span><span><span><span>\u2218<\/span><\/span><\/span><\/span><\/span><\/span><\/span><\/span><\/span><span>C<\/span><\/span><\/span><\/span><\/span> unter die Umgebungstemperatur<\/strong>. Perfekt f\u00fcr hei\u00dfe Tage, um Getr\u00e4nke erfrischend k\u00fchl zu halten. Dar\u00fcber hinaus verf\u00fcgt sie \u00fcber eine <strong>Heizfunktion<\/strong>, mit der Sie Speisen auf bis zu <strong><span><span><span><span><span>55<\/span><span>\u00b1<\/span><\/span><span><span>1<\/span><span><span>0<\/span><span><span><span><span><span><span><span><span>\u2218<\/span><\/span><\/span><\/span><\/span><\/span><\/span><\/span><\/span><span>C<\/span><\/span><\/span><\/span><\/span><\/strong> erw\u00e4rmen k\u00f6nnen. Warme Suppe beim Camping? Hei\u00dfer Kaffee auf einer langen Fahrt? Mit der \u0141ucznik CBX-24 ist das m\u00f6glich!<\/p>\n<h2>Durchdachte Details, die Sie lieben werden<\/h2>\n<p>Bei der Entwicklung der \u0141ucznik CBX-24 Cool&amp;Go L haben wir an alles gedacht, was Ihre Reisen noch angenehmer macht:<\/p>\n<p>\u2714\ufe0f <strong>Trennfach zur Organisation der Lagerbereiche<\/strong> \u2013 Sie k\u00f6nnen Produkte einfach trennen, Getr\u00e4nke von Lebensmitteln.<\/p>\n<p>\u2714\ufe0f <strong>Verschlussgriff des oberen Deckels<\/strong> \u2013 garantiert Sicherheit und Dichtheit, auch auf holprigen Stra\u00dfen.<\/p>\n<p>\u2714\ufe0f<strong>Klare LED-Anzeigen<\/strong> \u2013 informieren, ob die K\u00fchlbox k\u00fchlt (gr\u00fcn) oder heizt (rot).<\/p>\n<p>\u2714\ufe0f <strong>Griff zum Anheben des Deckels<\/strong> \u2013 erleichtert das Tragen, auch wenn die K\u00fchlbox voll ist.<\/p>\n<p>\u2714\ufe0f <strong>Isolierung aus 100% FCKW- und HFCKW-freiem Polyurethanschaum<\/strong> \u2013 wir k\u00fcmmern uns um die Umwelt und Ihre Gesundheit.<\/p>\n<h2>Die \u0141ucznik CBX-24 Cool&amp;Go L ist Ihr idealer Reisebegleiter!<\/h2>\n<p>Die \u0141ucznik CBX-24 Cool&amp;Go L ist eine <strong>ger\u00e4umige (24L)<\/strong>, <strong>vielseitige<\/strong> und <strong>zuverl\u00e4ssige Reisek\u00fchlbox<\/strong>. Dank <strong>zwei Stromversorgungsoptionen (AC\/DC)<\/strong> sowie <strong>K\u00fchl- und Heizfunktionen<\/strong> bew\u00e4hrt sie sich unter allen Bedingungen. Der <strong>energiesparende ECO-Modus<\/strong> und <strong>praktische L\u00f6sungen<\/strong> wie das Trennfach oder die LED-Anzeigen machen die Nutzung zu einem reinen Vergn\u00fcgen. Sorgen Sie f\u00fcr Frische und Komfort auf Ihren Reisen mit der \u0141ucznik CBX-24 Cool&amp;Go L!<\/p>\n<h2>Wichtigste Parameter:<\/h2>\n<p>\u2705 <strong>Fassungsverm\u00f6gen:<\/strong> 24 Liter<\/p>\n<p>\u2705 <strong>Stromversorgung:<\/strong> 220-240V AC und 12V DC<\/p>\n<p>\u2705 <strong>K\u00fchlung:<\/strong> bis zu <span><span><span><span><span>1<\/span><span><span>5<\/span><span><span><span><span><span><span><span><span>\u2218<\/span><\/span><\/span><\/span><\/span><\/span><\/span><\/span><\/span><span>C<\/span><\/span><\/span><\/span><\/span> unter Umgebungstemperatur<\/p>\n<p>\u2705 <strong>Heizung:<\/strong> bis zu <span><span><span><span><span>55<\/span><span>\u00b1<\/span><\/span><span><span>1<\/span><span><span>0<\/span><span><span><span><span><span><span><span><span>\u2218<\/span><\/span><\/span><\/span><\/span><\/span><\/span><\/span><\/span><span>C<\/span><\/span><\/span><\/span><\/span><\/p>\n<p>\u2705 <strong>ECO-Modus:<\/strong> Ja (f\u00fcr AC)<\/p>\n<p>\u2705 <strong>L\u00e4nge AC-Kabel:<\/strong> 1,8m<\/p>\n<p>\u2705 <strong>L\u00e4nge DC-Kabel:<\/strong> 2m<\/p>\n<p>\u2705 <strong>Gewicht (netto):<\/strong> 4 kg<\/p>\n","protected":false},"excerpt":{"rendered":"<p>Tragbare K\u00fchlbox \u0141ucznik CBX-24 Cool&#038;Go L: Ihre Lieblingsspeisen und -getr\u00e4nke immer frisch, wo immer Sie sind! Ger\u00e4umig, mit zwei Stromversorgungsmodi und Heizfunktion \u2013 ideal f\u00fcr jede Reise.<\/p>\n","protected":false},"featured_media":14637,"comment_status":"open","ping_status":"closed","template":"","meta":[],"product_brand":[],"product_cat":[610],"product_tag":[],"class_list":{"0":"post-18588","1":"product","2":"type-product","3":"status-publish","4":"has-post-thumbnail","6":"product_cat-lodowki-turystyczne","8":"first","9":"outofstock","10":"taxable","11":"shipping-taxable","12":"purchasable","13":"product-type-variable"},"_links":{"self":[{"href":"https:\/\/gltestm.webology.pl\/de\/wp-json\/wp\/v2\/product\/18588","targetHints":{"allow":["GET"]}}],"collection":[{"href":"https:\/\/gltestm.webology.pl\/de\/wp-json\/wp\/v2\/product"}],"about":[{"href":"https:\/\/gltestm.webology.pl\/de\/wp-json\/wp\/v2\/types\/product"}],"replies":[{"embeddable":true,"href":"https:\/\/gltestm.webology.pl\/de\/wp-json\/wp\/v2\/comments?post=18588"}],"version-history":[{"count":0,"href":"https:\/\/gltestm.webology.pl\/de\/wp-json\/wp\/v2\/product\/18588\/revisions"}],"wp:featuredmedia":[{"embeddable":true,"href":"https:\/\/gltestm.webology.pl\/de\/wp-json\/wp\/v2\/media\/14637"}],"wp:attachment":[{"href":"https:\/\/gltestm.webology.pl\/de\/wp-json\/wp\/v2\/media?parent=18588"}],"wp:term":[{"taxonomy":"product_brand","embeddable":true,"href":"https:\/\/gltestm.webology.pl\/de\/wp-json\/wp\/v2\/product_brand?post=18588"},{"taxonomy":"product_cat","embeddable":true,"href":"https:\/\/gltestm.webology.pl\/de\/wp-json\/wp\/v2\/product_cat?post=18588"},{"taxonomy":"product_tag","embeddable":true,"href":"https:\/\/gltestm.webology.pl\/de\/wp-json\/wp\/v2\/product_tag?post=18588"}],"curies":[{"name":"wp","href":"https:\/\/api.w.org\/{rel}","templated":true}]}}