{"id":18576,"date":"2026-03-18T22:39:19","date_gmt":"2026-03-18T21:39:19","guid":{"rendered":"https:\/\/gltestm.webology.pl\/produkt\/dampfbuegeleisen-lucznik-si-3000-avocado-3000-w\/"},"modified":"2026-03-22T21:56:14","modified_gmt":"2026-03-22T20:56:14","slug":"dampfbuegeleisen-lucznik-si-3000-avocado-3000-w","status":"publish","type":"product","link":"https:\/\/gltestm.webology.pl\/de\/produkt\/dampfbuegeleisen-lucznik-si-3000-avocado-3000-w\/","title":{"rendered":"Dampfb\u00fcgeleisen \u0141ucznik SI-3000 Avocado 3000 W"},"content":{"rendered":"<p>Das Lucznik SI-920 Dampfb\u00fcgeleisen ist ein zuverl\u00e4ssiger Begleiter im B\u00fcgelalltag und kombiniert <strong>2200 Watt Leistung<\/strong> mit durchdachten L\u00f6sungen. Mit einem <strong>Dampfaussto\u00df von 160 g\/min<\/strong> und <strong>einer konstanten Dampfabgabe von 35 g\/min<\/strong> wird es mit <strong>jeder widerspenstigen Stoffart<\/strong> fertig.<\/p>\n<p>Die<strong>Nano-Keramik-Technologie<\/strong> <strong>im Fu\u00df<\/strong> garantiert <strong>sanftes<\/strong> und <strong>effektives B\u00fcgeln<\/strong>, w\u00e4hrend das <strong>Anti-Drip-<\/strong> und das <strong>Anti-Calc-System<\/strong> Tropfwasser und Kalkablagerungen verhindern. Funktionen wie der vertikale Dampfaussto\u00df, die automatische Reinigung und eine Waschmaschine machen das B\u00fcgeln <strong>einfach<\/strong> und <strong>angenehm<\/strong>. Das B\u00fcgeleisen SI-920 bietet nicht nur effizientes B\u00fcgeln, sondern auch <strong>Komfort<\/strong> und <strong>Langlebigkeit<\/strong>.<\/p>\n<p><img fetchpriority=\"high\" decoding=\"async\" src=\"\/data\/include\/cms\/.product\/3\/2\/1823\/12.jpg\" alt=\"\u017celazko parowe SI-2021\" width=\"768\" height=\"480\" \/><\/p>\n<h2>Hauptmerkmale des SI-920 B\u00fcgeleisens<\/h2>\n<ul>\n<li>Leistung: <strong>1800-2200 Watt<\/strong><\/li>\n<li><strong>Starker<\/strong> Dampfaussto\u00df: <strong>160 g\/min<\/strong><\/li>\n<li><strong>Konstante<\/strong> <strong>Dampfabgabe<\/strong>: <strong>35 g\/min<\/strong><\/li>\n<li><strong>Nano-Keramik-B\u00fcgelsohle<\/strong> &#8211; sorgt f\u00fcr ein noch besseres Gleiten des B\u00fcgeleisens auf dem Stoff.<\/li>\n<li><strong>Anti-Drip-System<\/strong> &#8211; sch\u00fctzt die Stoffe vor Flecken. Das System verhindert, dass Wasser aus den Dampfl\u00f6chern tropft.<\/li>\n<li><strong>Anti-Calc-System<\/strong> &#8211; Schluss mit Kalkablagerungen<\/li>\n<li><strong>Automatische Reinigungsfunktion<\/strong> (Self-Clean)<\/li>\n<li><strong>400 ml<\/strong> Wassertankkapazit\u00e4t &#8211; B\u00fcgeln ohne unn\u00f6tige Unterbrechungen zum Nachf\u00fcllen von Wasser<\/li>\n<li>Waschmaschine<\/li>\n<li>Langlebiges <strong>2 m langes<\/strong> Netzkabel<\/li>\n<li>Benutzerfreundliche <strong>Gebrauchsanweisung<\/strong> in <strong>polnischer<\/strong> Sprache<\/li>\n<li>24-monatige Garantie<\/li>\n<\/ul>\n<h2> <img decoding=\"async\" src=\"\/data\/include\/cms\/.product\/3\/2\/1823\/4.jpg\" alt=\"\u017celazko parowe SI-2021\" width=\"768\" height=\"480\" \/><\/h2>\n<h2>Ideale Leistung &#8211; 2200 W<\/h2>\n<p>Investieren Sie in Effizienz! Das Dampfb\u00fcgeleisen Lucznik SI-920 hat eine <strong>Leistung von 1800 bis 2200 Watt<\/strong>und <strong>gl\u00e4ttet<\/strong> selbst <strong>hartn\u00e4ckige<\/strong> Falten <strong>schnell<\/strong> und <strong>effektiv<\/strong>. Das B\u00fcgeln wird <strong>einfacher<\/strong> und hartn\u00e4ckige <strong>Knitterfalten<\/strong> verschwinden m\u00fchelos. Dank der Kraft des Dampfes und <strong>einer speziellen Beschichtung<\/strong> gl\u00e4ttet dieses B\u00fcgeleisen effektiv und sofort jedes Kleidungsst\u00fcck und bietet eine <strong>perfekte F\u00fchrung<\/strong> beim B\u00fcgeln.<\/p>\n<p><img decoding=\"async\" src=\"\/data\/include\/cms\/.product\/3\/2\/1823\/2.jpg\" alt=\"\u017celazko parowe SI-2021\" width=\"768\" height=\"480\" \/><\/p>\n<h2>Starke Dampfwirkung<\/h2>\n<p>Gl\u00e4tten Sie Ihre Kleidung <strong>effizient<\/strong> und <strong>schnell<\/strong> mit einer <strong>kontinuierlichen Dampfproduktion<\/strong> von bis zu <strong>35 g\/min<\/strong>. Der <strong>in die Gewebestrukturen eindringende<\/strong> Dampf <strong>lockert<\/strong> die Fasern sanft auf und erleichtert so die effektive Entfernung von Falten.<\/p>\n<p>Dank des <strong>intensiven<\/strong> <strong>Dampfsto\u00dfes<\/strong> <strong>von 160 g\/min<\/strong> wird das B\u00fcgeln selbst hartn\u00e4ckiger Knitterfalten zum Kinderspiel. Eine L\u00f6sung, die es Ihnen erm\u00f6glicht, <strong>effizient<\/strong> zu b\u00fcgeln und gleichzeitig eine <strong>schonende Behandlung der Stoffe<\/strong> zu gew\u00e4hrleisten.<\/p>\n<p><img loading=\"lazy\" decoding=\"async\" src=\"\/data\/include\/cms\/.product\/3\/2\/1823\/11.jpg\" alt=\"\u017celazko parowe SI-2021\" width=\"768\" height=\"480\" \/><\/p>\n<h2>Nano-Keramik-B\u00fcgelsohle. Sp\u00fcren Sie den Unterschied in der Handhabung des B\u00fcgeleisens<\/h2>\n<p>Die Nano-Keramik-B\u00fcgelsohle ist der Schl\u00fcssel zum <strong>effizienten B\u00fcgeln<\/strong>. Sie ist komfortabler als herk\u00f6mmliche B\u00fcgeleisen und garantiert eine <strong>gleichm\u00e4\u00dfige Verteilung des Dampfes<\/strong> auf der Oberfl\u00e4che, wodurch die Textilien vor Verbrennungen gesch\u00fctzt werden.<\/p>\n<p>Mit 52 L\u00f6chern erm\u00f6glicht sie einen <strong>Dampfaussto\u00df von bis zu 160 g\/min<\/strong>, und der <strong>Tastenschlitz<\/strong> erleichtert das B\u00fcgeln an schwer zug\u00e4nglichen Stellen.<\/p>\n<p><img loading=\"lazy\" decoding=\"async\" src=\"\/data\/include\/cms\/.product\/3\/2\/1823\/6.jpg\" alt=\"\u017celazko parowe SI-2021\" width=\"768\" height=\"480\" \/><\/p>\n<h2>Anti-Tropf-System &#8211; sch\u00fctzt Ihre Textilien vor Flecken<\/h2>\n<p>Vergessen Sie <strong>unerw\u00fcnschte Wasserflecken<\/strong> auf Ihrer Kleidung mit der <strong>Tropfsperre &#8211; Anti-Drip<\/strong>. Das System verhindert, dass w\u00e4hrend des B\u00fcgelns <strong>versehentlich Wasser<\/strong> auf die Kleidung tropft. Es verhindert, dass <strong>Wasser aus den Dampfl\u00f6chern<\/strong> im Fu\u00df des B\u00fcgeleisens <strong>tropft<\/strong>, und eliminiert so das Risiko <strong>unsch\u00f6ner Flecken auf<\/strong> Ihren Textilien.<\/p>\n<p><strong>Das Anti-Tropf-System<\/strong> <strong>kontrolliert<\/strong> und <strong>reguliert die Wassermenge<\/strong>, die in das Dampfsystem gelangt. Wenn das B\u00fcgeleisen aufrecht steht oder stillsteht, verhindert das Anti-Drip-System einen unkontrollierten Wasseraustritt, was besonders beim <strong>B\u00fcgeln von empfindlichen<\/strong> oder <strong>d\u00fcnnen Stoffen<\/strong> wichtig ist. So k\u00f6nnen Sie b\u00fcgeln <strong>, ohne sich Sorgen machen zu m\u00fcssen, dass<\/strong> Sie <strong>Wasserflecken<\/strong> auf Ihrer Kleidung <strong>hinterlassen<\/strong>.<\/p>\n<p><img loading=\"lazy\" decoding=\"async\" src=\"\/data\/include\/cms\/.product\/3\/2\/1823\/9.jpg\" alt=\"\u017celazko parowe SI-2021\" width=\"768\" height=\"480\" \/><\/p>\n<h2>Anti-Calc-System<\/h2>\n<p>Das Anti-Calc-System <strong>verhindert die Bildung von Kalkablagerungen im Inneren des Ger\u00e4ts<\/strong>. Kalk, der sich im Inneren des Ger\u00e4ts ablagern kann, wird durch <strong>hartes Wasser<\/strong> verursacht und kann die <strong>Leistung Ihres<\/strong> SI-920 <strong>B\u00fcgeleisens<\/strong> und die <strong>Wirksamkeit des erzeugten Dampfs<\/strong> beeintr\u00e4chtigen.<\/p>\n<p>Mit dem Anti-Calc-System m\u00fcssen Sie den <strong>Kalk<\/strong> nicht mehr <strong>manuell aus dem B\u00fcgeleisen entfernen<\/strong>, was nicht nur l\u00e4stig ist, sondern auch die <strong>Lebensdauer des Ger\u00e4ts verk\u00fcrzen<\/strong> kann. Es funktioniert \u00fcber einen <strong>speziellen Harzfilter<\/strong>, der sich <strong>im Wassertank<\/strong> befindet. <strong>Er weicht das Wasser auf<\/strong> und <strong>verhindert die Bildung von<\/strong> Kalkablagerungen im Inneren des B\u00fcgeleisens. Der Filter ist <strong>fest<\/strong> installiert und <strong>muss nicht regelm\u00e4\u00dfig ausget<\/strong>auscht werden.<\/p>\n<p>Dank dieser L\u00f6sung bleibt die Leistung Ihres SI-920 B\u00fcgeleisens l\u00e4nger erhalten, und der Benutzer muss sich keine Gedanken dar\u00fcber machen, ob er das Ger\u00e4t regelm\u00e4\u00dfig von Kalkablagerungen reinigen muss. Dies ist vor allem in Regionen mit hartem Wasser wichtig, wo Kalkablagerungen ein h\u00e4ufiges Problem darstellen.<\/p>\n<p><strong>Achtung!<\/strong> Es wird <strong>empfohlen<\/strong>, beim B\u00fcgeln <strong>nur Leitungswasser zu verwenden<\/strong>! Die Verwendung von <strong>destilliertem<\/strong> oder <strong>entmineralisiertem<\/strong> Wasser kann die physikalischen und chemischen Eigenschaften beeintr\u00e4chtigen, was zu einem <strong>Verlust der Wirksamkeit des Anti-Calc-Systems<\/strong> f\u00fchrt.<\/p>\n<p><img loading=\"lazy\" decoding=\"async\" src=\"\/data\/include\/cms\/.product\/3\/2\/1823\/5.jpg\" alt=\"\u017celazko parowe SI-2021\" width=\"768\" height=\"480\" \/><\/p>\n<h2>Automatische Reinigungsfunktion (Self-Clean)<\/h2>\n<p>Halten Sie Ihr SI-920 Dampfb\u00fcgeleisen mit der <strong>Selbstreinigungsfunktion<\/strong>, die <strong>Ablagerungen<\/strong> im Inneren des Ger\u00e4ts <strong>entfernt<\/strong>, in <strong>ausgezeichnetem Zustand<\/strong>. Der Reinigungsvorgang ist <strong>schnell<\/strong> und <strong>effektiv<\/strong>, nimmt <strong>wenig Zeit<\/strong> in Anspruch und ist von gro\u00dfem Nutzen. Auf diese Weise bleibt die Leistung des Ger\u00e4ts lange Zeit auf einem hohen Niveau, ohne dass Sie sich Gedanken \u00fcber eine <strong>m\u00f6gliche Verschmutzung der Kleidung<\/strong> w\u00e4hrend des B\u00fcgelns machen m\u00fcssen.<\/p>\n<p>So verwenden Sie die Self-Clean-Funktion:<\/p>\n<ol>\n<li>Ziehen Sie den<strong>Stecker des beheizten<\/strong> B\u00fcgeleisens aus der Steckdose.<\/li>\n<li>Halten Sie es in <strong>horizontaler<\/strong> Position \u00fcber das Waschbecken.<\/li>\n<li>Schieben Sie <strong>den Dampfschalter auf Maximum<\/strong>.<\/li>\n<li><strong>Hei\u00dfes Wasser<\/strong> und <strong>Dampf<\/strong> str\u00f6men aus den <strong>L\u00f6chern im Fu\u00df des B\u00fc<\/strong>geleisens, zusammen mit dem darin befindlichen <strong>Schmutz<\/strong>.<\/li>\n<li><strong>Wischen Sie den B\u00fcgelfu\u00df<\/strong> nach der Reinigung <strong>trocken<\/strong>.<\/li>\n<\/ol>\n<p>Wir empfehlen, <strong>das Ger\u00e4t regelm\u00e4\u00dfig zu reinigen<\/strong> (am besten nach jedem Gebrauch), um ein hervorragendes B\u00fcgelergebnis zu erzielen und eine lange Lebensdauer zu gew\u00e4hrleisten. <\/p>\n<h2>B\u00fcgeln ohne unn\u00f6tige Unterbrechungen<\/h2>\n<p>Vergessen Sie das h\u00e4ufige Nachf\u00fcllen! <strong>Der 400-ml-Beh\u00e4lter des B\u00fcgeleisens<\/strong> erm\u00f6glicht l\u00e4ngere B\u00fcgelzeiten <strong>, ohne dass Sie h\u00e4ufig nach<\/strong>f\u00fcllen m\u00fcssen. Dies ist die ideale Kapazit\u00e4t f\u00fcr das B\u00fcgeln <strong>gro\u00dfer Fl\u00e4chen<\/strong> wie <strong>Bettw\u00e4sche<\/strong> oder <strong>Vorh\u00e4nge<\/strong>.<\/p>\n<p><img loading=\"lazy\" decoding=\"async\" src=\"\/data\/include\/cms\/.product\/3\/2\/1823\/10.jpg\" alt=\"\u017celazko parowe SI-2021\" width=\"768\" height=\"480\" \/><\/p>\n<h2>Bewegungsfreiheit mit einem 2-Meter-Netzkabel<\/h2>\n<p>So wird B\u00fcgeln noch <strong>komfortabler<\/strong>! <strong>Da Ihre Reichweite nicht unn\u00f6tig eingeschr\u00e4nkt<\/strong> wird, k\u00f6nnen Sie sich ganz auf Ihre Arbeit konzentrieren und erzielen perfekte B\u00fcgelergebnisse, ohne den Vorgang zu unterbrechen. Dies ist nicht nur bequem, sondern auch eine <strong>effektive L\u00f6sung<\/strong>, die das B\u00fcgeln mit dem SI-920 Dampfb\u00fcgeleisen noch komfortabler und effizienter macht.<\/p>\n<p><img loading=\"lazy\" decoding=\"async\" src=\"\/data\/include\/cms\/.product\/3\/2\/1823\/7.jpg\" alt=\"\u017celazko parowe SI-2021\" width=\"768\" height=\"480\" \/><\/p>\n","protected":false},"excerpt":{"rendered":"<p>Ein 2200-Watt-Dampfb\u00fcgeleisen mit Nano-Keramik-B\u00fcgelsohle, Anti-Drip-, Anti-Calc- und Self-Clean-System. Dampfaussto\u00df von 160 g\/min und konstanter Dampfaussto\u00df von 35 g\/min. wassertank mit 400 ml Fassungsverm\u00f6gen. 2 m langes, strapazierf\u00e4higes Netzkabel.<\/p>\n","protected":false},"featured_media":13699,"comment_status":"open","ping_status":"closed","template":"","meta":[],"product_brand":[],"product_cat":[625],"product_tag":[],"class_list":{"0":"post-18576","1":"product","2":"type-product","3":"status-publish","4":"has-post-thumbnail","6":"product_cat-zelazka","8":"first","9":"instock","10":"taxable","11":"shipping-taxable","12":"purchasable","13":"product-type-variable"},"_links":{"self":[{"href":"https:\/\/gltestm.webology.pl\/de\/wp-json\/wp\/v2\/product\/18576","targetHints":{"allow":["GET"]}}],"collection":[{"href":"https:\/\/gltestm.webology.pl\/de\/wp-json\/wp\/v2\/product"}],"about":[{"href":"https:\/\/gltestm.webology.pl\/de\/wp-json\/wp\/v2\/types\/product"}],"replies":[{"embeddable":true,"href":"https:\/\/gltestm.webology.pl\/de\/wp-json\/wp\/v2\/comments?post=18576"}],"version-history":[{"count":0,"href":"https:\/\/gltestm.webology.pl\/de\/wp-json\/wp\/v2\/product\/18576\/revisions"}],"wp:featuredmedia":[{"embeddable":true,"href":"https:\/\/gltestm.webology.pl\/de\/wp-json\/wp\/v2\/media\/13699"}],"wp:attachment":[{"href":"https:\/\/gltestm.webology.pl\/de\/wp-json\/wp\/v2\/media?parent=18576"}],"wp:term":[{"taxonomy":"product_brand","embeddable":true,"href":"https:\/\/gltestm.webology.pl\/de\/wp-json\/wp\/v2\/product_brand?post=18576"},{"taxonomy":"product_cat","embeddable":true,"href":"https:\/\/gltestm.webology.pl\/de\/wp-json\/wp\/v2\/product_cat?post=18576"},{"taxonomy":"product_tag","embeddable":true,"href":"https:\/\/gltestm.webology.pl\/de\/wp-json\/wp\/v2\/product_tag?post=18576"}],"curies":[{"name":"wp","href":"https:\/\/api.w.org\/{rel}","templated":true}]}}